{"id":279425,"date":"2022-09-23T10:37:58","date_gmt":"2022-09-23T10:37:58","guid":{"rendered":"https:\/\/www.sanier.pl\/produkt\/mata-dyfuzyjna-delta-vent-rr-15x50m-75m2\/"},"modified":"2025-03-19T14:11:34","modified_gmt":"2025-03-19T14:11:34","slug":"mata-dyfuzyjna-delta-vent-rr-15x50m-75m2","status":"publish","type":"product","link":"https:\/\/www.sanier.pl\/sk\/produkt\/mata-dyfuzyjna-delta-vent-rr-15x50m-75m2\/","title":{"rendered":"Dif\u00fazna roho\u017e Delta Vent RR 1,5x50m (75m2)"},"content":{"rendered":"<p>[vc_row][vc_column][vc_column_text]<\/p>\n<h2 data-start=\"43\" data-end=\"74\"><strong data-start=\"43\" data-end=\"74\">Dif\u00fazna roho\u017e Delta Vent RR<\/strong><\/h2>\n<p data-start=\"76\" data-end=\"568\"><strong>Dif\u00fazna roho\u017e Delta Vent RR<\/strong>\u00a0je otvoren\u00e1 dif\u00fazna separa\u010dno-dif\u00fazna roho\u017e. Ur\u010den\u00e1 na pou\u017eitie na ploch\u00fdch strech\u00e1ch. Trojvrstvov\u00e1, paropriepustn\u00e1 a vodotesn\u00e1 membr\u00e1na pozost\u00e1va z funk\u010dn\u00e9ho filmu a dvoch vrstiev polypropyl\u00e9novej netkanej text\u00edlie. Produkt sa vyzna\u010duje odolnos\u0165ou proti po\u0161kodeniu. Membr\u00e1na sa rozv\u00edja z rolky s \u0161\u00edrkou 1,5 metra na izolovan\u00fdch zelen\u00fdch strech\u00e1ch, ploch\u00fdch strech\u00e1ch a najm\u00e4 na obr\u00e1ten\u00fdch strech\u00e1ch (vodn\u00e1 izol\u00e1cia pod tepelnou izol\u00e1ciou). Poklad\u00e1 sa vo\u013ene s pou\u017eit\u00edm prekryt\u00ed.<\/p>\n<p data-start=\"570\" data-end=\"737\">Dif\u00faznu roho\u017e Delta Vent RR pou\u017e\u00edvame ako ochranu tepelnej izol\u00e1cie a ako rozde\u013eovaciu vrstvu medzi izol\u00e1ciou a akumula\u010dno-dren\u00e1\u017enou vrstvou (napr. DELTA-FLORAXX TOP).<\/p>\n<h4 data-start=\"739\" data-end=\"784\"><strong data-start=\"739\" data-end=\"784\">Vlastnosti:<\/strong><\/h4>\n<ul data-start=\"786\" data-end=\"1179\">\n<li data-start=\"786\" data-end=\"797\">vodotesn\u00e1<\/li>\n<li data-start=\"798\" data-end=\"814\">paropriepustn\u00e1<\/li>\n<li data-start=\"815\" data-end=\"840\">odoln\u00e1 proti po\u0161kodeniu<\/li>\n<li data-start=\"841\" data-end=\"897\">\u013eahk\u00e1 aplik\u00e1cia (poklad\u00e1 sa vo\u013ene s pou\u017eit\u00edm prekryt\u00ed)<\/li>\n<li data-start=\"898\" data-end=\"991\">umo\u017e\u0148uje migr\u00e1ciu zvy\u0161kov vlhkosti z tepelnej izol\u00e1cie a rozvod na svojej povrchovej ploche<\/li>\n<li data-start=\"992\" data-end=\"1090\">chr\u00e1ni tepeln\u00fa izol\u00e1ciu pred pr\u00edstupom vody z vonkaj\u0161ka a zabra\u0148uje us\u00e1dzaniu tzv. studenej vody<\/li>\n<li data-start=\"1091\" data-end=\"1179\">v\u010faka jej pou\u017eitiu je mo\u017en\u00e9 v\u00fdrazne zn\u00ed\u017ei\u0165 opravy pre hodnotu Uc (EN IS0 6946 (D.4.2))<\/li>\n<\/ul>\n<h4 data-start=\"1181\" data-end=\"1224\"><strong data-start=\"1181\" data-end=\"1224\">Pou\u017eitie:<\/strong><\/h4>\n<ul data-start=\"1226\" data-end=\"1382\">\n<li data-start=\"1226\" data-end=\"1277\">na ploch\u00e9 strechy nov\u00fdch a rekon\u0161truovan\u00fdch budov<\/li>\n<li data-start=\"1278\" data-end=\"1309\">ako ochrana tepelnej izol\u00e1cie<\/li>\n<li data-start=\"1310\" data-end=\"1382\">ako rozde\u013eovacia vrstva medzi izol\u00e1ciou a akumula\u010dno-dren\u00e1\u017enou vrstvou<\/li>\n<\/ul>\n<p data-start=\"1384\" data-end=\"1402\" data-is-last-node=\"\" data-is-only-node=\"\"><a href=\"https:\/\/www.doerken.com\/pl\/pl\/content\/preview\/24844\/file\/Delta%20Vent%20RR.%20Karta%20techniczna.pdf\" target=\"_blank\" rel=\"noopener\"><strong data-start=\"1384\" data-end=\"1402\" data-is-last-node=\"\">Technick\u00fd list<\/strong><\/a><\/p>\n<p>&nbsp;<\/p>\n<p>&nbsp;<\/p>\n<div class=\"flex max-w-full flex-col flex-grow\">\n<div class=\"min-h-8 text-message relative flex w-full flex-col items-end gap-2 whitespace-normal break-words text-start [.text-message+&amp;]:mt-5\" dir=\"auto\" data-message-author-role=\"assistant\" data-message-id=\"764ab330-08a7-4b83-9301-8fca0340da1a\" data-message-model-slug=\"gpt-4o-mini\">\n<div class=\"flex w-full flex-col gap-1 empty:hidden first:pt-[3px]\">\n<h3 data-start=\"0\" data-end=\"26\"><strong data-start=\"0\" data-end=\"26\">Druhy zelen\u00fdch striech<\/strong><\/h3>\n<p data-start=\"28\" data-end=\"112\">Zelen\u00e9 strechy m\u00f4\u017eeme rozdeli\u0165 na tri typy: extenz\u00edvne, intenz\u00edvne a polointenz\u00edvne.<\/p>\n<p data-start=\"114\" data-end=\"512\">Extenz\u00edvna zelen\u00e1 strecha predstavuje mal\u00e9 za\u0165a\u017eenie pre kon\u0161trukciu, vy\u017eaduje minim\u00e1lnu starostlivos\u0165. Tak\u00fdto syst\u00e9m nevy\u017eaduje \u010fal\u0161ie zavla\u017eovanie a je dobr\u00e1 alternat\u00edva k \u017eivi\u010dn\u00e9mu povrchu. Na tak\u00fdto priestor pou\u017e\u00edvame koberce s rozchodn\u00edkmi s hr\u00fabkou 2,5 cm a substr\u00e1t od 6 cm do 10 cm, spolu s reten\u010dnou roho\u017eou (ktor\u00e1 sl\u00fa\u017ei na akumul\u00e1ciu vody a jej nadbytok odvedie do hydroizola\u010dnej vrstvy).<\/p>\n<p data-start=\"514\" data-end=\"1091\">Intenz\u00edvna zelen\u00e1 strecha je priestor, ktor\u00fd je pre n\u00e1s naj\u017eiadanej\u0161\u00ed. Na\u0161a prv\u00e1 my\u0161lienka o zelen\u00fdch strech\u00e1ch \u010dasto smeruje k z\u00e1hradnej architekt\u00fare. M\u00f4\u017eeme ich vyu\u017ei\u0165 na rekrea\u010dn\u00e9 \u00fa\u010dely. M\u00e1me \u0161ir\u0161\u00ed v\u00fdber rastl\u00edn, ktor\u00e9 m\u00f4\u017eeme na tak\u00fato strechu vysadi\u0165, a pri spr\u00e1vnej hr\u00fabke vegeta\u010dn\u00fdch vrstiev m\u00f4\u017eeme na nej pestova\u0165 aj stromy. V tomto pr\u00edpade pou\u017e\u00edvame substr\u00e1t s hr\u00fabkou minim\u00e1lne 20 cm, ktor\u00e9ho v\u00fd\u0161ka m\u00f4\u017ee dosiahnu\u0165 a\u017e 200 cm v z\u00e1vislosti od typu osadenia. Je tie\u017e potrebn\u00e9 pou\u017ei\u0165 dren\u00e1\u017e so zv\u00fd\u0161enou reten\u010dnou kapacitou, napr. Delta Floraxx 40H s akumul\u00e1ciou 19,59 l\/m\u00b2.<\/p>\n<p data-start=\"1093\" data-end=\"1309\">Polointenz\u00edvna zelen\u00e1 strecha predstavuje lacnej\u0161iu a menej n\u00e1ro\u010dn\u00fa alternat\u00edvu pre intenz\u00edvnu zelen\u00fa strechu. Zvy\u010dajne ju pokr\u00fdvaj\u00fa tr\u00e1vy, trvalky, byliny, machy a kr\u00edky. M\u00e1 men\u0161iu rozmanitos\u0165 v pou\u017eit\u00ed a formovan\u00ed.<\/p>\n<p data-start=\"1311\" data-end=\"1499\">Tie\u017e rozde\u013eujeme zelen\u00e9 strechy pod\u013ea tepelnoizola\u010dnej vrstvy, a to na tradi\u010dn\u00e9 zelen\u00e9 strechy a obr\u00e1ten\u00e9 zelen\u00e9 strechy. Existuje aj delenie pod\u013ea sklonu na ploch\u00e9 a \u0161ikm\u00e9 zelen\u00e9 strechy.<\/p>\n<p data-start=\"1501\" data-end=\"1528\"><strong data-start=\"1501\" data-end=\"1528\">Vrstvy zelenej strechy:<\/strong><\/p>\n<ul data-start=\"1530\" data-end=\"1628\" data-is-only-node=\"\" data-is-last-node=\"\">\n<li data-start=\"1530\" data-end=\"1541\">Vegeta\u010dn\u00e1<\/li>\n<li data-start=\"1542\" data-end=\"1553\">Filtra\u010dn\u00e1<\/li>\n<li data-start=\"1554\" data-end=\"1564\">Drena\u017en\u00e1<\/li>\n<li data-start=\"1565\" data-end=\"1575\">Ochrann\u00e1<\/li>\n<li data-start=\"1576\" data-end=\"1600\">Ochrann\u00e1 proti kore\u0148om<\/li>\n<li data-start=\"1601\" data-end=\"1612\">Po\u0161mykov\u00e1<\/li>\n<li data-start=\"1613\" data-end=\"1628\" data-is-last-node=\"\">Hydroizola\u010dn\u00e1<\/li>\n<\/ul>\n<\/div>\n<\/div>\n<\/div>\n<div class=\"mb-2 flex gap-3 -ml-2\" tabindex=\"0\">\n<div class=\"flex items-center justify-start rounded-xl p-1\">\n<div class=\"flex items-center\"><\/div>\n<\/div>\n<\/div>\n<h4><\/h4>\n<p>[\/vc_column_text][vc_single_image image=\"259365\" img_size=\"full\"][vc_column_text]<\/p>\n<h4><span class=\"HwtZe\" lang=\"sk\"><span class=\"jCAhz ChMk0b\"><span class=\"ryNqvb\">Obr\u00e1ten\u00e1 zelen\u00e1 strecha:<\/span><\/span><\/span><\/h4>\n<p>[\/vc_column_text][vc_single_image image=\"259370\" img_size=\"large\"][\/vc_column][\/vc_row][vc_row][vc_column][vc_column_text]<\/p>\n<h4><\/h4>\n<h3><\/h3>\n<div class=\"flex max-w-full flex-col flex-grow\">\n<div class=\"min-h-8 text-message relative flex w-full flex-col items-end gap-2 whitespace-normal break-words text-start [.text-message+&amp;]:mt-5\" dir=\"auto\" data-message-author-role=\"assistant\" data-message-id=\"8b9ebf99-5d30-467a-9e69-995f8e3636f2\" data-message-model-slug=\"gpt-4o-mini\">\n<div class=\"flex w-full flex-col gap-1 empty:hidden first:pt-[3px]\">\n<h3 data-start=\"0\" data-end=\"34\"><strong data-start=\"0\" data-end=\"34\">Ak\u00e9 s\u00fa vrstvy zelenej strechy?<\/strong><\/h3>\n<p data-start=\"36\" data-end=\"112\">Za\u010diatkov\u00fa vrstvu tvor\u00ed odoln\u00e1 proti prerastaniu kore\u0148ov vodotesn\u00e1 izol\u00e1cia.<\/p>\n<p data-start=\"114\" data-end=\"228\">Pod\u013ea potreby m\u00f4\u017eeme na tomto kroku nanies\u0165 f\u00f3lie EPDM, membr\u00e1ny TPO\/FPO, bit\u00famenov\u00e9 n\u00e1tery alebo stre\u0161n\u00fa lepenku.<\/p>\n<p data-start=\"230\" data-end=\"392\">N\u00e1sledne je potrebn\u00e9 chr\u00e1ni\u0165 hydroizol\u00e1ciu pred mechanick\u00fdm po\u0161koden\u00edm pomocou ochrann\u00e9ho geotextilu, naj\u010dastej\u0161ie PES\/PE s gram\u00e1\u017eou men\u0161ou alebo rovnou 300 g\/m\u00b2.<\/p>\n<p data-start=\"394\" data-end=\"608\">Na obr\u00e1ten\u00fdch zelen\u00fdch strech\u00e1ch s tepelnou izol\u00e1ciou XPS nan\u00e1\u0161ame dif\u00faznu roho\u017e. Jej \u00falohou je oddelenie tepeln\u00fdch izol\u00e1ci\u00ed od akumula\u010dn\u00fdch a dren\u00e1\u017enych roho\u017e\u00ed, ako napr\u00edklad dif\u00fazno-separa\u010dn\u00fa roho\u017e Delta Vent RR.<\/p>\n<p data-start=\"610\" data-end=\"962\">\u010ealej nan\u00e1\u0161ame dren\u00e1\u017enu vrstvu. Vypustky sl\u00fa\u017eia na odv\u00e1dzanie nadbytku vody a jej zhroma\u017e\u010fovanie na potreby rastl\u00edn. M\u00f4\u017eeme pou\u017ei\u0165 akumula\u010dno-dren\u00e1\u017ene roho\u017ee z HDPE, ko\u0161\u00ed\u010dkov\u00e9 roho\u017ee z EPS (expandovan\u00fd polystyr\u00e9n), akumula\u010dno-dren\u00e1\u017ene roho\u017ee z HIPS, retencia boxy z PP alebo miner\u00e1lny dren\u00e1\u017e. Maj\u00fa schopnos\u0165 retencie, dren\u00e1\u017ee a odolnos\u0165 vo\u010di stla\u010deniu.<\/p>\n<p data-start=\"964\" data-end=\"1150\">\u010eal\u0161\u00edm krokom je nanesenie filtra\u010dnej vrstvy, ktor\u00e1 separuje dren\u00e1\u017enu vrstvu od vegeta\u010dnej vrstvy a zabra\u0148uje vytekaniu \u010dast\u00edc z nej. Pou\u017e\u00edvame filtra\u010dn\u00fa geotext\u00edliu z PP (100-200 g\/m\u00b2).<\/p>\n<p data-start=\"1152\" data-end=\"1389\">Poslednou vrstvou, na ktor\u00fa m\u00f4\u017eeme zasadi\u0165 rastliny, je vegeta\u010dn\u00e1 vrstva, ktor\u00e1 sa sklad\u00e1 z \u0161pecializovan\u00fdch substr\u00e1tov. Jej zlo\u017eenie sa l\u00ed\u0161i v z\u00e1vislosti od typu zelenej strechy, na ktor\u00fa sme sa rozhodli, \u010do sa tie\u017e t\u00fdka v\u00fdberu rastl\u00edn.<\/p>\n<h3 data-start=\"1391\" data-end=\"1420\"><strong data-start=\"1391\" data-end=\"1420\">Ak\u00e9 produkty potrebujete?<\/strong><\/h3>\n<ul data-start=\"1422\" data-end=\"1858\" data-is-only-node=\"\" data-is-last-node=\"\">\n<li data-start=\"1422\" data-end=\"1637\"><strong data-start=\"1424\" data-end=\"1442\">Hydroizol\u00e1cia:<\/strong> membr\u00e1ny TPO\/FPO, f\u00f3lie EPDM, bit\u00famenov\u00e9 n\u00e1tery, stre\u0161n\u00e1 lepenka (v pr\u00edpade intenz\u00edvnych zelen\u00fdch striech mus\u00ed by\u0165 hydroizol\u00e1cia odoln\u00e1 proti prerastaniu kore\u0148ov, preto sa odpor\u00fa\u010daj\u00fa f\u00f3lie EPDM)<\/li>\n<li data-start=\"1638\" data-end=\"1671\"><strong data-start=\"1640\" data-end=\"1671\">Ochrann\u00e1 geotext\u00edlia PES\/PE<\/strong><\/li>\n<li data-start=\"1672\" data-end=\"1698\"><strong data-start=\"1674\" data-end=\"1698\">Tepeln\u00e1 izol\u00e1cia XPS<\/strong><\/li>\n<li data-start=\"1699\" data-end=\"1744\"><strong data-start=\"1701\" data-end=\"1744\">Dif\u00fazno-separa\u010dn\u00e1 roho\u017e (Delta Vent RR)<\/strong><\/li>\n<li data-start=\"1745\" data-end=\"1812\"><strong data-start=\"1747\" data-end=\"1812\">Dren\u00e1\u017ena vrstva s filtra\u010dnou geotext\u00edliou (Delta Floraxx Top)<\/strong><\/li>\n<li data-start=\"1813\" data-end=\"1858\" data-is-last-node=\"\"><strong data-start=\"1815\" data-end=\"1858\" data-is-last-node=\"\">Substr\u00e1t vhodn\u00fd pre typ zelenej strechy<\/strong><\/li>\n<\/ul>\n<\/div>\n<\/div>\n<\/div>\n<div class=\"mb-2 flex gap-3 -ml-2\" tabindex=\"0\">\n<div class=\"flex items-center justify-start rounded-xl p-1\">\n<div class=\"flex items-center\"><\/div>\n<\/div>\n<\/div>\n<p>[\/vc_column_text][\/vc_column][\/vc_row]<\/p>\n","protected":false},"excerpt":{"rendered":"<p><strong>Dif\u00fazna roho\u017e Delta Vent RR<\/strong>\u00a0je otvoren\u00e1 dif\u00fazna separa\u010dno-dif\u00fazna roho\u017e. Ur\u010den\u00e1 na pou\u017eitie na ploch\u00fdch strech\u00e1ch.<\/p>\n","protected":false},"featured_media":271581,"comment_status":"open","ping_status":"closed","template":"","meta":[],"product_brand":[],"product_cat":[883,1052,884],"product_tag":[1080,1081],"class_list":{"0":"post-279425","1":"product","2":"type-product","3":"status-publish","4":"has-post-thumbnail","6":"product_cat-dachy-plaskie-i-zielone-sk","7":"product_cat-materialy-uzupelniajace-akcesoria-materialy-wykonczeniowe-sk","8":"product_cat-materialy-wykonczeniowe-sk","9":"product_tag-delta-sk","10":"product_tag-dorken-sk","11":"product_shipping_class-trudna-wysylka-sk","13":"first","14":"onbackorder","15":"taxable","16":"shipping-taxable","17":"purchasable","18":"product-type-simple"},"_links":{"self":[{"href":"https:\/\/www.sanier.pl\/sk\/wp-json\/wp\/v2\/product\/279425","targetHints":{"allow":["GET"]}}],"collection":[{"href":"https:\/\/www.sanier.pl\/sk\/wp-json\/wp\/v2\/product"}],"about":[{"href":"https:\/\/www.sanier.pl\/sk\/wp-json\/wp\/v2\/types\/product"}],"replies":[{"embeddable":true,"href":"https:\/\/www.sanier.pl\/sk\/wp-json\/wp\/v2\/comments?post=279425"}],"wp:featuredmedia":[{"embeddable":true,"href":"https:\/\/www.sanier.pl\/sk\/wp-json\/wp\/v2\/media\/271581"}],"wp:attachment":[{"href":"https:\/\/www.sanier.pl\/sk\/wp-json\/wp\/v2\/media?parent=279425"}],"wp:term":[{"taxonomy":"product_brand","embeddable":true,"href":"https:\/\/www.sanier.pl\/sk\/wp-json\/wp\/v2\/product_brand?post=279425"},{"taxonomy":"product_cat","embeddable":true,"href":"https:\/\/www.sanier.pl\/sk\/wp-json\/wp\/v2\/product_cat?post=279425"},{"taxonomy":"product_tag","embeddable":true,"href":"https:\/\/www.sanier.pl\/sk\/wp-json\/wp\/v2\/product_tag?post=279425"}],"curies":[{"name":"wp","href":"https:\/\/api.w.org\/{rel}","templated":true}]}}