{"id":279398,"date":"2017-04-19T10:11:15","date_gmt":"2017-04-19T10:11:15","guid":{"rendered":"https:\/\/www.sanier.pl\/produkt\/walek-moltopren\/"},"modified":"2025-03-19T11:43:58","modified_gmt":"2025-03-19T11:43:58","slug":"walek-moltopren","status":"publish","type":"product","link":"https:\/\/www.sanier.pl\/sk\/produkt\/walek-moltopren\/","title":{"rendered":"Val\u010dek MOLTOPREN"},"content":{"rendered":"<p>[vc_row][vc_column][vc_column_text]<img loading=\"lazy\" decoding=\"async\" class=\"wp-image-3296 aligncenter\" src=\"https:\/\/sanier.pl\/wp-content\/uploads\/2017\/03\/Logo-BDT.jpg\" alt=\"blue dolphin\" width=\"250\" height=\"75\" srcset=\"https:\/\/www.sanier.pl\/wp-content\/uploads\/2017\/03\/Logo-BDT.jpg 473w, https:\/\/www.sanier.pl\/wp-content\/uploads\/2017\/03\/Logo-BDT-300x90.jpg 300w, https:\/\/www.sanier.pl\/wp-content\/uploads\/2017\/03\/Logo-BDT-350x105.jpg 350w\" sizes=\"auto, (max-width:767px) 250px, 250px\" \/><\/p>\n<div class=\"flex max-w-full flex-col flex-grow\">\n<div class=\"min-h-8 text-message relative flex w-full flex-col items-end gap-2 whitespace-normal break-words text-start [.text-message+&amp;]:mt-5\" dir=\"auto\" data-message-author-role=\"assistant\" data-message-id=\"f06bf3b7-85be-4f38-af9e-d6d02fe6f578\" data-message-model-slug=\"gpt-4o-mini\">\n<div class=\"flex w-full flex-col gap-1 empty:hidden first:pt-[3px]\">\n<h2 data-start=\"0\" data-end=\"20\"><strong data-start=\"0\" data-end=\"20\">Val\u010dek MOLTOPREN<\/strong><\/h2>\n<p data-start=\"22\" data-end=\"333\"><strong>Val\u010dek MOLTOPREN<\/strong> je vyroben\u00fd z vysoko kvalitnej polyesterovej peny a je neocenite\u013en\u00fdm n\u00e1strojom na ma\u013eovanie \u00fazkych, hladk\u00fdch povrchov a prvkov nepravideln\u00fdch tvarov. Jeho elastick\u00e1 \u0161trukt\u00fara umo\u017e\u0148uje rovnomern\u00e9 rozdelenie farieb a lakov, pri\u010dom zaru\u010duje dokonal\u00fd fini\u0161 bez \u0161m\u00fah, \u0161kv\u0155n alebo vzduchov\u00fdch bubl\u00edn.<\/p>\n<h4 data-start=\"335\" data-end=\"350\"><strong data-start=\"335\" data-end=\"350\">Vlastnosti:<\/strong><\/h4>\n<ul data-start=\"352\" data-end=\"511\">\n<li data-start=\"352\" data-end=\"435\">Vyroben\u00fd z polyesterovej peny, ktor\u00e1 zaru\u010duje trvanlivos\u0165 a prec\u00edznos\u0165 ma\u013eovania.<\/li>\n<li data-start=\"436\" data-end=\"511\">Elastickos\u0165 umo\u017e\u0148uj\u00faca \u013eahk\u00e9 prisp\u00f4sobenie nepravideln\u00fdm tvarom povrchov.<\/li>\n<\/ul>\n<p data-start=\"513\" data-end=\"570\"><strong data-start=\"513\" data-end=\"526\">Pou\u017eitie:<\/strong> Val\u010dek MOLTOPREN je vynikaj\u00faci pri pr\u00e1ci s:<\/p>\n<ul data-start=\"572\" data-end=\"752\">\n<li data-start=\"572\" data-end=\"648\">Olejov\u00fdmi farbami a smaltmi: Zaru\u010duje rovnomern\u00e9 nan\u00e1\u0161anie a hladk\u00fd fini\u0161.<\/li>\n<li data-start=\"649\" data-end=\"752\">Akrylov\u00fdmi a z\u00e1kladn\u00fdmi lakmi: Umo\u017e\u0148uje ide\u00e1lnu pr\u00edpravu povrchu pod \u010fal\u0161ie vrstvy povrchovej \u00fapravy.<\/li>\n<\/ul>\n<p data-start=\"754\" data-end=\"998\">Produkt je obzvl\u00e1\u0161\u0165 odpor\u00fa\u010dan\u00fd na ma\u013eovanie dekorat\u00edvnych prvkov, ako s\u00fa r\u00e1my, li\u0161ty, n\u00e1bytok a detaily povrchov\u00fdch \u00faprav. V\u010faka svojej kon\u0161trukcii u\u013eah\u010duje pr\u00e1cu na \u0165a\u017eko pr\u00edstupn\u00fdch miestach, pri\u010dom zaru\u010duje prec\u00edzne pokrytie ka\u017ed\u00e9ho povrchu.<\/p>\n<h4 data-start=\"1000\" data-end=\"1011\"><strong data-start=\"1000\" data-end=\"1011\">V\u00fdhody:<\/strong><\/h4>\n<ul data-start=\"1013\" data-end=\"1167\" data-is-only-node=\"\" data-is-last-node=\"\">\n<li data-start=\"1013\" data-end=\"1075\">Jednoduchos\u0165 pou\u017eitia v\u010faka \u013eahkej a praktickej kon\u0161trukcii.<\/li>\n<li data-start=\"1076\" data-end=\"1125\">Prec\u00edzne a rovnomern\u00e9 nan\u00e1\u0161anie farieb a lakov.<\/li>\n<li data-start=\"1126\" data-end=\"1167\" data-is-last-node=\"\">Ide\u00e1lny fini\u0161 bez \u0161m\u00fah a nedokonalost\u00ed.<\/li>\n<\/ul>\n<\/div>\n<\/div>\n<\/div>\n<div class=\"mb-2 flex gap-3 -ml-2\" tabindex=\"0\">\n<div class=\"flex items-center justify-start rounded-xl p-1\">\n<div class=\"flex items-center\"><\/div>\n<\/div>\n<\/div>\n<p>[\/vc_column_text][\/vc_column][\/vc_row]<\/p>\n","protected":false},"excerpt":{"rendered":"<p><strong data-start=\"0\" data-end=\"41\" data-is-only-node=\"\">Val\u010dek MOLTOPREN z polyesterovej peny<\/strong> je ide\u00e1lnym n\u00e1strojom na nan\u00e1\u0161anie olejov\u00fdch farieb, smaltov a akrylov\u00fdch a z\u00e1kladn\u00fdch lakov. Vynikaj\u00faco sa hod\u00ed na \u00fazke, hladk\u00e9 povrchy a prvky nepravideln\u00fdch tvarov, zaru\u010duj\u00fac rovnomern\u00fd fini\u0161 bez \u0161m\u00fah a nedokonalost\u00ed. \u013dahk\u00fd, presn\u00fd a jednoduch\u00fd na pou\u017eitie.<\/p>\n","protected":false},"featured_media":265300,"comment_status":"open","ping_status":"closed","template":"","meta":[],"product_brand":[],"product_cat":[1051,1052,884],"product_tag":[1053],"class_list":{"0":"post-279398","1":"product","2":"type-product","3":"status-publish","4":"has-post-thumbnail","6":"product_cat-blue-dolphin-sk","7":"product_cat-materialy-uzupelniajace-akcesoria-materialy-wykonczeniowe-sk","8":"product_cat-materialy-wykonczeniowe-sk","9":"product_tag-blue-dolphin-sk","10":"product_shipping_class-latwa-wysylka-sk","12":"first","13":"instock","14":"taxable","15":"shipping-taxable","16":"purchasable","17":"product-type-variable","18":"has-default-attributes"},"_links":{"self":[{"href":"https:\/\/www.sanier.pl\/sk\/wp-json\/wp\/v2\/product\/279398","targetHints":{"allow":["GET"]}}],"collection":[{"href":"https:\/\/www.sanier.pl\/sk\/wp-json\/wp\/v2\/product"}],"about":[{"href":"https:\/\/www.sanier.pl\/sk\/wp-json\/wp\/v2\/types\/product"}],"replies":[{"embeddable":true,"href":"https:\/\/www.sanier.pl\/sk\/wp-json\/wp\/v2\/comments?post=279398"}],"wp:featuredmedia":[{"embeddable":true,"href":"https:\/\/www.sanier.pl\/sk\/wp-json\/wp\/v2\/media\/265300"}],"wp:attachment":[{"href":"https:\/\/www.sanier.pl\/sk\/wp-json\/wp\/v2\/media?parent=279398"}],"wp:term":[{"taxonomy":"product_brand","embeddable":true,"href":"https:\/\/www.sanier.pl\/sk\/wp-json\/wp\/v2\/product_brand?post=279398"},{"taxonomy":"product_cat","embeddable":true,"href":"https:\/\/www.sanier.pl\/sk\/wp-json\/wp\/v2\/product_cat?post=279398"},{"taxonomy":"product_tag","embeddable":true,"href":"https:\/\/www.sanier.pl\/sk\/wp-json\/wp\/v2\/product_tag?post=279398"}],"curies":[{"name":"wp","href":"https:\/\/api.w.org\/{rel}","templated":true}]}}