{"id":279391,"date":"2017-04-19T10:18:45","date_gmt":"2017-04-19T10:18:45","guid":{"rendered":"https:\/\/www.sanier.pl\/produkt\/walek-flock\/"},"modified":"2025-03-19T11:36:57","modified_gmt":"2025-03-19T11:36:57","slug":"walek-flock","status":"publish","type":"product","link":"https:\/\/www.sanier.pl\/sk\/produkt\/walek-flock\/","title":{"rendered":"Val\u010dek Flock"},"content":{"rendered":"<p>[vc_row][vc_column][vc_column_text]<img loading=\"lazy\" decoding=\"async\" class=\"wp-image-3296 aligncenter\" src=\"https:\/\/sanier.pl\/wp-content\/uploads\/2017\/03\/Logo-BDT.jpg\" alt=\"blue dolphin\" width=\"250\" height=\"75\" srcset=\"https:\/\/www.sanier.pl\/wp-content\/uploads\/2017\/03\/Logo-BDT.jpg 473w, https:\/\/www.sanier.pl\/wp-content\/uploads\/2017\/03\/Logo-BDT-300x90.jpg 300w, https:\/\/www.sanier.pl\/wp-content\/uploads\/2017\/03\/Logo-BDT-350x105.jpg 350w\" sizes=\"auto, (max-width:767px) 250px, 250px\" \/><\/p>\n<h1 data-start=\"0\" data-end=\"16\"><strong data-start=\"0\" data-end=\"16\">Val\u010dek FLOCK<\/strong><\/h1>\n<p data-start=\"18\" data-end=\"332\"><strong>Val\u010dek Flock<\/strong> je maliarsky n\u00e1stroj navrhnut\u00fd na prec\u00edzne a rovnomern\u00e9 nan\u00e1\u0161anie farieb a lakov na hladk\u00e9 povrchy, vr\u00e1tane t\u00fdch s nepravideln\u00fdmi tvarmi. V\u010faka unik\u00e1tnej kon\u0161trukcii vyrobenej z polyesterovej peny pokrytej polyamidom, val\u010dek zaru\u010duje vynikaj\u00facu kvalitu povrchovej \u00fapravy bez vzduchov\u00fdch bubl\u00edn a \u0161m\u00fah.<\/p>\n<p data-start=\"334\" data-end=\"591\">Ide\u00e1lny je pri pou\u017e\u00edvan\u00ed akrylov\u00fdch farieb a vodou riedite\u013en\u00fdch lakov, \u010do z neho rob\u00ed nepostr\u00e1date\u013en\u00fd n\u00e1stroj pri dekorat\u00edvnych a dokon\u010dovac\u00edch pr\u00e1cach. Umo\u017e\u0148uje rovnomern\u00e9 rozdelenie materi\u00e1lu, minimalizuje straty a zabezpe\u010duje profesion\u00e1lny kone\u010dn\u00fd efekt.<\/p>\n<h4 data-start=\"593\" data-end=\"604\"><strong data-start=\"593\" data-end=\"604\">V\u00fdhody:<\/strong><\/h4>\n<ul data-start=\"606\" data-end=\"840\">\n<li data-start=\"606\" data-end=\"674\">Vyroben\u00fd z polyesterovej peny s polyamidom pre prec\u00edzne ma\u013eovanie.<\/li>\n<li data-start=\"675\" data-end=\"718\">Nenech\u00e1va vzduchov\u00e9 bubliny na povrchoch.<\/li>\n<li data-start=\"719\" data-end=\"784\">Ur\u010den\u00fd na \u00fazke, hladk\u00e9 povrchy a prvky s nepravideln\u00fdmi tvarmi.<\/li>\n<li data-start=\"785\" data-end=\"840\">Vynikaj\u00faci na akrylov\u00e9 farby a vodou riedite\u013en\u00e9 laky.<\/li>\n<\/ul>\n<h4 data-start=\"842\" data-end=\"855\"><strong data-start=\"842\" data-end=\"855\">Pou\u017eitie:<\/strong><\/h4>\n<p data-start=\"857\" data-end=\"1158\" data-is-last-node=\"\" data-is-only-node=\"\">Val\u010dek Flock je ide\u00e1lnym rie\u0161en\u00edm na ma\u013eovanie n\u00e1bytku, dver\u00ed, li\u0161t, okenn\u00fdch r\u00e1mov a in\u00fdch drobn\u00fdch prvkov, ktor\u00e9 vy\u017eaduj\u00fa presnos\u0165 a estetick\u00fa \u00fapravu. Jeho v\u0161estrannos\u0165 z neho rob\u00ed skvel\u00fa vo\u013ebu pre profesion\u00e1lov aj dom\u00e1cich majstrov, ktor\u00ed h\u013eadaj\u00fa spo\u013eahliv\u00fd n\u00e1stroj na ma\u013eovanie n\u00e1ro\u010dn\u00fdch povrchov.<\/p>\n<p>[\/vc_column_text][\/vc_column][\/vc_row]<\/p>\n","protected":false},"excerpt":{"rendered":"<p><strong data-start=\"0\" data-end=\"16\" data-is-only-node=\"\">Val\u010dek FLOCK<\/strong> je profesion\u00e1lny n\u00e1stroj ide\u00e1lny na prec\u00edzne nan\u00e1\u0161anie farieb, lakov a moridiel na hladk\u00e9 povrchy. V\u010faka hustej \u0161trukt\u00fare z mikrovl\u00e1kien zabezpe\u010duje rovnomern\u00e9 rozdelenie materi\u00e1lu bez \u0161m\u00fah a \u0161kv\u0155n.<\/p>\n","protected":false},"featured_media":265294,"comment_status":"open","ping_status":"closed","template":"","meta":{"_acf_changed":false},"product_brand":[],"product_cat":[1051,1052,884],"product_tag":[1053],"class_list":{"0":"post-279391","1":"product","2":"type-product","3":"status-publish","4":"has-post-thumbnail","6":"product_cat-blue-dolphin-sk","7":"product_cat-materialy-uzupelniajace-akcesoria-materialy-wykonczeniowe-sk","8":"product_cat-materialy-wykonczeniowe-sk","9":"product_tag-blue-dolphin-sk","10":"product_shipping_class-latwa-wysylka-sk","12":"first","13":"instock","14":"taxable","15":"shipping-taxable","16":"purchasable","17":"product-type-variable","18":"has-default-attributes"},"acf":[],"_links":{"self":[{"href":"https:\/\/www.sanier.pl\/sk\/wp-json\/wp\/v2\/product\/279391","targetHints":{"allow":["GET"]}}],"collection":[{"href":"https:\/\/www.sanier.pl\/sk\/wp-json\/wp\/v2\/product"}],"about":[{"href":"https:\/\/www.sanier.pl\/sk\/wp-json\/wp\/v2\/types\/product"}],"replies":[{"embeddable":true,"href":"https:\/\/www.sanier.pl\/sk\/wp-json\/wp\/v2\/comments?post=279391"}],"wp:featuredmedia":[{"embeddable":true,"href":"https:\/\/www.sanier.pl\/sk\/wp-json\/wp\/v2\/media\/265294"}],"wp:attachment":[{"href":"https:\/\/www.sanier.pl\/sk\/wp-json\/wp\/v2\/media?parent=279391"}],"wp:term":[{"taxonomy":"product_brand","embeddable":true,"href":"https:\/\/www.sanier.pl\/sk\/wp-json\/wp\/v2\/product_brand?post=279391"},{"taxonomy":"product_cat","embeddable":true,"href":"https:\/\/www.sanier.pl\/sk\/wp-json\/wp\/v2\/product_cat?post=279391"},{"taxonomy":"product_tag","embeddable":true,"href":"https:\/\/www.sanier.pl\/sk\/wp-json\/wp\/v2\/product_tag?post=279391"}],"curies":[{"name":"wp","href":"https:\/\/api.w.org\/{rel}","templated":true}]}}