{"id":279389,"date":"2017-04-24T08:15:50","date_gmt":"2017-04-24T08:15:50","guid":{"rendered":"https:\/\/www.sanier.pl\/produkt\/bostik-ardagrip-xpress\/"},"modified":"2025-03-19T11:31:56","modified_gmt":"2025-03-19T11:31:56","slug":"bostik-ardagrip-xpress","status":"publish","type":"product","link":"https:\/\/www.sanier.pl\/sk\/produkt\/bostik-ardagrip-xpress\/","title":{"rendered":"BOSTIK Grip A936 Xpress (B\u00fdval\u00fd Ardagrip Xpress) | Bostik"},"content":{"rendered":"<p>[vc_row][vc_column][vc_column_text]<img loading=\"lazy\" decoding=\"async\" class=\"size-full wp-image-3280 aligncenter\" src=\"https:\/\/sanier.pl\/wp-content\/uploads\/2017\/03\/bostik-logo-e1490989222630.jpg\" alt=\"bostik logo\" width=\"300\" height=\"111\" \/><\/p>\n<h2 class=\"product_title entry-title\"><strong><span style=\"color: #00ccff;\">Ardagrip Xpress<\/span><\/strong><\/h2>\n<h5 class=\"product_title entry-title\"><strong data-start=\"22\" data-end=\"62\">\u0160PECIALNY GRUNT NA NECHLONN\u00c9 POVRCHY<\/strong><\/h5>\n<p data-start=\"64\" data-end=\"708\"><strong>Ardagrip Xpress<\/strong> je z\u00e1kladn\u00fd n\u00e1ter na b\u00e1ze akrylovej disperzie. Pou\u017e\u00edva sa na zlep\u0161enie pri\u013enavosti k podkladu. Produkt je ur\u010den\u00fd na penetra\u010dn\u00fa \u00fapravu v\u0161etk\u00fdch druhov povrchov. Neobsahuje rozp\u00fa\u0161\u0165adl\u00e1. Tento penetra\u010dn\u00fd n\u00e1ter je ur\u010den\u00fd na uzavret\u00e9, hladk\u00e9 a neabsorp\u010dn\u00e9 podklady na zlep\u0161enie pri\u013enavosti tmelov, tesniacich zmes\u00ed a cementov\u00fdch lepidiel. V mokr\u00fdch miestnostiach a na vonkaj\u0161ie pou\u017eitie sa Ardagrip Xpress pou\u017e\u00edva v kombin\u00e1cii s flexibilnou, tekutou tesniacou zmesou Ardatec Flexdicht alebo Ardatec 2K Flex. Nepou\u017e\u00edva\u0165 v miestnostiach trvalo vystaven\u00fdch vode a vlhkosti alebo pod vodou. Na sav\u00e9 podklady sa odpor\u00fa\u010da Ardagrip Classic.<\/p>\n<h4 data-start=\"710\" data-end=\"742\"><strong data-start=\"710\" data-end=\"740\">Vlastnosti Ardagrip Xpress<\/strong><\/h4>\n<ul data-start=\"743\" data-end=\"899\">\n<li data-start=\"743\" data-end=\"777\">Produkt pripraven\u00fd na pou\u017eitie<\/li>\n<li data-start=\"778\" data-end=\"801\">Kr\u00e1tky \u010das schnutia<\/li>\n<li data-start=\"802\" data-end=\"828\">Neobsahuje rozp\u00fa\u0161\u0165adl\u00e1<\/li>\n<li data-start=\"829\" data-end=\"899\">Dobr\u00fd v\u00fdkon pri\u013enavosti k hladk\u00fdm, uzavret\u00fdm a neabsorp\u010dn\u00fdm povrchom<\/li>\n<\/ul>\n<h4 data-start=\"901\" data-end=\"915\"><strong data-start=\"901\" data-end=\"913\">Pou\u017eitie<\/strong><\/h4>\n<ul data-start=\"916\" data-end=\"1384\">\n<li data-start=\"916\" data-end=\"938\">Na steny a podlahy<\/li>\n<li data-start=\"939\" data-end=\"997\">Na vonkaj\u0161ie aj vn\u00fatorn\u00e9 pou\u017eitie (s tesniacou zmesou)<\/li>\n<li data-start=\"998\" data-end=\"1026\">Pre neabsorp\u010dn\u00e9 podklady<\/li>\n<li data-start=\"1027\" data-end=\"1080\">Ur\u010den\u00fd na uzavret\u00e9, hladk\u00e9 a neabsorp\u010dn\u00e9 podklady<\/li>\n<li data-start=\"1081\" data-end=\"1255\">Na bet\u00f3nov\u00e9 povrchy, keramick\u00e9 obklady, terrazzo, pr\u00edrodn\u00fd a umel\u00fd kame\u0148, asfaltov\u00e9 liate podlahy a star\u00e9 pou\u017e\u00edvate\u013esk\u00e9 podlahy (s v\u00fdnimkou gumov\u00fdch a linoleov\u00fdch podl\u00e1h)<\/li>\n<li data-start=\"1256\" data-end=\"1384\">M\u00f4\u017ee sa pou\u017ei\u0165 na povrchy, ktor\u00e9 s\u00fa do\u010dasne vystaven\u00e9 vlhkosti, napr\u00edklad v sanit\u00e1rnych miestnostiach, k\u00fape\u013eniach a kuchyniach<\/li>\n<\/ul>\n<h4 data-start=\"1386\" data-end=\"1408\"><strong data-start=\"1386\" data-end=\"1406\">Pr\u00edprava povrchu<\/strong><\/h4>\n<ul data-start=\"1409\" data-end=\"1602\">\n<li data-start=\"1409\" data-end=\"1471\">Podklad mus\u00ed by\u0165 pripraven\u00fd v s\u00falade so stavebn\u00fdmi normami<\/li>\n<li data-start=\"1472\" data-end=\"1549\">Mus\u00ed by\u0165 pevn\u00fd, nosn\u00fd, \u010dist\u00fd, such\u00fd a bez zvy\u0161kov \u010distiacich prostriedkov<\/li>\n<li data-start=\"1550\" data-end=\"1602\">Odstr\u00e1ni\u0165 star\u00e9, vo vode rozpustn\u00e9 zvy\u0161ky lepidiel<\/li>\n<\/ul>\n<h4 data-start=\"1604\" data-end=\"1625\"><strong data-start=\"1604\" data-end=\"1623\">Technick\u00e9 \u00fadaje<\/strong><\/h4>\n<ul data-start=\"1626\" data-end=\"1908\">\n<li data-start=\"1626\" data-end=\"1656\">Z\u00e1klad: akrylov\u00e1 disperzia<\/li>\n<li data-start=\"1657\" data-end=\"1675\">Farba: \u010derven\u00e1<\/li>\n<li data-start=\"1676\" data-end=\"1700\">Konzistencia: tekut\u00e1<\/li>\n<li data-start=\"1701\" data-end=\"1722\">Hustota: 1,4 kg\/l<\/li>\n<li data-start=\"1723\" data-end=\"1762\">Teplota aplik\u00e1cie: od +5\u00b0C do +30\u00b0C<\/li>\n<li data-start=\"1763\" data-end=\"1798\">Odolnos\u0165 vo\u010di teplote: do +50\u00b0C<\/li>\n<li data-start=\"1799\" data-end=\"1854\">Mo\u017enos\u0165 pokl\u00e1dky keramick\u00fdch obkladov: 0,5-3 hodiny<\/li>\n<li data-start=\"1855\" data-end=\"1908\">Mo\u017enos\u0165 nan\u00e1\u0161ania tmelov a zmes\u00ed: po cca 3 hodin\u00e1ch<\/li>\n<\/ul>\n<h4 data-start=\"1910\" data-end=\"1924\"><strong data-start=\"1910\" data-end=\"1922\">Spotreba<\/strong><\/h4>\n<ul data-start=\"1925\" data-end=\"1970\">\n<li data-start=\"1925\" data-end=\"1970\">cca 100 g\/m\u00b2 v z\u00e1vislosti od stavu podkladu<\/li>\n<\/ul>\n<p data-start=\"1972\" data-end=\"2015\" data-is-last-node=\"\" data-is-only-node=\"\"><a href=\"https:\/\/sanier.pl\/wp-content\/uploads\/2017\/03\/fp12_ardagrip-xpress_tds.pdf\" target=\"_blank\" rel=\"noopener\"><strong data-start=\"1972\" data-end=\"2015\" data-is-last-node=\"\">Technick\u00fd list Bostik - Ardagrip Xpress<\/strong><\/a><\/p>\n<p><a href=\"https:\/\/www.bostik.com\/globalassets\/products\/bostik-ardagrip-xpress_poland_pl\/downloads\/fl12_bostik-ardagrip-xpress_sds.pdf\" target=\"_blank\" rel=\"noopener\"><span class=\"HwtZe\" lang=\"sk\"><span class=\"jCAhz ChMk0b\"><span class=\"ryNqvb\"><strong>Karta bezpe\u010dnostn\u00fdch \u00fadajov<\/strong><\/span><\/span><\/span><\/a><\/p>\n<p>[\/vc_column][\/vc_row]<\/p>\n","protected":false},"excerpt":{"rendered":"<p><span class=\"HwtZe\" lang=\"sk\"><span class=\"jCAhz ChMk0b\"><span class=\"ryNqvb\">\u0160peci\u00e1lny z\u00e1kladn\u00fd n\u00e1ter na nesav\u00e9 povrchy.<\/span><\/span><\/span><\/p>\n","protected":false},"featured_media":271123,"comment_status":"open","ping_status":"closed","template":"","meta":{"_acf_changed":false},"product_brand":[],"product_cat":[878,876,881,879,920,1057,1054,943,918,1055,1052,1033,884,913,902,1045,914,900],"product_tag":[1078,888],"class_list":{"0":"post-279389","1":"product","2":"type-product","3":"status-publish","4":"has-post-thumbnail","6":"product_cat-bostik-sk","7":"product_cat-hydroizolacja-sk","8":"product_cat-hydroizolacja-balkonu-i-tarasu-sk","9":"product_cat-hydroizolacja-fundamentu-sk","10":"product_cat-hydroizolacje-zbiornikow-i-kanalizacji-sk","11":"product_cat-materialy-uzupelniajace-akcesoria-ochrona-i-naprawa-betonu-sk","12":"product_cat-materialy-uzupelniajace-akcesoria-hydroizolacje-zbiornikow-i-kanalizacji-sk","13":"product_cat-materialy-uzupelniajace-akcesoria-sk","14":"product_cat-materialy-uzupelniajace-akcesoria-tynki-renowacyjne-sk","15":"product_cat-materialy-uzupelniajace-akcesoria-renowacja-elewacji-sk","16":"product_cat-materialy-uzupelniajace-akcesoria-materialy-wykonczeniowe-sk","17":"product_cat-materialy-uzupelniajace-akcesoria-hydroizolacja-balkonu-i-tarasu-sk","18":"product_cat-materialy-wykonczeniowe-sk","19":"product_cat-z-tworzyw-sztucznych-sk","20":"product_cat-ochrona-i-naprawa-betonu-sk","21":"product_cat-producenci-sk","22":"product_cat-renowacja-elewacji-sk","23":"product_cat-tynki-renowacyjne-sk","24":"product_tag-ardagrip-sk","25":"product_tag-bostik-sk","26":"product_shipping_class-trudna-wysylka-sk","28":"first","29":"onbackorder","30":"taxable","31":"shipping-taxable","32":"purchasable","33":"product-type-simple"},"acf":[],"_links":{"self":[{"href":"https:\/\/www.sanier.pl\/sk\/wp-json\/wp\/v2\/product\/279389","targetHints":{"allow":["GET"]}}],"collection":[{"href":"https:\/\/www.sanier.pl\/sk\/wp-json\/wp\/v2\/product"}],"about":[{"href":"https:\/\/www.sanier.pl\/sk\/wp-json\/wp\/v2\/types\/product"}],"replies":[{"embeddable":true,"href":"https:\/\/www.sanier.pl\/sk\/wp-json\/wp\/v2\/comments?post=279389"}],"wp:featuredmedia":[{"embeddable":true,"href":"https:\/\/www.sanier.pl\/sk\/wp-json\/wp\/v2\/media\/271123"}],"wp:attachment":[{"href":"https:\/\/www.sanier.pl\/sk\/wp-json\/wp\/v2\/media?parent=279389"}],"wp:term":[{"taxonomy":"product_brand","embeddable":true,"href":"https:\/\/www.sanier.pl\/sk\/wp-json\/wp\/v2\/product_brand?post=279389"},{"taxonomy":"product_cat","embeddable":true,"href":"https:\/\/www.sanier.pl\/sk\/wp-json\/wp\/v2\/product_cat?post=279389"},{"taxonomy":"product_tag","embeddable":true,"href":"https:\/\/www.sanier.pl\/sk\/wp-json\/wp\/v2\/product_tag?post=279389"}],"curies":[{"name":"wp","href":"https:\/\/api.w.org\/{rel}","templated":true}]}}