{"id":279387,"date":"2017-11-10T08:36:46","date_gmt":"2017-11-10T08:36:46","guid":{"rendered":"https:\/\/www.sanier.pl\/produkt\/reno-c788\/"},"modified":"2025-03-19T10:51:44","modified_gmt":"2025-03-19T10:51:44","slug":"reno-c788","status":"publish","type":"product","link":"https:\/\/www.sanier.pl\/sk\/produkt\/reno-c788\/","title":{"rendered":"BOSTIK RENO C788 FILL TURBO (Rapid 8)"},"content":{"rendered":"<p>[vc_row][vc_column][vc_column_text]<img loading=\"lazy\" decoding=\"async\" class=\"size-full wp-image-3280 aligncenter\" src=\"https:\/\/sanier.pl\/wp-content\/uploads\/2017\/03\/bostik-logo-e1490989222630.jpg\" alt=\"bostik logo\" width=\"300\" height=\"111\" \/><\/p>\n<h2><a href=\"https:\/\/www.sanier.pl\/sklep\/?s=+bostik&amp;post_type=product\">BOSTIK RENO C788 FILL TURBO (<strong data-start=\"0\" data-end=\"48\">b\u00fdval\u00fd Rapid 8<\/strong>)<\/a><\/h2>\n<h5 data-start=\"50\" data-end=\"91\"><strong data-start=\"50\" data-end=\"91\">R\u00fdchlotuhn\u00faca cementov\u00e1 opravn\u00e1 malta<\/strong><\/h5>\n<p data-start=\"93\" data-end=\"445\"><strong>BOSTIK RENO C788 FILL TURBO (b\u00fdval\u00fd Rapid 8<\/strong>) je r\u00fdchlotuhn\u00faca malta. N\u00e1jde vyu\u017eitie pri expresn\u00fdch oprav\u00e1ch a mont\u00e1\u017ei. Produkt mo\u017eno pou\u017ei\u0165 ako pr\u00eddavok ur\u00fdch\u013euj\u00faci tuhnutie pieskovo-cementov\u00fdch zmes\u00ed. Malta v kombin\u00e1cii s vodou (bez pr\u00eddavku kameniva alebo in\u00fdch cementov) tuhne za 8 min\u00fat a vytv\u00e1ra vrstvu odoln\u00fa vo\u010di vode a atmosferick\u00fdm podmienkam.<\/p>\n<h4 data-start=\"447\" data-end=\"489\"><strong data-start=\"447\" data-end=\"489\">Vlastnosti BOSTIK RENO C788 FILL TURBO<\/strong><\/h4>\n<ul data-start=\"491\" data-end=\"647\">\n<li data-start=\"491\" data-end=\"523\">expresn\u00e9 tuhnutie za 8 min\u00fat<\/li>\n<li data-start=\"524\" data-end=\"537\">vodotesn\u00e1<\/li>\n<li data-start=\"538\" data-end=\"578\">odoln\u00e1 vo\u010di atmosferick\u00fdm podmienkam<\/li>\n<li data-start=\"579\" data-end=\"611\">uzatv\u00e1ra otvory po v\u0155taniach<\/li>\n<li data-start=\"612\" data-end=\"647\">umo\u017e\u0148uje r\u00fdchlu mont\u00e1\u017e a opravy<\/li>\n<\/ul>\n<h4 data-start=\"649\" data-end=\"661\"><strong data-start=\"649\" data-end=\"661\">Pou\u017eitie<\/strong><\/h4>\n<ul data-start=\"663\" data-end=\"921\">\n<li data-start=\"663\" data-end=\"739\">na vyplnenie mal\u00fdch prelia\u010din, praskl\u00edn, otvorov, vyrovn\u00e1vanie v\u00fdstupkov<\/li>\n<li data-start=\"740\" data-end=\"824\">sl\u00fa\u017ei na mont\u00e1\u017e a kotvenie oce\u013eov\u00fdch alebo plastov\u00fdch dr\u017eiakov v murive a bet\u00f3ne<\/li>\n<li data-start=\"825\" data-end=\"921\">produkt mo\u017eno pou\u017ei\u0165 ako pr\u00eddavok do bet\u00f3nu a omietkov\u00fdch malty, aby sa skr\u00e1til \u010das tuhnutia<\/li>\n<\/ul>\n<h4 data-start=\"923\" data-end=\"935\"><strong data-start=\"923\" data-end=\"935\">Spotreba<\/strong><\/h4>\n<p data-start=\"937\" data-end=\"968\">Spotreba je pribli\u017ene 1,4 kg\/l.<\/p>\n<h4 data-start=\"970\" data-end=\"987\"><strong data-start=\"970\" data-end=\"987\">Typy povrchov<\/strong><\/h4>\n<p data-start=\"989\" data-end=\"1058\">Miner\u00e1lne podklady, bet\u00f3n, tehlov\u00e9 murivo, cementovo-v\u00e1penn\u00e9 omietky.<\/p>\n<h4 data-start=\"1060\" data-end=\"1079\"><strong data-start=\"1060\" data-end=\"1079\">TECHNICK\u00c9 \u00daDAJE<\/strong><\/h4>\n<ul data-start=\"1081\" data-end=\"1262\">\n<li data-start=\"1081\" data-end=\"1110\">Z\u00e1klad: \u0161peci\u00e1lne cementy<\/li>\n<li data-start=\"1111\" data-end=\"1126\">Farba: \u0161ed\u00e1<\/li>\n<li data-start=\"1127\" data-end=\"1163\">\u010cas tuhnutia: 8 min\u00fat (pri 20\u00b0C)<\/li>\n<li data-start=\"1164\" data-end=\"1185\">Potreba vody: 32%<\/li>\n<li data-start=\"1186\" data-end=\"1224\">Hustota \u010derstvej malty: 2,1 kg\/dm3<\/li>\n<li data-start=\"1225\" data-end=\"1262\">Prev\u00e1dzkov\u00e1 teplota: +5\u00b0C do 30\u00b0C<\/li>\n<\/ul>\n<p data-start=\"1264\" data-end=\"1281\"><strong data-start=\"1264\" data-end=\"1276\">Balenie:<\/strong> 5 kg<\/p>\n<p data-start=\"1283\" data-end=\"1302\"><a href=\"https:\/\/sanier.pl\/wp-content\/uploads\/2017\/03\/wp36_rapid-8_tds-.pdf\" target=\"_blank\" rel=\"noopener\"><strong data-start=\"1283\" data-end=\"1302\">Technick\u00e1 karta<\/strong><\/a><\/p>\n<p data-start=\"1304\" data-end=\"1329\" data-is-last-node=\"\" data-is-only-node=\"\"><a href=\"https:\/\/www.sanier.pl\/sk\/kategoria-produktu\/bostik-sk\/\"><strong data-start=\"1304\" data-end=\"1329\" data-is-last-node=\"\">Produkty firmy BOSTIK<\/strong><\/a><\/p>\n<p>&nbsp;<\/p>\n<p>[\/vc_column_text][\/vc_column][\/vc_row]<\/p>\n","protected":false},"excerpt":{"rendered":"<p><strong data-start=\"0\" data-end=\"48\" data-is-only-node=\"\">BOSTIK RENO C788 FILL TURBO (b\u00fdval\u00fd Rapid 8)<\/strong> je r\u00fdchlotuhn\u00faca malta. N\u00e1jde vyu\u017eitie pri expresn\u00fdch oprav\u00e1ch a mont\u00e1\u017ei. Produkt mo\u017eno pou\u017ei\u0165 ako pr\u00eddavok ur\u00fdch\u013euj\u00faci tuhnutie pieskovo-cementov\u00fdch zmes\u00ed. Malta v kombin\u00e1cii s vodou (bez pr\u00eddavku kameniva alebo in\u00fdch cementov) tuhne za 8 min\u00fat a vytv\u00e1ra vrstvu odoln\u00fa vo\u010di vode a atmosferick\u00fdm podmienkam.<\/p>\n","protected":false},"featured_media":273721,"comment_status":"open","ping_status":"closed","template":"","meta":{"_acf_changed":false},"product_brand":[],"product_cat":[878,876,879,920,899,943,916,946,944],"product_tag":[888,1077],"class_list":{"0":"post-279387","1":"product","2":"type-product","3":"status-publish","4":"has-post-thumbnail","6":"product_cat-bostik-sk","7":"product_cat-hydroizolacja-sk","8":"product_cat-hydroizolacja-fundamentu-sk","9":"product_cat-hydroizolacje-zbiornikow-i-kanalizacji-sk","10":"product_cat-mineralne-materialy-sk","11":"product_cat-materialy-uzupelniajace-akcesoria-sk","12":"product_cat-uszczelnienie-budynku-od-wewnatrz-sk","13":"product_cat-zaprawy-szybkowiazace-i-wodoszczelne-sk","14":"product_cat-zaprawy-wodoszczelne-sk","15":"product_tag-bostik-sk","16":"product_tag-rapid-sk","17":"product_shipping_class-trudna-wysylka-sk","19":"first","20":"outofstock","21":"taxable","22":"shipping-taxable","23":"purchasable","24":"product-type-simple"},"acf":[],"_links":{"self":[{"href":"https:\/\/www.sanier.pl\/sk\/wp-json\/wp\/v2\/product\/279387","targetHints":{"allow":["GET"]}}],"collection":[{"href":"https:\/\/www.sanier.pl\/sk\/wp-json\/wp\/v2\/product"}],"about":[{"href":"https:\/\/www.sanier.pl\/sk\/wp-json\/wp\/v2\/types\/product"}],"replies":[{"embeddable":true,"href":"https:\/\/www.sanier.pl\/sk\/wp-json\/wp\/v2\/comments?post=279387"}],"wp:featuredmedia":[{"embeddable":true,"href":"https:\/\/www.sanier.pl\/sk\/wp-json\/wp\/v2\/media\/273721"}],"wp:attachment":[{"href":"https:\/\/www.sanier.pl\/sk\/wp-json\/wp\/v2\/media?parent=279387"}],"wp:term":[{"taxonomy":"product_brand","embeddable":true,"href":"https:\/\/www.sanier.pl\/sk\/wp-json\/wp\/v2\/product_brand?post=279387"},{"taxonomy":"product_cat","embeddable":true,"href":"https:\/\/www.sanier.pl\/sk\/wp-json\/wp\/v2\/product_cat?post=279387"},{"taxonomy":"product_tag","embeddable":true,"href":"https:\/\/www.sanier.pl\/sk\/wp-json\/wp\/v2\/product_tag?post=279387"}],"curies":[{"name":"wp","href":"https:\/\/api.w.org\/{rel}","templated":true}]}}