{"id":279385,"date":"2017-11-10T08:57:16","date_gmt":"2017-11-10T08:57:16","guid":{"rendered":"https:\/\/www.sanier.pl\/produkt\/geolite-40\/"},"modified":"2025-03-19T09:04:21","modified_gmt":"2025-03-19T09:04:21","slug":"geolite-40","status":"publish","type":"product","link":"https:\/\/www.sanier.pl\/sk\/produkt\/geolite-40\/","title":{"rendered":"Geolite 40 | Kerakoll"},"content":{"rendered":"<p>[vc_row][vc_column][vc_column_text]<img loading=\"lazy\" decoding=\"async\" class=\"wp-image-3941 aligncenter\" src=\"https:\/\/sanier.pl\/wp-content\/uploads\/2017\/04\/kerakoll-logo.jpg\" alt=\"Stampa\" width=\"280\" height=\"110\" srcset=\"https:\/\/www.sanier.pl\/wp-content\/uploads\/2017\/04\/kerakoll-logo.jpg 800w, https:\/\/www.sanier.pl\/wp-content\/uploads\/2017\/04\/kerakoll-logo-700x276.jpg 700w, https:\/\/www.sanier.pl\/wp-content\/uploads\/2017\/04\/kerakoll-logo-300x118.jpg 300w, https:\/\/www.sanier.pl\/wp-content\/uploads\/2017\/04\/kerakoll-logo-768x302.jpg 768w\" sizes=\"auto, (max-width:767px) 280px, 280px\" \/><\/p>\n<h2><a href=\"https:\/\/products.kerakoll.com\/pl-PL\/p\/geolite-40\" target=\"_blank\" rel=\"noopener\"><strong>GEOLITE 40 KERAKOLL<\/strong><\/a><\/h2>\n<p data-start=\"0\" data-end=\"333\"><strong data-start=\"0\" data-end=\"14\">Geolite 40<\/strong> je tixotropn\u00e1 geomaltov\u00e1 hmota na pasiv\u00e1ciu, reprofil\u00e1ciu, tmelovanie a ochranu kon\u0161trukci\u00ed z vystu\u017een\u00e9ho bet\u00f3nu, ako s\u00fa: nosn\u00edky, st\u013apy, dosky, balk\u00f3nov\u00e9 poli\u010dky, rampy, architektonick\u00fd bet\u00f3n, dekora\u010dn\u00e9 prvky, r\u00edmsy. Ur\u010den\u00e1 na pr\u00e1cu s v\u00fdsuvom, pri n\u00edzkych teplot\u00e1ch a v pr\u00edpade potreby r\u00fdchleho uvedenia do prev\u00e1dzky.<\/p>\n<h4 data-start=\"335\" data-end=\"350\"><strong data-start=\"335\" data-end=\"350\">Vlastnosti:<\/strong><\/h4>\n<ul data-start=\"352\" data-end=\"748\">\n<li data-start=\"352\" data-end=\"366\">r\u00fdchlo schne<\/li>\n<li data-start=\"367\" data-end=\"400\">mo\u017enos\u0165 ma\u013eovania po 4 hodin\u00e1ch<\/li>\n<li data-start=\"401\" data-end=\"476\">minim\u00e1lna hr\u00fabka vrstvy 2 mm, maxim\u00e1lna hr\u00fabka jednotliv\u00fdch vrstiev 40 mm<\/li>\n<li data-start=\"477\" data-end=\"487\">bezpe\u010dn\u00e1<\/li>\n<li data-start=\"488\" data-end=\"505\">ekokompatibiln\u00e1<\/li>\n<li data-start=\"506\" data-end=\"521\">certifikovan\u00e1<\/li>\n<li data-start=\"522\" data-end=\"610\">ochrana a posilnenie vystu\u017een\u00e9ho bet\u00f3nu bez potreby aplik\u00e1cie predch\u00e1dzaj\u00facich vrstiev<\/li>\n<li data-start=\"611\" data-end=\"642\">kompletn\u00e1 oprava za jeden de\u0148<\/li>\n<li data-start=\"643\" data-end=\"748\">prv\u00e1 l\u00ednia geomaltov\u00fdch hm\u00f4t s r\u00f4znymi \u010dasmi tuhnutia, produkty je mo\u017en\u00e9 mie\u0161a\u0165 pre prisp\u00f4sobenie \u010dasov<\/li>\n<\/ul>\n<h4 data-start=\"750\" data-end=\"764\"><strong data-start=\"750\" data-end=\"764\">Aplik\u00e1cia:<\/strong><\/h4>\n<ul data-start=\"766\" data-end=\"861\">\n<li data-start=\"766\" data-end=\"793\">ur\u010den\u00e1 na pr\u00e1cu s v\u00fdsuvom<\/li>\n<li data-start=\"794\" data-end=\"861\">ide\u00e1lna v pr\u00edpadoch, kde je potrebn\u00e9 r\u00fdchle uvedenie do prev\u00e1dzky<\/li>\n<\/ul>\n<h4 data-start=\"863\" data-end=\"876\"><strong data-start=\"863\" data-end=\"876\">Pou\u017eitie:<\/strong><\/h4>\n<ul data-start=\"878\" data-end=\"1240\">\n<li data-start=\"878\" data-end=\"1112\">pasiv\u00e1cia, miestne a gener\u00e1lne opravy, tmelovanie a monolitick\u00e1 ochrana kon\u0161trukci\u00ed z vystu\u017een\u00e9ho bet\u00f3nu ako s\u00fa nosn\u00edky, st\u013apy, dosky, balk\u00f3nov\u00e9 poli\u010dky, rampy, architektonick\u00fd bet\u00f3n, dekora\u010dn\u00e9 prvky, r\u00edmsy a infra\u0161trukt\u00farne objekty<\/li>\n<li data-start=\"1113\" data-end=\"1206\">ur\u010den\u00e1 na ve\u013ek\u00e9 a stredn\u00e9 projekty, kde je po\u017eiadavka ukon\u010denia pr\u00e1c v priebehu jedn\u00e9ho d\u0148a<\/li>\n<li data-start=\"1207\" data-end=\"1240\">renov\u00e1cia modernej architekt\u00fary<\/li>\n<\/ul>\n<h4 data-start=\"1242\" data-end=\"1259\"><strong data-start=\"1242\" data-end=\"1259\">Ve\u013ekos\u0165 zrna:<\/strong><\/h4>\n<ul data-start=\"1261\" data-end=\"1271\">\n<li data-start=\"1261\" data-end=\"1271\">0-0,5 mm<\/li>\n<\/ul>\n<h4 data-start=\"1273\" data-end=\"1290\"><strong data-start=\"1273\" data-end=\"1290\">\u010cas tuhnutia:<\/strong><\/h4>\n<ul data-start=\"1292\" data-end=\"1352\">\n<li data-start=\"1292\" data-end=\"1352\">35-40 min (180-195 min pri +5 \u00b0C) - (25-30 min pri +30 \u00b0C)<\/li>\n<\/ul>\n<p data-start=\"1354\" data-end=\"1383\" data-is-last-node=\"\" data-is-only-node=\"\"><a href=\"https:\/\/sanier.pl\/wp-content\/uploads\/2017\/11\/00695-GeoLite-40_pl.pdf\" target=\"_blank\" rel=\"noopener\"><strong data-start=\"1354\" data-end=\"1383\" data-is-last-node=\"\">Technick\u00fd list Geolite 40<\/strong><\/a><\/p>\n<p>[\/vc_column_text][\/vc_column][\/vc_row][vc_row][vc_column][vc_column_text]<span class=\"HwtZe\" lang=\"sk\"><span class=\"jCAhz ChMk0b\"><span class=\"ryNqvb\">Ak si \u017eel\u00e1te zak\u00fapi\u0165 v\u00e4\u010d\u0161ie mno\u017estvo, kontaktujte n\u00e1s: sklep@sanier.pl<\/span><\/span><\/span>[\/vc_column_text][vc_column_text]<\/p>\n<div class=\"wpb_text_column wpb_content_element \">\n<div class=\"wpb_wrapper\">\n<h5 data-start=\"0\" data-end=\"41\"><strong data-start=\"0\" data-end=\"41\">Chcete vedie\u0165 viac o hydroizol\u00e1ci\u00e1ch?<\/strong><\/h5>\n<h5 data-start=\"43\" data-end=\"72\">Pre\u010d\u00edtajte si n\u00e1\u0161 <a href=\"https:\/\/www.sanier.pl\/poradniki\/\"><strong data-start=\"61\" data-end=\"72\" data-is-last-node=\"\">Poradca<\/strong><\/a><\/h5>\n<h5><\/h5>\n<\/div>\n<\/div>\n<p>[\/vc_column_text][\/vc_column][\/vc_row]<\/p>\n","protected":false},"excerpt":{"rendered":"<p>Geozaprawa tiksotropowa ur\u010den\u00e1 na pasiv\u00e1ciu, reprofyl\u00e1ciu, tmel a ochranu \u0161trukt\u00far z vystu\u017een\u00e9ho bet\u00f3nu, ako s\u00fa: nosn\u00edky, st\u013apy, dosky, balk\u00f3nov\u00e9 poli\u010dky, rampy, architektonick\u00fd bet\u00f3n, dekora\u010dn\u00e9 prvky, r\u00edmsy. Tento materi\u00e1l je ide\u00e1lny v GreenBuilding. M\u00e1 ve\u013emi n\u00edzky obsah petrochemick\u00fdch polym\u00e9rov, bez v\u00fdstu\u017en\u00fdch vl\u00e1kien. Charakterizuje ju ur\u00fdchlen\u00e9 tuhnutie, v\u010faka \u010domu je ide\u00e1lna pre r\u00fdchle uvedenie do prev\u00e1dzky. Ma\u013eovanie je mo\u017en\u00e9 u\u017e po 4 hodin\u00e1ch.<\/p>\n","protected":false},"featured_media":265417,"comment_status":"open","ping_status":"closed","template":"","meta":[],"product_brand":[],"product_cat":[1065,902,1045,911,903,1076,947],"product_tag":[1066],"class_list":{"0":"post-279385","1":"product","2":"type-product","3":"status-publish","4":"has-post-thumbnail","6":"product_cat-kerakoll-sk","7":"product_cat-ochrona-i-naprawa-betonu-sk","8":"product_cat-producenci-sk","9":"product_cat-promowane-sk","10":"product_cat-przygotowanie-podloza-ochrona-i-naprawa-betonu-sk","11":"product_cat-systemy-pcc-sk","12":"product_cat-zaprawy-naprawcze-i-szpachle-sk","13":"product_tag-kerakoll-sk","14":"product_shipping_class-latwa-wysylka-sk","16":"first","17":"instock","18":"taxable","19":"shipping-taxable","20":"purchasable","21":"product-type-simple"},"_links":{"self":[{"href":"https:\/\/www.sanier.pl\/sk\/wp-json\/wp\/v2\/product\/279385","targetHints":{"allow":["GET"]}}],"collection":[{"href":"https:\/\/www.sanier.pl\/sk\/wp-json\/wp\/v2\/product"}],"about":[{"href":"https:\/\/www.sanier.pl\/sk\/wp-json\/wp\/v2\/types\/product"}],"replies":[{"embeddable":true,"href":"https:\/\/www.sanier.pl\/sk\/wp-json\/wp\/v2\/comments?post=279385"}],"wp:featuredmedia":[{"embeddable":true,"href":"https:\/\/www.sanier.pl\/sk\/wp-json\/wp\/v2\/media\/265417"}],"wp:attachment":[{"href":"https:\/\/www.sanier.pl\/sk\/wp-json\/wp\/v2\/media?parent=279385"}],"wp:term":[{"taxonomy":"product_brand","embeddable":true,"href":"https:\/\/www.sanier.pl\/sk\/wp-json\/wp\/v2\/product_brand?post=279385"},{"taxonomy":"product_cat","embeddable":true,"href":"https:\/\/www.sanier.pl\/sk\/wp-json\/wp\/v2\/product_cat?post=279385"},{"taxonomy":"product_tag","embeddable":true,"href":"https:\/\/www.sanier.pl\/sk\/wp-json\/wp\/v2\/product_tag?post=279385"}],"curies":[{"name":"wp","href":"https:\/\/api.w.org\/{rel}","templated":true}]}}