{"id":279378,"date":"2020-03-04T09:38:01","date_gmt":"2020-03-04T09:38:01","guid":{"rendered":"https:\/\/www.sanier.pl\/produkt\/block-x911\/"},"modified":"2026-02-24T11:46:38","modified_gmt":"2026-02-24T11:46:38","slug":"block-x911","status":"publish","type":"product","link":"https:\/\/www.sanier.pl\/sk\/produkt\/block-x911\/","title":{"rendered":"BOSTIK BLOCK X911"},"content":{"rendered":"<p>&nbsp;<\/p>\n<p>[vc_row][vc_column][vc_column_text]<img loading=\"lazy\" decoding=\"async\" class=\"size-full wp-image-3280 aligncenter\" src=\"https:\/\/sanier.pl\/wp-content\/uploads\/2017\/03\/bostik-logo-e1490989222630.jpg\" alt=\"bostik logo\" width=\"300\" height=\"111\" \/><\/p>\n<h1><span style=\"color: #00ccff;\"><a style=\"color: #00ccff;\" href=\"https:\/\/www.sanier.pl\/produkt\/bostik-turbotec-2k\/\"><strong>BOSTIK BLOCK X911 TERRA TURBO LIGHT\u00a0 (b\u00fdval\u00fd Turbotec 2K+)<\/strong><\/a><\/span><\/h1>\n<p>&nbsp;<\/p>\n<p data-start=\"63\" data-end=\"997\"><strong data-start=\"63\" data-end=\"124\">BOSTIK BLOCK X911 TERRA TURBO LIGHT (b\u00fdval\u00fd Turbotec 2K+)<\/strong> je dvojzlo\u017ekov\u00fd, univerz\u00e1lny produkt na hydroizol\u00e1ciu z\u00e1kladov. Vysoko elastick\u00e9 hybridn\u00e9 tesnenie na vonkaj\u0161ie steny pivn\u00edc, soklov, tzv. hydroizol\u00e1cia z\u00e1kladov a bet\u00f3nov\u00fdch prvkov, ako aj podlahov\u00fdch dosiek v novostavb\u00e1ch a star\u0161\u00edch budov\u00e1ch. Produkt neobsahuje bit\u00famy ani rozp\u00fa\u0161\u0165adl\u00e1 a kombinuje vlastnosti elastick\u00e9ho tesnenia vyroben\u00e9ho pomocou tesniacich \u0161lamov a hrubovrstvovej bit\u00famovej hydroizol\u00e1cie (ako vonkaj\u0161ej, tak vn\u00fatornej, na povrchu stien a podl\u00e1h). Bostik Block X911 Terra Turbo Light je vhodn\u00fd pod keramick\u00e9 obklady aj na styku budovy s p\u00f4dou. Produkt m\u00f4\u017ee by\u0165 pou\u017eit\u00fd ako inhib\u00edtor karbonat\u00e1cie na bet\u00f3nov\u00fdch povrchoch a na mont\u00e1\u017e obvodovej izol\u00e1cie. Produkt sp\u013a\u0148a po\u017eiadavky triedy hor\u013eavosti B2 (pod\u013ea DIN 4102-1). Trieda vodotesnosti na balk\u00f3noch: DIN 18531-5, hydroizol\u00e1cia budov: DIN 18533, vo vn\u00fatri budov: DIN 18534-3, na baz\u00e9noch: DIN 18535-3.<\/p>\n<h4 data-start=\"999\" data-end=\"1049\"><strong data-start=\"999\" data-end=\"1049\">Vlastnosti BOSTIK BLOCK X911 TERRA TURBO LIGHT<\/strong><\/h4>\n<ul data-start=\"1051\" data-end=\"1381\">\n<li data-start=\"1051\" data-end=\"1066\">Reakt\u00edvny<\/li>\n<li data-start=\"1067\" data-end=\"1082\">Elastick\u00fd<\/li>\n<li data-start=\"1083\" data-end=\"1138\">Jednoduch\u00e1 aplik\u00e1cia (\u0161tetec, trowel, striekanie)<\/li>\n<li data-start=\"1139\" data-end=\"1181\">Odoln\u00fd vo\u010di da\u017e\u010fu (u\u017e po 2 hodin\u00e1ch)<\/li>\n<li data-start=\"1182\" data-end=\"1220\">Pln\u00e9 za\u0165a\u017eenie u\u017e po 16 hodin\u00e1ch<\/li>\n<li data-start=\"1221\" data-end=\"1258\">Neobsahuje bit\u00famy a rozp\u00fa\u0161\u0165adl\u00e1<\/li>\n<li data-start=\"1259\" data-end=\"1307\">Odoln\u00fd vo\u010di mrazu, starnutiu a UV \u017eiareniu<\/li>\n<li data-start=\"1308\" data-end=\"1332\">Preklenutie trhl\u00edn<\/li>\n<li data-start=\"1333\" data-end=\"1381\">Zapravka sa st\u00e1va vodotesnou po vytvrdnut\u00ed<\/li>\n<\/ul>\n<h4 data-start=\"1383\" data-end=\"1395\"><strong data-start=\"1383\" data-end=\"1395\">Pou\u017eitie<\/strong><\/h4>\n<ul data-start=\"1397\" data-end=\"2379\">\n<li data-start=\"1397\" data-end=\"1543\">Hydroizol\u00e1cia pod obklady v syst\u00e9me so zapravkou MC210 Plus (vo vn\u00fatri) alebo Ardaflex Flexm\u00f6rtel, Ardaflex Turbo a s tesniacou p\u00e1skou (G-AIV-F)<\/li>\n<li data-start=\"1544\" data-end=\"1578\">Kompozitn\u00e1 hydroizol\u00e1cia (AIV-F)<\/li>\n<li data-start=\"1579\" data-end=\"1658\">Hydroizol\u00e1cia podl\u00e1h a stien pred vlhkos\u0165ou zo zeme a neskumulovan\u00fdmi odtokmi<\/li>\n<li data-start=\"1659\" data-end=\"1704\">Izol\u00e1cia soklov budov pred vodou pod tlakom<\/li>\n<li data-start=\"1705\" data-end=\"1754\">Izol\u00e1cia pred nahromaden\u00fdm odtokom (pod tlakom)<\/li>\n<li data-start=\"1755\" data-end=\"1786\">Proti vode pod tlakom zvn\u00fatra<\/li>\n<li data-start=\"1787\" data-end=\"1844\">Izol\u00e1cia povrchu sp\u00e1jania klinkeru a tehlov\u00fdch obkladov<\/li>\n<li data-start=\"1845\" data-end=\"1891\">Hydroizol\u00e1cia oblasti spojenia stena-podlaha<\/li>\n<li data-start=\"1892\" data-end=\"1938\">Spojenie sadrokart\u00f3nu so syst\u00e9mom zateplenia<\/li>\n<li data-start=\"1939\" data-end=\"1975\">Hydroizol\u00e1cie horizont\u00e1lnych stien<\/li>\n<li data-start=\"1976\" data-end=\"2019\">Ochrana povrchov bet\u00f3nu na styku so zemou<\/li>\n<li data-start=\"2020\" data-end=\"2060\">Ochrana priepustov a stavebn\u00fdch spojov<\/li>\n<li data-start=\"2061\" data-end=\"2104\">Na sp\u00e1jan\u00ed podlahov\u00fdch a stenov\u00fdch dosiek<\/li>\n<li data-start=\"2105\" data-end=\"2146\">Hydroizol\u00e1cia a oprava balk\u00f3nov a ter\u00e1s<\/li>\n<li data-start=\"2147\" data-end=\"2190\">Ochrana povrchov pod keramick\u00fdmi obkladmi<\/li>\n<li data-start=\"2191\" data-end=\"2246\">Spoma\u013euje proces karbonat\u00e1cie na bet\u00f3nov\u00fdch povrchoch<\/li>\n<li data-start=\"2247\" data-end=\"2284\">Mont\u00e1\u017e obvodov\u00fdch izola\u010dn\u00fdch dosiek<\/li>\n<li data-start=\"2285\" data-end=\"2326\">Oprava star\u00fdch bit\u00famov\u00fdch hydroizol\u00e1ci\u00ed<\/li>\n<li data-start=\"2327\" data-end=\"2379\">Most\u00edk na spojenie pre miner\u00e1lne omietkov\u00e9 syst\u00e9my<\/li>\n<\/ul>\n<h4 data-start=\"2381\" data-end=\"2393\"><strong data-start=\"2381\" data-end=\"2393\">Spotreba<\/strong><\/h4>\n<ul data-start=\"2395\" data-end=\"2496\">\n<li data-start=\"2395\" data-end=\"2410\">cca 3,7 kg\/m\u00b2<\/li>\n<li data-start=\"2411\" data-end=\"2453\">Priemern\u00e1 hr\u00fabka vrstvy na mokro: 2,4 mm<\/li>\n<li data-start=\"2454\" data-end=\"2496\">Priemern\u00e1 hr\u00fabka vrstvy na sucho: 2,0 mm<\/li>\n<\/ul>\n<h4 data-start=\"2498\" data-end=\"2510\"><strong data-start=\"2498\" data-end=\"2510\">N\u00e1stroje<\/strong><\/h4>\n<ul data-start=\"2512\" data-end=\"2611\">\n<li data-start=\"2512\" data-end=\"2611\">Pomaly rotuj\u00faci mie\u0161a\u010d, trowel, nerezov\u00e1 stierka, zubov\u00e1 stierka (6x6x6 mm), stroj na striekanie.<\/li>\n<\/ul>\n<h4 data-start=\"2613\" data-end=\"2625\"><strong data-start=\"2613\" data-end=\"2625\">\u010cistenie<\/strong><\/h4>\n<ul data-start=\"2627\" data-end=\"2707\">\n<li data-start=\"2627\" data-end=\"2673\">Ihne\u010f po pou\u017eit\u00ed \u010disti\u0165 pomocou \u010distej vody.<\/li>\n<li data-start=\"2674\" data-end=\"2707\">Po vyschnut\u00ed \u010disti\u0165 mechanicky.<\/li>\n<\/ul>\n<p data-start=\"2709\" data-end=\"2758\"><a href=\"https:\/\/www.sanier.pl\/wp-content\/uploads\/2020\/03\/wp26_turbotec-2k_tds2.pdf\"><strong data-start=\"2709\" data-end=\"2758\">KARTA TECHNICK\u00c1 BOSTIK X911 TERRA TURBO LIGHT<\/strong><\/a><\/p>\n<p data-start=\"2760\" data-end=\"2785\" data-is-last-node=\"\" data-is-only-node=\"\"><a href=\"https:\/\/www.bostik.com\/globalassets\/products\/bostik-turbotec-2k_poland_pl\/downloads\/wp26_bostik-turbotec-2k_sk_adnik-a_sds.pdf\" target=\"_blank\" rel=\"noopener\"><strong data-start=\"2760\" data-end=\"2785\" data-is-last-node=\"\">KARTA CHARAKTERISTIKY<\/strong><\/a><\/p>\n<p>&nbsp;<\/p>\n<p>&nbsp;<\/p>\n<h4><\/h4>\n<p>&nbsp;<\/p>\n<p>&nbsp;<\/p>\n<p>&nbsp;<\/p>\n<p>TAG:<\/p>\n<p>turbotec 2k, bostik, hydroizolacje, masa bitumiczna, hydroizolacja fundament\u00f3w, hybryda, hydroizolacja balkonu, hydroizolacja tarasu, hydroizolacja dwusk\u0142adnikowa,[\/vc_column_text][\/vc_column][\/vc_row][vc_row][vc_column][vc_video link=\"https:\/\/www.youtube.com\/watch?v=lRedrGNhX9s&amp;feature=emb_title\" title=\"Turbotex 2k+ Bostik\"][\/vc_column][\/vc_row]<\/p>\n","protected":false},"excerpt":{"rendered":"<div class=\"flex max-w-full flex-col flex-grow\">\n<div class=\"min-h-8 text-message relative flex w-full flex-col items-end gap-2 whitespace-normal break-words text-start [.text-message+&amp;]:mt-5\" dir=\"auto\" data-message-author-role=\"assistant\" data-message-id=\"de2e54b6-597d-43a2-ac38-92f9819433b1\" data-message-model-slug=\"gpt-4o-mini\">\n<div class=\"flex w-full flex-col gap-1 empty:hidden first:pt-[3px]\">\n<p data-start=\"0\" data-end=\"529\" data-is-last-node=\"\" data-is-only-node=\"\"><strong data-start=\"0\" data-end=\"61\" data-is-only-node=\"\">BOSTIK BLOCK X911 TERRA TURBO LIGHT (b\u00fdval\u00fd Turbotec 2K+)<\/strong> je dvojzlo\u017ekov\u00fd, univerz\u00e1lny produkt na hydroizol\u00e1ciu z\u00e1kladov. Vysoko elastick\u00e9 hybridn\u00e9 tesnenie na vonkaj\u0161ie steny pivn\u00edc, soklov, tzv. hydroizol\u00e1cia z\u00e1kladov a bet\u00f3nov\u00fdch prvkov, ako aj podlahov\u00fdch dosiek v novostavb\u00e1ch a star\u0161\u00edch budov\u00e1ch. Produkt neobsahuje bit\u00famy ani rozp\u00fa\u0161\u0165adl\u00e1 a kombinuje vlastnosti elastick\u00e9ho tesnenia vyroben\u00e9ho pomocou tesniacich \u0161lamov a hrubovrstvovej bit\u00famovej hydroizol\u00e1cie (ako vonkaj\u0161ej, tak vn\u00fatornej, na povrchu stien a podl\u00e1h).<\/p>\n<\/div>\n<\/div>\n<\/div>\n<div class=\"mb-2 flex gap-3 -ml-2\" tabindex=\"0\">\n<div class=\"flex items-center justify-start rounded-xl p-1\">\n<div class=\"flex items-center\"><\/div>\n<\/div>\n<\/div>\n","protected":false},"featured_media":273611,"comment_status":"open","ping_status":"closed","template":"","meta":[],"product_brand":[],"product_cat":[923,878,876,881,879,880,919,921,920,899,1045,911],"product_tag":[888,1072,1070,890,1073],"class_list":{"0":"post-279378","1":"product","2":"type-product","3":"status-publish","4":"has-post-thumbnail","6":"product_cat-bestseller-sk","7":"product_cat-bostik-sk","8":"product_cat-hydroizolacja-sk","9":"product_cat-hydroizolacja-balkonu-i-tarasu-sk","10":"product_cat-hydroizolacja-fundamentu-sk","11":"product_cat-hydroizolacje-bitumiczne-sk","12":"product_cat-hydroizolacje-bitumiczne-hydroizolacja-balkonu-i-tarasu-sk","13":"product_cat-hydroizolacje-powlokowe-sk","14":"product_cat-hydroizolacje-zbiornikow-i-kanalizacji-sk","15":"product_cat-mineralne-materialy-sk","16":"product_cat-producenci-sk","17":"product_cat-promowane-sk","18":"product_tag-bostik-sk","19":"product_tag-hybryda-sk","20":"product_tag-hydroizoalcje-sk","21":"product_tag-hydroizolacja-sk","22":"product_tag-turbotec-sk","23":"product_shipping_class-trudna-wysylka-sk","25":"first","26":"instock","27":"taxable","28":"shipping-taxable","29":"purchasable","30":"product-type-simple"},"_links":{"self":[{"href":"https:\/\/www.sanier.pl\/sk\/wp-json\/wp\/v2\/product\/279378","targetHints":{"allow":["GET"]}}],"collection":[{"href":"https:\/\/www.sanier.pl\/sk\/wp-json\/wp\/v2\/product"}],"about":[{"href":"https:\/\/www.sanier.pl\/sk\/wp-json\/wp\/v2\/types\/product"}],"replies":[{"embeddable":true,"href":"https:\/\/www.sanier.pl\/sk\/wp-json\/wp\/v2\/comments?post=279378"}],"wp:featuredmedia":[{"embeddable":true,"href":"https:\/\/www.sanier.pl\/sk\/wp-json\/wp\/v2\/media\/273611"}],"wp:attachment":[{"href":"https:\/\/www.sanier.pl\/sk\/wp-json\/wp\/v2\/media?parent=279378"}],"wp:term":[{"taxonomy":"product_brand","embeddable":true,"href":"https:\/\/www.sanier.pl\/sk\/wp-json\/wp\/v2\/product_brand?post=279378"},{"taxonomy":"product_cat","embeddable":true,"href":"https:\/\/www.sanier.pl\/sk\/wp-json\/wp\/v2\/product_cat?post=279378"},{"taxonomy":"product_tag","embeddable":true,"href":"https:\/\/www.sanier.pl\/sk\/wp-json\/wp\/v2\/product_tag?post=279378"}],"curies":[{"name":"wp","href":"https:\/\/api.w.org\/{rel}","templated":true}]}}