{"id":279374,"date":"2020-04-22T12:57:12","date_gmt":"2020-04-22T12:57:12","guid":{"rendered":"https:\/\/www.sanier.pl\/produkt\/aquastop_nanoflex\/"},"modified":"2026-02-24T11:47:07","modified_gmt":"2026-02-24T11:47:07","slug":"aquastop_nanoflex","status":"publish","type":"product","link":"https:\/\/www.sanier.pl\/sk\/produkt\/aquastop_nanoflex\/","title":{"rendered":"Aquastop Nanoflex | Kerakoll"},"content":{"rendered":"<p>[vc_row][vc_column][vc_column_text]<img loading=\"lazy\" decoding=\"async\" class=\"aligncenter wp-image-245087 size-full\" src=\"https:\/\/www.sanier.pl\/wp-content\/uploads\/2019\/10\/logo-kerakoll.jpg\" alt=\"Aquastop \" width=\"206\" height=\"80\" \/><\/p>\n<h2>Aquastop Nanoflex | Kerakoll<\/h2>\n<h5 data-start=\"30\" data-end=\"66\">MINER\u00c1LNA MEMBR\u00c1NA AQUASTOP NANOFLEX<\/h5>\n<p data-start=\"68\" data-end=\"466\">Aquastop Nanoflex je miner\u00e1lna membr\u00e1na ur\u010den\u00e1 na elastick\u00e9 utesnenie podkladu pred pokl\u00e1dkou na lepidl\u00e1. Produkt je paropriepustn\u00fd, certifikovan\u00fd, ekokompatibiln\u00fd a odoln\u00fd vo\u010di alkalick\u00e9mu prostrediu a chl\u00f3ru. Vyzna\u010duje sa zv\u00fd\u0161enou pri\u013enavos\u0165ou a trv\u00e1cnos\u0165ou. Je to tekut\u00e1, homog\u00e9nna hmota, ktorej konzistenciu je mo\u017en\u00e9 upravova\u0165 mno\u017estvom pridanej vody. Produkt je po vytvrdnut\u00ed mo\u017en\u00e9 recyklova\u0165.<\/p>\n<h4 data-start=\"468\" data-end=\"496\">Vlastnosti Aquastop Nanoflex<\/h4>\n<ul data-start=\"498\" data-end=\"1182\">\n<li data-start=\"498\" data-end=\"546\">ur\u010den\u00fd na pou\u017eitie v interi\u00e9roch a exteri\u00e9roch<\/li>\n<li data-start=\"547\" data-end=\"563\">paropriepustn\u00fd<\/li>\n<li data-start=\"564\" data-end=\"579\">most\u00ed trhliny<\/li>\n<li data-start=\"580\" data-end=\"595\">jednoslo\u017ekov\u00fd<\/li>\n<li data-start=\"596\" data-end=\"664\">vhodn\u00fd na pokl\u00e1dku keramiky, pr\u00edrodn\u00e9ho kame\u0148a a sklenenej mozaiky<\/li>\n<li data-start=\"665\" data-end=\"700\">vhodn\u00fd v syst\u00e9me dla\u017eba na dla\u017ebu<\/li>\n<li data-start=\"701\" data-end=\"726\">ide\u00e1lny v GreenBuilding<\/li>\n<li data-start=\"727\" data-end=\"744\">ekokompatibiln\u00fd<\/li>\n<li data-start=\"745\" data-end=\"886\">vhodn\u00fd na recykl\u00e1ciu ako miner\u00e1lny agreg\u00e1t, \u010do umo\u017e\u0148uje vyhn\u00fa\u0165 sa n\u00e1kladom na likvid\u00e1ciu odpadu a minimalizova\u0165 vplyv na \u017eivotn\u00e9 prostredie<\/li>\n<li data-start=\"887\" data-end=\"983\">absencia potreby pou\u017eitia plastov\u00fdch obalov zni\u017euje emisie CO2 a likvid\u00e1ciu \u0161peci\u00e1lneho odpadu<\/li>\n<li data-start=\"984\" data-end=\"1048\">v\u00fd\u0165a\u017enos\u0165 o 30 % vy\u0161\u0161ia v porovnan\u00ed s dvojzlo\u017ekov\u00fdmi syst\u00e9mami<\/li>\n<li data-start=\"1049\" data-end=\"1082\">papierov\u00fd vak 20 kg s rukov\u00e4\u0165ou<\/li>\n<li data-start=\"1083\" data-end=\"1182\">nanotechnol\u00f3gia s trvalou hydrof\u00f3bnos\u0165ou, kontinu\u00e1lnou elasticitou a vysokou chemickou stabilitou<\/li>\n<\/ul>\n<h4 data-start=\"1184\" data-end=\"1210\">Pou\u017eitie Aquastop Nanoflex<\/h4>\n<ul data-start=\"1212\" data-end=\"1512\">\n<li data-start=\"1212\" data-end=\"1258\">podlahy a steny, v interi\u00e9roch a exteri\u00e9roch<\/li>\n<li data-start=\"1259\" data-end=\"1355\">terasy, balk\u00f3ny, vodorovn\u00e9 povrchy a baz\u00e9ny, miner\u00e1lne a cementov\u00e9 monolitick\u00e9 poterov\u00e9 vrstvy<\/li>\n<li data-start=\"1356\" data-end=\"1459\">existuj\u00face keramick\u00e9 podlahy, terrazzo, stabiln\u00e9 pr\u00edrodn\u00e9 kamene, pevne pripevnen\u00e9 na podklad a \u010dist\u00e9<\/li>\n<li data-start=\"1460\" data-end=\"1512\">cementov\u00e9 omietky a cementov\u00e9 malty, zrenie bet\u00f3nu<\/li>\n<\/ul>\n<h4 data-start=\"1514\" data-end=\"1530\">Technick\u00e9 \u00fadaje:<\/h4>\n<ul data-start=\"1532\" data-end=\"2283\">\n<li data-start=\"1532\" data-end=\"1576\">vzh\u013ead: svetlosiv\u00e1 such\u00e1 zmes na utesnenie<\/li>\n<li data-start=\"1577\" data-end=\"1612\">pribli\u017en\u00e1 sypn\u00e1 hustota: 1 kg\/dm\u00b3<\/li>\n<li data-start=\"1613\" data-end=\"1675\">miner\u00e1lny zlo\u017eenie kameniva: kry\u0161t\u00e1ly kremi\u010ditanovo-uhli\u010dit\u00e9<\/li>\n<li data-start=\"1676\" data-end=\"1737\">skladovanie \u2248 12 mesiacov v p\u00f4vodnom obale na suchom mieste<\/li>\n<li data-start=\"1738\" data-end=\"1773\">balenie: vrecia 20 kg s rukov\u00e4\u0165ou<\/li>\n<li data-start=\"1774\" data-end=\"1816\">pracovn\u00e1 voda: \u2248 5 \u2013 6 \u2113 \/ 1 vrece 20 kg<\/li>\n<li data-start=\"1817\" data-end=\"1856\">viskozita helipath \u2248 60000 mpas \u00b7 sek<\/li>\n<li data-start=\"1857\" data-end=\"1894\">hustota zmesi \u2248 1,5 kg\/dm\u00b3 uni 7121<\/li>\n<li data-start=\"1895\" data-end=\"1943\">\u010das pripravenosti na pou\u017eitie (pot life) \u2265 1 h<\/li>\n<li data-start=\"1944\" data-end=\"1981\">teplota pou\u017eitia od +5 \u00b0C do +35 \u00b0C<\/li>\n<li data-start=\"1982\" data-end=\"2015\">minim\u00e1lna celkov\u00e1 hr\u00fabka \u2265 2 mm<\/li>\n<li data-start=\"2016\" data-end=\"2052\">max. hr\u00fabka jednej vrstvy \u2264 1,5 mm<\/li>\n<li data-start=\"2053\" data-end=\"2095\">\u010dakacia doba medzi 1. a 2. vrstvou \u2265 6 h<\/li>\n<li data-start=\"2096\" data-end=\"2130\">\u010dakacia doba na pokl\u00e1dku* \u2265 24 h<\/li>\n<li data-start=\"2131\" data-end=\"2203\">doba uvedenia do prev\u00e1dzky \u2248 7 dn\u00ed \/ \u2248 14 dn\u00ed (trval\u00e9 za\u0165a\u017eenie vodou)<\/li>\n<li data-start=\"2204\" data-end=\"2245\">prev\u00e1dzkov\u00e1 teplota od -20 \u00b0C do +90 \u00b0C<\/li>\n<li data-start=\"2246\" data-end=\"2283\">v\u00fd\u0165a\u017enos\u0165 \u2248 1,15 kg\/m\u00b2 na mm vrstvy<\/li>\n<\/ul>\n<p data-start=\"2285\" data-end=\"2317\" data-is-last-node=\"\" data-is-only-node=\"\"><a href=\"https:\/\/products.kerakoll.com\/yep-repository\/kerakoll\/media\/Aquastop_Nanoflex_19_PL.pdf\" target=\"_blank\" rel=\"noopener\">Technick\u00fd list AQUASTOP NANOFLEX<\/a><\/p>\n<p>\u00a0[\/vc_column_text][\/vc_column][\/vc_row][vc_row][vc_column][vc_single_image image=\"256037\" img_size=\"large\" alignment=\"center\"][\/vc_column][\/vc_row]<\/p>\n","protected":false},"excerpt":{"rendered":"<p><span class=\"HwtZe\" lang=\"sk\"><span class=\"jCAhz ChMk0b\"><span class=\"ryNqvb\">Miner\u00e1lna membr\u00e1na priepustn\u00e1 pre pary<\/span><\/span><\/span><\/p>\n","protected":false},"featured_media":269077,"comment_status":"open","ping_status":"closed","template":"","meta":[],"product_brand":[],"product_cat":[876,881,879,949,939,921,920,885,1065,899,884,1045,911,954,916],"product_tag":[890,891,1066],"class_list":{"0":"post-279374","1":"product","2":"type-product","3":"status-publish","4":"has-post-thumbnail","6":"product_cat-hydroizolacja-sk","7":"product_cat-hydroizolacja-balkonu-i-tarasu-sk","8":"product_cat-hydroizolacja-fundamentu-sk","9":"product_cat-hydroizolacje-mineralne-sk","10":"product_cat-hydroizolacje-mineralne-hydroizolacja-balkonu-i-tarasu-sk","11":"product_cat-hydroizolacje-powlokowe-sk","12":"product_cat-hydroizolacje-zbiornikow-i-kanalizacji-sk","13":"product_cat-hydroizolacje-lazienek-i-pomieszczen-mokrych-sk","14":"product_cat-kerakoll-sk","15":"product_cat-mineralne-materialy-sk","16":"product_cat-materialy-wykonczeniowe-sk","17":"product_cat-producenci-sk","18":"product_cat-promowane-sk","19":"product_cat-przejscia-instalacyjne-sk","20":"product_cat-uszczelnienie-budynku-od-wewnatrz-sk","21":"product_tag-hydroizolacja-sk","22":"product_tag-hydroizolacje-sk","23":"product_tag-kerakoll-sk","24":"product_shipping_class-latwa-wysylka-sk","26":"first","27":"onbackorder","28":"taxable","29":"shipping-taxable","30":"purchasable","31":"product-type-simple"},"_links":{"self":[{"href":"https:\/\/www.sanier.pl\/sk\/wp-json\/wp\/v2\/product\/279374","targetHints":{"allow":["GET"]}}],"collection":[{"href":"https:\/\/www.sanier.pl\/sk\/wp-json\/wp\/v2\/product"}],"about":[{"href":"https:\/\/www.sanier.pl\/sk\/wp-json\/wp\/v2\/types\/product"}],"replies":[{"embeddable":true,"href":"https:\/\/www.sanier.pl\/sk\/wp-json\/wp\/v2\/comments?post=279374"}],"wp:featuredmedia":[{"embeddable":true,"href":"https:\/\/www.sanier.pl\/sk\/wp-json\/wp\/v2\/media\/269077"}],"wp:attachment":[{"href":"https:\/\/www.sanier.pl\/sk\/wp-json\/wp\/v2\/media?parent=279374"}],"wp:term":[{"taxonomy":"product_brand","embeddable":true,"href":"https:\/\/www.sanier.pl\/sk\/wp-json\/wp\/v2\/product_brand?post=279374"},{"taxonomy":"product_cat","embeddable":true,"href":"https:\/\/www.sanier.pl\/sk\/wp-json\/wp\/v2\/product_cat?post=279374"},{"taxonomy":"product_tag","embeddable":true,"href":"https:\/\/www.sanier.pl\/sk\/wp-json\/wp\/v2\/product_tag?post=279374"}],"curies":[{"name":"wp","href":"https:\/\/api.w.org\/{rel}","templated":true}]}}