{"id":279372,"date":"2020-05-15T08:06:56","date_gmt":"2020-05-15T08:06:56","guid":{"rendered":"https:\/\/www.sanier.pl\/produkt\/mamut_glue\/"},"modified":"2025-03-19T07:03:04","modified_gmt":"2025-03-19T07:03:04","slug":"mamut_glue","status":"publish","type":"product","link":"https:\/\/www.sanier.pl\/sk\/produkt\/mamut_glue\/","title":{"rendered":"Mamut Glue | Bostik"},"content":{"rendered":"<p>[vc_row][vc_column][vc_column_text]<img loading=\"lazy\" decoding=\"async\" class=\"size-full wp-image-3280 aligncenter\" src=\"https:\/\/sanier.pl\/wp-content\/uploads\/2017\/03\/bostik-logo-e1490989222630.jpg\" alt=\"bostik logo\" width=\"300\" height=\"111\" \/><\/p>\n<h1 data-start=\"55\" data-end=\"95\"><strong data-start=\"55\" data-end=\"95\">BOSTIK MAMUT GLUE<br \/>\n<\/strong><\/h1>\n<h5 data-start=\"55\" data-end=\"95\"><strong data-start=\"55\" data-end=\"95\">MONT\u00c1\u017dNE LEPIDLO<\/strong><\/h5>\n<p data-start=\"97\" data-end=\"265\">Jednoslo\u017ekov\u00e9, trvalo elastick\u00e9 super lepkav\u00e9 a hust\u00e9 lepidlo na b\u00e1ze MS POLIMERU (modifikovan\u00e9 sil\u00e1ny) na upevnenie \u0165a\u017eko za\u0165a\u017een\u00fdch prvkov v stavebn\u00edctve a priemysle.<\/p>\n<h4 data-start=\"267\" data-end=\"282\"><strong data-start=\"267\" data-end=\"282\">Vlastnosti:<\/strong><\/h4>\n<ul data-start=\"283\" data-end=\"1334\">\n<li data-start=\"283\" data-end=\"351\">Spoj\u00ed s \u201emamutou silou\u201c \u2013 maxim\u00e1lna pevnos\u0165 v \u0165ahu a\u017e do 22 kg\/cm\u00b2<\/li>\n<li data-start=\"352\" data-end=\"396\">Bez podopierania (okam\u017eit\u00e1 pri\u013enavos\u0165) !!!<\/li>\n<li data-start=\"397\" data-end=\"460\">Nahr\u00e1dza skrutky, hmo\u017edinky a klince (vysoko univerz\u00e1lne) !!!<\/li>\n<li data-start=\"461\" data-end=\"518\">Ve\u013emi kr\u00e1tky \u010das schnutia (bez vody a rozp\u00fa\u0161\u0165adiel) !!!<\/li>\n<li data-start=\"519\" data-end=\"641\">Po vytvrdnut\u00ed trvalo elastick\u00e9 a odoln\u00e9 vo\u010di vplyvom atmosf\u00e9rick\u00fdch podmienok (vr\u00e1tane: tepl\u00f4t od \u201340\u00b0C do +90\u00b0C a vody)<\/li>\n<li data-start=\"642\" data-end=\"709\">Na hladk\u00fdch a p\u00f3rovit\u00fdch podkladoch, v interi\u00e9roch aj exteri\u00e9roch<\/li>\n<li data-start=\"710\" data-end=\"917\">Ve\u013emi dobr\u00e1 pri\u013enavos\u0165 k v\u00e4\u010d\u0161ine stavebn\u00fdch podkladov (aj vlhk\u00fdch), vr\u00e1tane: bet\u00f3nu, omietky, sadry, kame\u0148a, stavebnej keramiky, skla, ocele, kovov, lakovan\u00e9ho dreva, PVC, polyesteru a podobn\u00fdch materi\u00e1lov<\/li>\n<li data-start=\"918\" data-end=\"1044\">Odoln\u00e9 proti stekaniu (pre horizont\u00e1lne a vertik\u00e1lne aplik\u00e1cie), tvorbe bubl\u00edn, trhlin\u00e1m sp\u00f4soben\u00fdm smr\u0161tovan\u00edm a prasklin\u00e1m<\/li>\n<li data-start=\"1045\" data-end=\"1117\">Vysok\u00e1 fyzik\u00e1lna a mechanick\u00e1 odolnos\u0165 (dobr\u00e9 zn\u00e1\u0161a vibr\u00e1cie a otrasy)<\/li>\n<li data-start=\"1118\" data-end=\"1221\">Bezpe\u010dn\u00e9 pri pou\u017eit\u00ed - neobsahuje izokyan\u00e1ty, silik\u00f3n, rozp\u00fa\u0161\u0165adl\u00e1, polyvinylchlorid a plastifik\u00e1tory<\/li>\n<li data-start=\"1222\" data-end=\"1334\">Takmer bez z\u00e1pachu a chemicky neutr\u00e1lny (m\u00f4\u017ee sa pou\u017e\u00edva\u0165 na zrkadl\u00e1, nepo\u0161kodzuje strieborn\u00fa vrstvu zrkadiel)<\/li>\n<\/ul>\n<h4 data-start=\"1336\" data-end=\"1349\"><strong data-start=\"1336\" data-end=\"1349\">Pou\u017eitie:<\/strong><\/h4>\n<ul data-start=\"1350\" data-end=\"1727\">\n<li data-start=\"1350\" data-end=\"1645\">Elastick\u00e9 a mimoriadne trval\u00e9 lepenie \u0165a\u017ek\u00fdch alebo silne za\u0165a\u017een\u00fdch prvkov (bez podopierania), vr\u00e1tane: obkladov, dosiek, pol\u00edc, r\u00e1mov, \u010del, parapetov, r\u00edms, prahov, izola\u010dn\u00fdch materi\u00e1lov, zrkadiel, krytov, obalov, tab\u00fa\u013e, obrazoviek, panelov, v kombin\u00e1cii s podkladmi such\u00fdmi a mierne vlhk\u00fdmi<\/li>\n<li data-start=\"1646\" data-end=\"1727\">Lepenie stre\u0161n\u00fdch materi\u00e1lov (napr. plech, keramick\u00e9 a cementov\u00e9 stre\u0161n\u00e9 ta\u0161ky)<\/li>\n<\/ul>\n<h4 data-start=\"1729\" data-end=\"1749\"><strong data-start=\"1729\" data-end=\"1749\">Technick\u00e9 \u00fadaje:<\/strong><\/h4>\n<ul data-start=\"1751\" data-end=\"2402\">\n<li data-start=\"1751\" data-end=\"1771\">Z\u00e1klad: MS Polimer<\/li>\n<li data-start=\"1772\" data-end=\"1799\">Konzistencia: ve\u013emi hust\u00e1<\/li>\n<li data-start=\"1800\" data-end=\"1846\">R\u00fdchlos\u0165 vytl\u00e1\u010dania: 20 g\/min (3 mm \/ 4 bar)<\/li>\n<li data-start=\"1847\" data-end=\"1867\">Hustota: 1,57 g\/ml<\/li>\n<li data-start=\"1868\" data-end=\"1895\">Smr\u0161\u0165ovanie: zanedbate\u013en\u00e9<\/li>\n<li data-start=\"1896\" data-end=\"1936\">Stekanie: pod\u013ea normy ISO 7390: &lt; 2 mm<\/li>\n<li data-start=\"1937\" data-end=\"2000\">Ko\u017e\u00fa\u0161kovanie: &lt; 15 min\u00fat (pri 23\u00b0C a 55% relat\u00edvnej vlhkosti)<\/li>\n<li data-start=\"2001\" data-end=\"2072\">\u010cas vytvrdzovania: 2-3 mm \/ 24 h (pri 23\u00b0C a 55% relat\u00edvnej vlhkosti)<\/li>\n<li data-start=\"2073\" data-end=\"2123\">Tvrdos\u0165: Shore A (3s) pod\u013ea normy DIN 53505: 55\u00b0<\/li>\n<li data-start=\"2124\" data-end=\"2194\">Maxim\u00e1lna pevnos\u0165 pri trhan\u00ed: pod\u013ea normy DIN 53504: 2,2 MPa (N\/mm\u00b2)<\/li>\n<li data-start=\"2195\" data-end=\"2257\">Maxim\u00e1lne pred\u013a\u017eenie pri trhan\u00ed: pod\u013ea normy DIN 53504: 335%<\/li>\n<li data-start=\"2258\" data-end=\"2311\">Modu\u013e 100%: pod\u013ea normy DIN 53504: 1,39 MPa (N\/mm\u00b2)<\/li>\n<li data-start=\"2312\" data-end=\"2364\">Termick\u00e1 odolnos\u0165 po vytvrdnut\u00ed: od \u201340\u00b0C do +90\u00b0C<\/li>\n<li data-start=\"2365\" data-end=\"2402\">Mo\u017enos\u0165 opravy: rovnak\u00fdm materi\u00e1lom<\/li>\n<\/ul>\n<p data-start=\"2404\" data-end=\"2433\"><a href=\"http:\/\/mamutglue.pl\/download.php\/?file=\/assets\/Bostik-Mamut-Glue-MSDS.pdf\" target=\"_blank\" rel=\"noopener\"><strong data-start=\"2404\" data-end=\"2433\">Technick\u00fd list Mamut Glue<\/strong><\/a><\/p>\n<p>[\/vc_column_text][\/vc_column][\/vc_row]<\/p>\n","protected":false},"excerpt":{"rendered":"<p><span class=\"HwtZe\" lang=\"sk\"><span class=\"jCAhz ChMk0b\"><span class=\"ryNqvb\">BOSTIK MAMUT GLUE - MONT\u00c1\u017dNE LEPIDLO<\/span><\/span><\/span><\/p>\n","protected":false},"featured_media":270777,"comment_status":"open","ping_status":"closed","template":"","meta":[],"product_brand":[],"product_cat":[878,881,885,1035,1033,884,1045,911,954,916],"product_tag":[888,1071],"class_list":{"0":"post-279372","1":"product","2":"type-product","3":"status-publish","4":"has-post-thumbnail","6":"product_cat-bostik-sk","7":"product_cat-hydroizolacja-balkonu-i-tarasu-sk","8":"product_cat-hydroizolacje-lazienek-i-pomieszczen-mokrych-sk","9":"product_cat-kleje-fugi-silikony-sk","10":"product_cat-materialy-uzupelniajace-akcesoria-hydroizolacja-balkonu-i-tarasu-sk","11":"product_cat-materialy-wykonczeniowe-sk","12":"product_cat-producenci-sk","13":"product_cat-promowane-sk","14":"product_cat-przejscia-instalacyjne-sk","15":"product_cat-uszczelnienie-budynku-od-wewnatrz-sk","16":"product_tag-bostik-sk","17":"product_tag-mamut-sk","18":"product_shipping_class-latwa-wysylka-sk","20":"first","21":"instock","22":"taxable","23":"shipping-taxable","24":"purchasable","25":"product-type-simple"},"_links":{"self":[{"href":"https:\/\/www.sanier.pl\/sk\/wp-json\/wp\/v2\/product\/279372","targetHints":{"allow":["GET"]}}],"collection":[{"href":"https:\/\/www.sanier.pl\/sk\/wp-json\/wp\/v2\/product"}],"about":[{"href":"https:\/\/www.sanier.pl\/sk\/wp-json\/wp\/v2\/types\/product"}],"replies":[{"embeddable":true,"href":"https:\/\/www.sanier.pl\/sk\/wp-json\/wp\/v2\/comments?post=279372"}],"wp:featuredmedia":[{"embeddable":true,"href":"https:\/\/www.sanier.pl\/sk\/wp-json\/wp\/v2\/media\/270777"}],"wp:attachment":[{"href":"https:\/\/www.sanier.pl\/sk\/wp-json\/wp\/v2\/media?parent=279372"}],"wp:term":[{"taxonomy":"product_brand","embeddable":true,"href":"https:\/\/www.sanier.pl\/sk\/wp-json\/wp\/v2\/product_brand?post=279372"},{"taxonomy":"product_cat","embeddable":true,"href":"https:\/\/www.sanier.pl\/sk\/wp-json\/wp\/v2\/product_cat?post=279372"},{"taxonomy":"product_tag","embeddable":true,"href":"https:\/\/www.sanier.pl\/sk\/wp-json\/wp\/v2\/product_tag?post=279372"}],"curies":[{"name":"wp","href":"https:\/\/api.w.org\/{rel}","templated":true}]}}