{"id":279365,"date":"2020-05-15T09:14:05","date_gmt":"2020-05-15T09:14:05","guid":{"rendered":"https:\/\/www.sanier.pl\/produkt\/bauder_liquitec_pu\/"},"modified":"2025-03-18T14:45:33","modified_gmt":"2025-03-18T14:45:33","slug":"bauder_liquitec_pu","status":"publish","type":"product","link":"https:\/\/www.sanier.pl\/sk\/produkt\/bauder_liquitec_pu\/","title":{"rendered":"LIQUITEC PU | Bauder"},"content":{"rendered":"<p>[vc_row][vc_column][vc_column_text]<img loading=\"lazy\" decoding=\"async\" class=\"wp-image-256123 size-medium aligncenter\" src=\"https:\/\/www.sanier.pl\/wp-content\/uploads\/2020\/05\/810CF_BauderLogo_103-300x100.jpg\" alt=\"Bauder\" width=\"300\" height=\"100\" srcset=\"https:\/\/www.sanier.pl\/wp-content\/uploads\/2020\/05\/810CF_BauderLogo_103-300x100.jpg 300w, https:\/\/www.sanier.pl\/wp-content\/uploads\/2020\/05\/810CF_BauderLogo_103-800x267.jpg 800w, https:\/\/www.sanier.pl\/wp-content\/uploads\/2020\/05\/810CF_BauderLogo_103-1024x342.jpg 1024w, https:\/\/www.sanier.pl\/wp-content\/uploads\/2020\/05\/810CF_BauderLogo_103-768x257.jpg 768w, https:\/\/www.sanier.pl\/wp-content\/uploads\/2020\/05\/810CF_BauderLogo_103-1536x513.jpg 1536w, https:\/\/www.sanier.pl\/wp-content\/uploads\/2020\/05\/810CF_BauderLogo_103-848x283.jpg 848w, https:\/\/www.sanier.pl\/wp-content\/uploads\/2020\/05\/810CF_BauderLogo_103-1140x381.jpg 1140w, https:\/\/www.sanier.pl\/wp-content\/uploads\/2020\/05\/810CF_BauderLogo_103-1170x391.jpg 1170w, https:\/\/www.sanier.pl\/wp-content\/uploads\/2020\/05\/810CF_BauderLogo_103-1920x642.jpg 1920w, https:\/\/www.sanier.pl\/wp-content\/uploads\/2020\/05\/810CF_BauderLogo_103-700x234.jpg 700w, https:\/\/www.sanier.pl\/wp-content\/uploads\/2020\/05\/810CF_BauderLogo_103.jpg 1945w\" sizes=\"auto, (max-width:767px) 300px, 300px\" \/><\/p>\n<h1 data-start=\"0\" data-end=\"29\"><strong data-start=\"0\" data-end=\"29\">Bauder LIQUITEC PU Detail<\/strong><\/h1>\n<h5 data-start=\"31\" data-end=\"63\"><strong data-start=\"31\" data-end=\"63\">Tekut\u00e9 plastov\u00e9 materi\u00e1ly PU<\/strong><\/h5>\n<p data-start=\"65\" data-end=\"426\">Jednokomponentn\u00fd syst\u00e9m tekut\u00fdch plastov Bauder LIQUITEC PU Detail umo\u017e\u0148uje bezpe\u010dn\u00e9 a jednoduch\u00e9 hydroizolovanie zlo\u017eit\u00fdch miest prienikov cez strechu a oblas\u0165 spojov. Tento produkt vyroben\u00fd na b\u00e1ze polyuret\u00e1nu je vynikaj\u00faci na spojenie u\u017e aplikovanej hydroizol\u00e1cie (bit\u00famenov\u00e1 stre\u0161n\u00e1 krytina alebo membr\u00e1na) s miestami prienikov a vyvinut\u00fdmi hranami strechy.<\/p>\n<h4 data-start=\"428\" data-end=\"447\"><strong data-start=\"428\" data-end=\"447\">K\u013e\u00fa\u010dov\u00e9 v\u00fdhody:<\/strong><\/h4>\n<ul data-start=\"448\" data-end=\"890\">\n<li data-start=\"448\" data-end=\"469\">Jednoduch\u00e9 pou\u017eitie<\/li>\n<li data-start=\"470\" data-end=\"525\">Pripraven\u00fd na pou\u017eitie, zlo\u017eky nie je potrebn\u00e9 mie\u0161a\u0165<\/li>\n<li data-start=\"526\" data-end=\"673\">Nie je potrebn\u00e9 pred\u00faprava podkladov na v\u00e4\u010d\u0161ine materi\u00e1lov, ako je bit\u00famenov\u00e1 stre\u0161n\u00e1 krytina pokryt\u00e1 bridlicou, bet\u00f3n, anhydrit, kov, drevo at\u010f.<\/li>\n<li data-start=\"674\" data-end=\"713\">Bez rozp\u00fa\u0161\u0165adiel, bez siln\u00e9ho z\u00e1pachu<\/li>\n<li data-start=\"714\" data-end=\"743\">Neobsahuje nebezpe\u010dn\u00e9 l\u00e1tky<\/li>\n<li data-start=\"744\" data-end=\"789\">Mo\u017enos\u0165 uzavretia n\u00e1doby na \u010fal\u0161ie pou\u017eitie<\/li>\n<li data-start=\"790\" data-end=\"835\">Mo\u017enos\u0165 aplik\u00e1cie aj pri vysok\u00fdch teplot\u00e1ch<\/li>\n<li data-start=\"836\" data-end=\"864\">Stabilita vo\u010di UV \u017eiareniu<\/li>\n<li data-start=\"865\" data-end=\"890\">Odolnos\u0165 proti alk\u00e1li\u00e1m<\/li>\n<\/ul>\n<h4 data-start=\"892\" data-end=\"905\"><strong data-start=\"892\" data-end=\"905\">Pou\u017eitie:<\/strong><\/h4>\n<ul data-start=\"906\" data-end=\"947\">\n<li data-start=\"906\" data-end=\"947\">Detaily a miesta prienikov cez strechu.<\/li>\n<\/ul>\n<h4 data-start=\"949\" data-end=\"962\"><strong data-start=\"949\" data-end=\"962\">Spotreba:<\/strong><\/h4>\n<ul data-start=\"963\" data-end=\"984\">\n<li data-start=\"963\" data-end=\"984\">Pribli\u017ene 3,1 kg\/m\u00b2<\/li>\n<\/ul>\n<h4 data-start=\"986\" data-end=\"1010\"><strong data-start=\"986\" data-end=\"1010\">Odolnos\u0165 vo\u010di da\u017e\u010fu:<\/strong><\/h4>\n<ul data-start=\"1011\" data-end=\"1037\">\n<li data-start=\"1011\" data-end=\"1037\">Po pribli\u017ene 30 min\u00fatach<\/li>\n<\/ul>\n<h4 data-start=\"1039\" data-end=\"1058\"><strong data-start=\"1039\" data-end=\"1058\">Mo\u017enos\u0165 ch\u00f4dze:<\/strong><\/h4>\n<ul data-start=\"1059\" data-end=\"1088\">\n<li data-start=\"1059\" data-end=\"1088\">Po pribli\u017ene 4 - 8 hodin\u00e1ch<\/li>\n<\/ul>\n<p data-start=\"1090\" data-end=\"1127\"><a href=\"https:\/\/www.bauder.pl\/fileadmin\/bauder.pl\/daten\/New_site\/Plaskie\/Karty_produktow\/Plynne_tworzywa_sztuczne\/BauderLIQUITEC_PU-D_ciemnoszary_-_Karta_produktu_21100006_-_1222_-_PL_PL.pdf\" target=\"_blank\" rel=\"noopener\"><strong data-start=\"1090\" data-end=\"1127\">KARTA PRODUKTU Bauder LIQUITEC PU<\/strong><\/a><\/p>\n<p data-start=\"1129\" data-end=\"1157\" data-is-last-node=\"\" data-is-only-node=\"\"><a href=\"https:\/\/www.bauder.pl\/fileadmin\/bauder.pl\/daten\/broszury\/BauderLIQUITEC_0718_PL.pdf\" target=\"_blank\" rel=\"noopener\"><strong data-start=\"1129\" data-end=\"1157\" data-is-last-node=\"\">In\u0161trukcie pre aplik\u00e1ciu<\/strong><\/a><\/p>\n<h4><\/h4>\n<p>[\/vc_column_text][\/vc_column][\/vc_row][vc_row][vc_column][vc_video link=\"https:\/\/www.youtube.com\/watch?v=DgHvuFvsgzI\" title=\"Bauder LIQUITEC PU\"][\/vc_column][\/vc_row]<\/p>\n","protected":false},"excerpt":{"rendered":"<p><span class=\"HwtZe\" lang=\"sk\"><span class=\"jCAhz ChMk0b\"><span class=\"ryNqvb\">Syst\u00e9my z tekut\u00fdch plastov<\/span><\/span><\/span><\/p>\n","protected":false},"featured_media":269116,"comment_status":"open","ping_status":"closed","template":"","meta":[],"product_brand":[],"product_cat":[1067,923,883,876,1026,913,933,1045,911],"product_tag":[1069,1070,891],"class_list":{"0":"post-279365","1":"product","2":"type-product","3":"status-publish","4":"has-post-thumbnail","6":"product_cat-bauder-sk","7":"product_cat-bestseller-sk","8":"product_cat-dachy-plaskie-i-zielone-sk","9":"product_cat-hydroizolacja-sk","10":"product_cat-masy-bitumiczne-sk","11":"product_cat-z-tworzyw-sztucznych-sk","12":"product_cat-prace-zewnetrzne-dachy-i-elewacje-sk","13":"product_cat-producenci-sk","14":"product_cat-promowane-sk","15":"product_tag-bauder-sk","16":"product_tag-hydroizoalcje-sk","17":"product_tag-hydroizolacje-sk","18":"product_shipping_class-latwa-wysylka-sk","20":"first","21":"instock","22":"taxable","23":"shipping-taxable","24":"purchasable","25":"product-type-variable","26":"has-default-attributes"},"_links":{"self":[{"href":"https:\/\/www.sanier.pl\/sk\/wp-json\/wp\/v2\/product\/279365","targetHints":{"allow":["GET"]}}],"collection":[{"href":"https:\/\/www.sanier.pl\/sk\/wp-json\/wp\/v2\/product"}],"about":[{"href":"https:\/\/www.sanier.pl\/sk\/wp-json\/wp\/v2\/types\/product"}],"replies":[{"embeddable":true,"href":"https:\/\/www.sanier.pl\/sk\/wp-json\/wp\/v2\/comments?post=279365"}],"wp:featuredmedia":[{"embeddable":true,"href":"https:\/\/www.sanier.pl\/sk\/wp-json\/wp\/v2\/media\/269116"}],"wp:attachment":[{"href":"https:\/\/www.sanier.pl\/sk\/wp-json\/wp\/v2\/media?parent=279365"}],"wp:term":[{"taxonomy":"product_brand","embeddable":true,"href":"https:\/\/www.sanier.pl\/sk\/wp-json\/wp\/v2\/product_brand?post=279365"},{"taxonomy":"product_cat","embeddable":true,"href":"https:\/\/www.sanier.pl\/sk\/wp-json\/wp\/v2\/product_cat?post=279365"},{"taxonomy":"product_tag","embeddable":true,"href":"https:\/\/www.sanier.pl\/sk\/wp-json\/wp\/v2\/product_tag?post=279365"}],"curies":[{"name":"wp","href":"https:\/\/api.w.org\/{rel}","templated":true}]}}