{"id":279362,"date":"2020-05-15T11:32:08","date_gmt":"2020-05-15T11:32:08","guid":{"rendered":"https:\/\/www.sanier.pl\/produkt\/liquitec-pu-bauder_start\/"},"modified":"2025-03-18T14:32:55","modified_gmt":"2025-03-18T14:32:55","slug":"liquitec-pu-bauder_start","status":"publish","type":"product","link":"https:\/\/www.sanier.pl\/sk\/produkt\/liquitec-pu-bauder_start\/","title":{"rendered":"LIQUITEC PU Starter Kit | Bauder"},"content":{"rendered":"<p>[vc_row][vc_column][vc_column_text]<img loading=\"lazy\" decoding=\"async\" class=\"wp-image-256123 size-medium aligncenter\" src=\"https:\/\/www.sanier.pl\/wp-content\/uploads\/2020\/05\/810CF_BauderLogo_103-300x100.jpg\" alt=\"Bauder\" width=\"300\" height=\"100\" srcset=\"https:\/\/www.sanier.pl\/wp-content\/uploads\/2020\/05\/810CF_BauderLogo_103-300x100.jpg 300w, https:\/\/www.sanier.pl\/wp-content\/uploads\/2020\/05\/810CF_BauderLogo_103-800x267.jpg 800w, https:\/\/www.sanier.pl\/wp-content\/uploads\/2020\/05\/810CF_BauderLogo_103-1024x342.jpg 1024w, https:\/\/www.sanier.pl\/wp-content\/uploads\/2020\/05\/810CF_BauderLogo_103-768x257.jpg 768w, https:\/\/www.sanier.pl\/wp-content\/uploads\/2020\/05\/810CF_BauderLogo_103-1536x513.jpg 1536w, https:\/\/www.sanier.pl\/wp-content\/uploads\/2020\/05\/810CF_BauderLogo_103-848x283.jpg 848w, https:\/\/www.sanier.pl\/wp-content\/uploads\/2020\/05\/810CF_BauderLogo_103-1140x381.jpg 1140w, https:\/\/www.sanier.pl\/wp-content\/uploads\/2020\/05\/810CF_BauderLogo_103-1170x391.jpg 1170w, https:\/\/www.sanier.pl\/wp-content\/uploads\/2020\/05\/810CF_BauderLogo_103-1920x642.jpg 1920w, https:\/\/www.sanier.pl\/wp-content\/uploads\/2020\/05\/810CF_BauderLogo_103-700x234.jpg 700w, https:\/\/www.sanier.pl\/wp-content\/uploads\/2020\/05\/810CF_BauderLogo_103.jpg 1945w\" sizes=\"auto, (max-width:767px) 300px, 300px\" \/><\/p>\n<h1 data-start=\"0\" data-end=\"41\"><strong data-start=\"0\" data-end=\"41\">Bauder LIQUITEC PU Detail Starter Kit<\/strong><\/h1>\n<h4 data-start=\"43\" data-end=\"76\"><strong data-start=\"43\" data-end=\"76\">Tekut\u00fd polyuretanov\u00fd materi\u00e1l<\/strong><\/h4>\n<p data-start=\"78\" data-end=\"425\">Jednokomponentn\u00fd syst\u00e9m tekut\u00fdch plastov Bauder LIQUITEC PU Detail umo\u017e\u0148uje bezpe\u010dn\u00fa a jednoduch\u00fa hydroizol\u00e1ciu zlo\u017eit\u00fdch miest prienikov cez strechu a oblast\u00ed spojen\u00ed. Vyroben\u00fd na b\u00e1ze polyuret\u00e1nu, tekut\u00fd plast je ide\u00e1lny na spojenie hydroizol\u00e1cie na ploche (bit\u00famenov\u00e9 p\u00e1sy alebo membr\u00e1ny) s miestami prienikov cez strechu a vyvinut\u00fdmi miestami.<\/p>\n<h4 data-start=\"427\" data-end=\"446\"><strong data-start=\"427\" data-end=\"446\">K\u013e\u00fa\u010dov\u00e9 v\u00fdhody:<\/strong><\/h4>\n<ul data-start=\"447\" data-end=\"873\">\n<li data-start=\"447\" data-end=\"468\">jednoduch\u00e9 pou\u017eitie<\/li>\n<li data-start=\"469\" data-end=\"524\">pripraven\u00e9 na pou\u017eitie, zlo\u017eky nie je potrebn\u00e9 mie\u0161a\u0165<\/li>\n<li data-start=\"525\" data-end=\"651\">nie je potrebn\u00e9 gruntovanie na v\u00e4\u010d\u0161ine podkladov, ako s\u00fa bit\u00famenov\u00e9 p\u00e1sy pokryt\u00e9 bridlicou, bet\u00f3n\/jastrab, kov, drevo a pod.<\/li>\n<li data-start=\"652\" data-end=\"701\">neobsahuje rozp\u00fa\u0161\u0165adl\u00e1 a nem\u00e1 intenz\u00edvny z\u00e1pach<\/li>\n<li data-start=\"702\" data-end=\"731\">neobsahuje nebezpe\u010dn\u00e9 l\u00e1tky<\/li>\n<li data-start=\"732\" data-end=\"778\">mo\u017enos\u0165 uzavretia n\u00e1doby pre \u010fal\u0161ie pou\u017eitie<\/li>\n<li data-start=\"779\" data-end=\"822\">mo\u017enos\u0165 mont\u00e1\u017ee aj pri vysok\u00fdch teplot\u00e1ch<\/li>\n<li data-start=\"823\" data-end=\"849\">stabilita pri UV \u017eiaren\u00ed<\/li>\n<li data-start=\"850\" data-end=\"873\">odolnos\u0165 vo\u010di z\u00e1sad\u00e1m<\/li>\n<\/ul>\n<h4 data-start=\"875\" data-end=\"932\"><strong data-start=\"875\" data-end=\"888\">Pou\u017eitie:<\/strong> Podrobnosti a miesta prienikov cez strechu.<\/h4>\n<h4 data-start=\"934\" data-end=\"947\"><strong data-start=\"934\" data-end=\"947\">Spotreba:<\/strong><\/h4>\n<ul data-start=\"948\" data-end=\"969\">\n<li data-start=\"948\" data-end=\"969\">pribli\u017ene 3,1 kg\/m\u00b2<\/li>\n<\/ul>\n<h4 data-start=\"971\" data-end=\"995\"><strong data-start=\"971\" data-end=\"995\">Odolnos\u0165 vo\u010di da\u017e\u010fu:<\/strong><\/h4>\n<ul data-start=\"996\" data-end=\"1022\">\n<li data-start=\"996\" data-end=\"1022\">po pribli\u017ene 30 min\u00fatach<\/li>\n<\/ul>\n<h4 data-start=\"1024\" data-end=\"1043\"><strong data-start=\"1024\" data-end=\"1043\">Mo\u017enos\u0165 ch\u00f4dze:<\/strong><\/h4>\n<ul data-start=\"1044\" data-end=\"1075\">\n<li data-start=\"1044\" data-end=\"1075\">po pribli\u017ene 4 a\u017e 8 hodin\u00e1ch.<\/li>\n<\/ul>\n<h4 data-start=\"1077\" data-end=\"1095\"><strong data-start=\"1077\" data-end=\"1095\">Obsah s\u00fapravy:<\/strong><\/h4>\n<ul>\n<li>Bauder LIQUITEC PU Detail (2,5 kg)Bauder<\/li>\n<li>LIQUITEC tkanina PV165 (0,25 m x 4,0 m)<\/li>\n<li>Bauder LIQUITEC \u010distiaci prostriedok 0,25 l<\/li>\n<li>Dreven\u00e1 mie\u0161a\u010dka<\/li>\n<li>\u0160tetec<\/li>\n<li>Br\u00fasny papier<\/li>\n<li>Jednorazov\u00e9 rukavice<\/li>\n<li>Stol\u00e1rsky ceruzka<\/li>\n<li>Uter\u00e1k na \u010distenie<\/li>\n<li>Mont\u00e1\u017eny n\u00e1vod<\/li>\n<\/ul>\n<p>&nbsp;<\/p>\n<h4><a href=\"https:\/\/www.bauder.pl\/fileadmin\/bauder.pl\/daten\/Dachy_plaskie\/Karty_produktow\/Tworzywa_plynne\/Karta_produktu_BauderLIQUITEC_PU_Detal_1119.pdf\" target=\"_blank\" rel=\"noopener\"><span class=\"HwtZe\" lang=\"sk\"><span class=\"jCAhz ChMk0b\"><span class=\"ryNqvb\">Bauder LIQUITEC PU KARTA V\u00ddROBKU<\/span><\/span><\/span><\/a><\/h4>\n<h4><a href=\"https:\/\/www.bauder.pl\/fileadmin\/bauder.pl\/daten\/broszury\/BauderLIQUITEC_0718_PL.pdf\" target=\"_blank\" rel=\"noopener\"><span class=\"HwtZe\" lang=\"sk\"><span class=\"jCAhz JpY6Fd\"><span class=\"ryNqvb\">N\u00e1vod na mont\u00e1\u017e.<\/span><\/span><\/span><\/a><\/h4>\n<h4><\/h4>\n<p>[\/vc_column_text][\/vc_column][\/vc_row][vc_row][vc_column][vc_video link=\"https:\/\/www.youtube.com\/watch?v=DgHvuFvsgzI\" title=\"Bauder LIQUITEC PU\"][\/vc_column][\/vc_row]<\/p>\n","protected":false},"excerpt":{"rendered":"<p><strong>Bauder LIQUITEC PU Starter Kit<\/strong> je jednokomponentn\u00fd polyuret\u00e1nov\u00fd syst\u00e9m, ide\u00e1lny na jednoduch\u00e9 a \u00fa\u010dinn\u00e9 utesnenie detailov strechy a miest prienikov cez strechu. Pripraven\u00fd na pou\u017eitie, nevy\u017eaduje mie\u0161anie ani gruntovanie na v\u00e4\u010d\u0161ine podkladov (napr. bit\u00famenov\u00e1 stre\u0161n\u00e1 krytina, bet\u00f3n, kov, drevo). Produkt je bez rozp\u00fa\u0161\u0165adiel, odoln\u00fd vo\u010di UV \u017eiareniu, z\u00e1sad\u00e1m a vysok\u00fdm teplot\u00e1m, \u010d\u00edm poskytuje trval\u00fa a spo\u013eahliv\u00fa ochranu. V\u010faka r\u00fdchlemu tvrdnutiu umo\u017e\u0148uje ch\u00f4dzu u\u017e po 4 a\u017e 8 hodin\u00e1ch. Spotreba je pribli\u017ene 3,1 kg\/m\u00b2. S\u00faprava obsahuje v\u0161etky potrebn\u00e9 pr\u00edslu\u0161enstvo na aplik\u00e1ciu.<\/p>\n","protected":false},"featured_media":269125,"comment_status":"open","ping_status":"closed","template":"","meta":[],"product_brand":[],"product_cat":[1067,923,883,876,1026,913,933,1045,911],"product_tag":[1069],"class_list":{"0":"post-279362","1":"product","2":"type-product","3":"status-publish","4":"has-post-thumbnail","6":"product_cat-bauder-sk","7":"product_cat-bestseller-sk","8":"product_cat-dachy-plaskie-i-zielone-sk","9":"product_cat-hydroizolacja-sk","10":"product_cat-masy-bitumiczne-sk","11":"product_cat-z-tworzyw-sztucznych-sk","12":"product_cat-prace-zewnetrzne-dachy-i-elewacje-sk","13":"product_cat-producenci-sk","14":"product_cat-promowane-sk","15":"product_tag-bauder-sk","16":"product_shipping_class-latwa-wysylka-sk","18":"first","19":"onbackorder","20":"taxable","21":"shipping-taxable","22":"purchasable","23":"product-type-simple"},"_links":{"self":[{"href":"https:\/\/www.sanier.pl\/sk\/wp-json\/wp\/v2\/product\/279362","targetHints":{"allow":["GET"]}}],"collection":[{"href":"https:\/\/www.sanier.pl\/sk\/wp-json\/wp\/v2\/product"}],"about":[{"href":"https:\/\/www.sanier.pl\/sk\/wp-json\/wp\/v2\/types\/product"}],"replies":[{"embeddable":true,"href":"https:\/\/www.sanier.pl\/sk\/wp-json\/wp\/v2\/comments?post=279362"}],"wp:featuredmedia":[{"embeddable":true,"href":"https:\/\/www.sanier.pl\/sk\/wp-json\/wp\/v2\/media\/269125"}],"wp:attachment":[{"href":"https:\/\/www.sanier.pl\/sk\/wp-json\/wp\/v2\/media?parent=279362"}],"wp:term":[{"taxonomy":"product_brand","embeddable":true,"href":"https:\/\/www.sanier.pl\/sk\/wp-json\/wp\/v2\/product_brand?post=279362"},{"taxonomy":"product_cat","embeddable":true,"href":"https:\/\/www.sanier.pl\/sk\/wp-json\/wp\/v2\/product_cat?post=279362"},{"taxonomy":"product_tag","embeddable":true,"href":"https:\/\/www.sanier.pl\/sk\/wp-json\/wp\/v2\/product_tag?post=279362"}],"curies":[{"name":"wp","href":"https:\/\/api.w.org\/{rel}","templated":true}]}}