{"id":279339,"date":"2020-05-18T14:56:55","date_gmt":"2020-05-18T14:56:55","guid":{"rendered":"https:\/\/www.sanier.pl\/produkt\/membrana-pvc-thermofol-m-15-bauder\/"},"modified":"2025-03-18T13:26:21","modified_gmt":"2025-03-18T13:26:21","slug":"membrana-pvc-thermofol-m-15-bauder","status":"publish","type":"product","link":"https:\/\/www.sanier.pl\/sk\/produkt\/membrana-pvc-thermofol-m-15-bauder\/","title":{"rendered":"Membr\u00e1na PVC THERMOFOL M 15 | Bauder"},"content":{"rendered":"<p>[vc_row][vc_column][vc_column_text]<img loading=\"lazy\" decoding=\"async\" class=\"aligncenter wp-image-256123 size-medium\" src=\"https:\/\/www.sanier.pl\/wp-content\/uploads\/2020\/05\/810CF_BauderLogo_103-300x100.jpg\" alt=\"\" width=\"300\" height=\"100\" srcset=\"https:\/\/www.sanier.pl\/wp-content\/uploads\/2020\/05\/810CF_BauderLogo_103-300x100.jpg 300w, https:\/\/www.sanier.pl\/wp-content\/uploads\/2020\/05\/810CF_BauderLogo_103-800x267.jpg 800w, https:\/\/www.sanier.pl\/wp-content\/uploads\/2020\/05\/810CF_BauderLogo_103-1024x342.jpg 1024w, https:\/\/www.sanier.pl\/wp-content\/uploads\/2020\/05\/810CF_BauderLogo_103-768x257.jpg 768w, https:\/\/www.sanier.pl\/wp-content\/uploads\/2020\/05\/810CF_BauderLogo_103-1536x513.jpg 1536w, https:\/\/www.sanier.pl\/wp-content\/uploads\/2020\/05\/810CF_BauderLogo_103-848x283.jpg 848w, https:\/\/www.sanier.pl\/wp-content\/uploads\/2020\/05\/810CF_BauderLogo_103-1140x381.jpg 1140w, https:\/\/www.sanier.pl\/wp-content\/uploads\/2020\/05\/810CF_BauderLogo_103-1170x391.jpg 1170w, https:\/\/www.sanier.pl\/wp-content\/uploads\/2020\/05\/810CF_BauderLogo_103-1920x642.jpg 1920w, https:\/\/www.sanier.pl\/wp-content\/uploads\/2020\/05\/810CF_BauderLogo_103-700x234.jpg 700w, https:\/\/www.sanier.pl\/wp-content\/uploads\/2020\/05\/810CF_BauderLogo_103.jpg 1945w\" sizes=\"auto, (max-width:767px) 300px, 300px\" \/><\/p>\n<p>&nbsp;<\/p>\n<h1><span class=\"HwtZe\" lang=\"sk\"><span class=\"jCAhz ChMk0b\"><span class=\"ryNqvb\">Membr\u00e1na PVC THERMOFOL M 15<\/span><\/span><\/span><\/h1>\n<p>[\/vc_column_text][vc_column_text][\/vc_column_text][vc_column_text]<\/p>\n<div class=\"flex max-w-full flex-col flex-grow\">\n<div class=\"min-h-8 text-message relative flex w-full flex-col items-end gap-2 whitespace-normal break-words text-start [.text-message+&amp;]:mt-5\" dir=\"auto\" data-message-author-role=\"assistant\" data-message-id=\"933ae7d0-68a4-4038-a2ab-411074d77124\" data-message-model-slug=\"gpt-4o-mini\">\n<div class=\"flex w-full flex-col gap-1 empty:hidden first:pt-[3px]\">\n<p data-start=\"0\" data-end=\"244\"><strong data-start=\"0\" data-end=\"31\">Membr\u00e1na PVC THERMOFOL M 15<\/strong> je plastov\u00e1 f\u00f3lia ur\u010den\u00e1 na mechanick\u00e9 uchytenie. Vyr\u00e1ba sa v hr\u00fabkach od 1,2 do 2,0 mm. Syntetick\u00e1 nosn\u00e1 mrie\u017eka zabezpe\u010duje jej dimenzion\u00e1lnu stabilitu, vysok\u00fa mechanick\u00fa pevnos\u0165 a pru\u017enos\u0165 potrebn\u00fa pre mont\u00e1\u017e.<\/p>\n<p data-start=\"246\" data-end=\"386\">Syst\u00e9m so zvl\u00e1\u0161\u0165 odolnou nosnou vlo\u017ekou na mechanick\u00e9 uchytenie bez balastu. Pohodln\u00e1 a spo\u013eahliv\u00e1 mont\u00e1\u017e v rovine a v oblastiach pripojen\u00ed.<\/p>\n<p data-start=\"388\" data-end=\"685\">Stre\u0161n\u00e9 f\u00f3lie BauderTHERMOFOL s\u00fa ve\u013emi odoln\u00e9 stre\u0161n\u00e9 f\u00f3lie. V\u010faka mechanick\u00e9mu uchyteniu sa ochrana pred silami podtlaku vetra dosahuje efekt\u00edvne a r\u00fdchlo. Pokladanie membr\u00e1ny na \u0161pecifick\u00fdch termoizola\u010dn\u00fdch materi\u00e1loch (napr. EPS) alebo pod \u0161trk vy\u017eaduje pou\u017eitie rozde\u013eovacej a ochrann\u00e9 vrstvy.<\/p>\n<p data-start=\"687\" data-end=\"702\"><strong data-start=\"687\" data-end=\"702\">Vlastnosti:<\/strong><\/p>\n<ul data-start=\"703\" data-end=\"776\">\n<li data-start=\"703\" data-end=\"730\">\u00fa\u010dinn\u00e1 ochrana proti vode<\/li>\n<li data-start=\"731\" data-end=\"739\">odoln\u00e1<\/li>\n<li data-start=\"740\" data-end=\"776\">ochrana pred silami podtlaku vetra<\/li>\n<\/ul>\n<p data-start=\"778\" data-end=\"791\"><strong data-start=\"778\" data-end=\"791\">Pou\u017eitie:<\/strong><\/p>\n<ul data-start=\"792\" data-end=\"820\">\n<li data-start=\"792\" data-end=\"801\">strechy<\/li>\n<li data-start=\"802\" data-end=\"810\">terasy<\/li>\n<li data-start=\"811\" data-end=\"820\">balk\u00f3ny<\/li>\n<\/ul>\n<p data-start=\"822\" data-end=\"857\" data-is-last-node=\"\" data-is-only-node=\"\"><a href=\"https:\/\/www.bauder.pl\/fileadmin\/bauder.pl\/daten\/New_site\/Plaskie\/Karty_produktow\/Folie_dachowe\/BauderTHERMOFOL\/BauderTHERMOFOL_M_15_-_Karta_produktu_63150000_-_1220_-_PL.pdf\" target=\"_blank\" rel=\"noopener\"><strong data-start=\"822\" data-end=\"857\" data-is-last-node=\"\">Karta inform\u00e1ci\u00ed THERMOFOL M 15<\/strong><\/a><\/p>\n<\/div>\n<\/div>\n<\/div>\n<div class=\"mb-2 flex gap-3 -ml-2\" tabindex=\"0\">\n<div class=\"flex items-center justify-start rounded-xl p-1\">\n<div class=\"flex items-center\"><\/div>\n<\/div>\n<\/div>\n<p>[\/vc_column_text][\/vc_column][\/vc_row][vc_row][vc_column][\/vc_column][\/vc_row]<\/p>\n","protected":false},"excerpt":{"rendered":"<p>Hydroizol\u00e1cia z f\u00f3lie Bauder THERMOFOL \u00fa\u010dinne chr\u00e1ni pred vodou a umo\u017e\u0148uje spo\u013eahliv\u00fa mont\u00e1\u017e v novostavb\u00e1ch aj pri renov\u00e1ci\u00e1ch.<\/p>\n","protected":false},"featured_media":269122,"comment_status":"open","ping_status":"closed","template":"","meta":[],"product_brand":[],"product_cat":[1067,923,876,882,913,1068,933],"product_tag":[1069,890,891],"class_list":{"0":"post-279339","1":"product","2":"type-product","3":"status-publish","4":"has-post-thumbnail","6":"product_cat-bauder-sk","7":"product_cat-bestseller-sk","8":"product_cat-hydroizolacja-sk","9":"product_cat-hydroizolacje-rolowe-sk","10":"product_cat-z-tworzyw-sztucznych-sk","11":"product_cat-membrany-pcv-sk","12":"product_cat-prace-zewnetrzne-dachy-i-elewacje-sk","13":"product_tag-bauder-sk","14":"product_tag-hydroizolacja-sk","15":"product_tag-hydroizolacje-sk","16":"product_shipping_class-trudna-wysylka-sk","18":"first","19":"instock","20":"taxable","21":"shipping-taxable","22":"purchasable","23":"product-type-simple"},"_links":{"self":[{"href":"https:\/\/www.sanier.pl\/sk\/wp-json\/wp\/v2\/product\/279339","targetHints":{"allow":["GET"]}}],"collection":[{"href":"https:\/\/www.sanier.pl\/sk\/wp-json\/wp\/v2\/product"}],"about":[{"href":"https:\/\/www.sanier.pl\/sk\/wp-json\/wp\/v2\/types\/product"}],"replies":[{"embeddable":true,"href":"https:\/\/www.sanier.pl\/sk\/wp-json\/wp\/v2\/comments?post=279339"}],"wp:featuredmedia":[{"embeddable":true,"href":"https:\/\/www.sanier.pl\/sk\/wp-json\/wp\/v2\/media\/269122"}],"wp:attachment":[{"href":"https:\/\/www.sanier.pl\/sk\/wp-json\/wp\/v2\/media?parent=279339"}],"wp:term":[{"taxonomy":"product_brand","embeddable":true,"href":"https:\/\/www.sanier.pl\/sk\/wp-json\/wp\/v2\/product_brand?post=279339"},{"taxonomy":"product_cat","embeddable":true,"href":"https:\/\/www.sanier.pl\/sk\/wp-json\/wp\/v2\/product_cat?post=279339"},{"taxonomy":"product_tag","embeddable":true,"href":"https:\/\/www.sanier.pl\/sk\/wp-json\/wp\/v2\/product_tag?post=279339"}],"curies":[{"name":"wp","href":"https:\/\/api.w.org\/{rel}","templated":true}]}}