{"id":279336,"date":"2020-05-19T13:58:25","date_gmt":"2020-05-19T13:58:25","guid":{"rendered":"https:\/\/www.sanier.pl\/produkt\/bauder_liquitec_pu_wloknina_poliestrowa_165\/"},"modified":"2025-03-18T10:36:27","modified_gmt":"2025-03-18T10:36:27","slug":"bauder_liquitec_pu_wloknina_poliestrowa_165","status":"publish","type":"product","link":"https:\/\/www.sanier.pl\/sk\/produkt\/bauder_liquitec_pu_wloknina_poliestrowa_165\/","title":{"rendered":"Bauder LIQUITEC polyesterov\u00e1 text\u00edlia 165"},"content":{"rendered":"<p>[vc_row][vc_column][vc_column_text]<img loading=\"lazy\" decoding=\"async\" class=\"aligncenter wp-image-256123 size-medium\" src=\"https:\/\/www.sanier.pl\/wp-content\/uploads\/2020\/05\/810CF_BauderLogo_103-300x100.jpg\" alt=\"\" width=\"300\" height=\"100\" srcset=\"https:\/\/www.sanier.pl\/wp-content\/uploads\/2020\/05\/810CF_BauderLogo_103-300x100.jpg 300w, https:\/\/www.sanier.pl\/wp-content\/uploads\/2020\/05\/810CF_BauderLogo_103-800x267.jpg 800w, https:\/\/www.sanier.pl\/wp-content\/uploads\/2020\/05\/810CF_BauderLogo_103-1024x342.jpg 1024w, https:\/\/www.sanier.pl\/wp-content\/uploads\/2020\/05\/810CF_BauderLogo_103-768x257.jpg 768w, https:\/\/www.sanier.pl\/wp-content\/uploads\/2020\/05\/810CF_BauderLogo_103-1536x513.jpg 1536w, https:\/\/www.sanier.pl\/wp-content\/uploads\/2020\/05\/810CF_BauderLogo_103-848x283.jpg 848w, https:\/\/www.sanier.pl\/wp-content\/uploads\/2020\/05\/810CF_BauderLogo_103-1140x381.jpg 1140w, https:\/\/www.sanier.pl\/wp-content\/uploads\/2020\/05\/810CF_BauderLogo_103-1170x391.jpg 1170w, https:\/\/www.sanier.pl\/wp-content\/uploads\/2020\/05\/810CF_BauderLogo_103-1920x642.jpg 1920w, https:\/\/www.sanier.pl\/wp-content\/uploads\/2020\/05\/810CF_BauderLogo_103-700x234.jpg 700w, https:\/\/www.sanier.pl\/wp-content\/uploads\/2020\/05\/810CF_BauderLogo_103.jpg 1945w\" sizes=\"auto, (max-width:767px) 300px, 300px\" \/><\/p>\n<h1 data-start=\"0\" data-end=\"111\"><strong data-start=\"0\" data-end=\"45\">Bauder LIQUITEC polyesterov\u00e1 text\u00edlia 165<\/strong><\/h1>\n<h5 data-start=\"0\" data-end=\"111\"><strong data-start=\"48\" data-end=\"73\">Polyesterov\u00e1 text\u00edlia<\/strong><\/h5>\n<h4 data-start=\"0\" data-end=\"111\"><strong data-start=\"76\" data-end=\"111\">Tekut\u00fd plast BauderLIQUITEC PU:<\/strong><\/h4>\n<p data-start=\"113\" data-end=\"322\">Bauder LIQUITEC PU je jednokomponentn\u00fd syst\u00e9m tekut\u00fdch plastov, ktor\u00fd sa nan\u00e1\u0161a priamo z vedra. Tento produkt je ve\u013emi jednoduch\u00fd na pou\u017eitie, preto\u017ee ho nie je potrebn\u00e9 mie\u0161a\u0165 ani spr\u00e1vne d\u00e1vkova\u0165 komponenty.<\/p>\n<h4 data-start=\"324\" data-end=\"356\"><strong data-start=\"324\" data-end=\"356\">Pou\u017eitie Bauder LIQUITEC PU:<\/strong><\/h4>\n<p data-start=\"358\" data-end=\"712\">Pou\u017eitie tohto materi\u00e1lu zah\u0155\u0148a najm\u00e4 tesnenie detailov na streche a miest, kde strecha prech\u00e1dza cez r\u00f4zne in\u0161tal\u00e1cie. Po pou\u017eit\u00ed sa materi\u00e1l v n\u00e1dobe m\u00f4\u017ee uzavrie\u0165 a pou\u017ei\u0165 nesk\u00f4r. Takto uzavret\u00fd materi\u00e1l je mo\u017en\u00e9 pou\u017e\u00edva\u0165 nieko\u013eko mesiacov. Po nanesen\u00ed materi\u00e1l postupne tuhne vplyvom vzduchu. To poskytuje dostatok \u010dasu na presn\u00e9 izolovanie detailov.<\/p>\n<h4 data-start=\"714\" data-end=\"1006\"><strong data-start=\"714\" data-end=\"744\">V\u00fdhody Bauder LIQUITEC PU:<\/strong><\/h4>\n<p data-start=\"714\" data-end=\"1006\">Materi\u00e1l Bauder LIQUITEC PU m\u00e1 mno\u017estvo v\u00fdhod. Okrem u\u017e spom\u00ednanej jednoduchosti pou\u017eitia a nepotreby mie\u0161ania komponentov je d\u00f4le\u017eit\u00e9, \u017ee nevy\u017eaduje penetr\u00e1ciu v\u00e4\u010d\u0161iny podkladov \u2013 bit\u00famenovej lepenky pokrytej bridlicou, bet\u00f3nu\/mernej vrstvy, kovu, dreva at\u010f.<\/p>\n<h4 data-start=\"1008\" data-end=\"1029\"><strong data-start=\"1008\" data-end=\"1029\">Bez rozp\u00fa\u0161\u0165adiel:<\/strong><\/h4>\n<p data-start=\"1031\" data-end=\"1243\">Produkt neobsahuje rozp\u00fa\u0161\u0165adl\u00e1 a nevyd\u00e1va intenz\u00edvny z\u00e1pach. Neobsahuje \u017eiadne nebezpe\u010dn\u00e9 l\u00e1tky. D\u00f4le\u017eit\u00fa \u00falohu zohr\u00e1va aj stabilita pri vysok\u00fdch teplot\u00e1ch a pri UV \u017eiaren\u00ed. Je tie\u017e odoln\u00fd vo\u010di alkalick\u00fdm l\u00e1tkam.<\/p>\n<h4 data-start=\"1245\" data-end=\"1285\"><strong data-start=\"1245\" data-end=\"1285\">Sp\u00f4sob aplik\u00e1cie Bauder LIQUITEC PU:<\/strong><\/h4>\n<p data-start=\"1287\" data-end=\"1660\">Bauder LIQUITEC PU sa nan\u00e1\u0161a v dvoch vrstv\u00e1ch. Text\u00edlia ako nosn\u00e1 vlo\u017eka sa kladie v prvej vrstve bez pr\u00e1zdnych miest a z\u00e1hybov. N\u00e1sledne je potrebn\u00e9 okam\u017eite nanies\u0165 druh\u00fa vrstvu. Pou\u017e\u00edva sa technika \u201emokr\u00e9 na mokr\u00e9\u201c. Spotreba produktu Bauder LIQUITEC PU je pribli\u017ene 3,1 kg\/m\u00b2 v z\u00e1vislosti od podkladu a \u00fa\u010delu pou\u017eitia. T\u00fdm sa dosiahne po\u017eadovan\u00e1 minim\u00e1lna hr\u00fabka vrstvy.<\/p>\n<p data-start=\"1662\" data-end=\"1951\" data-is-last-node=\"\" data-is-only-node=\"\">Nie je poch\u00fdb o tom, \u017ee po\u017eiadavky na ploch\u00e9 strechy s\u00fa mimoriadne pr\u00edsne. D\u00f4le\u017eit\u00e9 je spr\u00e1vne hydroizola\u010dn\u00e9 tesnenie prechodu, najm\u00e4 pri in\u0161tal\u00e1cii zariaden\u00ed ako fotovoltick\u00e9 panely, klimatiz\u00e1cie, v\u00fdmenn\u00edky tepla, ant\u00e9nne syst\u00e9my at\u010f. Vtedy sa ide\u00e1lne uplatn\u00ed materi\u00e1l Bauder LIQUITEC PU.<\/p>\n<p>[\/vc_column_text][\/vc_column][\/vc_row]<\/p>\n","protected":false},"excerpt":{"rendered":"<p><strong data-start=\"0\" data-end=\"15\" data-is-only-node=\"\">LIQUITEC PU<\/strong> je jednokomponentn\u00fd, \u013eahko pou\u017eite\u013en\u00fd syst\u00e9m na tesnenie, ide\u00e1lny na hydroizol\u00e1ciu detailov a prechodov cez strechu. Produkt nevy\u017eaduje mie\u0161anie ani penetr\u00e1ciu v\u00e4\u010d\u0161iny podkladov, ako je bit\u00famenov\u00e1 lepenka, bet\u00f3n, kov alebo drevo. Vyzna\u010duje sa absenciou rozp\u00fa\u0161\u0165adiel, odolnos\u0165ou proti UV \u017eiareniu a alkalick\u00fdm l\u00e1tkam, ako aj dlh\u00fdm \u010dasom skladovania v uzavret\u00fdch n\u00e1dob\u00e1ch. Nan\u00e1\u0161an\u00fd v dvoch vrstv\u00e1ch technikou \u201emokr\u00e9 na mokr\u00e9\u201c, poskytuje trval\u00fa a \u00fa\u010dinn\u00fa ochranu, najm\u00e4 na ploch\u00fdch strech\u00e1ch pri in\u0161tal\u00e1cii zariaden\u00ed, ako s\u00fa fotovoltick\u00e9 panely alebo klimatiza\u010dn\u00e9 zariadenia.<\/p>\n","protected":false},"featured_media":269131,"comment_status":"open","ping_status":"closed","template":"","meta":[],"product_brand":[],"product_cat":[1067,883,876,1033,1058,913,933],"product_tag":[1069],"class_list":{"0":"post-279336","1":"product","2":"type-product","3":"status-publish","4":"has-post-thumbnail","6":"product_cat-bauder-sk","7":"product_cat-dachy-plaskie-i-zielone-sk","8":"product_cat-hydroizolacja-sk","9":"product_cat-materialy-uzupelniajace-akcesoria-hydroizolacja-balkonu-i-tarasu-sk","10":"product_cat-materialy-uzupelniajace-akcesoria-dachy-plaskie-i-zielone-sk","11":"product_cat-z-tworzyw-sztucznych-sk","12":"product_cat-prace-zewnetrzne-dachy-i-elewacje-sk","13":"product_tag-bauder-sk","14":"product_shipping_class-latwa-wysylka-sk","16":"first","17":"onbackorder","18":"taxable","19":"shipping-taxable","20":"purchasable","21":"product-type-simple"},"_links":{"self":[{"href":"https:\/\/www.sanier.pl\/sk\/wp-json\/wp\/v2\/product\/279336","targetHints":{"allow":["GET"]}}],"collection":[{"href":"https:\/\/www.sanier.pl\/sk\/wp-json\/wp\/v2\/product"}],"about":[{"href":"https:\/\/www.sanier.pl\/sk\/wp-json\/wp\/v2\/types\/product"}],"replies":[{"embeddable":true,"href":"https:\/\/www.sanier.pl\/sk\/wp-json\/wp\/v2\/comments?post=279336"}],"wp:featuredmedia":[{"embeddable":true,"href":"https:\/\/www.sanier.pl\/sk\/wp-json\/wp\/v2\/media\/269131"}],"wp:attachment":[{"href":"https:\/\/www.sanier.pl\/sk\/wp-json\/wp\/v2\/media?parent=279336"}],"wp:term":[{"taxonomy":"product_brand","embeddable":true,"href":"https:\/\/www.sanier.pl\/sk\/wp-json\/wp\/v2\/product_brand?post=279336"},{"taxonomy":"product_cat","embeddable":true,"href":"https:\/\/www.sanier.pl\/sk\/wp-json\/wp\/v2\/product_cat?post=279336"},{"taxonomy":"product_tag","embeddable":true,"href":"https:\/\/www.sanier.pl\/sk\/wp-json\/wp\/v2\/product_tag?post=279336"}],"curies":[{"name":"wp","href":"https:\/\/api.w.org\/{rel}","templated":true}]}}