{"id":279334,"date":"2020-05-19T14:02:27","date_gmt":"2020-05-19T14:02:27","guid":{"rendered":"https:\/\/www.sanier.pl\/produkt\/membrana-pvc-thermofol-u-15-bauder-kopia\/"},"modified":"2025-03-18T09:32:27","modified_gmt":"2025-03-18T09:32:27","slug":"membrana-pvc-thermofol-u-15-bauder-kopia","status":"publish","type":"product","link":"https:\/\/www.sanier.pl\/sk\/produkt\/membrana-pvc-thermofol-u-15-bauder-kopia\/","title":{"rendered":"PVC Membr\u00e1na THERMOFOL U 15"},"content":{"rendered":"<p>[vc_row][vc_column][vc_column_text]<img loading=\"lazy\" decoding=\"async\" class=\"aligncenter wp-image-256123 size-medium\" src=\"https:\/\/www.sanier.pl\/wp-content\/uploads\/2020\/05\/810CF_BauderLogo_103-300x100.jpg\" alt=\"\" width=\"300\" height=\"100\" srcset=\"https:\/\/www.sanier.pl\/wp-content\/uploads\/2020\/05\/810CF_BauderLogo_103-300x100.jpg 300w, https:\/\/www.sanier.pl\/wp-content\/uploads\/2020\/05\/810CF_BauderLogo_103-800x267.jpg 800w, https:\/\/www.sanier.pl\/wp-content\/uploads\/2020\/05\/810CF_BauderLogo_103-1024x342.jpg 1024w, https:\/\/www.sanier.pl\/wp-content\/uploads\/2020\/05\/810CF_BauderLogo_103-768x257.jpg 768w, https:\/\/www.sanier.pl\/wp-content\/uploads\/2020\/05\/810CF_BauderLogo_103-1536x513.jpg 1536w, https:\/\/www.sanier.pl\/wp-content\/uploads\/2020\/05\/810CF_BauderLogo_103-848x283.jpg 848w, https:\/\/www.sanier.pl\/wp-content\/uploads\/2020\/05\/810CF_BauderLogo_103-1140x381.jpg 1140w, https:\/\/www.sanier.pl\/wp-content\/uploads\/2020\/05\/810CF_BauderLogo_103-1170x391.jpg 1170w, https:\/\/www.sanier.pl\/wp-content\/uploads\/2020\/05\/810CF_BauderLogo_103-1920x642.jpg 1920w, https:\/\/www.sanier.pl\/wp-content\/uploads\/2020\/05\/810CF_BauderLogo_103-700x234.jpg 700w, https:\/\/www.sanier.pl\/wp-content\/uploads\/2020\/05\/810CF_BauderLogo_103.jpg 1945w\" sizes=\"auto, (max-width:767px) 300px, 300px\" \/><\/p>\n<p>&nbsp;<\/p>\n<h2 data-start=\"0\" data-end=\"27\">PVC Membr\u00e1na THERMOFOL U 15<\/h2>\n<h4 data-start=\"29\" data-end=\"101\">P\u0158ED N\u00c1KUPEM ZAVOLEJTE NA \u010c\u00cdSLO 697691472 A ZEPT\u00c1TE SE NA DOSTUPNOST !!!<\/h4>\n<p>[\/vc_column_text][vc_column_text][\/vc_column_text][vc_column_text]<\/p>\n<p data-start=\"117\" data-end=\"436\">PVC Membr\u00e1na THERMOFOL U je univerz\u00e1lna stre\u0161n\u00e1 f\u00f3lia z plastov, ktor\u00e1 je dostupn\u00e1 v hr\u00fabkach od 1,5 do 2,0 mm. Materi\u00e1l je vystu\u017een\u00fd syntetick\u00fdmi vl\u00e1knami. Membr\u00e1na je odoln\u00e1 vo\u010di prieniku kore\u0148ov v s\u00falade s predpismi FLL a vo\u010di p\u00f4sobeniu mikroorganizmov. Membr\u00e1na je ur\u010den\u00e1 na kladenie vo\u013ene, mechanick\u00fa mont\u00e1\u017e, ako aj pod balast.<\/p>\n<p data-start=\"438\" data-end=\"748\">Syst\u00e9m so zintegrovanou oddelovacou vrstvou, ktor\u00fa tvor\u00ed \u0161peci\u00e1lna text\u00edlia na spodnej strane. Materi\u00e1l je ide\u00e1lny na renov\u00e1ciu star\u00fdch kryt\u00edn, ako bit\u00famenov\u00fdch, tak aj z plastov. Mont\u00e1\u017e prebieha met\u00f3dou lepenia na z\u00e1klade individu\u00e1lne spracovan\u00e9ho odpor\u00fa\u010dania. Okraj bez text\u00edlie je ur\u010den\u00fd na vykonanie zvaru.<\/p>\n<h4 data-start=\"750\" data-end=\"765\"><strong data-start=\"750\" data-end=\"765\">Vlastnosti:<\/strong><\/h4>\n<ul data-start=\"767\" data-end=\"917\">\n<li data-start=\"767\" data-end=\"796\">\u00fa\u010dinn\u00e1 ochrana proti vode<\/li>\n<li data-start=\"797\" data-end=\"807\">odoln\u00e1<\/li>\n<li data-start=\"808\" data-end=\"842\">ochrana proti sacej sile vetra<\/li>\n<li data-start=\"843\" data-end=\"875\">odoln\u00e1 vo\u010di prieniku kore\u0148ov<\/li>\n<li data-start=\"876\" data-end=\"917\">odoln\u00e1 vo\u010di p\u00f4sobeniu mikroorganizmov<\/li>\n<\/ul>\n<h4 data-start=\"919\" data-end=\"932\"><strong data-start=\"919\" data-end=\"932\">Pou\u017eitie:<\/strong><\/h4>\n<ul data-start=\"934\" data-end=\"993\">\n<li data-start=\"934\" data-end=\"945\">strechy<\/li>\n<li data-start=\"946\" data-end=\"956\">terasy<\/li>\n<li data-start=\"957\" data-end=\"968\">balk\u00f3ny<\/li>\n<li data-start=\"969\" data-end=\"979\">alt\u00e1ny<\/li>\n<li data-start=\"980\" data-end=\"993\">renov\u00e1cie<\/li>\n<\/ul>\n<p data-start=\"995\" data-end=\"1034\"><a href=\"https:\/\/www.bauder.pl\/fileadmin\/bauder.pl\/daten\/Dachy_plaskie\/Karty_produktow\/Folie_dachowe\/BauderTHERMOFOL_U_15_jasnoszary_Karta_produktu_61150000_0318PL.pdf\" target=\"_blank\" rel=\"noopener\"><strong data-start=\"995\" data-end=\"1032\">Karta produktu Bauder THERMOFOL U<\/strong><\/a><b><\/b><\/p>\n<p>[\/vc_column_text][\/vc_column][\/vc_row]<\/p>\n","protected":false},"excerpt":{"rendered":"<div class=\"flex max-w-full flex-col flex-grow\">\n<div class=\"min-h-8 text-message relative flex w-full flex-col items-end gap-2 whitespace-normal break-words text-start [.text-message+&amp;]:mt-5\" dir=\"auto\" data-message-author-role=\"assistant\" data-message-id=\"56491941-c6fd-457b-a756-e9691efebfa7\" data-message-model-slug=\"gpt-4o-mini\">\n<div class=\"flex w-full flex-col gap-1 empty:hidden first:pt-[3px]\">\n<p data-start=\"0\" data-end=\"167\" data-is-last-node=\"\" data-is-only-node=\"\">Univerz\u00e1lna stre\u0161n\u00e1 f\u00f3lia z plastov<strong data-start=\"0\" data-end=\"39\" data-is-only-node=\"\">. <\/strong>Hydroizol\u00e1cia z f\u00f3lie Bauder THERMOFOL U chr\u00e1ni pred vodou a umo\u017e\u0148uje spo\u013eahliv\u00fa mont\u00e1\u017e v nov\u00fdch stavb\u00e1ch aj pri renov\u00e1ci\u00e1ch.<\/p>\n<\/div>\n<\/div>\n<\/div>\n<div class=\"mb-2 flex gap-3 -ml-2\" tabindex=\"0\">\n<div class=\"flex items-center justify-start rounded-xl p-1\">\n<div class=\"flex items-center\"><\/div>\n<\/div>\n<\/div>\n","protected":false},"featured_media":269128,"comment_status":"open","ping_status":"closed","template":"","meta":{"_acf_changed":false},"product_brand":[],"product_cat":[1067,923,876,882,913,1068,933],"product_tag":[1069,890,937],"class_list":{"0":"post-279334","1":"product","2":"type-product","3":"status-publish","4":"has-post-thumbnail","6":"product_cat-bauder-sk","7":"product_cat-bestseller-sk","8":"product_cat-hydroizolacja-sk","9":"product_cat-hydroizolacje-rolowe-sk","10":"product_cat-z-tworzyw-sztucznych-sk","11":"product_cat-membrany-pcv-sk","12":"product_cat-prace-zewnetrzne-dachy-i-elewacje-sk","13":"product_tag-bauder-sk","14":"product_tag-hydroizolacja-sk","15":"product_tag-hydroziolacje-sk","16":"product_shipping_class-trudna-wysylka-sk","18":"first","19":"instock","20":"taxable","21":"shipping-taxable","22":"purchasable","23":"product-type-simple"},"acf":[],"_links":{"self":[{"href":"https:\/\/www.sanier.pl\/sk\/wp-json\/wp\/v2\/product\/279334","targetHints":{"allow":["GET"]}}],"collection":[{"href":"https:\/\/www.sanier.pl\/sk\/wp-json\/wp\/v2\/product"}],"about":[{"href":"https:\/\/www.sanier.pl\/sk\/wp-json\/wp\/v2\/types\/product"}],"replies":[{"embeddable":true,"href":"https:\/\/www.sanier.pl\/sk\/wp-json\/wp\/v2\/comments?post=279334"}],"wp:featuredmedia":[{"embeddable":true,"href":"https:\/\/www.sanier.pl\/sk\/wp-json\/wp\/v2\/media\/269128"}],"wp:attachment":[{"href":"https:\/\/www.sanier.pl\/sk\/wp-json\/wp\/v2\/media?parent=279334"}],"wp:term":[{"taxonomy":"product_brand","embeddable":true,"href":"https:\/\/www.sanier.pl\/sk\/wp-json\/wp\/v2\/product_brand?post=279334"},{"taxonomy":"product_cat","embeddable":true,"href":"https:\/\/www.sanier.pl\/sk\/wp-json\/wp\/v2\/product_cat?post=279334"},{"taxonomy":"product_tag","embeddable":true,"href":"https:\/\/www.sanier.pl\/sk\/wp-json\/wp\/v2\/product_tag?post=279334"}],"curies":[{"name":"wp","href":"https:\/\/api.w.org\/{rel}","templated":true}]}}