{"id":279324,"date":"2020-10-07T07:35:05","date_gmt":"2020-10-07T07:35:05","guid":{"rendered":"https:\/\/www.sanier.pl\/produkt\/bostik-p795-sealnflex-premium\/"},"modified":"2025-03-17T14:42:15","modified_gmt":"2025-03-17T14:42:15","slug":"bostik-p795-sealnflex-premium","status":"publish","type":"product","link":"https:\/\/www.sanier.pl\/sk\/produkt\/bostik-p795-sealnflex-premium\/","title":{"rendered":"Bostik P795 SEAL\u2019N\u2019FLEX PREMIUM"},"content":{"rendered":"<p>[vc_row][vc_column][vc_column_text]<img loading=\"lazy\" decoding=\"async\" class=\"size-full wp-image-3280 aligncenter\" src=\"https:\/\/sanier.pl\/wp-content\/uploads\/2017\/03\/bostik-logo-e1490989222630.jpg\" alt=\"bostik logo\" width=\"300\" height=\"111\" \/><\/p>\n<h1><span class=\"fontstyle2\">Bostik P795 SEAL\u2019N\u2019FLEX PREMIUM<\/span><\/h1>\n<p><span class=\"fontstyle0\">\u00a0<\/span><\/p>\n<div class=\"flex flex-grow flex-col gap-3\">\n<div class=\"min-h-[20px] flex flex-col items-start gap-4 whitespace-pre-wrap\">\n<div class=\"markdown prose w-full break-words dark:prose-invert light\"><\/div>\n<\/div>\n<\/div>\n<p data-start=\"33\" data-end=\"464\"><strong>Bostik P795 SEAL\u2019N\u2019FLEX PREMIUM<\/strong> je jednoslo\u017ekov\u00fd, vysoko modulovan\u00fd polyuret\u00e1nov\u00fd tmel na ut\u011bsn\u011bn\u00ed, kter\u00fd je vysoce elastick\u00fd. Produkt se vyzna\u010duje absenc\u00ed rizika tvorby bublin a vypouklosti sp\u00e1ry, i v vlhk\u00fdch podm\u00ednk\u00e1ch. Tmel tvrdne chemickou reakc\u00ed s vodn\u00ed p\u00e1rou a vykazuje velmi dobrou p\u0159ilnavost k v\u011bt\u0161in\u011b stavebn\u00edch materi\u00e1l\u016f. Po vytvrzen\u00ed vykazuje vysokou odolnost v\u016f\u010di prom\u011bnliv\u00fdm pov\u011btrnostn\u00edm podm\u00ednk\u00e1m a chemick\u00fdm l\u00e1tk\u00e1m.<\/p>\n<p data-start=\"466\" data-end=\"923\">Je ur\u010den k pou\u017eit\u00ed ve spoj\u00edch konstruk\u010dn\u00edch, fas\u00e1dov\u00fdch, podlahov\u00fdch a pr\u016fmyslov\u00fdch. M\u016f\u017ee b\u00fdt pou\u017eit k ut\u011bsn\u011bn\u00ed dilata\u010dn\u00edch sp\u00e1r fas\u00e1dn\u00edch a podlahov\u00fdch, pohybliv\u00fdch spoj\u016f v budov\u00e1ch, ut\u011bsn\u011bn\u00ed st\u0159e\u0161n\u00edch spoj\u016f a spoj\u016f okno\/dve\u0159e-zdivo. Tento tmel je tak\u00e9 vhodn\u00fd pro elastick\u00e9 ut\u011bsn\u011bn\u00ed ocelov\u00fdch konstrukc\u00ed, rohov\u00fdch keramick\u00fdch dla\u017edic na teras\u00e1ch a balkonech a pro automobilov\u00fd pr\u016fmysl, nap\u0159\u00edklad pro ut\u011bsn\u011bn\u00ed sva\u0159ovan\u00fdch nebo sva\u0159en\u00fdch spoj\u016f kovov\u00fdch d\u00edl\u016f.<\/p>\n<p data-start=\"925\" data-end=\"1352\">Vykazuje velmi dobrou p\u0159ilnavost k v\u011bt\u0161in\u011b stavebn\u00edch materi\u00e1l\u016f bez p\u0159ed\u00fapravy, jako je beton, om\u00edtky, lit\u00ed, stavebn\u00ed keramika, lakovan\u00e9 nebo impregnovan\u00e9 d\u0159evo, emailem pokryt\u00e1 ocel, nerezov\u00e1 ocel, hlin\u00edk, glazura, terakota, PVC a podobn\u00e9 plastov\u00e9 materi\u00e1ly. Stru\u010dn\u011b \u0159e\u010deno, SEAL\u2019N\u2019FLEX PREMIUM P795 je velmi univerz\u00e1ln\u00ed a vysoce elastick\u00fd tmel, kter\u00fd lze pou\u017e\u00edt v r\u016fzn\u00fdch stavebn\u00edch, pr\u016fmyslov\u00fdch a automobilov\u00fdch aplikac\u00edch.<\/p>\n<h4 data-start=\"1354\" data-end=\"1394\">Pou\u017eit\u00ed Bostik P795 SEAL\u2019N\u2019FLEX PREMIUM:<\/h4>\n<ul data-start=\"1396\" data-end=\"1899\">\n<li data-start=\"1396\" data-end=\"1524\">Fas\u00e1dn\u00ed a podlahov\u00e9 dilata\u010dn\u00ed sp\u00e1ry (chodn\u00edky, skladov\u00e9 podlahy, rampy, manipula\u010dn\u00ed plochy, parkovi\u0161t\u011b, silni\u010dn\u00ed provoz apod.)<\/li>\n<li data-start=\"1525\" data-end=\"1616\">Vnit\u0159n\u00ed a vn\u011bj\u0161\u00ed pohybliv\u00e9 sp\u00e1ry ve stavebnictv\u00ed (betonov\u00e9, cihlov\u00e9, kovov\u00e9 fas\u00e1dy apod.)<\/li>\n<li data-start=\"1617\" data-end=\"1643\">Ut\u011bsn\u011bn\u00ed st\u0159e\u0161n\u00edch spoj\u016f<\/li>\n<li data-start=\"1644\" data-end=\"1706\">Ut\u011bsn\u011bn\u00ed spoj\u016f okno\/dve\u0159e-zdivo (d\u0159ev\u011bn\u00e1, kovov\u00e1 a PVC okna)<\/li>\n<li data-start=\"1707\" data-end=\"1822\">Elastick\u00e9 ut\u011bsn\u011bn\u00ed ocelov\u00fdch konstrukc\u00ed (haly, sklady, p\u0159\u00edst\u0159e\u0161ky, sila, kontejnery, n\u00e1dr\u017ee a podobn\u00e9 konstrukce)<\/li>\n<li data-start=\"1823\" data-end=\"1876\">Ut\u011bsn\u011bn\u00ed roh\u016f keramick\u00fdch dla\u017edic (terasy, balkony)<\/li>\n<li data-start=\"1877\" data-end=\"1899\">Automobilov\u00fd pr\u016fmysl<\/li>\n<\/ul>\n<h4 data-start=\"1901\" data-end=\"1914\">DRUHY POVRCH\u016e<\/h4>\n<p data-start=\"1916\" data-end=\"1991\">Velmi dobr\u00e1 p\u0159ilnavost k v\u011bt\u0161in\u011b stavebn\u00edch materi\u00e1l\u016f bez p\u0159ed\u00fapravy, nap\u0159.<\/p>\n<ul data-start=\"1993\" data-end=\"2171\">\n<li data-start=\"1993\" data-end=\"2171\">Beton, om\u00edtky, lit\u00ed, stavebn\u00ed keramika, lakovan\u00e9 nebo impregnovan\u00e9 d\u0159evo, emailem pokryt\u00e1 ocel, nerezov\u00e1 ocel, hlin\u00edk, glazura, terakota, gres, PVC a podobn\u00e9 plastov\u00e9 materi\u00e1ly<\/li>\n<\/ul>\n<h4 data-start=\"2173\" data-end=\"2179\">Balen\u00ed<\/h4>\n<ul data-start=\"2181\" data-end=\"2210\" data-is-last-node=\"\" data-is-only-node=\"\">\n<li data-start=\"2181\" data-end=\"2196\">Kartus 300 ml<\/li>\n<li data-start=\"2197\" data-end=\"2210\" data-is-last-node=\"\">K\u0161\u00edk 600 ml<\/li>\n<\/ul>\n<p>[\/vc_column_text][\/vc_column][\/vc_row][vc_row][vc_column][vc_video link=\"https:\/\/www.youtube.com\/watch?v=n1CXjQXYMTQ\" title=\"BOSTIK P795 PREMIUM 600ML SZARY\"][\/vc_column][\/vc_row]<\/p>\n","protected":false},"excerpt":{"rendered":"<div class=\"flex max-w-full flex-col flex-grow\">\n<div class=\"min-h-8 text-message relative flex w-full flex-col items-end gap-2 whitespace-normal break-words text-start [.text-message+&amp;]:mt-5\" dir=\"auto\" data-message-author-role=\"assistant\" data-message-id=\"7375ad3d-72a6-4daa-b1a2-662f7cb803af\" data-message-model-slug=\"gpt-4o-mini\">\n<div class=\"flex w-full flex-col gap-1 empty:hidden first:pt-[3px]\">\n<p data-start=\"0\" data-end=\"155\" data-is-last-node=\"\" data-is-only-node=\"\"><strong>Bostik P795 SEAL\u2019N\u2019FLEX PREMIUM<\/strong> \u2013 jednokomponentn\u00ed vysoko modul\u00e1rn\u00ed polyuretanov\u00fd tmel pro dilata\u010dn\u00ed sp\u00e1ry podlah, fas\u00e1d a ut\u011bsn\u011bn\u00ed prefabrikovan\u00fdch prvk\u016f.<\/p>\n<\/div>\n<\/div>\n<\/div>\n<div class=\"mb-2 flex gap-3 -ml-2\" tabindex=\"0\">\n<div class=\"flex items-center justify-start rounded-xl p-1\">\n<div class=\"flex items-center\"><\/div>\n<\/div>\n<\/div>\n","protected":false},"featured_media":269362,"comment_status":"open","ping_status":"closed","template":"","meta":[],"product_brand":[],"product_cat":[878,881,885,1035,1033,884,1045,911,954,916],"product_tag":[888],"class_list":{"0":"post-279324","1":"product","2":"type-product","3":"status-publish","4":"has-post-thumbnail","6":"product_cat-bostik-sk","7":"product_cat-hydroizolacja-balkonu-i-tarasu-sk","8":"product_cat-hydroizolacje-lazienek-i-pomieszczen-mokrych-sk","9":"product_cat-kleje-fugi-silikony-sk","10":"product_cat-materialy-uzupelniajace-akcesoria-hydroizolacja-balkonu-i-tarasu-sk","11":"product_cat-materialy-wykonczeniowe-sk","12":"product_cat-producenci-sk","13":"product_cat-promowane-sk","14":"product_cat-przejscia-instalacyjne-sk","15":"product_cat-uszczelnienie-budynku-od-wewnatrz-sk","16":"product_tag-bostik-sk","18":"first","19":"instock","20":"taxable","21":"shipping-taxable","22":"purchasable","23":"product-type-variable"},"_links":{"self":[{"href":"https:\/\/www.sanier.pl\/sk\/wp-json\/wp\/v2\/product\/279324","targetHints":{"allow":["GET"]}}],"collection":[{"href":"https:\/\/www.sanier.pl\/sk\/wp-json\/wp\/v2\/product"}],"about":[{"href":"https:\/\/www.sanier.pl\/sk\/wp-json\/wp\/v2\/types\/product"}],"replies":[{"embeddable":true,"href":"https:\/\/www.sanier.pl\/sk\/wp-json\/wp\/v2\/comments?post=279324"}],"wp:featuredmedia":[{"embeddable":true,"href":"https:\/\/www.sanier.pl\/sk\/wp-json\/wp\/v2\/media\/269362"}],"wp:attachment":[{"href":"https:\/\/www.sanier.pl\/sk\/wp-json\/wp\/v2\/media?parent=279324"}],"wp:term":[{"taxonomy":"product_brand","embeddable":true,"href":"https:\/\/www.sanier.pl\/sk\/wp-json\/wp\/v2\/product_brand?post=279324"},{"taxonomy":"product_cat","embeddable":true,"href":"https:\/\/www.sanier.pl\/sk\/wp-json\/wp\/v2\/product_cat?post=279324"},{"taxonomy":"product_tag","embeddable":true,"href":"https:\/\/www.sanier.pl\/sk\/wp-json\/wp\/v2\/product_tag?post=279324"}],"curies":[{"name":"wp","href":"https:\/\/api.w.org\/{rel}","templated":true}]}}