{"id":279322,"date":"2020-10-23T07:29:14","date_gmt":"2020-10-23T07:29:14","guid":{"rendered":"https:\/\/www.sanier.pl\/produkt\/bostik-a325-universal-acrylic\/"},"modified":"2025-03-17T14:33:25","modified_gmt":"2025-03-17T14:33:25","slug":"bostik-a325-universal-acrylic","status":"publish","type":"product","link":"https:\/\/www.sanier.pl\/sk\/produkt\/bostik-a325-universal-acrylic\/","title":{"rendered":"A325\u00a0\u00a0AKRYL\u00c1T UNIVERZ\u00c1L - BOSTIK"},"content":{"rendered":"<p>[vc_row][vc_column][vc_column_text]<img loading=\"lazy\" decoding=\"async\" class=\"size-full wp-image-3280 aligncenter\" src=\"https:\/\/sanier.pl\/wp-content\/uploads\/2017\/03\/bostik-logo-e1490989222630.jpg\" alt=\"bostik logo\" width=\"300\" height=\"111\" \/><\/p>\n<h2><\/h2>\n<h2><strong><span style=\"color: #ffcc00;\">A325<\/span>\u00a0\u00a0<\/strong><span class=\"HwtZe\" lang=\"sk\"><span class=\"jCAhz ChMk0b\"><span class=\"ryNqvb\">AKRYL\u00c1T UNIVERZ\u00c1L<\/span><\/span><\/span><\/h2>\n<p>&nbsp;<\/p>\n<p data-start=\"24\" data-end=\"508\"><strong>A325<\/strong> od Bostik je akrylov\u00e9 tesnenie. Po vyschnut\u00ed ho mo\u017eno natiera\u0165 vodn\u00fdmi a syntetick\u00fdmi farbami. Produkt je ur\u010den\u00fd na vyplnenie \u0161k\u00e1r, sp\u00e1r, praskl\u00edn, trhl\u00edn a podobn\u00fdch spojov (s n\u00edzkou pohyblivos\u0165ou) na sten\u00e1ch a stropoch (bet\u00f3n, omietky, sadra, hladk\u00e9 povrchy, drevo). Pomocou tohto tesnenia sa uzavr\u00fa rohy a spoje v kon\u0161trukcii z sadrokart\u00f3nu, oblo\u017ekov\u00e9 li\u0161ty, zavesen\u00e9 stropy, parapety, vstavan\u00e9 skrine, schodiskov\u00e9 kon\u0161trukcie, okenn\u00e9 a dvern\u00e9 r\u00e1my, podstavce, li\u0161ty a kazety.<\/p>\n<p data-start=\"510\" data-end=\"621\">Trvalo plastick\u00e1 hmota. Vyzna\u010duje sa dobrou pri\u013enavos\u0165ou aj k vlhk\u00fdm podkladom. Vynikaj\u00face pracovn\u00e9 vlastnosti.<\/p>\n<p><span class=\"fontstyle2\">\u00a0<\/span><\/p>\n<p>&nbsp;<\/p>\n<h3><strong><span class=\"fontstyle2\"><span class=\"fontstyle0\"><span class=\"HwtZe\" lang=\"sk\"><span class=\"jCAhz ChMk0b\"><span class=\"ryNqvb\">Charakteristika<\/span><\/span><\/span> <span style=\"color: #ffcc00;\"><span style=\"color: #000000;\">A325<\/span>\u00a0<\/span><\/span><\/span><\/strong><\/h3>\n<p>&nbsp;<\/p>\n<ul>\n<li data-start=\"640\" data-end=\"668\">Trvalo plastick\u00e1-elastick\u00e1<\/li>\n<li data-start=\"669\" data-end=\"735\">Po vyschnut\u00ed je mo\u017en\u00e9 ho natiera\u0165 vodn\u00fdmi a syntetick\u00fdmi farbami<\/li>\n<li data-start=\"736\" data-end=\"777\">Dovolen\u00e1 schopnos\u0165 deform\u00e1cie +\/- 7,5 %<\/li>\n<li data-start=\"778\" data-end=\"820\">Nesp\u00f4sobuje kor\u00f3ziu pri kontakte s kovmi<\/li>\n<li data-start=\"821\" data-end=\"868\">Odoln\u00fd vo\u010di prasklin\u00e1m a zmr\u0161\u0165ovac\u00edm trhlin\u00e1m<\/li>\n<li data-start=\"869\" data-end=\"910\">Vysok\u00e1 pri\u013enavos\u0165 aj k vlhk\u00fdm podkladom<\/li>\n<li data-start=\"911\" data-end=\"965\">\u013dahk\u00e9 profilovanie (ve\u013emi dobr\u00e9 pracovn\u00e9 vlastnosti)<\/li>\n<\/ul>\n<p>&nbsp;<\/p>\n<h3><strong><span class=\"fontstyle2\"><span class=\"fontstyle0\"><span class=\"HwtZe\" lang=\"sk\"><span class=\"jCAhz ChMk0b\"><span class=\"ryNqvb\">Aplik\u00e1cia<\/span><\/span><\/span>\u00a0A325<br \/>\n<\/span><\/span><\/strong><\/h3>\n<p>&nbsp;<\/p>\n<ul>\n<li data-start=\"991\" data-end=\"1119\">Vyplnenie \u0161k\u00e1r, sp\u00e1r, praskl\u00edn, trhl\u00edn a podobn\u00fdch spojov na sten\u00e1ch a stropoch (bet\u00f3n, omietky, sadra, hladk\u00e9 povrchy, drevo)<\/li>\n<li data-start=\"1120\" data-end=\"1315\" data-is-last-node=\"\">Tesnenie spojov v kon\u0161trukcii zo sadrokart\u00f3nu, oblo\u017ekov\u00fdch l\u00ed\u0161t, zavesen\u00fdch stropov, parapetov, vstavan\u00fdch skr\u00ed\u0148, schodiskov\u00fdch kon\u0161trukci\u00ed, okenn\u00fdch a dverov\u00fdch r\u00e1mov, podstavcov, li\u0161t, kaziet<\/li>\n<\/ul>\n<p>&nbsp;<\/p>\n<p>&nbsp;<\/p>\n<p>[\/vc_column_text][\/vc_column][\/vc_row][vc_row][vc_column][vc_column_text]<\/p>\n<p>&nbsp;<\/p>\n<h3><span class=\"HwtZe\" lang=\"sk\"><span class=\"jCAhz ChMk0b\"><span class=\"ryNqvb\">VLASTNOSTI<\/span><\/span><\/span>\u00a0A325:<\/h3>\n<p>[\/vc_column_text][vc_gallery type=\"image_grid\" images=\"256513,256528,256532,256534\" img_size=\"918x131\"][\/vc_column][\/vc_row][vc_row][vc_column][vc_column_text]<\/p>\n<p data-start=\"0\" data-end=\"24\"><a href=\"https:\/\/www.bostik.com\/global\/en\/bostik-academy\/video-technical-center\/decoration-and-paint\/?amp%5Bwchannelid%5D=pvooc4jnem&amp;amp%5Bwmediaid%5D=whcfs8wmtv&amp;amp%5Bwvideo%5D=whcfs8wmtv&amp;wchannelid=pvooc4jnem&amp;wmediaid=whcfs8wmtv\" target=\"_blank\" rel=\"noopener\"><strong data-start=\"0\" data-end=\"24\">A325 - Uk\u00e1\u017ekov\u00fd film<\/strong><\/a><\/p>\n<p data-start=\"26\" data-end=\"45\"><a href=\"https:\/\/www.bostik.com\/global\/en\/bostik-academy\/video-technical-center\/decoration-and-paint\/?wchannelid=pvooc4jnem\" target=\"_blank\" rel=\"noopener\"><strong data-start=\"26\" data-end=\"45\">PRODUKTY BOSTIK<\/strong><\/a><\/p>\n<p data-start=\"47\" data-end=\"59\" data-is-last-node=\"\" data-is-only-node=\"\"><strong data-start=\"47\" data-end=\"59\" data-is-last-node=\"\">Balenie:<\/strong><\/p>\n<p>280 ml [\/vc_column_text][\/vc_column][\/vc_row][vc_row][vc_column][vc_column_text]<\/p>\n<p>&nbsp;<\/p>\n<p>[\/vc_column_text][\/vc_column][\/vc_row][vc_row][vc_column][vc_video link=\"https:\/\/youtu.be\/WAHAJiiZmrk\"][\/vc_column][\/vc_row]<\/p>\n<p>&nbsp;<\/p>\n<h2 data-start=\"0\" data-end=\"28\"><strong data-start=\"0\" data-end=\"28\">DRUHY STAVEBN\u00ddCH AKRILOV<\/strong><\/h2>\n<h3 data-start=\"30\" data-end=\"51\"><strong data-start=\"30\" data-end=\"51\">Akryly na omietky<\/strong><\/h3>\n<p data-start=\"53\" data-end=\"158\">Ide\u00e1lny tesniaci materi\u00e1l pou\u017e\u00edvan\u00fd na tesnenie spojov medzi omietkou a r\u00f4znymi poterami alebo podlahami.<\/p>\n<p data-start=\"160\" data-end=\"300\">Maj\u00fa vysok\u00fd obsah plniva vo forme drobn\u00fdch kamienkov, \u010do sp\u00f4sobuje, \u017ee s\u00fa \u0165a\u017eko vidite\u013en\u00fdm doplnkom na mieste spojenia na omietnutej ploche.<\/p>\n<h3 data-start=\"307\" data-end=\"326\"><strong data-start=\"307\" data-end=\"326\">Mal\u00edrske akryly<\/strong><\/h3>\n<p data-start=\"328\" data-end=\"415\">Mal\u00edrske akryly sl\u00fa\u017eia na vyplnenie trhl\u00edn a praskl\u00edn na sten\u00e1ch ur\u010den\u00fdch na ma\u013eovanie.<\/p>\n<p data-start=\"417\" data-end=\"570\">V\u010faka svojim \u0161peci\u00e1lnym vlastnostiam nebud\u00fa na natieranej ploche vidite\u013en\u00e9 \u0161kvrny od farby, a po natrie\u0165\u00ed nie s\u00fa \u017eiadne stopy opravy na uzavretom mieste.<\/p>\n<h3 data-start=\"577\" data-end=\"594\"><strong data-start=\"577\" data-end=\"594\">R\u00fdchle akryly<\/strong><\/h3>\n<p data-start=\"596\" data-end=\"694\">R\u00fdchle akryly s\u00fa nov\u00e9 produkty pou\u017e\u00edvan\u00e9 v stavebnej ch\u00e9mii, ktor\u00e9 sa vyzna\u010duj\u00fa r\u00fdchlou \u010dinnos\u0165ou.<\/p>\n<p data-start=\"696\" data-end=\"831\">S\u00fa vhodn\u00e9 na ma\u013eovanie alebo gruntovanie po 20 min\u00fatach od nanesenia na uzavret\u00fa plochu, tie\u017e je mo\u017en\u00e9 ich br\u00fasi\u0165 po \u00faplnom vytvrdnut\u00ed.<\/p>\n<h3 data-start=\"838\" data-end=\"860\"><strong data-start=\"838\" data-end=\"860\">Ohnivzdorn\u00e9 akryly<\/strong><\/h3>\n<p data-start=\"862\" data-end=\"980\">Ohnivzdorn\u00e9 akryly s\u00fa vynikaj\u00face tesniace materi\u00e1ly na sp\u00e1janie r\u00f4znych druhov kon\u0161trukci\u00ed zo sadrokart\u00f3nov\u00fdch dosiek.<\/p>\n<p data-start=\"982\" data-end=\"1134\">S\u00fa zvl\u00e1\u0161\u0165 pou\u017e\u00edvan\u00e9 pri dokon\u010dovac\u00edch pr\u00e1cach podkrovia, najm\u00e4 ak je potrebn\u00e9 pou\u017ei\u0165 materi\u00e1ly so zv\u00fd\u0161enou oh\u0148ovzdornos\u0165ou a po\u017eiarne odoln\u00e9 vlastnosti.<\/p>\n<p data-start=\"1136\" data-end=\"1228\" data-is-last-node=\"\" data-is-only-node=\"\">Ohnivzdorn\u00e9 akryly dobre zn\u00e1\u0161aj\u00fa vysok\u00e9 teploty a maj\u00fa zv\u00fd\u0161en\u00fa odolnos\u0165 vo\u010di p\u00f4sobeniu oh\u0148a.<\/p>\n","protected":false},"excerpt":{"rendered":"<div class=\"flex max-w-full flex-col flex-grow\">\n<div class=\"min-h-8 text-message relative flex w-full flex-col items-end gap-2 whitespace-normal break-words text-start [.text-message+&amp;]:mt-5\" dir=\"auto\" data-message-author-role=\"assistant\" data-message-id=\"3edf15ae-56e3-4289-8ceb-9960444e2bd6\" data-message-model-slug=\"gpt-4o-mini\">\n<div class=\"flex w-full flex-col gap-1 empty:hidden first:pt-[3px]\">\n<p data-start=\"0\" data-end=\"176\" data-is-last-node=\"\" data-is-only-node=\"\"><strong>Bostik A325<\/strong> je univerz\u00e1lny akrylov\u00fd tmel na vypl\u0148ovanie \u0161p\u00e1r, spojov, praskl\u00edn a podobn\u00fdch spojen\u00ed. Po zaschnut\u00ed je mo\u017en\u00e9 ho natiera\u0165 vodou riedite\u013en\u00fdmi a syntetick\u00fdmi farbami.<\/p>\n<\/div>\n<\/div>\n<\/div>\n<div class=\"mb-2 flex gap-3 -ml-2\" tabindex=\"0\">\n<div class=\"flex items-center justify-start rounded-xl p-1\">\n<div class=\"flex items-center\"><\/div>\n<\/div>\n<\/div>\n","protected":false},"featured_media":270786,"comment_status":"open","ping_status":"closed","template":"","meta":{"_acf_changed":false},"product_brand":[],"product_cat":[878,876,881,885,1035,1033,884,913,1045,954,916],"product_tag":[888],"class_list":{"0":"post-279322","1":"product","2":"type-product","3":"status-publish","4":"has-post-thumbnail","6":"product_cat-bostik-sk","7":"product_cat-hydroizolacja-sk","8":"product_cat-hydroizolacja-balkonu-i-tarasu-sk","9":"product_cat-hydroizolacje-lazienek-i-pomieszczen-mokrych-sk","10":"product_cat-kleje-fugi-silikony-sk","11":"product_cat-materialy-uzupelniajace-akcesoria-hydroizolacja-balkonu-i-tarasu-sk","12":"product_cat-materialy-wykonczeniowe-sk","13":"product_cat-z-tworzyw-sztucznych-sk","14":"product_cat-producenci-sk","15":"product_cat-przejscia-instalacyjne-sk","16":"product_cat-uszczelnienie-budynku-od-wewnatrz-sk","17":"product_tag-bostik-sk","18":"product_shipping_class-latwa-wysylka-sk","20":"first","21":"onbackorder","22":"taxable","23":"shipping-taxable","24":"purchasable","25":"product-type-simple"},"acf":[],"_links":{"self":[{"href":"https:\/\/www.sanier.pl\/sk\/wp-json\/wp\/v2\/product\/279322","targetHints":{"allow":["GET"]}}],"collection":[{"href":"https:\/\/www.sanier.pl\/sk\/wp-json\/wp\/v2\/product"}],"about":[{"href":"https:\/\/www.sanier.pl\/sk\/wp-json\/wp\/v2\/types\/product"}],"replies":[{"embeddable":true,"href":"https:\/\/www.sanier.pl\/sk\/wp-json\/wp\/v2\/comments?post=279322"}],"wp:featuredmedia":[{"embeddable":true,"href":"https:\/\/www.sanier.pl\/sk\/wp-json\/wp\/v2\/media\/270786"}],"wp:attachment":[{"href":"https:\/\/www.sanier.pl\/sk\/wp-json\/wp\/v2\/media?parent=279322"}],"wp:term":[{"taxonomy":"product_brand","embeddable":true,"href":"https:\/\/www.sanier.pl\/sk\/wp-json\/wp\/v2\/product_brand?post=279322"},{"taxonomy":"product_cat","embeddable":true,"href":"https:\/\/www.sanier.pl\/sk\/wp-json\/wp\/v2\/product_cat?post=279322"},{"taxonomy":"product_tag","embeddable":true,"href":"https:\/\/www.sanier.pl\/sk\/wp-json\/wp\/v2\/product_tag?post=279322"}],"curies":[{"name":"wp","href":"https:\/\/api.w.org\/{rel}","templated":true}]}}