{"id":279313,"date":"2017-04-10T19:38:39","date_gmt":"2017-04-10T19:38:39","guid":{"rendered":"https:\/\/www.sanier.pl\/produkt\/bioflex\/"},"modified":"2025-03-17T14:20:48","modified_gmt":"2025-03-17T14:20:48","slug":"bioflex","status":"publish","type":"product","link":"https:\/\/www.sanier.pl\/sk\/produkt\/bioflex\/","title":{"rendered":"Bioflex | Kerakoll"},"content":{"rendered":"<p>[vc_row][vc_column][vc_column_text]<img loading=\"lazy\" decoding=\"async\" class=\"wp-image-3941 aligncenter\" src=\"https:\/\/sanier.pl\/wp-content\/uploads\/2017\/04\/kerakoll-logo.jpg\" alt=\"Stampa\" width=\"280\" height=\"110\" srcset=\"https:\/\/www.sanier.pl\/wp-content\/uploads\/2017\/04\/kerakoll-logo.jpg 800w, https:\/\/www.sanier.pl\/wp-content\/uploads\/2017\/04\/kerakoll-logo-700x276.jpg 700w, https:\/\/www.sanier.pl\/wp-content\/uploads\/2017\/04\/kerakoll-logo-300x118.jpg 300w, https:\/\/www.sanier.pl\/wp-content\/uploads\/2017\/04\/kerakoll-logo-768x302.jpg 768w\" sizes=\"auto, (max-width:767px) 280px, 280px\" \/><\/p>\n<h2><strong><a href=\"https:\/\/products.kerakoll.com\/pl-PL\/p\/bioflex\" target=\"_blank\" rel=\"noopener\">BIOFLEX KERAKOLL<\/a><\/strong><\/h2>\n<p data-start=\"0\" data-end=\"16\">\n<p data-start=\"18\" data-end=\"412\">Bioflex obsahuje exkluz\u00edvny miner\u00e1lny bentonit, ktor\u00fd pri kontakte s vodou sa men\u00ed na vysoko tiksotropn\u00fd g\u00e9l, ktor\u00fd udr\u017eiava tvar a hr\u00fabku vrstvy pod dla\u017edicou. Obsahuje miner\u00e1lny cement obohaten\u00fd o pr\u00edrodn\u00fd hydraulick\u00fd v\u00e1pno NHL, ktor\u00fd poskytuje v\u00e4\u010d\u0161iu plasticitu a \u013eah\u0161iu aplik\u00e1ciu. Bioflex je lepidlo s najni\u017e\u0161\u00edm obsahom chemick\u00fdch pr\u00edsad, nevy\u017earuje nebezpe\u010dn\u00e9 l\u00e1tky ani nepr\u00edjemn\u00e9 z\u00e1pachy.<\/p>\n<h4 data-start=\"414\" data-end=\"425\">Vlastnosti:<\/h4>\n<ul data-start=\"427\" data-end=\"779\">\n<li data-start=\"427\" data-end=\"465\">vhodn\u00e9 pre ve\u013ek\u00e9 form\u00e1ty a\u017e do 60 cm<\/li>\n<li data-start=\"466\" data-end=\"507\">vhodn\u00e9 pre podlahy s podlahov\u00fdm k\u00faren\u00edm<\/li>\n<li data-start=\"508\" data-end=\"535\">vodoodoln\u00e9 a mrazuvzdorn\u00e9<\/li>\n<li data-start=\"536\" data-end=\"558\">jednoduch\u00e1 aplik\u00e1cia<\/li>\n<li data-start=\"559\" data-end=\"590\">udr\u017eiava tvar a hr\u00fabku vrstvy<\/li>\n<li data-start=\"591\" data-end=\"610\">dlh\u00fd otvoren\u00fd \u010das<\/li>\n<li data-start=\"611\" data-end=\"639\">nulov\u00e9 vertik\u00e1lne stekanie<\/li>\n<li data-start=\"640\" data-end=\"669\">ve\u013emi dobr\u00e1 spracovate\u013enos\u0165<\/li>\n<li data-start=\"670\" data-end=\"701\">nevy\u017earuje nepr\u00edjemn\u00e9 z\u00e1pachy<\/li>\n<li data-start=\"702\" data-end=\"728\">pre tenk\u00e9 a hrub\u00e9 vrstvy<\/li>\n<li data-start=\"729\" data-end=\"749\">plastick\u00e9, neschne<\/li>\n<li data-start=\"750\" data-end=\"779\">nevy\u017earuje nebezpe\u010dn\u00e9 l\u00e1tky<\/li>\n<\/ul>\n<h4 data-start=\"781\" data-end=\"790\">Pou\u017eitie:<\/h4>\n<ul data-start=\"792\" data-end=\"931\">\n<li data-start=\"792\" data-end=\"808\">lepidlo a tmel<\/li>\n<li data-start=\"809\" data-end=\"826\">podlahy a steny<\/li>\n<li data-start=\"827\" data-end=\"847\">vo vn\u00fatri aj vonku<\/li>\n<li data-start=\"848\" data-end=\"866\">terasy a balk\u00f3ny<\/li>\n<li data-start=\"867\" data-end=\"906\">obytn\u00e9, obchodn\u00e9 a priemyseln\u00e9 stavby<\/li>\n<li data-start=\"907\" data-end=\"931\">mestsk\u00e1 infra\u0161trukt\u00fara<\/li>\n<\/ul>\n<h4 data-start=\"933\" data-end=\"943\">Materi\u00e1ly:<\/h4>\n<ul data-start=\"945\" data-end=\"1092\">\n<li data-start=\"945\" data-end=\"965\">keramick\u00e9 dla\u017edice<\/li>\n<li data-start=\"966\" data-end=\"984\">gres porcel\u00e1nov\u00fd<\/li>\n<li data-start=\"985\" data-end=\"995\">terakota<\/li>\n<li data-start=\"996\" data-end=\"1005\">klinker<\/li>\n<li data-start=\"1006\" data-end=\"1031\">mramor a pr\u00edrodn\u00fd kame\u0148<\/li>\n<li data-start=\"1032\" data-end=\"1056\">mozaiky v\u0161etk\u00fdch typov<\/li>\n<li data-start=\"1057\" data-end=\"1092\">izola\u010dn\u00e9 a zvukovoizola\u010dn\u00e9 panely<\/li>\n<\/ul>\n<h4 data-start=\"1094\" data-end=\"1103\">Spotreba:<\/h4>\n<ul data-start=\"1105\" data-end=\"1145\">\n<li data-start=\"1105\" data-end=\"1124\">\u0161ed\u00fd - 1,22 kg\/m\u00b2<\/li>\n<li data-start=\"1125\" data-end=\"1145\">biely - 1,24 kg\/m\u00b2<\/li>\n<\/ul>\n<h4 data-start=\"1147\" data-end=\"1154\">Trieda:<\/h4>\n<p data-start=\"1156\" data-end=\"1161\">C2 TE<\/p>\n<p data-start=\"1163\" data-end=\"1177\" data-is-last-node=\"\" data-is-only-node=\"\"><a href=\"https:\/\/sanier.pl\/wp-content\/uploads\/2017\/04\/00714-Bioflex-2014_PL.pdf\" target=\"_blank\" rel=\"noopener\">Technick\u00fd list<\/a>[\/vc_column_text][\/vc_column][\/vc_row][vc_row][vc_column][vc_column_text]<\/p>\n<h2><span class=\"HwtZe\" lang=\"sk\"><span class=\"jCAhz ChMk0b\"><span class=\"ryNqvb\">Cena pri k\u00fape palety (48ks) \u0160ED\u00c1<\/span><\/span><\/span><\/h2>\n<p>[\/vc_column_text][vc_column_text]<\/p>\n<p><strong><span class=\"HwtZe\" lang=\"sk\"><span class=\"jCAhz ChMk0b\"><span class=\"ryNqvb\">Chcete sa dozvedie\u0165 viac o hydroizol\u00e1cii?\u00a0<\/span><\/span><\/span><\/strong><\/p>\n<p><strong><span class=\"HwtZe\" lang=\"sk\"><span class=\"jCAhz\"><span class=\"ryNqvb\">Pre\u010d\u00edtajte si n\u00e1\u0161ho <a href=\"https:\/\/www.sanier.pl\/poradniki\/\">SPRIEVODCU<\/a>.<\/span><\/span><\/span> <\/strong><\/p>\n<p>[\/vc_column_text][\/vc_column][\/vc_row]<\/p>\n","protected":false},"excerpt":{"rendered":"<div class=\"flex max-w-full flex-col flex-grow\">\n<div class=\"min-h-8 text-message relative flex w-full flex-col items-end gap-2 whitespace-normal break-words text-start [.text-message+&amp;]:mt-5\" dir=\"auto\" data-message-author-role=\"assistant\" data-message-id=\"f446ec02-e753-455b-8073-856d1bc1dd61\" data-message-model-slug=\"gpt-4o-mini\">\n<div class=\"flex w-full flex-col gap-1 empty:hidden first:pt-[3px]\">\n<p data-start=\"0\" data-end=\"408\" data-is-last-node=\"\" data-is-only-node=\"\"><strong>Bioflex<\/strong> je elastick\u00e9 miner\u00e1lne lepidlo s vynikaj\u00facou pri\u013enavos\u0165ou. Lepidlo je vhodn\u00e9 pre v\u0161etky druhy keramick\u00fdch, bet\u00f3nov\u00fdch a pr\u00edrodn\u00fdch obkladov, vr\u00e1tane vysokokvalitn\u00e9ho gresu porcel\u00e1nov\u00e9ho. Charakterizuje sa nulov\u00fdm vertik\u00e1lnym stekan\u00edm a dlh\u00fdm otvoren\u00fdm \u010dasom, je navy\u0161e mrazuvzdorn\u00e9 a ekologicky kompatibiln\u00e9. Zachov\u00e1va tvar a rozmer nan\u00e1\u0161anej vrstvy lepidla, v\u010faka \u010domu je nan\u00e1\u0161anie dla\u017ed\u00edc pohodln\u00e9.<\/p>\n<\/div>\n<\/div>\n<\/div>\n<div class=\"mb-2 flex gap-3 -ml-2\" tabindex=\"0\">\n<div class=\"flex items-center justify-start rounded-xl p-1\">\n<div class=\"flex items-center\"><\/div>\n<\/div>\n<\/div>\n","protected":false},"featured_media":264934,"comment_status":"open","ping_status":"closed","template":"","meta":[],"product_brand":[],"product_cat":[1065,1035,884],"product_tag":[1066],"class_list":{"0":"post-279313","1":"product","2":"type-product","3":"status-publish","4":"has-post-thumbnail","6":"product_cat-kerakoll-sk","7":"product_cat-kleje-fugi-silikony-sk","8":"product_cat-materialy-wykonczeniowe-sk","9":"product_tag-kerakoll-sk","10":"product_shipping_class-latwa-wysylka-sk","12":"first","13":"instock","14":"taxable","15":"shipping-taxable","16":"purchasable","17":"product-type-variable"},"_links":{"self":[{"href":"https:\/\/www.sanier.pl\/sk\/wp-json\/wp\/v2\/product\/279313","targetHints":{"allow":["GET"]}}],"collection":[{"href":"https:\/\/www.sanier.pl\/sk\/wp-json\/wp\/v2\/product"}],"about":[{"href":"https:\/\/www.sanier.pl\/sk\/wp-json\/wp\/v2\/types\/product"}],"replies":[{"embeddable":true,"href":"https:\/\/www.sanier.pl\/sk\/wp-json\/wp\/v2\/comments?post=279313"}],"wp:featuredmedia":[{"embeddable":true,"href":"https:\/\/www.sanier.pl\/sk\/wp-json\/wp\/v2\/media\/264934"}],"wp:attachment":[{"href":"https:\/\/www.sanier.pl\/sk\/wp-json\/wp\/v2\/media?parent=279313"}],"wp:term":[{"taxonomy":"product_brand","embeddable":true,"href":"https:\/\/www.sanier.pl\/sk\/wp-json\/wp\/v2\/product_brand?post=279313"},{"taxonomy":"product_cat","embeddable":true,"href":"https:\/\/www.sanier.pl\/sk\/wp-json\/wp\/v2\/product_cat?post=279313"},{"taxonomy":"product_tag","embeddable":true,"href":"https:\/\/www.sanier.pl\/sk\/wp-json\/wp\/v2\/product_tag?post=279313"}],"curies":[{"name":"wp","href":"https:\/\/api.w.org\/{rel}","templated":true}]}}