{"id":279310,"date":"2017-04-11T06:11:49","date_gmt":"2017-04-11T06:11:49","guid":{"rendered":"https:\/\/www.sanier.pl\/produkt\/h40-gel\/"},"modified":"2025-03-17T13:24:05","modified_gmt":"2025-03-17T13:24:05","slug":"h40-gel","status":"publish","type":"product","link":"https:\/\/www.sanier.pl\/sk\/produkt\/h40-gel\/","title":{"rendered":"H40 Gel Kerakoll"},"content":{"rendered":"<p>[vc_row][vc_column][vc_column_text]<\/p>\n<h2><\/h2>\n<h2><a href=\"https:\/\/products.kerakoll.com\/pl-PL\/p\/h40-bez-limitow\" target=\"_blank\" rel=\"noopener\"><strong>KERAKOLL <\/strong><\/a><a href=\"https:\/\/products.kerakoll.com\/pl-PL\/p\/h40-bez-limitow\" target=\"_blank\" rel=\"noopener\"><strong>H40 Gel<\/strong><\/a><\/h2>\n<p data-start=\"22\" data-end=\"276\">Kerakoll H40 Gel je superelastick\u00e9, multifunk\u010dn\u00e9 g\u00e9lov\u00e9 lepidlo. Vhodn\u00e9 na lepenie v\u0161etk\u00fdch typov materi\u00e1lov na v\u0161etk\u00fdch druhoch podkladov, a to aj za extr\u00e9mnych podmienok. Ur\u010den\u00e9 na gres porcel\u00e1nov\u00fd, keramiku a pr\u00edrodn\u00e9 kamene v\u0161etk\u00fdch typov a form\u00e1tov.<\/p>\n<h3 data-start=\"278\" data-end=\"293\"><strong data-start=\"278\" data-end=\"293\">Vlastnosti:<\/strong><\/h3>\n<ul data-start=\"295\" data-end=\"857\">\n<li data-start=\"295\" data-end=\"403\"><strong data-start=\"297\" data-end=\"317\">Superelastickos\u0165<\/strong> \u2013 vysok\u00e1 pri\u013enavos\u0165 a schopnos\u0165 deform\u00e1cie, ide\u00e1lne na n\u00e1ro\u010dn\u00e9 a vykurovan\u00e9 podklady.<\/li>\n<li data-start=\"404\" data-end=\"499\"><strong data-start=\"406\" data-end=\"423\">Univerz\u00e1lnos\u0165<\/strong> \u2013 vhodn\u00e9 na v\u0161etky form\u00e1ty dla\u017ed\u00edc, vr\u00e1tane ve\u013ekoform\u00e1tov\u00fdch do 180x360 cm.<\/li>\n<li data-start=\"500\" data-end=\"587\"><strong data-start=\"502\" data-end=\"538\">Zmenite\u013en\u00e9 reologick\u00e9 vlastnosti<\/strong> \u2013 mo\u017enos\u0165 prisp\u00f4sobi\u0165 maltu aplika\u010dn\u00fdm potreb\u00e1m.<\/li>\n<li data-start=\"588\" data-end=\"663\"><strong data-start=\"590\" data-end=\"620\">Vynikaj\u00faca spracovate\u013enos\u0165<\/strong> \u2013 \u013eahk\u00e1 aplik\u00e1cia a kontrola pod stierkou.<\/li>\n<li data-start=\"664\" data-end=\"776\"><strong data-start=\"666\" data-end=\"689\">Ekologick\u00e9 zlo\u017eenie<\/strong> \u2013 viac ako 60 % miner\u00e1lov z miestnych zdrojov a n\u00edzka emisn\u00e1 hladina CO2 (\u2264 250 g\/kg).<\/li>\n<li data-start=\"777\" data-end=\"857\"><strong data-start=\"779\" data-end=\"805\">Ekologick\u00e9 certifik\u00e1ty<\/strong> \u2013 n\u00edzka emisn\u00e1 hladina VOC a pln\u00e1 recyklovate\u013enos\u0165.<\/li>\n<\/ul>\n<h3 data-start=\"859\" data-end=\"872\"><strong data-start=\"859\" data-end=\"872\">Pou\u017eitie:<\/strong><\/h3>\n<h4 data-start=\"874\" data-end=\"887\"><strong data-start=\"874\" data-end=\"887\">Podklady:<\/strong><\/h4>\n<ul data-start=\"888\" data-end=\"1149\">\n<li data-start=\"888\" data-end=\"941\">Keramick\u00e9 dla\u017edice (vr\u00e1tane \"dla\u017edica na dla\u017edicu\")<\/li>\n<li data-start=\"942\" data-end=\"997\">Cementov\u00e9 a anhydritov\u00e9 samonivela\u010dn\u00e9 poterov\u00e9 vrstvy<\/li>\n<li data-start=\"998\" data-end=\"1038\">Miner\u00e1lne hydroizol\u00e1cie a tekut\u00e9 f\u00f3lie<\/li>\n<li data-start=\"1039\" data-end=\"1072\">Podlahov\u00e9 a stenov\u00e9 vykurovanie<\/li>\n<li data-start=\"1073\" data-end=\"1149\">Bet\u00f3n, p\u00f3robet\u00f3n, drevo, OSB, kov, PVC, LVT* (*podrobnosti v dokument\u00e1cii)<\/li>\n<\/ul>\n<h4 data-start=\"1151\" data-end=\"1165\"><strong data-start=\"1151\" data-end=\"1165\">Materi\u00e1ly:<\/strong><\/h4>\n<ul data-start=\"1166\" data-end=\"1348\">\n<li data-start=\"1166\" data-end=\"1211\">Gres porcel\u00e1nov\u00fd, klinker, sklenen\u00e1 mozaika<\/li>\n<li data-start=\"1212\" data-end=\"1239\">Mramory a pr\u00edrodn\u00e9 kamene<\/li>\n<li data-start=\"1240\" data-end=\"1279\">Ve\u013ek\u00e9 form\u00e1ty dla\u017ed\u00edc (do 180x360 cm)<\/li>\n<li data-start=\"1280\" data-end=\"1348\">Kompozitn\u00e9 cementov\u00e9 materi\u00e1ly, termo-akustick\u00e9 izola\u010dn\u00e9 materi\u00e1ly<\/li>\n<\/ul>\n<h4 data-start=\"1350\" data-end=\"1362\"><strong data-start=\"1350\" data-end=\"1362\">Ur\u010denie:<\/strong><\/h4>\n<ul data-start=\"1363\" data-end=\"1509\">\n<li data-start=\"1363\" data-end=\"1399\">Steny a podlahy vo vn\u00fatri aj vonku<\/li>\n<li data-start=\"1400\" data-end=\"1442\">Terasy, balk\u00f3ny, fas\u00e1dy, baz\u00e9ny, font\u00e1ny<\/li>\n<li data-start=\"1443\" data-end=\"1484\">Sauny, spa, obytn\u00e9 a priemyseln\u00e9 stavby<\/li>\n<li data-start=\"1485\" data-end=\"1509\">Mestsk\u00e1 infra\u0161trukt\u00fara<\/li>\n<\/ul>\n<h4 data-start=\"1511\" data-end=\"1539\"><strong data-start=\"1511\" data-end=\"1528\">Klasifik\u00e1cia:<\/strong><br data-start=\"1528\" data-end=\"1531\" \/>C2 TE S1<\/h4>\n<h4 data-start=\"1541\" data-end=\"1556\"><strong data-start=\"1541\" data-end=\"1554\">Spotreba:<\/strong><\/h4>\n<ul data-start=\"1557\" data-end=\"1576\" data-is-last-node=\"\" data-is-only-node=\"\">\n<li data-start=\"1557\" data-end=\"1576\" data-is-last-node=\"\">\u0161ed\u00e1 \u2013 1,25 kg\/m\u00b2<\/li>\n<\/ul>\n<p><a href=\"https:\/\/products.kerakoll.com\/yep-repository\/kerakoll\/media\/H40_Gel_2024_PL.pdf\" target=\"_blank\" rel=\"noopener\"><span class=\"HwtZe\" lang=\"sk\"><span class=\"jCAhz ChMk0b\"><span class=\"ryNqvb\">Technick\u00fd list H 40<\/span><\/span><\/span><\/a>[\/vc_column_text][vc_raw_html]JTNDc3R5bGUlM0UlMEEua2Fsa3VsYXRvci1rbGVqdSUyMCU3QiUwQSUyMCUyMCUyMCUyMG1hcmdpbiUzQSUyMDIwcHglMjAwJTNCJTBBJTdEJTBBJTBBbGFiZWwlMjAlN0IlMEElMjAlMjAlMjAlMjBkaXNwbGF5JTNBJTIwYmxvY2slM0IlMEElMjAlMjAlMjAlMjBtYXJnaW4tYm90dG9tJTNBJTIwNXB4JTNCJTBBJTdEJTBBJTBBaW5wdXQlMjAlN0IlMEElMjAlMjAlMjAlMjB3aWR0aCUzQSUyMDEwMCUyNSUzQiUwQSUyMCUyMCUyMCUyMHBhZGRpbmclM0ElMjA1cHglM0IlMEElMjAlMjAlMjAlMjBtYXJnaW4tYm90dG9tJTNBJTIwMTBweCUzQiUwQSU3RCUwQSUwQWJ1dHRvbiUyMCU3QiUwQSUyMCUyMCUyMCUyMGJhY2tncm91bmQtY29sb3IlM0ElMjAlMjMwMDczYWElM0IlMEElMjAlMjAlMjAlMjBjb2xvciUzQSUyMCUyM2ZmZiUzQiUwQSUyMCUyMCUyMCUyMHBhZGRpbmclM0ElMjAxMHB4JTIwMjBweCUzQiUwQSUyMCUyMCUyMCUyMGJvcmRlciUzQSUyMG5vbmUlM0IlMEElMjAlMjAlMjAlMjBjdXJzb3IlM0ElMjBwb2ludGVyJTNCJTBBJTdEJTBBJTBBJTIzd3luaWslMjAlN0IlMEElMjAlMjAlMjAlMjBtYXJnaW4tdG9wJTNBJTIwMjBweCUzQiUwQSUyMCUyMCUyMCUyMGZvbnQtc2l6ZSUzQSUyMDE4cHglM0IlMEElMjAlMjAlMjAlMjBmb250LXdlaWdodCUzQSUyMGJvbGQlM0IlMEElN0QlMEElM0MlMkZzdHlsZSUzRSUwQSUwQSUzQ2RpdiUyMGNsYXNzJTNEJTIya2Fsa3VsYXRvci1rbGVqdSUyMiUzRSUwQSUyMCUyMCUyMCUyMCUzQ2xhYmVsJTIwZm9yJTNEJTIyd3lzb2tvc2NfcGx5dGtpJTIyJTNFV3lzb2tvJUM1JTlCJUM0JTg3JTIwcCVDNSU4Mnl0a2klMjAlMjh3JTIwY20lMjklM0ElM0MlMkZsYWJlbCUzRSUwQSUyMCUyMCUyMCUyMCUzQ2lucHV0JTIwdHlwZSUzRCUyMm51bWJlciUyMiUyMGlkJTNEJTIyd3lzb2tvc2NfcGx5dGtpJTIyJTIwc3RlcCUzRCUyMjAuMDElMjIlMjAlMkYlM0UlMEElMjAlMjAlMjAlMjAlM0NsYWJlbCUyMGZvciUzRCUyMnN6ZXJva29zY19wbHl0a2klMjIlM0VTemVyb2tvJUM1JTlCJUM0JTg3JTIwcCVDNSU4Mnl0a2klMjAlMjh3JTIwY20lMjklM0ElM0MlMkZsYWJlbCUzRSUwQSUyMCUyMCUyMCUyMCUzQ2lucHV0JTIwdHlwZSUzRCUyMm51bWJlciUyMiUyMGlkJTNEJTIyc3plcm9rb3NjX3BseXRraSUyMiUyMHN0ZXAlM0QlMjIwLjAxJTIyJTIwJTJGJTNFJTBBJTIwJTIwJTIwJTIwJTNDbGFiZWwlMjBmb3IlM0QlMjJwb3dpZXJ6Y2huaWFfc2NpYW55JTIyJTNFUG93aWVyemNobmlhJTIwJUM1JTlCY2lhbnklMjAlMjh3JTIwbTIlMjklM0ElM0MlMkZsYWJlbCUzRSUwQSUyMCUyMCUyMCUyMCUzQ2lucHV0JTIwdHlwZSUzRCUyMm51bWJlciUyMiUyMGlkJTNEJTIycG93aWVyemNobmlhX3NjaWFueSUyMiUyMHN0ZXAlM0QlMjIwLjAxJTIyJTIwJTJGJTNFJTBBJTIwJTIwJTIwJTIwJTNDYnV0dG9uJTIwaWQlM0QlMjJvYmxpY3pfYnRuJTIyJTNFT2JsaWN6JTNDJTJGYnV0dG9uJTNFJTBBJTIwJTIwJTIwJTIwJTNDZGl2JTIwaWQlM0QlMjJ3eW5payUyMiUzRSUzQyUyRmRpdiUzRSUwQSUzQyUyRmRpdiUzRSUwQSUwQSUzQ3NjcmlwdCUzRSUwQWRvY3VtZW50LmdldEVsZW1lbnRCeUlkJTI4JTI3b2JsaWN6X2J0biUyNyUyOS5hZGRFdmVudExpc3RlbmVyJTI4JTI3Y2xpY2slMjclMkMlMjBmdW5jdGlvbiUyOCUyOSUyMCU3QiUwQSUyMCUyMCUyMCUyMGNvbnN0JTIwd3lzb2tvc2NQbHl0a2klMjAlM0QlMjBwYXJzZUZsb2F0JTI4ZG9jdW1lbnQuZ2V0RWxlbWVudEJ5SWQlMjglMjd3eXNva29zY19wbHl0a2klMjclMjkudmFsdWUlMjklMjAlMkYlMjAxMDAlM0IlMEElMjAlMjAlMjAlMjBjb25zdCUyMHN6ZXJva29zY1BseXRraSUyMCUzRCUyMHBhcnNlRmxvYXQlMjhkb2N1bWVudC5nZXRFbGVtZW50QnlJZCUyOCUyN3N6ZXJva29zY19wbHl0a2klMjclMjkudmFsdWUlMjklMjAlMkYlMjAxMDAlM0IlMEElMjAlMjAlMjAlMjBjb25zdCUyMHBvd2llcnpjaG5pYVNjaWFueSUyMCUzRCUyMHBhcnNlRmxvYXQlMjhkb2N1bWVudC5nZXRFbGVtZW50QnlJZCUyOCUyN3Bvd2llcnpjaG5pYV9zY2lhbnklMjclMjkudmFsdWUlMjklM0IlMEElMEElMjAlMjAlMjAlMjBpZiUyMCUyOGlzTmFOJTI4d3lzb2tvc2NQbHl0a2klMjklMjAlN0MlN0MlMjBpc05hTiUyOHN6ZXJva29zY1BseXRraSUyOSUyMCU3QyU3QyUyMGlzTmFOJTI4cG93aWVyemNobmlhU2NpYW55JTI5JTI5JTIwJTdCJTBBJTIwJTIwJTIwJTIwJTIwJTIwJTIwJTIwZG9jdW1lbnQuZ2V0RWxlbWVudEJ5SWQlMjglMjd3eW5payUyNyUyOS5pbm5lclRleHQlMjAlM0QlMjAlMjdQb2Rhbm8lMjBuaWVwcmF3aWQlQzUlODJvd2UlMjB3YXJ0byVDNSU5QmNpLiUyNyUzQiUwQSUyMCUyMCUyMCUyMCUyMCUyMCUyMCUyMHJldHVybiUzQiUwQSUyMCUyMCUyMCUyMCU3RCUwQSUwQSUyMCUyMCUyMCUyMGxldCUyMHBvbGVQbHl0a2klMjAlM0QlMjB3eXNva29zY1BseXRraSUyMCUyQSUyMHN6ZXJva29zY1BseXRraSUzQiUwQSUyMCUyMCUyMCUyMGxldCUyMGlsb3NjS2xlanVOYU0yJTNCJTBBJTIwJTIwJTIwJTIwaWYlMjAlMjhwb2xlUGx5dGtpJTIwJTNFJTNEJTIwMC4wMDElMjAlMjYlMjYlMjBwb2xlUGx5dGtpJTIwJTNDJTNEJTIwMC4wMSUyOSUyMCU3QiUwQSUyMCUyMCUyMCUyMCUyMCUyMCUyMCUyMGlsb3NjS2xlanVOYU0yJTIwJTNEJTIwNSUzQiUwQSUyMCUyMCUyMCUyMCU3RCUyMGVsc2UlMjBpZiUyMCUyOHBvbGVQbHl0a2klMjAlM0UlM0QlMjAwLjAxMDAwMSUyMCUyNiUyNiUyMHBvbGVQbHl0a2klMjAlM0MlM0QlMjAwLjA5JTI5JTIwJTdCJTBBJTIwJTIwJTIwJTIwJTIwJTIwJTIwJTIwaWxvc2NLbGVqdU5hTTIlMjAlM0QlMjAxMCUzQiUwQSUyMCUyMCUyMCUyMCU3RCUyMGVsc2UlMjBpZiUyMCUyOHBvbGVQbHl0a2klMjAlM0UlM0QlMjAwLjA5MDAwMDElMjAlMjYlMjYlMjBwb2xlUGx5dGtpJTIwJTNDJTNEJTIwNCUyOSUyMCU3QiUwQSUyMCUyMCUyMCUyMCUyMCUyMCUyMCUyMGlsb3NjS2xlanVOYU0yJTIwJTNEJTIwMTUlM0IlMEElMjAlMjAlMjAlMjAlN0QlMjBlbHNlJTIwJTdCJTBBJTIwJTIwJTIwJTIwJTIwJTIwJTIwJTIwZG9jdW1lbnQuZ2V0RWxlbWVudEJ5SWQlMjglMjd3eW5payUyNyUyOS5pbm5lclRleHQlMjAlM0QlMjAlMjdQb2Rhbm8lMjBuaWVwcmF3aWQlQzUlODJvd2UlMjB3eW1pYXJ5JTIwcCVDNSU4Mnl0a2kuJTI3JTNCJTBBJTIwJTIwJTIwJTIwJTIwJTIwJTIwJTIwcmV0dXJuJTNCJTBBJTIwJTIwJTIwJTIwJTdEJTBBJTBBJTIwJTIwJTIwJTIwY29uc3QlMjBpbG9zY0tsZWp1JTIwJTNEJTIwaWxvc2NLbGVqdU5hTTIlMjAlMkElMjBwb3dpZXJ6Y2huaWFTY2lhbnklM0IlMEElMjAlMjAlMjAlMjBjb25zdCUyMGlsb3NjV29ya293S2xlanUlMjAlM0QlMjBpbG9zY0tsZWp1JTIwJTJGJTIwMjUlM0IlMjAlMkYlMkYlMjAxJTIwd29yZWslMjBtYSUyMDI1JTIwa2clMEElMEElMjAlMjAlMjAlMjBkb2N1bWVudC5nZXRFbGVtZW50QnlJZCUyOCUyN3d5bmlrJTI3JTI5LmlubmVyVGV4dCUyMCUzRCUyMCU2MFBvdHJ6ZWJ1amVzeiUyMCUyNCU3Qmlsb3NjV29ya293S2xlanUudG9GaXhlZCUyODIlMjklN0QlMjB3b3JrJUMzJUIzdyUyMGtsZWp1LiU2MCUzQiUwQSU3RCUyOSUzQiUwQSUzQyUyRnNjcmlwdCUzRQ==[\/vc_raw_html][\/vc_column][\/vc_row][vc_row][vc_column][vc_column_text]<\/p>\n<h2><span class=\"HwtZe\" lang=\"sk\"><span class=\"jCAhz ChMk0b\"><span class=\"ryNqvb\">Pri odbere v\u00e4\u010d\u0161ieho mno\u017estva n\u00e1s pros\u00edm kontaktujte: <\/span><\/span><\/span><a href=\"mailto:kontakt@sanier.pl\">kontakt@sanier.pl<\/a><\/h2>\n<p>[\/vc_column_text][vc_column_text]<\/p>\n<div class=\"wpb_text_column wpb_content_element \">\n<div class=\"wpb_wrapper\">\n<div class=\"wpb_text_column wpb_content_element \">\n<div class=\"wpb_wrapper\">\n<h5><span class=\"HwtZe\" lang=\"sk\"><span class=\"jCAhz ChMk0b\"><span class=\"ryNqvb\">Chcete sa dozvedie\u0165 viac o hydroizol\u00e1cii?\u00a0<\/span><\/span><\/span><\/h5>\n<h5><span class=\"HwtZe\" lang=\"sk\"><span class=\"jCAhz ChMk0b\"><span class=\"ryNqvb\">Pre\u010d\u00edtajte si n\u00e1\u0161ho <a href=\"https:\/\/www.sanier.pl\/poradniki\/\">SPRIEVODCU<\/a><\/span><\/span><\/span><\/h5>\n<\/div>\n<\/div>\n<\/div>\n<\/div>\n<p>[\/vc_column_text][\/vc_column][\/vc_row]<\/p>\n","protected":false},"excerpt":{"rendered":"<p><strong>Kerakoll H40 Gel<\/strong> je multifunk\u010dn\u00e9 lepidlo na dla\u017edice. Elastick\u00e1 g\u00e9lov\u00e1 formula na b\u00e1ze v\u00fdnimo\u010dn\u00e9ho geospojiva KERAKOLL. Lepidlo je ur\u010den\u00e9 na v\u0161etky typy materi\u00e1lov a na v\u0161etky druhy podkladov, vhodn\u00e9 aj na pou\u017eitie v extr\u00e9mnych podmienkach.<\/p>\n","protected":false},"featured_media":275822,"comment_status":"open","ping_status":"closed","template":"","meta":[],"product_brand":[],"product_cat":[1065,1035,884,911],"product_tag":[1066],"class_list":{"0":"post-279310","1":"product","2":"type-product","3":"status-publish","4":"has-post-thumbnail","6":"product_cat-kerakoll-sk","7":"product_cat-kleje-fugi-silikony-sk","8":"product_cat-materialy-wykonczeniowe-sk","9":"product_cat-promowane-sk","10":"product_tag-kerakoll-sk","11":"product_shipping_class-latwa-wysylka-sk","13":"first","14":"instock","15":"taxable","16":"shipping-taxable","17":"purchasable","18":"product-type-simple"},"_links":{"self":[{"href":"https:\/\/www.sanier.pl\/sk\/wp-json\/wp\/v2\/product\/279310","targetHints":{"allow":["GET"]}}],"collection":[{"href":"https:\/\/www.sanier.pl\/sk\/wp-json\/wp\/v2\/product"}],"about":[{"href":"https:\/\/www.sanier.pl\/sk\/wp-json\/wp\/v2\/types\/product"}],"replies":[{"embeddable":true,"href":"https:\/\/www.sanier.pl\/sk\/wp-json\/wp\/v2\/comments?post=279310"}],"wp:featuredmedia":[{"embeddable":true,"href":"https:\/\/www.sanier.pl\/sk\/wp-json\/wp\/v2\/media\/275822"}],"wp:attachment":[{"href":"https:\/\/www.sanier.pl\/sk\/wp-json\/wp\/v2\/media?parent=279310"}],"wp:term":[{"taxonomy":"product_brand","embeddable":true,"href":"https:\/\/www.sanier.pl\/sk\/wp-json\/wp\/v2\/product_brand?post=279310"},{"taxonomy":"product_cat","embeddable":true,"href":"https:\/\/www.sanier.pl\/sk\/wp-json\/wp\/v2\/product_cat?post=279310"},{"taxonomy":"product_tag","embeddable":true,"href":"https:\/\/www.sanier.pl\/sk\/wp-json\/wp\/v2\/product_tag?post=279310"}],"curies":[{"name":"wp","href":"https:\/\/api.w.org\/{rel}","templated":true}]}}