{"id":279292,"date":"2017-04-11T10:00:16","date_gmt":"2017-04-11T10:00:16","guid":{"rendered":"https:\/\/www.sanier.pl\/produkt\/kerabond-t\/"},"modified":"2025-03-17T09:22:03","modified_gmt":"2025-03-17T09:22:03","slug":"kerabond-t","status":"publish","type":"product","link":"https:\/\/www.sanier.pl\/sk\/produkt\/kerabond-t\/","title":{"rendered":"Kerabond T"},"content":{"rendered":"<p><img loading=\"lazy\" decoding=\"async\" class=\"size-full wp-image-3298 aligncenter\" src=\"https:\/\/sanier.pl\/wp-content\/uploads\/2017\/03\/mapei_logo-e1491162400179.jpg\" alt=\"mapei_logo\" width=\"300\" height=\"75\" \/><\/p>\n<h1>Kerabond T<\/h1>\n<h4 data-start=\"12\" data-end=\"22\">Kateg\u00f3ria:<\/h4>\n<p data-start=\"24\" data-end=\"28\">C1 T<\/p>\n<h4 data-start=\"30\" data-end=\"41\">Vlastnosti:<\/h4>\n<p data-start=\"43\" data-end=\"698\">Kerabond T je pr\u00e1\u0161kov\u00e1 lepiaca malta \u0161edej alebo bielej farby, pozost\u00e1vaj\u00faca z cementu, jemnozrnn\u00fdch \u0161trkov, syntetick\u00fdch \u017eiv\u00edc a \u0161peci\u00e1lnych pr\u00edsad vyvinut\u00fdch v laborat\u00f3ri\u00e1ch MAPEI. Po zmie\u0161an\u00ed s vodou sa Kerabond T st\u00e1va \u013eahko nan\u00e1\u0161ate\u013enou lepiacou maltou s vysokou pri\u013enavos\u0165ou, ktor\u00e1 sa d\u00e1 pou\u017ei\u0165 na vertik\u00e1lnych povrchoch bez rizika k\u013azania dla\u017ed\u00edc. Produkt schne bez zmr\u0161\u0165ovania, dosahuje dobr\u00fa pevnos\u0165 a dobr\u00fa pri\u013enavos\u0165 k podkladu. Po nahraden\u00ed vody zmesou emulzie Isolastic sa technick\u00e9 vlastnosti Kerabond T zmenia, \u010d\u00edm malta sp\u013a\u0148a po\u017eiadavky triedy C2ES2 (cementov\u00e9 lepidl\u00e1 s vy\u0161\u0161\u00edmi parametrami, vysoko deformovate\u013en\u00e9) pod\u013ea normy PN-EN 12004.<\/p>\n<h4 data-start=\"700\" data-end=\"709\">Pou\u017eitie:<\/h4>\n<ul data-start=\"711\" data-end=\"1053\">\n<li data-start=\"711\" data-end=\"904\">Pou\u017e\u00edva sa na lepenie keramick\u00fdch dla\u017ed\u00edc, gresu a odoln\u00e9ho pr\u00edrodn\u00e9ho kame\u0148a na vonkaj\u0161\u00edch a vn\u00fatorn\u00fdch povrchoch, na podlah\u00e1ch, sten\u00e1ch a stropoch, pokia\u013e je podklad stabiln\u00fd, nosn\u00fd a sav\u00fd.<\/li>\n<li data-start=\"905\" data-end=\"1053\">M\u00f4\u017ee sa tie\u017e pou\u017ei\u0165 na bodov\u00e9 lepenie izola\u010dn\u00fdch materi\u00e1lov, ako s\u00fa polystyr\u00e9nov\u00e9 dosky, miner\u00e1lne a sklenen\u00e9 vl\u00e1kna, zvukovo izola\u010dn\u00e9 panely at\u010f.<\/li>\n<\/ul>\n<h4 data-start=\"1055\" data-end=\"1064\">Spotreba:<\/h4>\n<ul data-start=\"1065\" data-end=\"1228\">\n<li data-start=\"1065\" data-end=\"1109\">mozaika a mal\u00e9 form\u00e1ty dla\u017ed\u00edc \u2013 2-3 kg\/m2<\/li>\n<li data-start=\"1110\" data-end=\"1142\">norm\u00e1lne form\u00e1ty \u2013 2,5-3 kg\/m2<\/li>\n<li data-start=\"1143\" data-end=\"1188\">ve\u013ek\u00e9 form\u00e1ty, vonkaj\u0161ie dla\u017edice \u2013 4 kg\/m2<\/li>\n<li data-start=\"1189\" data-end=\"1228\">bodov\u00e9 lepenie izola\u010dn\u00fdch materi\u00e1lov:<\/li>\n<\/ul>\n<ul data-start=\"1229\" data-end=\"1340\">\n<li data-start=\"1229\" data-end=\"1279\">penov\u00e9 materi\u00e1ly, at\u010f. \u2013 pribli\u017ene 0,5-0,8 kg\/m2<\/li>\n<li data-start=\"1280\" data-end=\"1340\">kart\u00f3n-gipsov\u00e9 dosky a plynov\u00fd bet\u00f3n \u2013 pribli\u017ene 1,5 kg\/m2<\/li>\n<\/ul>\n<p data-start=\"1342\" data-end=\"1367\" data-is-last-node=\"\" data-is-only-node=\"\"><a href=\"https:\/\/sanier.pl\/wp-content\/uploads\/2017\/04\/078-kerabond-t-pl.pdf\" target=\"_blank\" rel=\"noopener\">Technick\u00fd list Kerabond T<\/a><\/p>\n<p>&nbsp;<\/p>\n","protected":false},"excerpt":{"rendered":"<p><strong>Kerabond T<\/strong> je pr\u00e1\u0161kov\u00e1 lepiaca malta na b\u00e1ze cementu, jemnozrnn\u00fdch \u0161trkov a syntetick\u00fdch \u017eiv\u00edc. \u013dahko sa nan\u00e1\u0161a, charakterizuje sa vysokou pri\u013enavos\u0165ou a nepr\u00edtomnos\u0165ou efektu sklzu dla\u017ed\u00edc na vertik\u00e1lnych povrchoch. Ide\u00e1lna na lepenie keramick\u00fdch dla\u017ed\u00edc, gresu a pr\u00edrodn\u00e9ho kame\u0148a, ako aj na bodov\u00e9 uchytenie izola\u010dn\u00fdch materi\u00e1lov, ako je polystyr\u00e9n alebo miner\u00e1lna vlna. M\u00f4\u017ee by\u0165 pou\u017eit\u00e1 v interi\u00e9roch aj exteri\u00e9roch budov na stabiln\u00fdch a sav\u00fdch podkladoch. Pri pou\u017eit\u00ed emulzie Isolastic malta sp\u013a\u0148a po\u017eiadavky triedy C2ES2. Spotreba sa pohybuje od 2 do 4 kg\/m\u00b2 v z\u00e1vislosti od form\u00e1tu dla\u017ed\u00edc a pou\u017eitia.<\/p>\n","protected":false},"featured_media":264961,"comment_status":"open","ping_status":"closed","template":"","meta":[],"product_brand":[],"product_cat":[1035,940,884],"product_tag":[941],"class_list":{"0":"post-279292","1":"product","2":"type-product","3":"status-publish","4":"has-post-thumbnail","6":"product_cat-kleje-fugi-silikony-sk","7":"product_cat-mapei-sk","8":"product_cat-materialy-wykonczeniowe-sk","9":"product_tag-mapei-sk","10":"product_shipping_class-latwa-wysylka-sk","12":"first","13":"outofstock","14":"taxable","15":"shipping-taxable","16":"purchasable","17":"product-type-simple"},"_links":{"self":[{"href":"https:\/\/www.sanier.pl\/sk\/wp-json\/wp\/v2\/product\/279292","targetHints":{"allow":["GET"]}}],"collection":[{"href":"https:\/\/www.sanier.pl\/sk\/wp-json\/wp\/v2\/product"}],"about":[{"href":"https:\/\/www.sanier.pl\/sk\/wp-json\/wp\/v2\/types\/product"}],"replies":[{"embeddable":true,"href":"https:\/\/www.sanier.pl\/sk\/wp-json\/wp\/v2\/comments?post=279292"}],"wp:featuredmedia":[{"embeddable":true,"href":"https:\/\/www.sanier.pl\/sk\/wp-json\/wp\/v2\/media\/264961"}],"wp:attachment":[{"href":"https:\/\/www.sanier.pl\/sk\/wp-json\/wp\/v2\/media?parent=279292"}],"wp:term":[{"taxonomy":"product_brand","embeddable":true,"href":"https:\/\/www.sanier.pl\/sk\/wp-json\/wp\/v2\/product_brand?post=279292"},{"taxonomy":"product_cat","embeddable":true,"href":"https:\/\/www.sanier.pl\/sk\/wp-json\/wp\/v2\/product_cat?post=279292"},{"taxonomy":"product_tag","embeddable":true,"href":"https:\/\/www.sanier.pl\/sk\/wp-json\/wp\/v2\/product_tag?post=279292"}],"curies":[{"name":"wp","href":"https:\/\/api.w.org\/{rel}","templated":true}]}}