{"id":279290,"date":"2017-04-11T11:11:11","date_gmt":"2017-04-11T11:11:11","guid":{"rendered":"https:\/\/www.sanier.pl\/produkt\/mapesil-ac\/"},"modified":"2025-03-17T07:42:14","modified_gmt":"2025-03-17T07:42:14","slug":"mapesil-ac","status":"publish","type":"product","link":"https:\/\/www.sanier.pl\/sk\/produkt\/mapesil-ac\/","title":{"rendered":"Mapesil AC"},"content":{"rendered":"<p>[vc_row][vc_column][vc_column_text]<img loading=\"lazy\" decoding=\"async\" class=\"size-full wp-image-3298 aligncenter\" src=\"https:\/\/sanier.pl\/wp-content\/uploads\/2017\/03\/mapei_logo-e1491162400179.jpg\" alt=\"mapei_logo\" width=\"300\" height=\"75\" \/><\/p>\n<div class=\"flex max-w-full flex-col flex-grow\">\n<div class=\"min-h-8 text-message relative flex w-full flex-col items-end gap-2 whitespace-normal break-words text-start [.text-message+&amp;]:mt-5\" dir=\"auto\" data-message-author-role=\"assistant\" data-message-id=\"905d28e4-9340-45e2-b432-a4c22a3e306c\" data-message-model-slug=\"gpt-4o-mini\">\n<div class=\"flex w-full flex-col gap-1 empty:hidden first:pt-[3px]\">\n<h4 data-start=\"0\" data-end=\"11\">Vlastnosti:<\/h4>\n<p data-start=\"13\" data-end=\"311\">Mapesil je jednokomponentn\u00e1 silik\u00f3nov\u00e1 hmota na b\u00e1ze octov\u00e9ho kyseliny, priesvitn\u00e1 alebo v 30 r\u00f4znych farb\u00e1ch, bez rozp\u00fa\u0161\u0165adiel. Je to \u013eahko spracovate\u013en\u00e1 hmota, ktor\u00e1 sa pou\u017e\u00edva na vodorovn\u00e9 a zvisl\u00e9 povrchy. Vytv\u00e1ra elastick\u00fd materi\u00e1l t\u00fdm, \u017ee via\u017ee vlhkos\u0165 zo vzduchu a m\u00e1 nasleduj\u00face vlastnosti:<\/p>\n<ul data-start=\"312\" data-end=\"725\">\n<li data-start=\"312\" data-end=\"510\">vysok\u00e1 trvanlivos\u0165, Mapesil zachov\u00e1va svoje vysok\u00e9 parametre a vlastnosti aj po mnoh\u00fdch rokoch pou\u017e\u00edvania v r\u00f4znych poveternostn\u00fdch, priemyseln\u00fdch podmienkach, pri zmen\u00e1ch tepl\u00f4t, ponoren\u00fd vo vode<\/li>\n<li data-start=\"511\" data-end=\"531\">vysok\u00e1 flexibilita<\/li>\n<li data-start=\"532\" data-end=\"578\">vysok\u00e1 pri\u013enavos\u0165 k sklu, keramike a hlin\u00edku<\/li>\n<li data-start=\"579\" data-end=\"608\">vodoodoln\u00fd a paropriepustn\u00fd<\/li>\n<li data-start=\"609\" data-end=\"642\">dobr\u00e1 odolnos\u0165 vo\u010di chemik\u00e1li\u00e1m<\/li>\n<li data-start=\"643\" data-end=\"703\">deformovate\u013en\u00fd do teploty -40\u00b0C a odoln\u00fd do teploty +180\u00b0C<\/li>\n<li data-start=\"704\" data-end=\"725\">\u013eahko spracovate\u013en\u00fd<\/li>\n<\/ul>\n<h4 data-start=\"727\" data-end=\"736\">Pou\u017eitie:<\/h4>\n<p data-start=\"738\" data-end=\"877\">Mapesil AC je silik\u00f3nov\u00e1 hmota na b\u00e1ze octov\u00e9ho kyseliny, pou\u017e\u00edvan\u00e1 na tesnenie spojov skla, keramiky a eloxovan\u00e9ho hlin\u00edka. Pou\u017e\u00edva sa na:<\/p>\n<ul data-start=\"878\" data-end=\"1104\" data-is-last-node=\"\" data-is-only-node=\"\">\n<li data-start=\"878\" data-end=\"976\">vyplnenie dilata\u010dn\u00fdch spojov vystaven\u00fdch zna\u010dn\u00fdm rozmerov\u00fdm zmen\u00e1m (a\u017e do 20% p\u00f4vodnej ve\u013ekosti)<\/li>\n<li data-start=\"977\" data-end=\"1104\" data-is-last-node=\"\">tesnenie flexibiln\u00fdch prvkov v sektoroch b\u00fdvania, \u0161portu, priemyslu, potravin\u00e1rstva, n\u00e1morn\u00edctva a zdravotnej starostlivosti.<\/li>\n<\/ul>\n<\/div>\n<\/div>\n<\/div>\n<div class=\"mb-2 flex gap-3 -ml-2\" tabindex=\"0\">\n<div class=\"flex items-center justify-start rounded-xl p-1\">\n<div><\/div>\n<div class=\"flex items-center\"><a href=\"https:\/\/sanier.pl\/wp-content\/uploads\/2017\/04\/mapesil-ac.pdf\" target=\"_blank\" rel=\"noopener\"><span class=\"HwtZe\" lang=\"sk\"><span class=\"jCAhz ChMk0b\"><span class=\"ryNqvb\">Technick\u00fd list Mapesil AC<\/span><\/span><\/span><\/a><\/div>\n<\/div>\n<\/div>\n<p>[\/vc_column_text][\/vc_column][\/vc_row]<\/p>\n","protected":false},"excerpt":{"rendered":"<p><strong>Mapesil AC<\/strong> je elastick\u00e1, jednoslo\u017ekov\u00e1 silik\u00f3nov\u00e1 hmota na b\u00e1ze octov\u00e9ho kyseliny, ktor\u00e1 sa vynikaj\u00faco hod\u00ed na sp\u00e1rovanie a tesnenie r\u00f4znych povrchov. Produkt je odoln\u00fd vo\u010di plesniam, neobsahuje rozp\u00fa\u0161\u0165adl\u00e1 a vyzna\u010duje sa vysokou trvanlivos\u0165ou. K dispoz\u00edcii je v 30 farb\u00e1ch, ktor\u00e9 dokonale ladia s radom sp\u00e1rovac\u00edch malty MAPEI, \u010d\u00edm zais\u0165uj\u00fa estetick\u00e9 a konzistentn\u00e9 dokon\u010denie. Je to spo\u013eahliv\u00e9 rie\u0161enie pre n\u00e1ro\u010dn\u00e9 aplik\u00e1cie.<\/p>\n","protected":false},"featured_media":265189,"comment_status":"open","ping_status":"closed","template":"","meta":[],"product_brand":[],"product_cat":[1035,940,884],"product_tag":[941],"class_list":{"0":"post-279290","1":"product","2":"type-product","3":"status-publish","4":"has-post-thumbnail","6":"product_cat-kleje-fugi-silikony-sk","7":"product_cat-mapei-sk","8":"product_cat-materialy-wykonczeniowe-sk","9":"product_tag-mapei-sk","10":"product_shipping_class-latwa-wysylka-sk","12":"first","13":"instock","14":"taxable","15":"shipping-taxable","16":"purchasable","17":"product-type-simple"},"_links":{"self":[{"href":"https:\/\/www.sanier.pl\/sk\/wp-json\/wp\/v2\/product\/279290","targetHints":{"allow":["GET"]}}],"collection":[{"href":"https:\/\/www.sanier.pl\/sk\/wp-json\/wp\/v2\/product"}],"about":[{"href":"https:\/\/www.sanier.pl\/sk\/wp-json\/wp\/v2\/types\/product"}],"replies":[{"embeddable":true,"href":"https:\/\/www.sanier.pl\/sk\/wp-json\/wp\/v2\/comments?post=279290"}],"wp:featuredmedia":[{"embeddable":true,"href":"https:\/\/www.sanier.pl\/sk\/wp-json\/wp\/v2\/media\/265189"}],"wp:attachment":[{"href":"https:\/\/www.sanier.pl\/sk\/wp-json\/wp\/v2\/media?parent=279290"}],"wp:term":[{"taxonomy":"product_brand","embeddable":true,"href":"https:\/\/www.sanier.pl\/sk\/wp-json\/wp\/v2\/product_brand?post=279290"},{"taxonomy":"product_cat","embeddable":true,"href":"https:\/\/www.sanier.pl\/sk\/wp-json\/wp\/v2\/product_cat?post=279290"},{"taxonomy":"product_tag","embeddable":true,"href":"https:\/\/www.sanier.pl\/sk\/wp-json\/wp\/v2\/product_tag?post=279290"}],"curies":[{"name":"wp","href":"https:\/\/api.w.org\/{rel}","templated":true}]}}