{"id":279275,"date":"2017-04-11T12:40:26","date_gmt":"2017-04-11T12:40:26","guid":{"rendered":"https:\/\/www.sanier.pl\/produkt\/nida-start\/"},"modified":"2025-03-14T13:27:57","modified_gmt":"2025-03-14T13:27:57","slug":"nida-start","status":"publish","type":"product","link":"https:\/\/www.sanier.pl\/sk\/produkt\/nida-start\/","title":{"rendered":"Nida Start"},"content":{"rendered":"<p>[vc_row][vc_column][vc_column_text]<img loading=\"lazy\" decoding=\"async\" class=\"wp-image-3308 aligncenter\" src=\"https:\/\/sanier.pl\/wp-content\/uploads\/2017\/03\/siniat.jpg\" alt=\"siniat\" width=\"201\" height=\"111\" srcset=\"https:\/\/www.sanier.pl\/wp-content\/uploads\/2017\/03\/siniat.jpg 302w, https:\/\/www.sanier.pl\/wp-content\/uploads\/2017\/03\/siniat-300x166.jpg 300w\" sizes=\"auto, (max-width:767px) 201px, 201px\" \/><\/p>\n<h1>Nida Start<\/h1>\n<p data-start=\"0\" data-end=\"388\"><strong>Nida Start<\/strong> je vysoko kvalitn\u00e1 sadrov\u00e1 tmelov\u00e1 hmota na b\u00e1ze syntetickej sadry s pr\u00eddavkom \u0161pecializovan\u00fdch pln\u00edv, ur\u010den\u00e1 na pou\u017eitie vo vn\u00fatri miestnost\u00ed. Je s\u00fa\u010das\u0165ou syst\u00e9mu s hladidlom Nida Finisz, \u010do zabezpe\u010duje komplexn\u00e9 a trval\u00e9 dokon\u010denie. Produkt bol navrhnut\u00fd na sp\u00e1janie v\u0161etk\u00fdch typov sadrokart\u00f3nov\u00fdch dosiek, vr\u00e1tane okrajov KPOS, KS a dosiek Synia s \u0161tyrmi fazovan\u00fdmi okrajmi.<\/p>\n<p data-start=\"390\" data-end=\"809\">Nida Start vy\u017eaduje pou\u017eitie v\u00fdstu\u017enej p\u00e1sky (papierovej alebo sklenenej), \u010do zvy\u0161uje trv\u00e1cnos\u0165 a odolnos\u0165 sp\u00e1jok. Vynikaj\u00faco sa tie\u017e osved\u010duje pri mont\u00e1\u017ei rohov, elektroin\u0161tala\u010dn\u00fdch boxov, vypl\u0148ovan\u00ed nedostatkov a trhl\u00edn pri remeseln\u00fdch a dokon\u010dovac\u00edch pr\u00e1cach. V\u010faka zv\u00fd\u0161enej zrnitosti po zaschnut\u00ed nie je ur\u010den\u00fd ako fin\u00e1lny materi\u00e1l \u2013 na dosiahnutie dokonale hladk\u00e9ho povrchu je potrebn\u00e9 pou\u017ei\u0165 hladidlo Nida Finisz.<\/p>\n<h4 data-start=\"811\" data-end=\"827\">V\u00fdhody produktu:<\/h4>\n<ul data-start=\"828\" data-end=\"1091\">\n<li data-start=\"828\" data-end=\"865\">Vysok\u00e1 kvalita a \u013eahkos\u0165 aplik\u00e1cie.<\/li>\n<li data-start=\"866\" data-end=\"964\">Univerz\u00e1lnos\u0165 pou\u017eitia \u2013 sp\u00e1janie sadrokart\u00f3nov\u00fdch dosiek, mont\u00e1\u017e prvkov, dop\u013a\u0148anie nedostatkov.<\/li>\n<li data-start=\"965\" data-end=\"1020\">S\u00fa\u010das\u0165 syst\u00e9mu s Nida Finisz pre dokonal\u00e9 dokon\u010denie.<\/li>\n<li data-start=\"1021\" data-end=\"1091\">Trv\u00e1cnos\u0165 a odolnos\u0165 proti praskaniu v\u010faka pou\u017eitiu v\u00fdstu\u017enej p\u00e1sky.<\/li>\n<\/ul>\n<p data-start=\"1093\" data-end=\"1343\">Pou\u017eitie: Tento produkt je ide\u00e1lnym rie\u0161en\u00edm na sp\u00e1janie sadrokart\u00f3nov\u00fdch dosiek, mont\u00e1\u017e rohov\u00fdch a in\u0161tala\u010dn\u00fdch prvkov, ako aj vypl\u0148ovanie nedostatkov a trhl\u00edn. Je vhodn\u00fd na remeseln\u00e9 a dokon\u010dovacie pr\u00e1ce, zabezpe\u010duj\u00face trv\u00e1cne a estetick\u00e9 v\u00fdsledky.<\/p>\n<p data-start=\"1345\" data-end=\"1422\">Spotreba: Pribli\u017ene 0,30 kg\/m\u00b2 pri sp\u00e1jkovan\u00ed spojov sadrokart\u00f3nov\u00fdch dosiek.<\/p>\n<p data-start=\"1424\" data-end=\"1449\" data-is-last-node=\"\" data-is-only-node=\"\"><a href=\"https:\/\/sanier.pl\/wp-content\/uploads\/2017\/04\/NIDA-Start.-Karta-produktu..pdf\" target=\"_blank\" rel=\"noopener\">Technick\u00fd list Nida Start<\/a><\/p>\n<p>\u00a0[\/vc_column_text][\/vc_column][\/vc_row]<\/p>\n","protected":false},"excerpt":{"rendered":"<p><strong>Nida Start<\/strong> je tmel na b\u00e1ze syntetickej sadry, ide\u00e1lny na sp\u00e1janie sadrokart\u00f3nov\u00fdch dosiek, mont\u00e1\u017e rohov, elektroin\u0161tala\u010dn\u00fdch boxov a dop\u013a\u0148anie nedostatkov a trhl\u00edn. Vy\u017eaduje pou\u017eitie v\u00fdstu\u017enej p\u00e1sky a zaru\u010duje trv\u00e1cnos\u0165 a estetick\u00e9 v\u00fdsledky. Je s\u00fa\u010das\u0165ou syst\u00e9mu s Nida Finisz, ktor\u00fd zaru\u010duje hladk\u00e9 dokon\u010denie. Spotreba: pribli\u017ene 0,30 kg\/m\u00b2.<\/p>\n","protected":false},"featured_media":264997,"comment_status":"open","ping_status":"closed","template":"","meta":[],"product_brand":[],"product_cat":[1063,884,1062],"product_tag":[1064],"class_list":{"0":"post-279275","1":"product","2":"type-product","3":"status-publish","4":"has-post-thumbnail","6":"product_cat-gladzie-i-szpachle-sk","7":"product_cat-materialy-wykonczeniowe-sk","8":"product_cat-siniat-sk","9":"product_tag-siniat-sk","10":"product_shipping_class-latwa-wysylka-sk","12":"first","13":"instock","14":"taxable","15":"shipping-taxable","16":"purchasable","17":"product-type-simple"},"_links":{"self":[{"href":"https:\/\/www.sanier.pl\/sk\/wp-json\/wp\/v2\/product\/279275","targetHints":{"allow":["GET"]}}],"collection":[{"href":"https:\/\/www.sanier.pl\/sk\/wp-json\/wp\/v2\/product"}],"about":[{"href":"https:\/\/www.sanier.pl\/sk\/wp-json\/wp\/v2\/types\/product"}],"replies":[{"embeddable":true,"href":"https:\/\/www.sanier.pl\/sk\/wp-json\/wp\/v2\/comments?post=279275"}],"wp:featuredmedia":[{"embeddable":true,"href":"https:\/\/www.sanier.pl\/sk\/wp-json\/wp\/v2\/media\/264997"}],"wp:attachment":[{"href":"https:\/\/www.sanier.pl\/sk\/wp-json\/wp\/v2\/media?parent=279275"}],"wp:term":[{"taxonomy":"product_brand","embeddable":true,"href":"https:\/\/www.sanier.pl\/sk\/wp-json\/wp\/v2\/product_brand?post=279275"},{"taxonomy":"product_cat","embeddable":true,"href":"https:\/\/www.sanier.pl\/sk\/wp-json\/wp\/v2\/product_cat?post=279275"},{"taxonomy":"product_tag","embeddable":true,"href":"https:\/\/www.sanier.pl\/sk\/wp-json\/wp\/v2\/product_tag?post=279275"}],"curies":[{"name":"wp","href":"https:\/\/api.w.org\/{rel}","templated":true}]}}