{"id":279270,"date":"2017-04-11T13:32:13","date_gmt":"2017-04-11T13:32:13","guid":{"rendered":"https:\/\/www.sanier.pl\/produkt\/aquatex\/"},"modified":"2026-02-24T11:47:07","modified_gmt":"2026-02-24T11:47:07","slug":"aquatex","status":"publish","type":"product","link":"https:\/\/www.sanier.pl\/sk\/produkt\/aquatex\/","title":{"rendered":"Aquatex"},"content":{"rendered":"<p>[vc_row][vc_column][vc_column_text]<img loading=\"lazy\" decoding=\"async\" class=\"size-full wp-image-3335 aligncenter\" src=\"https:\/\/sanier.pl\/wp-content\/uploads\/2017\/01\/farby-kabe-logo-300x275-e1491387095746.jpg\" alt=\"farby-kabe-logo-300x275\" width=\"150\" height=\"138\" \/><\/p>\n<h1>Aquatex<\/h1>\n<h4 data-start=\"0\" data-end=\"11\">Vlastnosti:<\/h4>\n<ul data-start=\"12\" data-end=\"244\">\n<li data-start=\"12\" data-end=\"31\">vynikaj\u00face krytie<\/li>\n<li data-start=\"32\" data-end=\"53\">miner\u00e1lny charakter<\/li>\n<li data-start=\"54\" data-end=\"100\">najvy\u0161\u0161ia odolnos\u0165 proti um\u00fdvaniu a drhnutiu<\/li>\n<li data-start=\"101\" data-end=\"126\">vysok\u00e1 paropriepustnos\u0165<\/li>\n<li data-start=\"127\" data-end=\"150\">nevy\u017eaduje penetr\u00e1ciu<\/li>\n<li data-start=\"151\" data-end=\"200\">na miner\u00e1lne podklady a povrchy pokryt\u00e9 farbami<\/li>\n<li data-start=\"201\" data-end=\"244\">zvl\u00e1\u0161\u0165 odpor\u00fa\u010dan\u00e1 do \"mokr\u00fdch\" miestnost\u00ed<\/li>\n<\/ul>\n<h4 data-start=\"246\" data-end=\"255\">Pou\u017eitie:<\/h4>\n<p data-start=\"257\" data-end=\"1396\">Disperzno-kremi\u010ditanov\u00e1 povrchov\u00e1 farba ur\u010den\u00e1 na vytv\u00e1ranie ochrann\u00fdch a dekora\u010dn\u00fdch n\u00e1terov\u00fdch vrstiev v interi\u00e9roch. Vyroben\u00e1 na b\u00e1ze inovat\u00edvnej \u0161vaj\u010diarskej technol\u00f3gie, ktor\u00e1 kombinuje kremi\u010ditanov\u00e9 a disperzn\u00e9 viazacie prostriedky. Charakterizuje sa t\u00fdm, \u017ee nemen\u00ed vlastnosti retencie podkladu (steny prirodzene prij\u00edmaj\u00fa a uvo\u013e\u0148uj\u00fa vlhkos\u0165), \u010d\u00edm sa v \"mokrej\" miestnosti (ako s\u00fa kuchyne, k\u00fape\u013ene, pr\u00e1\u010dovne, priestory v pr\u00edzem\u00ed budovy) zni\u017euje obsah vlhkosti vo vzduchu. V t\u00fdchto miestnostiach je obzvl\u00e1\u0161\u0165 odpor\u00fa\u010dan\u00e1 na ma\u013eovanie stropov a horn\u00fdch \u010dast\u00ed stien. Farba AQUATEX sa tie\u017e pou\u017e\u00edva na ma\u013eovanie stien a stropov v \"such\u00fdch\" miestnostiach (ako s\u00fa ob\u00fdvacie izby, sp\u00e1lne, konferen\u010dn\u00e9 miestnosti alebo kancel\u00e1rie). Je ur\u010den\u00e1 na prim\u00e1rne a renova\u010dn\u00e9 ma\u013eovanie miner\u00e1lnych podkladov (ako je bet\u00f3n, v\u00e1penn\u00e9 omietky, v\u00e1pennocementov\u00e9, cementov\u00e9 a sadrov\u00e9 omietky, ako aj sadrokart\u00f3nov\u00e9 dosky), ako aj na povrchy pokryt\u00e9 pevne viazan\u00fdmi n\u00e1termi, povlakmi na b\u00e1ze plastov. Nov\u00e9 miner\u00e1lne podklady (ako cementov\u00e9 a cementov\u00e1penn\u00e9 omietky) nevy\u017eaduj\u00fa bielenie alebo penetr\u00e1ciu a m\u00f4\u017eu by\u0165 ma\u013eovan\u00e9 farbou u\u017e po 14 d\u0148och od ich aplik\u00e1cie.<\/p>\n<h4 data-start=\"1398\" data-end=\"1407\">Spotreba:<\/h4>\n<ul data-start=\"1408\" data-end=\"1465\">\n<li data-start=\"1408\" data-end=\"1465\">cca 0,22 l\/m\u00b2 (pri dvojitom nan\u00e1\u0161an\u00ed na hladk\u00fd podklad)<\/li>\n<\/ul>\n<p data-start=\"1467\" data-end=\"1490\" data-is-last-node=\"\" data-is-only-node=\"\"><a href=\"https:\/\/sanier.pl\/wp-content\/uploads\/2017\/04\/aquatex.pdf\" target=\"_blank\" rel=\"noopener\">Technick\u00e1 karta Aquatex<\/a><\/p>\n<p>\u00a0[\/vc_column_text][\/vc_column][\/vc_row]<\/p>\n","protected":false},"excerpt":{"rendered":"<div class=\"flex max-w-full flex-col flex-grow\">\n<div class=\"min-h-8 text-message relative flex w-full flex-col items-end gap-2 whitespace-normal break-words text-start [.text-message+&amp;]:mt-5\" dir=\"auto\" data-message-author-role=\"assistant\" data-message-id=\"ce11eaf0-6320-4cf2-9598-4096eabff5c7\" data-message-model-slug=\"gpt-4o-mini\">\n<div class=\"flex w-full flex-col gap-1 empty:hidden first:pt-[3px]\">\n<p data-start=\"0\" data-end=\"322\" data-is-last-node=\"\" data-is-only-node=\"\"><strong>AQUATEX<\/strong> je disperzno-kremi\u010ditanov\u00e1 povrchov\u00e1 farba s vynikaj\u00facim kryt\u00edm, vysokou paropriepustnos\u0165ou a odolnos\u0165ou proti drhnutiu. Ide\u00e1lna do kuch\u00fd\u0148, k\u00fape\u013en\u00ed a pr\u00e1\u010dovn\u00ed, reguluje vlhkos\u0165 stien, \u010d\u00edm zabezpe\u010duje trv\u00e1cnu a estetick\u00fa povrchov\u00fa \u00fapravu. Nevy\u017eaduje penetr\u00e1ciu, je vhodn\u00e1 na miner\u00e1lne podklady a na natret\u00e9 povrchy.<\/p>\n<\/div>\n<\/div>\n<\/div>\n<div class=\"mb-2 flex gap-3 -ml-2\" tabindex=\"0\">\n<div class=\"flex items-center justify-start rounded-xl p-1\">\n<div class=\"flex items-center\"><\/div>\n<\/div>\n<\/div>\n","protected":false},"featured_media":265009,"comment_status":"open","ping_status":"closed","template":"","meta":{"_acf_changed":false},"product_brand":[],"product_cat":[1043,1027,884],"product_tag":[1028],"class_list":{"0":"post-279270","1":"product","2":"type-product","3":"status-publish","4":"has-post-thumbnail","6":"product_cat-grunty-i-farby-sk","7":"product_cat-kabe-sk","8":"product_cat-materialy-wykonczeniowe-sk","9":"product_tag-kabe-sk","11":"first","12":"instock","13":"taxable","14":"shipping-taxable","15":"purchasable","16":"product-type-variable"},"acf":[],"_links":{"self":[{"href":"https:\/\/www.sanier.pl\/sk\/wp-json\/wp\/v2\/product\/279270","targetHints":{"allow":["GET"]}}],"collection":[{"href":"https:\/\/www.sanier.pl\/sk\/wp-json\/wp\/v2\/product"}],"about":[{"href":"https:\/\/www.sanier.pl\/sk\/wp-json\/wp\/v2\/types\/product"}],"replies":[{"embeddable":true,"href":"https:\/\/www.sanier.pl\/sk\/wp-json\/wp\/v2\/comments?post=279270"}],"wp:featuredmedia":[{"embeddable":true,"href":"https:\/\/www.sanier.pl\/sk\/wp-json\/wp\/v2\/media\/265009"}],"wp:attachment":[{"href":"https:\/\/www.sanier.pl\/sk\/wp-json\/wp\/v2\/media?parent=279270"}],"wp:term":[{"taxonomy":"product_brand","embeddable":true,"href":"https:\/\/www.sanier.pl\/sk\/wp-json\/wp\/v2\/product_brand?post=279270"},{"taxonomy":"product_cat","embeddable":true,"href":"https:\/\/www.sanier.pl\/sk\/wp-json\/wp\/v2\/product_cat?post=279270"},{"taxonomy":"product_tag","embeddable":true,"href":"https:\/\/www.sanier.pl\/sk\/wp-json\/wp\/v2\/product_tag?post=279270"}],"curies":[{"name":"wp","href":"https:\/\/api.w.org\/{rel}","templated":true}]}}