{"id":279256,"date":"2017-04-11T14:44:22","date_gmt":"2017-04-11T14:44:22","guid":{"rendered":"https:\/\/www.sanier.pl\/produkt\/prolatex\/"},"modified":"2025-03-14T12:19:08","modified_gmt":"2025-03-14T12:19:08","slug":"prolatex","status":"publish","type":"product","link":"https:\/\/www.sanier.pl\/sk\/produkt\/prolatex\/","title":{"rendered":"Prolatex"},"content":{"rendered":"<p>[vc_row][vc_column][vc_column_text]<img loading=\"lazy\" decoding=\"async\" class=\"size-full wp-image-3335 aligncenter\" src=\"https:\/\/sanier.pl\/wp-content\/uploads\/2017\/01\/farby-kabe-logo-300x275-e1491387095746.jpg\" alt=\"farby-kabe-logo-300x275\" width=\"150\" height=\"138\" \/><\/p>\n<h1>Prolatex<\/h1>\n<h4 data-start=\"0\" data-end=\"11\">Vlastnosti:<\/h4>\n<ul data-start=\"12\" data-end=\"394\">\n<li data-start=\"12\" data-end=\"39\">najvy\u0161\u0161ia kvalita povrchu<\/li>\n<li data-start=\"40\" data-end=\"86\">najvy\u0161\u0161ia odolnos\u0165 proti um\u00fdvaniu a drhnutiu<\/li>\n<li data-start=\"87\" data-end=\"179\">ekologick\u00e1 (bez prchav\u00fdch organick\u00fdch zl\u00fa\u010den\u00edn), priate\u013esk\u00e1 k \u013eu\u010fom a \u017eivotn\u00e9mu prostrediu<\/li>\n<li data-start=\"180\" data-end=\"213\">odoln\u00e1 proti p\u00f4sobeniu vlhkosti<\/li>\n<li data-start=\"214\" data-end=\"253\">ve\u013emi dobr\u00e9 krytie a vysok\u00e1 v\u00fddatnos\u0165<\/li>\n<li data-start=\"254\" data-end=\"276\">\u0161irok\u00e1 paleta farieb<\/li>\n<li data-start=\"277\" data-end=\"345\">odpor\u00fa\u010da sa predov\u0161etk\u00fdm do miestnost\u00ed s vysokou intenzitou pohybu<\/li>\n<li data-start=\"346\" data-end=\"394\">na miner\u00e1lne podklady a povrchy natret\u00e9 farbou<\/li>\n<\/ul>\n<h4 data-start=\"396\" data-end=\"405\">Pou\u017eitie:<\/h4>\n<p data-start=\"407\" data-end=\"1321\">Vysokokvalitn\u00e1 latexov\u00e1 farba na povrchy ur\u010den\u00e1 na ochrann\u00e9 a dekorat\u00edvne maliarske povlaky v interi\u00e9roch budov. Obzvl\u00e1\u0161\u0165 odpor\u00fa\u010dan\u00e1 na ma\u013eovanie stien v miestnostiach s vysokou intenzitou pohybu (ako napr. chodby, schodisk\u00e1 a pod.) a v \u201emokrych\u201c miestnostiach (ako napr. kuchyne, k\u00fape\u013ene, pr\u00e1\u010dovne). M\u00f4\u017ee sa tie\u017e pou\u017ei\u0165 v verejn\u00fdch budov\u00e1ch, zdravotn\u00edckych zariadeniach a v\u00fdrobn\u00fdch z\u00e1vodoch potravin\u00e1rskeho priemyslu. Ur\u010den\u00e1 na ma\u013eovanie miner\u00e1lnych podkladov (ako napr. bet\u00f3n, cementov\u00e9 omietky, cementovo-v\u00e1penn\u00e9, v\u00e1penn\u00e9 a sadrov\u00e9 omietky, ako aj sadrokart\u00f3nov\u00e9 dosky), ako aj na povrchy pokryt\u00e9 povlakmi, n\u00e1termi na b\u00e1ze plastov a tapetami z sklenen\u00fdch vl\u00e1kien. Pou\u017e\u00edva sa na prim\u00e1rne aj renovovacie ma\u013eovanie na podkladoch s jednotnou alebo variabilnou \u0161trukt\u00farou a farbou. Pred nan\u00e1\u0161an\u00edm farby si vy\u017eaduje podklady so zv\u00fd\u0161enou nasiakavos\u0165ou nanesen\u00edm podkladov\u00e9ho n\u00e1teru BUDOGRUNT WG alebo podkladu AQUALIT.<\/p>\n<h4 data-start=\"1323\" data-end=\"1332\">Spotreba:<\/h4>\n<ul data-start=\"1333\" data-end=\"1390\">\n<li data-start=\"1333\" data-end=\"1390\">cca 0,22 l\/m\u00b2 (pri dvojitom nan\u00e1\u0161an\u00ed na hladk\u00fd podklad)<\/li>\n<\/ul>\n<p data-start=\"1392\" data-end=\"1415\" data-is-last-node=\"\" data-is-only-node=\"\"><a href=\"https:\/\/sanier.pl\/wp-content\/uploads\/2017\/04\/prolatex.pdf\" target=\"_blank\" rel=\"noopener\">Technick\u00fd list Prolatex<\/a><\/p>\n<p>\u00a0[\/vc_column_text][\/vc_column][\/vc_row]<\/p>\n","protected":false},"excerpt":{"rendered":"<p>PROLATEX je vysokokvalitn\u00e1 latexov\u00e1 farba na povrchy s vynikaj\u00facim kryt\u00edm, vysokou v\u00fddatnos\u0165ou a odolnos\u0165ou proti um\u00fdvaniu a drhnutiu. Ekologick\u00e1 a bezpe\u010dn\u00e1, odoln\u00e1 proti vlhkosti, ide\u00e1lna na pou\u017eitie v miestnostiach s vysokou intenzitou pohybu (chodby, schodisk\u00e1) a v mokr\u00fdch miestnostiach (kuchyne, k\u00fape\u013ene). Ur\u010den\u00e1 na miner\u00e1lne podklady a povrchy natret\u00e9 farbou, odpor\u00fa\u010dan\u00e1 na prim\u00e1rne aj renova\u010dn\u00e9 ma\u013eovanie. Spotreba: cca 0,22 l\/m\u00b2 pri dvojitom nan\u00e1\u0161an\u00ed. Bohat\u00e1 paleta farieb umo\u017e\u0148uje vytv\u00e1ranie jedine\u010dn\u00fdch aran\u017em\u00e1nov.<\/p>\n","protected":false},"featured_media":265015,"comment_status":"open","ping_status":"closed","template":"","meta":{"_acf_changed":false},"product_brand":[],"product_cat":[1043,1027,884],"product_tag":[1028],"class_list":{"0":"post-279256","1":"product","2":"type-product","3":"status-publish","4":"has-post-thumbnail","6":"product_cat-grunty-i-farby-sk","7":"product_cat-kabe-sk","8":"product_cat-materialy-wykonczeniowe-sk","9":"product_tag-kabe-sk","10":"product_shipping_class-trudna-wysylka-sk","12":"first","13":"onbackorder","14":"taxable","15":"shipping-taxable","16":"purchasable","17":"product-type-variable"},"acf":[],"_links":{"self":[{"href":"https:\/\/www.sanier.pl\/sk\/wp-json\/wp\/v2\/product\/279256","targetHints":{"allow":["GET"]}}],"collection":[{"href":"https:\/\/www.sanier.pl\/sk\/wp-json\/wp\/v2\/product"}],"about":[{"href":"https:\/\/www.sanier.pl\/sk\/wp-json\/wp\/v2\/types\/product"}],"replies":[{"embeddable":true,"href":"https:\/\/www.sanier.pl\/sk\/wp-json\/wp\/v2\/comments?post=279256"}],"wp:featuredmedia":[{"embeddable":true,"href":"https:\/\/www.sanier.pl\/sk\/wp-json\/wp\/v2\/media\/265015"}],"wp:attachment":[{"href":"https:\/\/www.sanier.pl\/sk\/wp-json\/wp\/v2\/media?parent=279256"}],"wp:term":[{"taxonomy":"product_brand","embeddable":true,"href":"https:\/\/www.sanier.pl\/sk\/wp-json\/wp\/v2\/product_brand?post=279256"},{"taxonomy":"product_cat","embeddable":true,"href":"https:\/\/www.sanier.pl\/sk\/wp-json\/wp\/v2\/product_cat?post=279256"},{"taxonomy":"product_tag","embeddable":true,"href":"https:\/\/www.sanier.pl\/sk\/wp-json\/wp\/v2\/product_tag?post=279256"}],"curies":[{"name":"wp","href":"https:\/\/api.w.org\/{rel}","templated":true}]}}