{"id":279252,"date":"2017-04-13T16:15:57","date_gmt":"2017-04-13T16:15:57","guid":{"rendered":"https:\/\/www.sanier.pl\/produkt\/paker-plastikowy-12-1673\/"},"modified":"2025-03-14T11:56:23","modified_gmt":"2025-03-14T11:56:23","slug":"plastovy-paker-12","status":"publish","type":"product","link":"https:\/\/www.sanier.pl\/sk\/produkt\/plastovy-paker-12\/","title":{"rendered":"Plastov\u00fd paker 12-16\/73 s ostrou kalamitkou"},"content":{"rendered":"<h1><img loading=\"lazy\" decoding=\"async\" class=\"wp-image-3714 aligncenter\" src=\"https:\/\/sanier.pl\/wp-content\/uploads\/2017\/04\/IZOservice.png\" alt=\"IZOservice\" width=\"285\" height=\"70\" \/>Plastov\u00fd paker 12-16\/73 s ostrou kalamitkou<\/h1>\n<p data-start=\"0\" data-end=\"406\"><strong>Plastov\u00fd paker 12-16\/73 s ostrou kalamitkou<\/strong> je spo\u013eahliv\u00fd n\u00e1stroj ur\u010den\u00fd na injekt\u00e1\u017ee v stavebn\u00fdch kon\u0161trukci\u00e1ch, najm\u00e4 v tehlov\u00fdch muriv\u00e1ch. Vyroben\u00fd z vysoko kvalitn\u00e9ho, vystu\u017een\u00e9ho a flexibiln\u00e9ho plastu, zabezpe\u010duje tesn\u00e9 a pevn\u00e9 kotvenie aj v otvoroch v\u00e4\u010d\u0161\u00edch ako 12 mm. Jednorazov\u00e1 injekt\u00e1\u017ena koncovka navrhnut\u00e1 pre jednoduch\u00fa mont\u00e1\u017e umo\u017e\u0148uje r\u00fdchlu in\u0161tal\u00e1ciu pomocou ru\u010dn\u00e9ho alebo strojn\u00e9ho kladiva.<\/p>\n<p data-start=\"408\" data-end=\"656\">V\u010faka nulov\u00e9mu otv\u00e1raciemu tlaku je paker ide\u00e1lny na presn\u00e9 injekt\u00e1\u017ee tesniacich materi\u00e1lov pomocou polyuret\u00e1nov\u00fdch, epoxidov\u00fdch, akrylov\u00fdch \u017eiv\u00edc a vodn\u00fdch disperzi\u00ed. Jeho pevn\u00e1 kon\u0161trukcia zaru\u010duje \u00fa\u010dinnos\u0165 a trv\u00e1cnos\u0165 aj v n\u00e1ro\u010dn\u00fdch aplik\u00e1ci\u00e1ch.<\/p>\n<h4 data-start=\"658\" data-end=\"674\">V\u00fdhody produktu:<\/h4>\n<ul>\n<li data-start=\"658\" data-end=\"674\">Vyroben\u00fd z vysoko kvalitn\u00e9ho plastu pre pevnos\u0165 a flexibilitu.<\/li>\n<li>Tesn\u00e9 kotvenie aj v otvoroch v\u00e4\u010d\u0161\u00edch ako 12 mm.<\/li>\n<li>Ide\u00e1lny na tehlov\u00e9 murivo a tesniace injekt\u00e1\u017ee.<\/li>\n<li>Kompatibiln\u00fd s polyuret\u00e1nov\u00fdmi, epoxidov\u00fdmi, akrylov\u00fdmi \u017eivicami a vodn\u00fdmi disperziami.<\/li>\n<li>R\u00fdchla mont\u00e1\u017e pomocou ru\u010dn\u00e9ho alebo strojn\u00e9ho kladiva.<\/li>\n<li>Jednorazov\u00e1, modern\u00e1 injekt\u00e1\u017ena koncovka zaru\u010duje jednoduchos\u0165 pou\u017e\u00edvania.<\/li>\n<\/ul>\n","protected":false},"excerpt":{"rendered":"<p><strong>Plastov\u00fd paker 12-16\/73 s ostrou kalamitkou<\/strong> vyroben\u00fd z flexibiln\u00e9ho plastu je ur\u010den\u00fd na tesniace injekt\u00e1\u017ee v tehlov\u00fdch muriv\u00e1ch. Ide\u00e1lny pre polyuret\u00e1nov\u00e9, epoxidov\u00e9, akrylov\u00e9 \u017eivice a vodn\u00e9 disperzie. Zabezpe\u010duje tesn\u00e9 kotvenie a r\u00fdchlu mont\u00e1\u017e pomocou ru\u010dn\u00e9ho alebo strojn\u00e9ho kladiva.<\/p>\n","protected":false},"featured_media":265066,"comment_status":"open","ping_status":"closed","template":"","meta":{"_acf_changed":false},"product_brand":[],"product_cat":[1038,1059,1041,917,1045,916],"product_tag":[1060],"class_list":{"0":"post-279252","1":"product","2":"type-product","3":"status-publish","4":"has-post-thumbnail","6":"product_cat-iniekcje-rys-i-pekniec-sk","7":"product_cat-izoserwis-sk","8":"product_cat-materialy-uzupelniajace-akcesoria-iniekcje-rys-i-pekniec-sk","9":"product_cat-materialy-uzupelniajace-akcesoria-uszczelnienie-budynku-od-wewnatrz-sk","10":"product_cat-producenci-sk","11":"product_cat-uszczelnienie-budynku-od-wewnatrz-sk","12":"product_tag-izoservice-sk","13":"product_shipping_class-latwa-wysylka-sk","15":"first","16":"instock","17":"taxable","18":"shipping-taxable","19":"purchasable","20":"product-type-simple"},"acf":[],"_links":{"self":[{"href":"https:\/\/www.sanier.pl\/sk\/wp-json\/wp\/v2\/product\/279252","targetHints":{"allow":["GET"]}}],"collection":[{"href":"https:\/\/www.sanier.pl\/sk\/wp-json\/wp\/v2\/product"}],"about":[{"href":"https:\/\/www.sanier.pl\/sk\/wp-json\/wp\/v2\/types\/product"}],"replies":[{"embeddable":true,"href":"https:\/\/www.sanier.pl\/sk\/wp-json\/wp\/v2\/comments?post=279252"}],"wp:featuredmedia":[{"embeddable":true,"href":"https:\/\/www.sanier.pl\/sk\/wp-json\/wp\/v2\/media\/265066"}],"wp:attachment":[{"href":"https:\/\/www.sanier.pl\/sk\/wp-json\/wp\/v2\/media?parent=279252"}],"wp:term":[{"taxonomy":"product_brand","embeddable":true,"href":"https:\/\/www.sanier.pl\/sk\/wp-json\/wp\/v2\/product_brand?post=279252"},{"taxonomy":"product_cat","embeddable":true,"href":"https:\/\/www.sanier.pl\/sk\/wp-json\/wp\/v2\/product_cat?post=279252"},{"taxonomy":"product_tag","embeddable":true,"href":"https:\/\/www.sanier.pl\/sk\/wp-json\/wp\/v2\/product_tag?post=279252"}],"curies":[{"name":"wp","href":"https:\/\/api.w.org\/{rel}","templated":true}]}}