{"id":279250,"date":"2017-04-13T16:24:38","date_gmt":"2017-04-13T16:24:38","guid":{"rendered":"https:\/\/www.sanier.pl\/produkt\/paker-plastikowy-przelotowy-12-16-85\/"},"modified":"2025-03-14T11:41:42","modified_gmt":"2025-03-14T11:41:42","slug":"priepustny-plastovy-paker","status":"publish","type":"product","link":"https:\/\/www.sanier.pl\/sk\/produkt\/priepustny-plastovy-paker\/","title":{"rendered":"Priepustn\u00fd plastov\u00fd paker 12-16\/85 mm"},"content":{"rendered":"<p><img loading=\"lazy\" decoding=\"async\" class=\"wp-image-3714 aligncenter\" src=\"https:\/\/sanier.pl\/wp-content\/uploads\/2017\/04\/IZOservice.png\" alt=\"IZOservice\" width=\"285\" height=\"70\" \/><\/p>\n<h1><strong>Priepustn\u00fd plastov\u00fd paker 12-16\/85 mm<\/strong><\/h1>\n<p data-start=\"0\" data-end=\"331\"><strong>Priepustn\u00fd plastov\u00fd paker 12-16\/85 mm<\/strong> je profesion\u00e1lny n\u00e1stroj ur\u010den\u00fd na injekt\u00e1\u017ee v stavebn\u00fdch kon\u0161trukci\u00e1ch, najm\u00e4 odpor\u00fa\u010dan\u00fd na pou\u017eitie s akrylov\u00fdmi g\u00e9lmi a polyuret\u00e1nov\u00fdmi \u017eivicami. Je vybaven\u00fd \u0161picatou kovovou kalamitkou, ktor\u00e1 zaru\u010duje vynikaj\u00facu tesnos\u0165 po\u010das aplik\u00e1cie, zabezpe\u010duj\u00fac \u00fa\u010dinnos\u0165 a kontrolu prietoku injekt\u00e1\u017ee.<\/p>\n<p data-start=\"333\" data-end=\"634\">K\u00f3nick\u00fd tvar pakera umo\u017e\u0148uje \u013eahk\u00e9 pou\u017eitie v otvoroch s priemerom do 16 mm a mo\u017enos\u0165 odskrutkovania kalamitky umo\u017e\u0148uje presn\u00fa kontrolu prietoku injekt\u00e1\u017eneho materi\u00e1lu. Produkt je jednoduch\u00fd a r\u00fdchly na mont\u00e1\u017e v\u010faka pou\u017eitiu ru\u010dn\u00e9ho alebo strojn\u00e9ho kladiva, \u010do ho rob\u00ed pohodln\u00fdm a efekt\u00edvnym rie\u0161en\u00edm.<\/p>\n<h4 data-start=\"636\" data-end=\"652\">V\u00fdhody produktu:<\/h4>\n<p data-start=\"654\" data-end=\"973\" data-is-last-node=\"\" data-is-only-node=\"\">Vyroben\u00fd z odoln\u00e9ho materi\u00e1lu s kovovou kalamitkou pre vynikaj\u00facu tesnos\u0165. K\u00f3nick\u00fd tvar u\u013eah\u010duje pou\u017eitie v otvoroch do 16 mm. Odkr\u00fatenie kalamitky umo\u017e\u0148uje kontrolu prietoku injekt\u00e1\u017ee. Ide\u00e1lny na injekt\u00e1\u017ee akrylov\u00fdmi g\u00e9lmi a polyuret\u00e1nov\u00fdmi \u017eivicami. Jednoduch\u00e1 a r\u00fdchla mont\u00e1\u017e pomocou ru\u010dn\u00e9ho alebo strojn\u00e9ho kladiva.<\/p>\n","protected":false},"excerpt":{"rendered":"<p><strong>Priepustn\u00fd plastov\u00fd paker 12-16\/85 mm<\/strong> na injekt\u00e1\u017ee akrylov\u00fdmi g\u00e9lmi a polyuret\u00e1nov\u00fdmi \u017eivicami. K\u00f3nick\u00fd tvar umo\u017e\u0148uje pou\u017eitie v otvoroch do 16 mm a kovov\u00e1 kalamitka zaru\u010duje tesnos\u0165 a kontrolu prietoku injekt\u00e1\u017ee. Jednoduch\u00e1 a r\u00fdchla mont\u00e1\u017e, ide\u00e1lny na presn\u00e9 aplik\u00e1cie.<\/p>\n","protected":false},"featured_media":265069,"comment_status":"open","ping_status":"closed","template":"","meta":[],"product_brand":[],"product_cat":[1038,1059,1041,917,1045,916],"product_tag":[1060],"class_list":{"0":"post-279250","1":"product","2":"type-product","3":"status-publish","4":"has-post-thumbnail","6":"product_cat-iniekcje-rys-i-pekniec-sk","7":"product_cat-izoserwis-sk","8":"product_cat-materialy-uzupelniajace-akcesoria-iniekcje-rys-i-pekniec-sk","9":"product_cat-materialy-uzupelniajace-akcesoria-uszczelnienie-budynku-od-wewnatrz-sk","10":"product_cat-producenci-sk","11":"product_cat-uszczelnienie-budynku-od-wewnatrz-sk","12":"product_tag-izoservice-sk","13":"product_shipping_class-latwa-wysylka-sk","15":"first","16":"instock","17":"taxable","18":"shipping-taxable","19":"purchasable","20":"product-type-simple"},"_links":{"self":[{"href":"https:\/\/www.sanier.pl\/sk\/wp-json\/wp\/v2\/product\/279250","targetHints":{"allow":["GET"]}}],"collection":[{"href":"https:\/\/www.sanier.pl\/sk\/wp-json\/wp\/v2\/product"}],"about":[{"href":"https:\/\/www.sanier.pl\/sk\/wp-json\/wp\/v2\/types\/product"}],"replies":[{"embeddable":true,"href":"https:\/\/www.sanier.pl\/sk\/wp-json\/wp\/v2\/comments?post=279250"}],"wp:featuredmedia":[{"embeddable":true,"href":"https:\/\/www.sanier.pl\/sk\/wp-json\/wp\/v2\/media\/265069"}],"wp:attachment":[{"href":"https:\/\/www.sanier.pl\/sk\/wp-json\/wp\/v2\/media?parent=279250"}],"wp:term":[{"taxonomy":"product_brand","embeddable":true,"href":"https:\/\/www.sanier.pl\/sk\/wp-json\/wp\/v2\/product_brand?post=279250"},{"taxonomy":"product_cat","embeddable":true,"href":"https:\/\/www.sanier.pl\/sk\/wp-json\/wp\/v2\/product_cat?post=279250"},{"taxonomy":"product_tag","embeddable":true,"href":"https:\/\/www.sanier.pl\/sk\/wp-json\/wp\/v2\/product_tag?post=279250"}],"curies":[{"name":"wp","href":"https:\/\/api.w.org\/{rel}","templated":true}]}}