{"id":279248,"date":"2017-04-13T16:29:37","date_gmt":"2017-04-13T16:29:37","guid":{"rendered":"https:\/\/www.sanier.pl\/produkt\/paker-plastikowy-1880-mm-pod-szybkozlaczke\/"},"modified":"2025-03-14T11:32:27","modified_gmt":"2025-03-14T11:32:27","slug":"plastovy-paker","status":"publish","type":"product","link":"https:\/\/www.sanier.pl\/sk\/produkt\/plastovy-paker\/","title":{"rendered":"Plastov\u00fd paker 18\/80 mm s r\u00fdchlospojkou"},"content":{"rendered":"<p><img loading=\"lazy\" decoding=\"async\" class=\"wp-image-3714 aligncenter\" src=\"https:\/\/sanier.pl\/wp-content\/uploads\/2017\/04\/IZOservice.png\" alt=\"IZOservice\" width=\"285\" height=\"70\" \/><\/p>\n<h1>Plastov\u00fd paker 18\/80 mm s r\u00fdchlospojkou<\/h1>\n<p data-start=\"0\" data-end=\"401\">Plastov\u00fd paker 18\/80 mm s r\u00fdchlospojkou je profesion\u00e1lna s\u00fa\u010das\u0165 pou\u017e\u00edvan\u00e1 v technol\u00f3gii injekt\u00e1\u017ee. Je vybaven\u00fd r\u00fdchlospojkou, ktor\u00e1 umo\u017e\u0148uje jednoduch\u00e9 a r\u00fdchle pripojenie injekt\u00e1\u017enych zariaden\u00ed, \u010do v\u00fdrazne ur\u00fdch\u013euje pr\u00e1ce na utes\u0148ovan\u00ed a zosil\u0148ovan\u00ed stavebn\u00fdch kon\u0161trukci\u00ed. Produkt vyroben\u00fd z kvalitn\u00e9ho plastu sa vyzna\u010duje odolnos\u0165ou a odolnos\u0165ou proti tlaku po\u010das aplik\u00e1cie injekt\u00e1\u017enych materi\u00e1lov.<\/p>\n<p data-start=\"403\" data-end=\"627\">Paker je ide\u00e1lny na pou\u017eitie v r\u00f4znych stavebn\u00fdch podmienkach, vr\u00e1tane utes\u0148ovania trhl\u00edn a praskl\u00edn, zosil\u0148ovania bet\u00f3nu alebo hydroizol\u00e1cie z\u00e1kladov. Presn\u00e1 kon\u0161trukcia zaru\u010duje spo\u013eahlivos\u0165 a tesnos\u0165 injekt\u00e1\u017eneho syst\u00e9mu.<\/p>\n<h4 data-start=\"629\" data-end=\"645\">V\u00fdhody produktu:<\/h4>\n<p data-start=\"647\" data-end=\"913\">Jednoduch\u00e9 pou\u017eitie: R\u00fdchlospojka umo\u017e\u0148uje okam\u017eit\u00e9 pripojenie injekt\u00e1\u017eneho zariadenia. Trv\u00e1cnos\u0165: Pevn\u00fd plast odoln\u00fd proti tlaku. Univerz\u00e1lnos\u0165: Vynikaj\u00faci na utes\u0148ovanie, zosil\u0148ovanie kon\u0161trukci\u00ed a hydroizol\u00e1ciu. Presnos\u0165: Zaru\u010duje tesnos\u0165 a efekt\u00edvnos\u0165 aplik\u00e1cie.<\/p>\n<h4 data-start=\"915\" data-end=\"953\">Vlastnosti plastov\u00e9ho pakera 18\/80 mm:<\/h4>\n<ul data-start=\"954\" data-end=\"1087\">\n<li data-start=\"954\" data-end=\"982\">koncovka vyroben\u00e1 z plastu<\/li>\n<li data-start=\"983\" data-end=\"1010\">vybaven\u00fd sp\u00e4tn\u00fdm ventilom<\/li>\n<li data-start=\"1011\" data-end=\"1045\">upevnen\u00fd pomocou ru\u010dn\u00e9ho kladiva<\/li>\n<li data-start=\"1046\" data-end=\"1087\">injekt\u00e1\u017e sa pod\u00e1va pomocou r\u00fdchlospojky<\/li>\n<\/ul>\n<h4 data-start=\"1089\" data-end=\"1125\">Pou\u017eitie plastov\u00e9ho pakera 18\/80 mm:<\/h4>\n<ul data-start=\"1126\" data-end=\"1192\" data-is-only-node=\"\" data-is-last-node=\"\">\n<li data-start=\"1126\" data-end=\"1149\">utes\u0148ovacie injekt\u00e1\u017ee<\/li>\n<li data-start=\"1150\" data-end=\"1170\">v\u00fdpl\u0148ov\u00e9 injekt\u00e1\u017ee<\/li>\n<li data-start=\"1171\" data-end=\"1192\" data-is-last-node=\"\">cementov\u00e9 suspensie<\/li>\n<\/ul>\n","protected":false},"excerpt":{"rendered":"<p>Plastov\u00fd paker 18\/80 mm s r\u00fdchlospojkou Plastov\u00fd paker 18\/80 mm s r\u00fdchlospojkou je profesion\u00e1lna s\u00fa\u010das\u0165 pou\u017e\u00edvan\u00e1 v technol\u00f3gii injekt\u00e1\u017ee. Je vybaven\u00fd r\u00fdchlospojkou, ktor\u00e1 umo\u017e\u0148uje jednoduch\u00e9 a<span class=\"excerpt-hellip\"> [\u2026]<\/span><\/p>\n","protected":false},"featured_media":265072,"comment_status":"open","ping_status":"closed","template":"","meta":{"_acf_changed":false},"product_brand":[],"product_cat":[1038,1059,917,1054,1041,1045,916],"product_tag":[1060],"class_list":{"0":"post-279248","1":"product","2":"type-product","3":"status-publish","4":"has-post-thumbnail","6":"product_cat-iniekcje-rys-i-pekniec-sk","7":"product_cat-izoserwis-sk","8":"product_cat-materialy-uzupelniajace-akcesoria-uszczelnienie-budynku-od-wewnatrz-sk","9":"product_cat-materialy-uzupelniajace-akcesoria-hydroizolacje-zbiornikow-i-kanalizacji-sk","10":"product_cat-materialy-uzupelniajace-akcesoria-iniekcje-rys-i-pekniec-sk","11":"product_cat-producenci-sk","12":"product_cat-uszczelnienie-budynku-od-wewnatrz-sk","13":"product_tag-izoservice-sk","14":"product_shipping_class-latwa-wysylka-sk","16":"first","17":"instock","18":"taxable","19":"shipping-taxable","20":"purchasable","21":"product-type-simple"},"acf":[],"_links":{"self":[{"href":"https:\/\/www.sanier.pl\/sk\/wp-json\/wp\/v2\/product\/279248","targetHints":{"allow":["GET"]}}],"collection":[{"href":"https:\/\/www.sanier.pl\/sk\/wp-json\/wp\/v2\/product"}],"about":[{"href":"https:\/\/www.sanier.pl\/sk\/wp-json\/wp\/v2\/types\/product"}],"replies":[{"embeddable":true,"href":"https:\/\/www.sanier.pl\/sk\/wp-json\/wp\/v2\/comments?post=279248"}],"wp:featuredmedia":[{"embeddable":true,"href":"https:\/\/www.sanier.pl\/sk\/wp-json\/wp\/v2\/media\/265072"}],"wp:attachment":[{"href":"https:\/\/www.sanier.pl\/sk\/wp-json\/wp\/v2\/media?parent=279248"}],"wp:term":[{"taxonomy":"product_brand","embeddable":true,"href":"https:\/\/www.sanier.pl\/sk\/wp-json\/wp\/v2\/product_brand?post=279248"},{"taxonomy":"product_cat","embeddable":true,"href":"https:\/\/www.sanier.pl\/sk\/wp-json\/wp\/v2\/product_cat?post=279248"},{"taxonomy":"product_tag","embeddable":true,"href":"https:\/\/www.sanier.pl\/sk\/wp-json\/wp\/v2\/product_tag?post=279248"}],"curies":[{"name":"wp","href":"https:\/\/api.w.org\/{rel}","templated":true}]}}