{"id":279237,"date":"2017-04-19T08:36:39","date_gmt":"2017-04-19T08:36:39","guid":{"rendered":"https:\/\/www.sanier.pl\/produkt\/walek-microfibra\/"},"modified":"2025-03-14T10:54:55","modified_gmt":"2025-03-14T10:54:55","slug":"walek-microfibra","status":"publish","type":"product","link":"https:\/\/www.sanier.pl\/sk\/produkt\/walek-microfibra\/","title":{"rendered":"Val\u010dek MICROFIBRA"},"content":{"rendered":"<p>[vc_row][vc_column][vc_column_text]<img loading=\"lazy\" decoding=\"async\" class=\"wp-image-3296 aligncenter\" src=\"https:\/\/sanier.pl\/wp-content\/uploads\/2017\/03\/Logo-BDT.jpg\" alt=\"blue dolphin\" width=\"250\" height=\"75\" srcset=\"https:\/\/www.sanier.pl\/wp-content\/uploads\/2017\/03\/Logo-BDT.jpg 473w, https:\/\/www.sanier.pl\/wp-content\/uploads\/2017\/03\/Logo-BDT-300x90.jpg 300w, https:\/\/www.sanier.pl\/wp-content\/uploads\/2017\/03\/Logo-BDT-350x105.jpg 350w\" sizes=\"auto, (max-width:767px) 250px, 250px\" \/><\/p>\n<div class=\"flex max-w-full flex-col flex-grow\">\n<div class=\"min-h-8 text-message relative flex w-full flex-col items-end gap-2 whitespace-normal break-words text-start [.text-message+&amp;]:mt-5\" dir=\"auto\" data-message-author-role=\"assistant\" data-message-id=\"5246bca6-8809-4e98-830e-1193df6197f9\" data-message-model-slug=\"gpt-4o-mini\">\n<div class=\"flex w-full flex-col gap-1 empty:hidden first:pt-[3px]\">\n<h1 data-start=\"0\" data-end=\"269\">Val\u010dek MICROFIBRA<\/h1>\n<p data-start=\"0\" data-end=\"269\">Val\u010dek MICROFIBRA je profesion\u00e1lne maliarske n\u00e1radie vyroben\u00e9 z ve\u013emi sav\u00e9ho mikrovl\u00e1kna, \u010do zaru\u010duje rovnomern\u00e9 nan\u00e1\u0161anie farieb a in\u00fdch povrchov\u00fdch materi\u00e1lov. Pou\u017eitie technol\u00f3gie termof\u00fazie zabezpe\u010duje trv\u00e1cnos\u0165 a spo\u013eahlivos\u0165 val\u010deka, aj pri intenz\u00edvnom pou\u017e\u00edvan\u00ed.<\/p>\n<p data-start=\"271\" data-end=\"571\">V\u010faka svojej kon\u0161trukcii je val\u010dek ide\u00e1lny na ma\u013eovanie hladk\u00fdch povrchov r\u00f4znymi farbami, ako s\u00fa riedke emulzie, latexov\u00e9 farby, laz\u00fary, moridl\u00e1 a polyuret\u00e1ny. Jeho vynikaj\u00faca savos\u0165 umo\u017e\u0148uje \u00fa\u010dinn\u00e9 a rovnomern\u00e9 rozdelenie materi\u00e1lu, \u010do ho rob\u00ed neocenite\u013en\u00fdm pri dekora\u010dn\u00fdch a dokon\u010dovac\u00edch pr\u00e1cach.<\/p>\n<p data-start=\"573\" data-end=\"589\">V\u00fdhody produktu:<\/p>\n<p data-start=\"591\" data-end=\"930\" data-is-last-node=\"\" data-is-only-node=\"\">Vyroben\u00fd z mikrovl\u00e1kna, ktor\u00e9 zabezpe\u010duje vysok\u00fa savos\u0165 a rovnomern\u00e9 pokrytie. Technol\u00f3gia termof\u00fazie zvy\u0161uje trv\u00e1cnos\u0165 a odolnos\u0165 val\u010deka. Ur\u010den\u00fd pre riedke emulzie, latexov\u00e9 farby, laz\u00fary, moridl\u00e1 a polyuret\u00e1ny. Ide\u00e1lny na ma\u013eovanie hladk\u00fdch povrchov, ako s\u00fa steny, n\u00e1bytok alebo dvere. Profesion\u00e1lne dokon\u010denie bez \u0161m\u00fah a nedokonalost\u00ed.<\/p>\n<\/div>\n<\/div>\n<\/div>\n<div class=\"mb-2 flex gap-3 -ml-2\" tabindex=\"0\"><\/div>\n<p>[\/vc_column_text][\/vc_column][\/vc_row]<\/p>\n","protected":false},"excerpt":{"rendered":"<p><strong>Val\u010dek MICROFIBRA<\/strong> z ve\u013emi sav\u00e9ho mikrovl\u00e1kna, vyroben\u00fd v technol\u00f3gii termof\u00fazie, je ide\u00e1lny na ma\u013eovanie hladk\u00fdch povrchov riedkymi farbami, emulziami, latexov\u00fdmi farbami, laz\u00farami, moridlami a polyuret\u00e1nmi. Zaru\u010duje rovnomern\u00e9 pokrytie a estetick\u00e9 dokon\u010denie.<\/p>\n","protected":false},"featured_media":265318,"comment_status":"open","ping_status":"closed","template":"","meta":{"_acf_changed":false},"product_brand":[],"product_cat":[1051,1052,884],"product_tag":[1053],"class_list":{"0":"post-279237","1":"product","2":"type-product","3":"status-publish","4":"has-post-thumbnail","6":"product_cat-blue-dolphin-sk","7":"product_cat-materialy-uzupelniajace-akcesoria-materialy-wykonczeniowe-sk","8":"product_cat-materialy-wykonczeniowe-sk","9":"product_tag-blue-dolphin-sk","11":"first","12":"instock","13":"taxable","14":"shipping-taxable","15":"purchasable","16":"product-type-variable","17":"has-default-attributes"},"acf":[],"_links":{"self":[{"href":"https:\/\/www.sanier.pl\/sk\/wp-json\/wp\/v2\/product\/279237","targetHints":{"allow":["GET"]}}],"collection":[{"href":"https:\/\/www.sanier.pl\/sk\/wp-json\/wp\/v2\/product"}],"about":[{"href":"https:\/\/www.sanier.pl\/sk\/wp-json\/wp\/v2\/types\/product"}],"replies":[{"embeddable":true,"href":"https:\/\/www.sanier.pl\/sk\/wp-json\/wp\/v2\/comments?post=279237"}],"wp:featuredmedia":[{"embeddable":true,"href":"https:\/\/www.sanier.pl\/sk\/wp-json\/wp\/v2\/media\/265318"}],"wp:attachment":[{"href":"https:\/\/www.sanier.pl\/sk\/wp-json\/wp\/v2\/media?parent=279237"}],"wp:term":[{"taxonomy":"product_brand","embeddable":true,"href":"https:\/\/www.sanier.pl\/sk\/wp-json\/wp\/v2\/product_brand?post=279237"},{"taxonomy":"product_cat","embeddable":true,"href":"https:\/\/www.sanier.pl\/sk\/wp-json\/wp\/v2\/product_cat?post=279237"},{"taxonomy":"product_tag","embeddable":true,"href":"https:\/\/www.sanier.pl\/sk\/wp-json\/wp\/v2\/product_tag?post=279237"}],"curies":[{"name":"wp","href":"https:\/\/api.w.org\/{rel}","templated":true}]}}