{"id":279229,"date":"2017-04-19T09:36:38","date_gmt":"2017-04-19T09:36:38","guid":{"rendered":"https:\/\/www.sanier.pl\/produkt\/walek-velur\/"},"modified":"2025-03-14T10:39:36","modified_gmt":"2025-03-14T10:39:36","slug":"walek-velur","status":"publish","type":"product","link":"https:\/\/www.sanier.pl\/sk\/produkt\/walek-velur\/","title":{"rendered":"Val\u010dek VELUR"},"content":{"rendered":"<p>[vc_row][vc_column][vc_column_text]<img loading=\"lazy\" decoding=\"async\" class=\"wp-image-3296 aligncenter\" src=\"https:\/\/sanier.pl\/wp-content\/uploads\/2017\/03\/Logo-BDT.jpg\" alt=\"blue dolphin\" width=\"250\" height=\"75\" srcset=\"https:\/\/www.sanier.pl\/wp-content\/uploads\/2017\/03\/Logo-BDT.jpg 473w, https:\/\/www.sanier.pl\/wp-content\/uploads\/2017\/03\/Logo-BDT-300x90.jpg 300w, https:\/\/www.sanier.pl\/wp-content\/uploads\/2017\/03\/Logo-BDT-350x105.jpg 350w\" sizes=\"auto, (max-width:767px) 250px, 250px\" \/><\/p>\n<h1 data-start=\"0\" data-end=\"304\">Val\u010dek VELUR<\/h1>\n<p data-start=\"0\" data-end=\"304\">Val\u010dek VELUR je profesion\u00e1lny maliarsky n\u00e1stroj, vyroben\u00fd z vysoko kvalitnej vlny pomocou technol\u00f3gie termof\u00fazie, \u010do zabezpe\u010duje jeho trvanlivos\u0165 a spo\u013eahlivos\u0165. V\u010faka odolnosti vo\u010di rozp\u00fa\u0161\u0165adl\u00e1m je ide\u00e1lny na pr\u00e1cu s n\u00e1ro\u010dn\u00fdmi materi\u00e1lmi, ako s\u00fa dvojzlo\u017ekov\u00e9 laky, polyesterov\u00e9, epoxidov\u00e9 laky a \u017eivice.<\/p>\n<p data-start=\"306\" data-end=\"586\">Val\u010dek je navrhnut\u00fd na prec\u00edzne ma\u013eovanie hladk\u00fdch povrchov, ako s\u00fa n\u00e1bytok, dekora\u010dn\u00e9 prvky alebo kon\u0161trukcie, ktor\u00e9 si vy\u017eaduj\u00fa dokonal\u00fd povrch. Jeho odolnos\u0165 a vynikaj\u00faca \u0161trukt\u00fara umo\u017e\u0148uj\u00fa rovnomern\u00e9 nan\u00e1\u0161anie materi\u00e1lu, \u010do zaru\u010duje estetick\u00fd kone\u010dn\u00fd efekt bez \u0161m\u00fah a kvapiek.<\/p>\n<p data-start=\"588\" data-end=\"604\">V\u00fdhody produktu:<\/p>\n<p data-start=\"606\" data-end=\"939\" data-is-last-node=\"\" data-is-only-node=\"\">Vyroben\u00fd z vysoko kvalitnej vlny, ktor\u00e1 zabezpe\u010duje rovnomern\u00e9 pokrytie. Technol\u00f3gia termof\u00fazie eliminuje riziko odlepenia po\u0165ahu. Odoln\u00fd vo\u010di rozp\u00fa\u0161\u0165adl\u00e1m, ide\u00e1lny na pr\u00e1cu s n\u00e1ro\u010dn\u00fdmi lakmi a \u017eivicami. Ur\u010den\u00fd na ma\u013eovanie hladk\u00fdch povrchov, poskytuj\u00faci dokonal\u00fd fini\u0161. Trvanliv\u00fd a spo\u013eahliv\u00fd, ide\u00e1lny pre profesion\u00e1lov aj amat\u00e9rov.<\/p>\n<p>[\/vc_column_text][\/vc_column][\/vc_row]<\/p>\n","protected":false},"excerpt":{"rendered":"<p>Val\u010dek VELUR vyroben\u00fd z vlny pomocou technol\u00f3gie termof\u00fazie, odoln\u00fd vo\u010di rozp\u00fa\u0161\u0165adl\u00e1m, je ide\u00e1lny na pr\u00e1cu s dvojzlo\u017ekov\u00fdmi lakmi, polyesterov\u00fdmi, epoxidov\u00fdmi lakmi a \u017eivicami. Zabezpe\u010duje prec\u00edzne ma\u013eovanie hladk\u00fdch povrchov, garantuj\u00fac estetick\u00fd a profesion\u00e1lny fini\u0161.<\/p>\n","protected":false},"featured_media":265315,"comment_status":"open","ping_status":"closed","template":"","meta":[],"product_brand":[],"product_cat":[1051,881,879,920,1038,1058,1056,943,1054,918,1052,1041,1057,1033,1055,917,884,902,916],"product_tag":[1053],"class_list":{"0":"post-279229","1":"product","2":"type-product","3":"status-publish","4":"has-post-thumbnail","6":"product_cat-blue-dolphin-sk","7":"product_cat-hydroizolacja-balkonu-i-tarasu-sk","8":"product_cat-hydroizolacja-fundamentu-sk","9":"product_cat-hydroizolacje-zbiornikow-i-kanalizacji-sk","10":"product_cat-iniekcje-rys-i-pekniec-sk","11":"product_cat-materialy-uzupelniajace-akcesoria-dachy-plaskie-i-zielone-sk","12":"product_cat-materialy-uzupelniajace-akcesoria-ocieplenie-sk","13":"product_cat-materialy-uzupelniajace-akcesoria-sk","14":"product_cat-materialy-uzupelniajace-akcesoria-hydroizolacje-zbiornikow-i-kanalizacji-sk","15":"product_cat-materialy-uzupelniajace-akcesoria-tynki-renowacyjne-sk","16":"product_cat-materialy-uzupelniajace-akcesoria-materialy-wykonczeniowe-sk","17":"product_cat-materialy-uzupelniajace-akcesoria-iniekcje-rys-i-pekniec-sk","18":"product_cat-materialy-uzupelniajace-akcesoria-ochrona-i-naprawa-betonu-sk","19":"product_cat-materialy-uzupelniajace-akcesoria-hydroizolacja-balkonu-i-tarasu-sk","20":"product_cat-materialy-uzupelniajace-akcesoria-renowacja-elewacji-sk","21":"product_cat-materialy-uzupelniajace-akcesoria-uszczelnienie-budynku-od-wewnatrz-sk","22":"product_cat-materialy-wykonczeniowe-sk","23":"product_cat-ochrona-i-naprawa-betonu-sk","24":"product_cat-uszczelnienie-budynku-od-wewnatrz-sk","25":"product_tag-blue-dolphin-sk","26":"product_shipping_class-latwa-wysylka-sk","28":"first","29":"instock","30":"taxable","31":"shipping-taxable","32":"purchasable","33":"product-type-variable","34":"has-default-attributes"},"_links":{"self":[{"href":"https:\/\/www.sanier.pl\/sk\/wp-json\/wp\/v2\/product\/279229","targetHints":{"allow":["GET"]}}],"collection":[{"href":"https:\/\/www.sanier.pl\/sk\/wp-json\/wp\/v2\/product"}],"about":[{"href":"https:\/\/www.sanier.pl\/sk\/wp-json\/wp\/v2\/types\/product"}],"replies":[{"embeddable":true,"href":"https:\/\/www.sanier.pl\/sk\/wp-json\/wp\/v2\/comments?post=279229"}],"wp:featuredmedia":[{"embeddable":true,"href":"https:\/\/www.sanier.pl\/sk\/wp-json\/wp\/v2\/media\/265315"}],"wp:attachment":[{"href":"https:\/\/www.sanier.pl\/sk\/wp-json\/wp\/v2\/media?parent=279229"}],"wp:term":[{"taxonomy":"product_brand","embeddable":true,"href":"https:\/\/www.sanier.pl\/sk\/wp-json\/wp\/v2\/product_brand?post=279229"},{"taxonomy":"product_cat","embeddable":true,"href":"https:\/\/www.sanier.pl\/sk\/wp-json\/wp\/v2\/product_cat?post=279229"},{"taxonomy":"product_tag","embeddable":true,"href":"https:\/\/www.sanier.pl\/sk\/wp-json\/wp\/v2\/product_tag?post=279229"}],"curies":[{"name":"wp","href":"https:\/\/api.w.org\/{rel}","templated":true}]}}