{"id":279225,"date":"2017-04-19T09:45:22","date_gmt":"2017-04-19T09:45:22","guid":{"rendered":"https:\/\/www.sanier.pl\/produkt\/walek-bluewhite\/"},"modified":"2025-03-14T10:30:46","modified_gmt":"2025-03-14T10:30:46","slug":"walek-bluewhite","status":"publish","type":"product","link":"https:\/\/www.sanier.pl\/sk\/produkt\/walek-bluewhite\/","title":{"rendered":"Val\u010dek BLUEWHITE"},"content":{"rendered":"<p>[vc_row][vc_column][vc_column_text]<img loading=\"lazy\" decoding=\"async\" class=\"wp-image-3296 aligncenter\" src=\"https:\/\/sanier.pl\/wp-content\/uploads\/2017\/03\/Logo-BDT.jpg\" alt=\"blue dolphin\" width=\"250\" height=\"75\" srcset=\"https:\/\/www.sanier.pl\/wp-content\/uploads\/2017\/03\/Logo-BDT.jpg 473w, https:\/\/www.sanier.pl\/wp-content\/uploads\/2017\/03\/Logo-BDT-300x90.jpg 300w, https:\/\/www.sanier.pl\/wp-content\/uploads\/2017\/03\/Logo-BDT-350x105.jpg 350w\" sizes=\"auto, (max-width:767px) 250px, 250px\" \/><\/p>\n<h1 data-start=\"0\" data-end=\"379\">Val\u010dek BLUEWHITE<\/h1>\n<p data-start=\"0\" data-end=\"379\">Val\u010dek BLUEWHITE je profesion\u00e1lne maliarske n\u00e1stroje navrhnut\u00e9 pre pr\u00e1cu na nerovn\u00fdch povrchoch. Vyroben\u00fd z \u0165a\u017eko oteruvzdorn\u00e9ho, na roztrhnutie odoln\u00e9ho poliakrylov\u00e9ho tkaniva, vyu\u017e\u00edvaj\u00faci technol\u00f3giu termof\u00fazie, zaru\u010duje v\u00fdnimo\u010dn\u00fa odolnos\u0165 a spo\u013eahlivos\u0165. V\u010faka svojej kon\u0161trukcii zaru\u010duje rovnomern\u00e9 nan\u00e1\u0161anie farieb, aj na \u0165a\u017ek\u00fdch povrchoch, bez rizika po\u0161kodenia alebo \u0161m\u00fah.<\/p>\n<p data-start=\"381\" data-end=\"647\">Ide\u00e1lny na pou\u017eitie s emulzn\u00fdmi a latexov\u00fdmi farbami, val\u010dek BLUEWHITE umo\u017e\u0148uje dosiahnu\u0165 vysokokvalitn\u00e9 dokon\u010denie bez oh\u013eadu na podmienky pr\u00e1ce. Odolnos\u0165 a odolnos\u0165 proti oderu robia tento n\u00e1stroj vhodn\u00fdm pre profesion\u00e1lov aj amat\u00e9rov v oblasti dokon\u010dovac\u00edch pr\u00e1c.<\/p>\n<h4 data-start=\"649\" data-end=\"665\">V\u00fdhody produktu:<\/h4>\n<p data-start=\"667\" data-end=\"987\" data-is-only-node=\"\" data-is-last-node=\"\">Vyroben\u00fd z odolnej poliakrylovej tkaniny, ktor\u00e1 zaru\u010duje dlh\u00fa \u017eivotnos\u0165. Technol\u00f3gia termof\u00fazie eliminuje riziko odlepovania povlaku. Ur\u010den\u00fd na ma\u013eovanie nerovn\u00fdch povrchov. Navrhnut\u00fd pre emulzn\u00e9 a latexov\u00e9 farby, zaru\u010duj\u00faci rovnomern\u00e9 pokrytie. Trval\u00e1 kon\u0161trukcia odoln\u00e1 proti trhaniu, ide\u00e1lna na intenz\u00edvne pou\u017e\u00edvanie.<\/p>\n<p>[\/vc_column_text][\/vc_column][\/vc_row]<\/p>\n","protected":false},"excerpt":{"rendered":"<p>Val\u010dek z \u0165a\u017eko oteruvzdorn\u00e9ho poliakrylov\u00e9ho tkaniva, vyroben\u00fd technol\u00f3giou termof\u00fazie, zaru\u010duje trvanlivos\u0165 a rovnomern\u00e9 nan\u00e1\u0161anie emulzn\u00fdch a latexov\u00fdch farieb. Odoln\u00fd proti roztrhnutiu a oderu, vynikaj\u00faco sa osved\u010duje na nerovn\u00fdch povrchoch, zaru\u010duj\u00fac profesion\u00e1lne dokon\u010denie.<\/p>\n","protected":false},"featured_media":265312,"comment_status":"open","ping_status":"closed","template":"","meta":[],"product_brand":[],"product_cat":[1051,1052,884],"product_tag":[1053],"class_list":{"0":"post-279225","1":"product","2":"type-product","3":"status-publish","4":"has-post-thumbnail","6":"product_cat-blue-dolphin-sk","7":"product_cat-materialy-uzupelniajace-akcesoria-materialy-wykonczeniowe-sk","8":"product_cat-materialy-wykonczeniowe-sk","9":"product_tag-blue-dolphin-sk","10":"product_shipping_class-latwa-wysylka-sk","12":"first","13":"instock","14":"taxable","15":"shipping-taxable","16":"purchasable","17":"product-type-variable"},"_links":{"self":[{"href":"https:\/\/www.sanier.pl\/sk\/wp-json\/wp\/v2\/product\/279225","targetHints":{"allow":["GET"]}}],"collection":[{"href":"https:\/\/www.sanier.pl\/sk\/wp-json\/wp\/v2\/product"}],"about":[{"href":"https:\/\/www.sanier.pl\/sk\/wp-json\/wp\/v2\/types\/product"}],"replies":[{"embeddable":true,"href":"https:\/\/www.sanier.pl\/sk\/wp-json\/wp\/v2\/comments?post=279225"}],"wp:featuredmedia":[{"embeddable":true,"href":"https:\/\/www.sanier.pl\/sk\/wp-json\/wp\/v2\/media\/265312"}],"wp:attachment":[{"href":"https:\/\/www.sanier.pl\/sk\/wp-json\/wp\/v2\/media?parent=279225"}],"wp:term":[{"taxonomy":"product_brand","embeddable":true,"href":"https:\/\/www.sanier.pl\/sk\/wp-json\/wp\/v2\/product_brand?post=279225"},{"taxonomy":"product_cat","embeddable":true,"href":"https:\/\/www.sanier.pl\/sk\/wp-json\/wp\/v2\/product_cat?post=279225"},{"taxonomy":"product_tag","embeddable":true,"href":"https:\/\/www.sanier.pl\/sk\/wp-json\/wp\/v2\/product_tag?post=279225"}],"curies":[{"name":"wp","href":"https:\/\/api.w.org\/{rel}","templated":true}]}}