{"id":279223,"date":"2017-04-05T10:42:38","date_gmt":"2017-04-05T10:42:38","guid":{"rendered":"https:\/\/www.sanier.pl\/produkt\/multicontact-mc-55-w\/"},"modified":"2025-03-14T10:21:01","modified_gmt":"2025-03-14T10:21:01","slug":"multicontact-mc-55-w","status":"publish","type":"product","link":"https:\/\/www.sanier.pl\/sk\/produkt\/multicontact-mc-55-w\/","title":{"rendered":"MultiContact MC 55 W | Baumit"},"content":{"rendered":"<p>[vc_row][vc_column][vc_column_text]<img loading=\"lazy\" decoding=\"async\" class=\"size-full wp-image-3279 aligncenter\" src=\"https:\/\/sanier.pl\/wp-content\/uploads\/2017\/03\/baumit_logo_2012-e1490989945791.jpg\" alt=\"baumit_logo_2012\" width=\"125\" height=\"146\" \/><\/p>\n<h3>Baumit MultiContact MC 55 W<\/h3>\n<p data-start=\"66\" data-end=\"97\"><strong data-start=\"66\" data-end=\"97\">Baumit MultiContact MC 55 W<\/strong><\/p>\n<p data-start=\"99\" data-end=\"322\">Baumit MultiContact MC 55 W je predpripraven\u00e1 such\u00e1 zmes ur\u010den\u00e1 na ru\u010dn\u00fa alebo strojov\u00fa aplik\u00e1ciu. Produkt sa pou\u017e\u00edva ako stierka na zlep\u0161enie pri\u013enavosti k bet\u00f3nu alebo ako miner\u00e1lna tenkovrstv\u00e1 omietka na renov\u00e1ciu fas\u00e1d.<\/p>\n<h4 data-start=\"324\" data-end=\"339\"><strong data-start=\"324\" data-end=\"339\">Vlastnosti:<\/strong><\/h4>\n<ul data-start=\"340\" data-end=\"882\">\n<li data-start=\"340\" data-end=\"457\"><strong data-start=\"342\" data-end=\"386\">Odolnos\u0165 vo\u010di poveternostn\u00fdm podmienkam:<\/strong> MultiContact MC 55 W je odoln\u00fd vo\u010di poveternostn\u00fdm podmienkam a mrazu.<\/li>\n<li data-start=\"458\" data-end=\"539\"><strong data-start=\"460\" data-end=\"477\">Hydrof\u00f3bnos\u0165:<\/strong> M\u00e1 hydrof\u00f3bne vlastnosti, ktor\u00e9 zabra\u0148uj\u00fa nas\u00e1vaniu vlhkosti.<\/li>\n<li data-start=\"540\" data-end=\"674\"><strong data-start=\"542\" data-end=\"563\">Paropriepustnos\u0165:<\/strong> Vysok\u00e1 paropriepustnos\u0165 umo\u017e\u0148uje vo\u013en\u00fd prenos vodnej pary, \u010d\u00edm zabra\u0148uje kondenz\u00e1cii vlhkosti vo vn\u00fatri stien.<\/li>\n<li data-start=\"675\" data-end=\"786\"><strong data-start=\"677\" data-end=\"706\">Jednoduchos\u0165 spracovania:<\/strong> V\u010faka pr\u00edsad\u00e1m, ktor\u00e9 zlep\u0161uj\u00fa spracovate\u013enos\u0165, je produkt \u013eahko spracovate\u013en\u00fd.<\/li>\n<li data-start=\"787\" data-end=\"882\"><strong data-start=\"789\" data-end=\"803\">Armovanie:<\/strong> Obsahuje textiln\u00e9 vl\u00e1kna, ktor\u00e9 zvy\u0161uj\u00fa pevnos\u0165 zmesi a zlep\u0161uj\u00fa jej odolnos\u0165.<\/li>\n<\/ul>\n<h4 data-start=\"884\" data-end=\"895\"><strong data-start=\"884\" data-end=\"895\">V\u00fdhody:<\/strong><\/h4>\n<ul data-start=\"896\" data-end=\"1338\">\n<li data-start=\"896\" data-end=\"1020\"><strong data-start=\"898\" data-end=\"925\">Univerz\u00e1lnos\u0165 pou\u017eitia:<\/strong> M\u00f4\u017ee by\u0165 pou\u017eit\u00fd na r\u00f4znych podkladoch, ako je bet\u00f3n, miner\u00e1lne omietky, izola\u010dn\u00e9 dosky a in\u00e9.<\/li>\n<li data-start=\"1021\" data-end=\"1130\"><strong data-start=\"1023\" data-end=\"1049\">Zlep\u0161enie pri\u013enavosti:<\/strong> Pou\u017e\u00edva sa ako vrstva na zlep\u0161enie pri\u013enavosti pod podkladov\u00e9 a fin\u00e1lne omietky.<\/li>\n<li data-start=\"1131\" data-end=\"1236\"><strong data-start=\"1133\" data-end=\"1147\">Trv\u00e1cnos\u0165:<\/strong> Odolnos\u0165 vo\u010di mrazu a poveternostn\u00fdm podmienkam zabezpe\u010duje dlhodob\u00fa trv\u00e1cnos\u0165 povrchov.<\/li>\n<li data-start=\"1237\" data-end=\"1338\"><strong data-start=\"1239\" data-end=\"1255\">Elastickos\u0165:<\/strong> V\u010faka n\u00edzkemu modulu pru\u017enosti zmes \u00fa\u010dinne pokr\u00fdva trhliny a zabra\u0148uje ich vzniku.<\/li>\n<\/ul>\n<h4 data-start=\"1340\" data-end=\"1353\"><strong data-start=\"1340\" data-end=\"1353\">Pou\u017eitie:<\/strong><\/h4>\n<p data-start=\"1355\" data-end=\"1742\">Baumit MultiContact MC 55 W je ur\u010den\u00fd na pou\u017eitie ako podkladov\u00e1 vrstva stierky, armovan\u00e1 sklennou tkaninou, na miner\u00e1lne podklady, tepelnoizola\u010dn\u00e9 omietky, omietky na b\u00e1ze syntetick\u00fdch \u017eiv\u00edc a izola\u010dn\u00e9 dosky. M\u00f4\u017ee by\u0165 tie\u017e pou\u017eit\u00fd ako tenkovrstv\u00e1 omietka na povrchov\u00fa \u00fapravu. Produkt sp\u013a\u0148a po\u017eiadavky normy WTA 2-4-94, proced\u00fara F4, t\u00fdkaj\u00face sa technol\u00f3gie renov\u00e1cie popraskan\u00fdch fas\u00e1d.<\/p>\n<h4 data-start=\"1744\" data-end=\"1764\"><strong data-start=\"1744\" data-end=\"1764\">Technick\u00e9 \u00fadaje:<\/strong><\/h4>\n<ul data-start=\"1765\" data-end=\"2443\">\n<li data-start=\"1765\" data-end=\"1809\"><strong data-start=\"1767\" data-end=\"1784\">Klasifik\u00e1cia:<\/strong> CS II pod\u013ea PN-EN 998-1.<\/li>\n<li data-start=\"1810\" data-end=\"1866\"><strong data-start=\"1812\" data-end=\"1840\">Minim\u00e1lna hr\u00fabka vrstvy:<\/strong> 3 mm ako fin\u00e1lna omietka.<\/li>\n<li data-start=\"1867\" data-end=\"1909\"><strong data-start=\"1869\" data-end=\"1892\">Vytrvalos\u0165 na tlak:<\/strong> 3,5 - 7,5 N\/mm\u00b2.<\/li>\n<li data-start=\"1910\" data-end=\"1960\"><strong data-start=\"1912\" data-end=\"1940\">Odpor paropriepustnosti:<\/strong> \u2264 25, pribli\u017ene 10.<\/li>\n<li data-start=\"1961\" data-end=\"2062\"><strong data-start=\"1963\" data-end=\"1998\">Koficient tepelnej vodivosti \u03bb:<\/strong> \u2264 0,820 W\/mK (tabu\u013ekov\u00e1 hodnota pre P = 50% pod\u013ea PN-EN 998-1).<\/li>\n<li data-start=\"2063\" data-end=\"2091\"><strong data-start=\"2065\" data-end=\"2079\">Uziarenie:<\/strong> 0 - 1,2 mm.<\/li>\n<li data-start=\"2092\" data-end=\"2160\"><strong data-start=\"2094\" data-end=\"2107\">Spotreba:<\/strong> pribli\u017ene 1 - 2 kg\/m\u00b2\/mm (v z\u00e1vislosti od podkladu).<\/li>\n<li data-start=\"2161\" data-end=\"2214\"><strong data-start=\"2163\" data-end=\"2177\">V\u00fd\u0165a\u017enos\u0165:<\/strong> pribli\u017ene 24 l mokrej zmesi z vreca.<\/li>\n<li data-start=\"2215\" data-end=\"2260\"><strong data-start=\"2217\" data-end=\"2235\">Potrebn\u00e1 voda:<\/strong> pribli\u017ene 6 - 7 l\/25 kg.<\/li>\n<li data-start=\"2261\" data-end=\"2315\"><strong data-start=\"2263\" data-end=\"2275\">Balenie:<\/strong> Vrece 25 kg, 42 vriec\/paleta = 1050 kg.<\/li>\n<li data-start=\"2316\" data-end=\"2443\"><strong data-start=\"2318\" data-end=\"2334\">Skladovanie:<\/strong> Na suchom a chladnom mieste, na dreven\u00fdch palet\u00e1ch, po dobu 12 mesiacov od d\u00e1tumu v\u00fdroby uveden\u00e9ho na vreci.<\/li>\n<\/ul>\n<h4 data-start=\"2445\" data-end=\"2467\"><strong data-start=\"2445\" data-end=\"2467\">N\u00e1vod na pou\u017eitie:<\/strong><\/h4>\n<p data-start=\"2469\" data-end=\"2851\"><strong data-start=\"2469\" data-end=\"2491\">Pr\u00edprava podkladu:<\/strong><br data-start=\"2491\" data-end=\"2494\" \/>Podklad mus\u00ed by\u0165 \u010dist\u00fd, such\u00fd, nezamrznut\u00fd, odpra\u0161ovan\u00fd a odtu\u010dnen\u00fd, bez v\u00fdkvapov, nosn\u00fd a bez vo\u013en\u00fdch \u010dast\u00edc. Odstr\u00e1\u0148te vo\u013en\u00e9 prvky, vrstvy olupuj\u00facej sa farby, star\u00e9 lepiace farby a latexov\u00e9 n\u00e1tierky, prach, oleje a tuky. Trhliny a praskliny je potrebn\u00e9 roz\u0161\u00edri\u0165 klinovo. Podklady s ve\u013emi vysokou nasiakavostou by mali by\u0165 pred nanesen\u00edm zmesou navlh\u010den\u00e9.<\/p>\n<p data-start=\"2853\" data-end=\"3289\"><strong data-start=\"2853\" data-end=\"2869\">Spracovanie:<\/strong><br data-start=\"2869\" data-end=\"2872\" \/>Zmes mo\u017eno nan\u00e1\u0161a\u0165 ru\u010dne alebo strojovo. Ako vrstvu zlep\u0161uj\u00facu pri\u013enavos\u0165 a ako armovacie vrstvy naneste 3 a\u017e 5 mm zmesi a na \u010derstvo nanesen\u00fa vrstvu pre\u010de\u0161te zmes hrebe\u0148om alebo hladidlom. V oblastiach rizika, kde sa vyskytuj\u00fa trhliny, zmie\u0161an\u00e9 murivo a pod., je potrebn\u00e9 do zmesi zabudova\u0165 odoln\u00fa sklenen\u00fa tkaninu. Pred nanesen\u00edm \u010fal\u0161\u00edch vrstiev treba dodr\u017ea\u0165 technologick\u00fa prest\u00e1vku (1 de\u0148 na 1 mm hr\u00fabky omietky).<\/p>\n<p data-start=\"3291\" data-end=\"3567\"><strong data-start=\"3291\" data-end=\"3302\">Pokyny:<\/strong><br data-start=\"3302\" data-end=\"3305\" \/>Teplota vzduchu a podkladu po\u010das aplik\u00e1cie a procesu tvrdnutia by mala by\u0165 od +5\u00b0C do +25\u00b0C. Chr\u00e1\u0148te pred siln\u00fdm slne\u010dn\u00fdm \u017eiaren\u00edm. V pr\u00edpade r\u00fdchleho schnutia (v d\u00f4sledku vetra alebo slnka) navlh\u010dite, a ak je to potrebn\u00e9, chr\u00e1\u0148te fas\u00e1du a\u017e do \u00fapln\u00e9ho stuhnutia.<\/p>\n<p data-start=\"3569\" data-end=\"3733\">Baumit MultiContact MC 55 W je v\u0161estrann\u00e1 stierka, ktor\u00e1 v\u010faka svojim vlastnostiam a jednoduchosti pou\u017eitia je ide\u00e1lnym rie\u0161en\u00edm na renov\u00e1ciu a ochranu fas\u00e1d budov.<\/p>\n<p data-start=\"3735\" data-end=\"3761\"><a href=\"https:\/\/sanier.pl\/wp-content\/uploads\/2017\/04\/PDBL_MultiContact_MC_55_W.pdf\" target=\"_blank\" rel=\"noopener\"><strong data-start=\"3735\" data-end=\"3761\">Technick\u00e1 karta MC 55W<\/strong><\/a><\/p>\n<p>[\/vc_column_text][\/vc_column][\/vc_row]<\/p>\n","protected":false},"excerpt":{"rendered":"<div class=\"flex max-w-full flex-col flex-grow\">\n<div class=\"min-h-8 text-message relative flex w-full flex-col items-end gap-2 whitespace-normal break-words text-start [.text-message+&amp;]:mt-5\" dir=\"auto\" data-message-author-role=\"assistant\" data-message-id=\"dbffb59b-9f94-4016-937f-f1183cb4865f\" data-message-model-slug=\"gpt-4o-mini\">\n<div class=\"flex w-full flex-col gap-1 empty:hidden first:pt-[3px]\">\n<p data-start=\"40\" data-end=\"241\" data-is-last-node=\"\" data-is-only-node=\"\">MultiContact MC 55 W. Miner\u00e1lna tenkovrstv\u00e1 omietka na renov\u00e1ciu fas\u00e1d, stierka zlep\u0161uj\u00faca pri\u013enavos\u0165 na bet\u00f3n. Na ru\u010dn\u00e9 a strojov\u00e9 spracovanie. Such\u00e1 stavebn\u00e1 zmes sp\u013a\u0148aj\u00faca po\u017eiadavky normy EN 998-1.<\/p>\n<\/div>\n<\/div>\n<\/div>\n<div class=\"mb-2 flex gap-3 -ml-2\" tabindex=\"0\">\n<div class=\"flex items-center justify-start rounded-xl p-1\">\n<div class=\"flex items-center\"><\/div>\n<\/div>\n<\/div>\n","protected":false},"featured_media":280812,"comment_status":"open","ping_status":"closed","template":"","meta":[],"product_brand":[],"product_cat":[895,1050,902,911,914,1037,900,947],"product_tag":[897],"class_list":{"0":"post-279223","1":"product","2":"type-product","3":"status-publish","4":"has-post-thumbnail","6":"product_cat-baumit-sk","7":"product_cat-gladzie-i-szlichty-sk","8":"product_cat-ochrona-i-naprawa-betonu-sk","9":"product_cat-promowane-sk","10":"product_cat-renowacja-elewacji-sk","11":"product_cat-tynki-i-szpachle-sk","12":"product_cat-tynki-renowacyjne-sk","13":"product_cat-zaprawy-naprawcze-i-szpachle-sk","14":"product_tag-baumit-sk","15":"product_shipping_class-latwa-wysylka-sk","17":"first","18":"instock","19":"taxable","20":"shipping-taxable","21":"purchasable","22":"product-type-simple"},"_links":{"self":[{"href":"https:\/\/www.sanier.pl\/sk\/wp-json\/wp\/v2\/product\/279223","targetHints":{"allow":["GET"]}}],"collection":[{"href":"https:\/\/www.sanier.pl\/sk\/wp-json\/wp\/v2\/product"}],"about":[{"href":"https:\/\/www.sanier.pl\/sk\/wp-json\/wp\/v2\/types\/product"}],"replies":[{"embeddable":true,"href":"https:\/\/www.sanier.pl\/sk\/wp-json\/wp\/v2\/comments?post=279223"}],"wp:featuredmedia":[{"embeddable":true,"href":"https:\/\/www.sanier.pl\/sk\/wp-json\/wp\/v2\/media\/280812"}],"wp:attachment":[{"href":"https:\/\/www.sanier.pl\/sk\/wp-json\/wp\/v2\/media?parent=279223"}],"wp:term":[{"taxonomy":"product_brand","embeddable":true,"href":"https:\/\/www.sanier.pl\/sk\/wp-json\/wp\/v2\/product_brand?post=279223"},{"taxonomy":"product_cat","embeddable":true,"href":"https:\/\/www.sanier.pl\/sk\/wp-json\/wp\/v2\/product_cat?post=279223"},{"taxonomy":"product_tag","embeddable":true,"href":"https:\/\/www.sanier.pl\/sk\/wp-json\/wp\/v2\/product_tag?post=279223"}],"curies":[{"name":"wp","href":"https:\/\/api.w.org\/{rel}","templated":true}]}}