{"id":279221,"date":"2017-04-05T10:58:25","date_gmt":"2017-04-05T10:58:25","guid":{"rendered":"https:\/\/www.sanier.pl\/produkt\/ll-66-plus\/"},"modified":"2025-03-14T09:29:47","modified_gmt":"2025-03-14T09:29:47","slug":"ll-66-plus","status":"publish","type":"product","link":"https:\/\/www.sanier.pl\/sk\/produkt\/ll-66-plus\/","title":{"rendered":"LL 66 Plus | Baumit"},"content":{"rendered":"<p>[vc_row][vc_column][vc_column_text]<img loading=\"lazy\" decoding=\"async\" class=\"size-full wp-image-3279 aligncenter\" src=\"https:\/\/sanier.pl\/wp-content\/uploads\/2017\/03\/baumit_logo_2012-e1490989945791.jpg\" alt=\"baumit_logo_2012\" width=\"125\" height=\"146\" \/><\/p>\n<h1>LL 66 Plus<\/h1>\n<div class=\"flex max-w-full flex-col flex-grow\">\n<div class=\"min-h-8 text-message relative flex w-full flex-col items-end gap-2 whitespace-normal break-words text-start [.text-message+&amp;]:mt-5\" dir=\"auto\" data-message-author-role=\"assistant\" data-message-id=\"cdb24ff5-6e54-440b-82b8-6f4428e6a094\" data-message-model-slug=\"gpt-4o-mini\">\n<div class=\"flex w-full flex-col gap-1 empty:hidden first:pt-[3px]\">\n<h5 data-start=\"0\" data-end=\"23\">V\u00e1pno-cementov\u00e1 omietka<\/h5>\n<p data-start=\"25\" data-end=\"330\">LL 66 Plus - Baumit je such\u00e1 omietkov\u00e1 zmes pripraven\u00e1 vo v\u00fdrobnom z\u00e1vode. Ur\u010den\u00e1 na v\u00fdrobu v\u00e1pno-cementov\u00fdch omietok vn\u00fatri a mimo budov. Na aplik\u00e1ciu strojom (omietac\u00edm agreg\u00e1tom). Odpor\u00fa\u010da sa aj do miestnost\u00ed s vy\u0161\u0161ou vlhkos\u0165ou (ako podkladov\u00e1 a vrchn\u00e1 omietka, \u010disto miner\u00e1lna, s vy\u0161\u0161ou p\u00f3rovitos\u0165ou).<\/p>\n<h4 data-start=\"332\" data-end=\"343\">Vlastnosti:<\/h4>\n<p data-start=\"345\" data-end=\"617\">Miner\u00e1lna, v\u00e1pno-cementov\u00e1 omietkov\u00e1 zmes obsahuj\u00faca \u013eahk\u00e9 miner\u00e1lne pr\u00edsady, s vy\u0161\u0161ou p\u00f3rovitos\u0165ou, bez organick\u00fdch pr\u00edsad (EPS), elastick\u00e1 a \u013eahko spracovate\u013en\u00e1. Po vytvrdnut\u00ed je odoln\u00e1 proti poveternostn\u00fdm podmienkam, n\u00e1razom, po\u0161kriabaniu, hydrof\u00f3bna a paropriepustn\u00e1.<\/p>\n<h4 data-start=\"619\" data-end=\"628\">Pou\u017eitie:<\/h4>\n<p data-start=\"630\" data-end=\"887\">Na omietanie v\u0161etk\u00fdch druhov muriva, bet\u00f3nu a pod. Na vn\u00fatorn\u00e9 a vonkaj\u0161ie steny, ako aj do miestnost\u00ed s vy\u0161\u0161ou vlhkos\u0165ou \u2013 ako podkladov\u00e1 a vrchn\u00e1 omietka, ur\u010den\u00e1 na ma\u013eovanie, kladenie dla\u017ed\u00edc, \u0161peci\u00e1lne miner\u00e1lne omietky alebo na b\u00e1ze syntetick\u00fdch \u017eiv\u00edc.<\/p>\n<h4 data-start=\"889\" data-end=\"897\">Podklad:<\/h4>\n<p data-start=\"899\" data-end=\"1238\">Mus\u00ed by\u0165 trval\u00fd, nosn\u00fd, \u010dist\u00fd a rovnomerne vysu\u0161en\u00fd, umo\u017e\u0148uj\u00faci nanesenie vrstvy omietky s rovnakou hr\u00fabkou. Podkladov\u00e9 omietky musia by\u0165 kone\u010dne zviazan\u00e9. Hladk\u00e9 bet\u00f3nov\u00e9 povrchy musia by\u0165 pokryt\u00e9 vrstvou, ktor\u00e1 zabezpe\u010d\u00ed dobr\u00fa pri\u013enavos\u0165, napr. pr\u00edtla\u010dnou malta Baumit HM 50. Silne nasiakav\u00e9 podklady je potrebn\u00e9 pred nanesen\u00edm navlh\u010di\u0165.<\/p>\n<p data-start=\"1240\" data-end=\"1253\">Ve\u013ekos\u0165 zrna:<\/p>\n<p data-start=\"1255\" data-end=\"1275\">pribli\u017ene 0 \u2013 1,2 mm<\/p>\n<p data-start=\"1277\" data-end=\"1286\">Spotreba:<\/p>\n<ul data-start=\"1288\" data-end=\"1304\">\n<li data-start=\"1288\" data-end=\"1304\">12 kg\/m\u00b2\/10 mm<\/li>\n<\/ul>\n<p data-start=\"1306\" data-end=\"1331\" data-is-last-node=\"\" data-is-only-node=\"\"><a href=\"https:\/\/sanier.pl\/wp-content\/uploads\/2017\/04\/PDBL_LL66_Plus.pdf\" target=\"_blank\" rel=\"noopener\">Technick\u00fd list LL 66 Plus<\/a><\/p>\n<\/div>\n<\/div>\n<\/div>\n<div class=\"mb-2 flex gap-3 -ml-2\" tabindex=\"0\">\n<div class=\"flex items-center justify-start rounded-xl p-1\">\n<div class=\"flex items-center\"><\/div>\n<\/div>\n<\/div>\n<p>[\/vc_column_text][\/vc_column][\/vc_row]<\/p>\n","protected":false},"excerpt":{"rendered":"<p>LL 66 Plus je v\u00e1pno-cementov\u00e1 omietka. Fabri\u010dne pripraven\u00e1 omietkov\u00e1 zmes na ru\u010dn\u00fa alebo strojov\u00fa aplik\u00e1ciu.<\/p>\n","protected":false},"featured_media":264610,"comment_status":"open","ping_status":"closed","template":"","meta":[],"product_brand":[],"product_cat":[895,911,914,1037,900,1049],"product_tag":[897],"class_list":{"0":"post-279221","1":"product","2":"type-product","3":"status-publish","4":"has-post-thumbnail","6":"product_cat-baumit-sk","7":"product_cat-promowane-sk","8":"product_cat-renowacja-elewacji-sk","9":"product_cat-tynki-i-szpachle-sk","10":"product_cat-tynki-renowacyjne-sk","11":"product_cat-tynki-wapienne-wapienno-cementowe-sk","12":"product_tag-baumit-sk","13":"product_shipping_class-trudna-wysylka-sk","15":"first","16":"instock","17":"taxable","18":"shipping-taxable","19":"purchasable","20":"product-type-simple"},"_links":{"self":[{"href":"https:\/\/www.sanier.pl\/sk\/wp-json\/wp\/v2\/product\/279221","targetHints":{"allow":["GET"]}}],"collection":[{"href":"https:\/\/www.sanier.pl\/sk\/wp-json\/wp\/v2\/product"}],"about":[{"href":"https:\/\/www.sanier.pl\/sk\/wp-json\/wp\/v2\/types\/product"}],"replies":[{"embeddable":true,"href":"https:\/\/www.sanier.pl\/sk\/wp-json\/wp\/v2\/comments?post=279221"}],"wp:featuredmedia":[{"embeddable":true,"href":"https:\/\/www.sanier.pl\/sk\/wp-json\/wp\/v2\/media\/264610"}],"wp:attachment":[{"href":"https:\/\/www.sanier.pl\/sk\/wp-json\/wp\/v2\/media?parent=279221"}],"wp:term":[{"taxonomy":"product_brand","embeddable":true,"href":"https:\/\/www.sanier.pl\/sk\/wp-json\/wp\/v2\/product_brand?post=279221"},{"taxonomy":"product_cat","embeddable":true,"href":"https:\/\/www.sanier.pl\/sk\/wp-json\/wp\/v2\/product_cat?post=279221"},{"taxonomy":"product_tag","embeddable":true,"href":"https:\/\/www.sanier.pl\/sk\/wp-json\/wp\/v2\/product_tag?post=279221"}],"curies":[{"name":"wp","href":"https:\/\/api.w.org\/{rel}","templated":true}]}}