{"id":279219,"date":"2017-04-05T11:05:19","date_gmt":"2017-04-05T11:05:19","guid":{"rendered":"https:\/\/www.sanier.pl\/produkt\/klima-rk-38\/"},"modified":"2025-03-14T09:09:58","modified_gmt":"2025-03-14T09:09:58","slug":"klima-rk-38","status":"publish","type":"product","link":"https:\/\/www.sanier.pl\/sk\/produkt\/klima-rk-38\/","title":{"rendered":"Klima RK 38 | Baumit"},"content":{"rendered":"<p>[vc_row][vc_column][vc_column_text]<img loading=\"lazy\" decoding=\"async\" class=\"size-full wp-image-3279 aligncenter\" src=\"https:\/\/sanier.pl\/wp-content\/uploads\/2017\/03\/baumit_logo_2012-e1490989945791.jpg\" alt=\"baumit_logo_2012\" width=\"125\" height=\"146\" \/><\/p>\n<h3>Baumit Klima RK 38<\/h3>\n<p data-start=\"0\" data-end=\"261\">Baumit Klima RK 38 je univerz\u00e1lna v\u00e1penn\u00e1 omietka vo forme suchej zmesi, ur\u010den\u00e1 na vn\u00fatorn\u00e9 pou\u017eitie. M\u00f4\u017ee sa spracov\u00e1va\u0165 ru\u010dne alebo strojovo. Produkt je ide\u00e1lny pre miestnosti s vy\u0161\u0161ou vlhkos\u0165ou a pon\u00faka zdrav\u00fa alternat\u00edvu pre omietky na b\u00e1ze sadry a cementu.<\/p>\n<p data-start=\"263\" data-end=\"278\"><strong data-start=\"263\" data-end=\"278\">Vlastnosti:<\/strong><\/p>\n<ul data-start=\"279\" data-end=\"773\">\n<li data-start=\"279\" data-end=\"405\"><strong data-start=\"281\" data-end=\"293\">Dif\u00fazny:<\/strong> Vysok\u00e1 paropriepustnos\u0165 umo\u017e\u0148uje vo\u013en\u00fd prietok vodnej pary, \u010d\u00edm zabra\u0148uje kondenz\u00e1cii vlhkosti vo vn\u00fatri stien.<\/li>\n<li data-start=\"406\" data-end=\"485\"><strong data-start=\"408\" data-end=\"424\">Hydraulick\u00fd:<\/strong> Obsahuje pr\u00edrodn\u00e9 a hydraulick\u00e9 v\u00e1pno, bez pridania cementu.<\/li>\n<li data-start=\"486\" data-end=\"570\"><strong data-start=\"488\" data-end=\"515\">Odolnos\u0165 vo\u010di vlhkosti:<\/strong> Je vhodn\u00fd pre miestnosti so zv\u00fd\u0161en\u00fdm obsahom vlhkosti.<\/li>\n<li data-start=\"571\" data-end=\"669\"><strong data-start=\"573\" data-end=\"596\">Zdrav\u00e1 alternat\u00edva:<\/strong> Je bezpe\u010dnou vo\u013ebou pre obytn\u00e9 budovy, sp\u013a\u0148aj\u00faci environment\u00e1lne z\u00e1sady.<\/li>\n<li data-start=\"670\" data-end=\"773\"><strong data-start=\"672\" data-end=\"690\">Univerz\u00e1lnos\u0165:<\/strong> M\u00f4\u017ee by\u0165 pou\u017eit\u00fd od pivnice po strechu, na r\u00f4znych mur\u00e1rskych podkladoch a bet\u00f3ne.<\/li>\n<\/ul>\n<p data-start=\"775\" data-end=\"786\"><strong data-start=\"775\" data-end=\"786\">V\u00fdhody:<\/strong><\/p>\n<ul data-start=\"787\" data-end=\"1221\">\n<li data-start=\"787\" data-end=\"870\"><strong data-start=\"789\" data-end=\"816\">Univerz\u00e1lnos\u0165 pou\u017eitia:<\/strong> M\u00f4\u017ee by\u0165 pou\u017eit\u00fd na v\u0161etky mur\u00e1rske podklady a bet\u00f3n.<\/li>\n<li data-start=\"871\" data-end=\"962\"><strong data-start=\"873\" data-end=\"889\">Bez cementu:<\/strong> Produkt neobsahuje cement, \u010do ho rob\u00ed \u0161etrnej\u0161\u00edm k \u017eivotn\u00e9mu prostrediu.<\/li>\n<li data-start=\"963\" data-end=\"1036\"><strong data-start=\"965\" data-end=\"994\">Jednoduchos\u0165 spracovania:<\/strong> Mo\u017enos\u0165 spracovania ru\u010dne alebo strojovo.<\/li>\n<li data-start=\"1037\" data-end=\"1103\"><strong data-start=\"1039\" data-end=\"1053\">Trv\u00e1cnos\u0165:<\/strong> Zabezpe\u010duje dlhodob\u00fa ochranu a odolnos\u0165 povrchov.<\/li>\n<li data-start=\"1104\" data-end=\"1221\"><strong data-start=\"1106\" data-end=\"1142\">Renov\u00e1cia historick\u00fdch objektov:<\/strong> Ide\u00e1lny na pou\u017eitie pri renov\u00e1cii historick\u00fdch budov a moderniza\u010dn\u00fdch pr\u00e1cach.<\/li>\n<\/ul>\n<p data-start=\"1223\" data-end=\"1524\"><strong data-start=\"1223\" data-end=\"1236\">Pou\u017eitie:<\/strong> Baumit Klima RK 38 je ur\u010den\u00fd na pou\u017eitie ako podkladov\u00e1 a povrchov\u00e1 omietka v interi\u00e9roch, od pivnice po podkrovie. M\u00f4\u017ee by\u0165 aplikovan\u00fd na v\u0161etky mur\u00e1rske podklady, hrub\u00fd roz\u0161alovan\u00fd bet\u00f3n a tie\u017e pri renov\u00e1cii historick\u00fdch objektov a v budov\u00e1ch postaven\u00fdch pod\u013ea environment\u00e1lnych z\u00e1sad.<\/p>\n<p data-start=\"1526\" data-end=\"1546\"><strong data-start=\"1526\" data-end=\"1546\">Technick\u00e9 \u00fadaje:<\/strong><\/p>\n<ul data-start=\"1547\" data-end=\"2311\">\n<li data-start=\"1547\" data-end=\"1590\"><strong data-start=\"1549\" data-end=\"1566\">Klasifik\u00e1cia:<\/strong> CS I pod\u013ea PN-EN 998-1.<\/li>\n<li data-start=\"1591\" data-end=\"1617\"><strong data-start=\"1593\" data-end=\"1613\">Reakcia na ohe\u0148:<\/strong> A1.<\/li>\n<li data-start=\"1618\" data-end=\"1653\"><strong data-start=\"1620\" data-end=\"1639\">Pevnos\u0165 v \u0165ahu:<\/strong> \u2265 0,08 N\/mm\u00b2.<\/li>\n<li data-start=\"1654\" data-end=\"1699\"><strong data-start=\"1656\" data-end=\"1676\">Pevnos\u0165 v tlaku:<\/strong> 0,4 N\/mm\u00b2 - 2,5 N\/mm\u00b2.<\/li>\n<li data-start=\"1700\" data-end=\"1743\"><strong data-start=\"1702\" data-end=\"1721\">Absorpcia vody:<\/strong> W0 pod\u013ea PN-EN 998-1.<\/li>\n<li data-start=\"1744\" data-end=\"1792\"><strong data-start=\"1746\" data-end=\"1785\">Koeficient dif\u00fazneho odporu pary \u03bc:<\/strong> cca 5.<\/li>\n<li data-start=\"1793\" data-end=\"1965\"><strong data-start=\"1795\" data-end=\"1831\">Koeficient tepelnej vodivosti \u03bb:<\/strong>\n<ul data-start=\"1834\" data-end=\"1965\">\n<li data-start=\"1834\" data-end=\"1898\">\u2264 0,820 W\/mK (tabu\u013ekov\u00e1 hodnota pre P= 50% pod\u013ea PN-EN 998-1).<\/li>\n<li data-start=\"1901\" data-end=\"1965\">\u2264 0,890 W\/mK (tabu\u013ekov\u00e1 hodnota pre P= 90% pod\u013ea PN-EN 998-1).<\/li>\n<\/ul>\n<\/li>\n<li data-start=\"1966\" data-end=\"1999\"><strong data-start=\"1968\" data-end=\"1984\">Uziarnienie:<\/strong> 0 mm - 0,8 mm.<\/li>\n<li data-start=\"2000\" data-end=\"2034\"><strong data-start=\"2002\" data-end=\"2015\">Spotreba:<\/strong> cca 13 kg\/m\u00b2\/10mm.<\/li>\n<li data-start=\"2035\" data-end=\"2082\"><strong data-start=\"2037\" data-end=\"2051\">V\u00fd\u0165a\u017enos\u0165:<\/strong> cca 27 l mokrej zmesi z vreca.<\/li>\n<li data-start=\"2083\" data-end=\"2129\"><strong data-start=\"2085\" data-end=\"2108\">Po\u017eiadavka na vodu:<\/strong> cca 10 - 11 l\/35 kg.<\/li>\n<li data-start=\"2130\" data-end=\"2184\"><strong data-start=\"2132\" data-end=\"2144\">Balenie:<\/strong> Vrece 35 kg, 35 vriec\/paleta = 1225 kg.<\/li>\n<li data-start=\"2185\" data-end=\"2311\"><strong data-start=\"2187\" data-end=\"2203\">Skladovanie:<\/strong> Na suchom a chladnom mieste, na dreven\u00fdch palet\u00e1ch, po dobu 6 mesiacov od d\u00e1tumu v\u00fdroby uveden\u00e9ho na obale.<\/li>\n<\/ul>\n<p data-start=\"2313\" data-end=\"2336\"><strong data-start=\"2313\" data-end=\"2336\">Pokyny na pou\u017eitie:<\/strong><\/p>\n<ul data-start=\"2337\" data-end=\"2913\">\n<li data-start=\"2337\" data-end=\"2483\"><strong data-start=\"2339\" data-end=\"2361\">Pr\u00edprava podkladu:<\/strong> Podklad mus\u00ed by\u0165 \u010dist\u00fd, such\u00fd, nezamrznut\u00fd, odpra\u0161en\u00fd a odmasten\u00fd, nasiakav\u00fd, bez v\u00fdkvietkov, nosn\u00fd a bez vo\u013en\u00fdch \u010dast\u00edc.<\/li>\n<li data-start=\"2484\" data-end=\"2706\"><strong data-start=\"2486\" data-end=\"2502\">Spracovanie:<\/strong> Baumit Klima RK 38 mo\u017eno nan\u00e1\u0161a\u0165 ru\u010dne alebo strojovo. Zmes mie\u0161ajte iba s \u010distou vodou, bez ak\u00fdchko\u013evek pr\u00edsad. Ako podkladov\u00e1 omietka mus\u00ed ma\u0165 minim\u00e1lnu hr\u00fabku vrstvy 10 mm, ako povrchov\u00e1 omietka 3 mm.<\/li>\n<li data-start=\"2707\" data-end=\"2913\"><strong data-start=\"2709\" data-end=\"2718\">Tipy:<\/strong> Teplota vzduchu a podkladu po\u010das aplik\u00e1cie a tvrdnutia by mala by\u0165 od +5\u00b0C do +25\u00b0C. Pri r\u00fdchlom vysychaniu (vplyvom vetra alebo slnka) navlh\u010dite povrch, aby sa zabr\u00e1nilo pred\u010dasn\u00e9mu vyschnutiu.<\/li>\n<\/ul>\n<p data-start=\"2915\" data-end=\"3098\" data-is-last-node=\"\" data-is-only-node=\"\"><strong data-start=\"2915\" data-end=\"2937\">Baumit Klima RK 38<\/strong> je univerz\u00e1lna v\u00e1penn\u00e1 omietka, ktor\u00e1 v\u010faka svojim vlastnostiam a jednoduchosti pou\u017eitia je ide\u00e1lnym rie\u0161en\u00edm pre renov\u00e1ciu a ochranu vn\u00fatorn\u00fdch povrchov budov.<\/p>\n<p>&nbsp;<\/p>\n<p><span class=\"HwtZe\" lang=\"sk\"><a href=\"https:\/\/sanier.pl\/wp-content\/uploads\/2017\/04\/PDBL_Kalkin_RK_38-1.pdf\" target=\"_blank\" rel=\"noopener\"><span class=\"jCAhz ChMk0b\"><span class=\"ryNqvb\">Technick\u00fd list RK 38\u00a0<\/span><\/span><\/a><\/span><\/p>\n<p><a href=\"https:\/\/baumit.pl\/files\/pl\/pdf_files\/sdbl_kalkin_rk_38.pdf\" target=\"_blank\" rel=\"noopener\"><span class=\"HwtZe\" lang=\"sk\"><span class=\"jCAhz ChMk0b\"><span class=\"ryNqvb\">Karta bezpe\u010dnostn\u00fdch \u00fadajov<\/span><\/span><\/span><\/a><\/p>\n<p>[\/vc_column_text][\/vc_column][\/vc_row]<\/p>\n","protected":false},"excerpt":{"rendered":"<p>Klima RK 38. Such\u00e1 omietkov\u00e1 zmes pod\u013ea normy EN 998-1; univerz\u00e1lna v\u00e1penn\u00e1 omietka na vn\u00fatorn\u00e9 pou\u017eitie, ur\u010den\u00e1 na ru\u010dn\u00e9 a strojov\u00e9 spracovanie.<\/p>\n","protected":false},"featured_media":280806,"comment_status":"open","ping_status":"closed","template":"","meta":[],"product_brand":[],"product_cat":[895,900,1049],"product_tag":[897],"class_list":{"0":"post-279219","1":"product","2":"type-product","3":"status-publish","4":"has-post-thumbnail","6":"product_cat-baumit-sk","7":"product_cat-tynki-renowacyjne-sk","8":"product_cat-tynki-wapienne-wapienno-cementowe-sk","9":"product_tag-baumit-sk","10":"product_shipping_class-trudna-wysylka-sk","12":"first","13":"onbackorder","14":"taxable","15":"shipping-taxable","16":"purchasable","17":"product-type-simple"},"_links":{"self":[{"href":"https:\/\/www.sanier.pl\/sk\/wp-json\/wp\/v2\/product\/279219","targetHints":{"allow":["GET"]}}],"collection":[{"href":"https:\/\/www.sanier.pl\/sk\/wp-json\/wp\/v2\/product"}],"about":[{"href":"https:\/\/www.sanier.pl\/sk\/wp-json\/wp\/v2\/types\/product"}],"replies":[{"embeddable":true,"href":"https:\/\/www.sanier.pl\/sk\/wp-json\/wp\/v2\/comments?post=279219"}],"wp:featuredmedia":[{"embeddable":true,"href":"https:\/\/www.sanier.pl\/sk\/wp-json\/wp\/v2\/media\/280806"}],"wp:attachment":[{"href":"https:\/\/www.sanier.pl\/sk\/wp-json\/wp\/v2\/media?parent=279219"}],"wp:term":[{"taxonomy":"product_brand","embeddable":true,"href":"https:\/\/www.sanier.pl\/sk\/wp-json\/wp\/v2\/product_brand?post=279219"},{"taxonomy":"product_cat","embeddable":true,"href":"https:\/\/www.sanier.pl\/sk\/wp-json\/wp\/v2\/product_cat?post=279219"},{"taxonomy":"product_tag","embeddable":true,"href":"https:\/\/www.sanier.pl\/sk\/wp-json\/wp\/v2\/product_tag?post=279219"}],"curies":[{"name":"wp","href":"https:\/\/api.w.org\/{rel}","templated":true}]}}