{"id":279213,"date":"2017-04-05T13:15:37","date_gmt":"2017-04-05T13:15:37","guid":{"rendered":"https:\/\/www.sanier.pl\/produkt\/haftmortel-hm-50\/"},"modified":"2025-03-14T08:33:30","modified_gmt":"2025-03-14T08:33:30","slug":"haftmortel-hm-50","status":"publish","type":"product","link":"https:\/\/www.sanier.pl\/sk\/produkt\/haftmortel-hm-50\/","title":{"rendered":"HaftM\u00f6rtel HM 50 | Baumit"},"content":{"rendered":"<p>[vc_row][vc_column][vc_column_text]<img loading=\"lazy\" decoding=\"async\" class=\"size-full wp-image-3279 aligncenter\" src=\"https:\/\/sanier.pl\/wp-content\/uploads\/2017\/03\/baumit_logo_2012-e1490989945791.jpg\" alt=\"baumit_logo_2012\" width=\"125\" height=\"146\" \/><\/p>\n<h3>Baumit HaftM\u00f6rtel HM 50<\/h3>\n<p data-start=\"76\" data-end=\"334\">Baumit HaftM\u00f6rtel HM 50 je predpripraven\u00e1 such\u00e1 zmes na aplik\u00e1ciu lepiacej malty, ur\u010den\u00e1 na ru\u010dn\u00fa alebo strojov\u00fa aplik\u00e1ciu. Produkt sa pou\u017e\u00edva ako \u0161pachtlovacia hmota na zlep\u0161enie pri\u013enavosti k bet\u00f3nu a ako tenkovrstvov\u00e1 miner\u00e1lna omietka na renov\u00e1ciu fas\u00e1d.<\/p>\n<h4 data-start=\"336\" data-end=\"350\"><strong data-start=\"336\" data-end=\"350\">Vlastnosti<\/strong><\/h4>\n<ul data-start=\"351\" data-end=\"784\">\n<li data-start=\"351\" data-end=\"455\"><strong data-start=\"353\" data-end=\"396\">Odolnos\u0165 vo\u010di poveternostn\u00fdm podmienkam<\/strong>: Produkt je odoln\u00fd vo\u010di poveternostn\u00fdm podmienkam a mrazu.<\/li>\n<li data-start=\"456\" data-end=\"546\"><strong data-start=\"458\" data-end=\"474\">Hydrof\u00f3bnos\u0165<\/strong>: M\u00e1 vlastnosti hydrof\u00f3bneho materi\u00e1lu, \u010do zabra\u0148uje absorpcii vlhkosti.<\/li>\n<li data-start=\"547\" data-end=\"629\"><strong data-start=\"549\" data-end=\"569\">Paropriepustnos\u0165<\/strong>: Vysok\u00e1 paropriepustnos\u0165 umo\u017e\u0148uje vo\u013en\u00fd prenos vodnej pary.<\/li>\n<li data-start=\"630\" data-end=\"700\"><strong data-start=\"632\" data-end=\"644\">Armat\u00fara<\/strong>: Obsahuje textiln\u00e9 vl\u00e1kna, ktor\u00e9 zvy\u0161uj\u00fa pevnos\u0165 malty.<\/li>\n<li data-start=\"701\" data-end=\"784\"><strong data-start=\"703\" data-end=\"727\">Jednoduch\u00e1 aplik\u00e1cia<\/strong>: V\u010faka pr\u00eddavn\u00fdm zlo\u017ek\u00e1m je produkt \u013eahko aplikovate\u013en\u00fd.<\/li>\n<\/ul>\n<h4 data-start=\"786\" data-end=\"796\"><strong data-start=\"786\" data-end=\"796\">V\u00fdhody<\/strong><\/h4>\n<ul data-start=\"797\" data-end=\"1249\">\n<li data-start=\"797\" data-end=\"972\"><strong data-start=\"799\" data-end=\"825\">Univerz\u00e1lnos\u0165 pou\u017eitia<\/strong>: M\u00f4\u017ee by\u0165 pou\u017eit\u00fd na r\u00f4znych miner\u00e1lnych podkladoch, tepelne izola\u010dn\u00fdch omietkach, omietkach na b\u00e1ze syntetick\u00fdch \u017eiv\u00edc a termoizola\u010dn\u00fdch dosk\u00e1ch.<\/li>\n<li data-start=\"973\" data-end=\"1077\"><strong data-start=\"975\" data-end=\"1000\">Zlep\u0161enie pri\u013enavosti<\/strong>: Pou\u017e\u00edva sa ako vrstva zlep\u0161uj\u00faca pri\u013enavos\u0165 pod z\u00e1kladn\u00e9 a fin\u00e1lne omietky.<\/li>\n<li data-start=\"1078\" data-end=\"1175\"><strong data-start=\"1080\" data-end=\"1093\">Trv\u00e1cnos\u0165<\/strong>: Odolnos\u0165 vo\u010di poveternostn\u00fdm podmienkam zabezpe\u010duje dlhodob\u00fa trv\u00e1cnos\u0165 povrchov.<\/li>\n<li data-start=\"1176\" data-end=\"1249\"><strong data-start=\"1178\" data-end=\"1197\">Pokrytie trhl\u00edn<\/strong>: V\u010faka n\u00edzkej tuhosti malty \u00fa\u010dinne pokr\u00fdva trhliny.<\/li>\n<\/ul>\n<h4 data-start=\"1251\" data-end=\"1263\"><strong data-start=\"1251\" data-end=\"1263\">Pou\u017eitie<\/strong><\/h4>\n<p data-start=\"1265\" data-end=\"1656\">Baumit HaftM\u00f6rtel HM 50 je ur\u010den\u00fd na aplik\u00e1ciu ako podkladov\u00e1 \u0161pachtlovacia vrstva armovan\u00e1 sklotextilnou sie\u0165ovinou na miner\u00e1lne podklady, tepelne izola\u010dn\u00e9 omietky, omietky na b\u00e1ze syntetick\u00fdch \u017eiv\u00edc a termoizola\u010dn\u00e9 dosky. Produkt m\u00f4\u017ee by\u0165 tie\u017e pou\u017eit\u00fd ako tenkovrstvov\u00e1 fin\u00e1lna omietka. Malta sp\u013a\u0148a po\u017eiadavky WTA 2-4-94, proced\u00fara F4, t\u00fdkaj\u00face sa technol\u00f3gie renov\u00e1cie popraskan\u00fdch fas\u00e1d.<\/p>\n<h4 data-start=\"1658\" data-end=\"1677\"><strong data-start=\"1658\" data-end=\"1677\">Technick\u00e9 \u00fadaje<\/strong><\/h4>\n<ul data-start=\"1678\" data-end=\"2432\">\n<li data-start=\"1678\" data-end=\"1722\"><strong data-start=\"1680\" data-end=\"1696\">Klasifik\u00e1cia<\/strong>: CS IV pod\u013ea PN-EN 998-1.<\/li>\n<li data-start=\"1723\" data-end=\"1749\"><strong data-start=\"1725\" data-end=\"1744\">Reakcia na ohe\u0148<\/strong>: A2.<\/li>\n<li data-start=\"1750\" data-end=\"1786\"><strong data-start=\"1752\" data-end=\"1779\">Minim\u00e1lna hr\u00fabka vrstvy<\/strong>: 3 mm.<\/li>\n<li data-start=\"1787\" data-end=\"1820\"><strong data-start=\"1789\" data-end=\"1808\">Pevnos\u0165 v tlaku<\/strong>: \u2265 6 N\/mm\u00b2.<\/li>\n<li data-start=\"1821\" data-end=\"1864\"><strong data-start=\"1823\" data-end=\"1841\">Absorpcia vody<\/strong>: W2 pod\u013ea PN-EN 998-1.<\/li>\n<li data-start=\"1865\" data-end=\"1911\"><strong data-start=\"1867\" data-end=\"1904\">Koeficient dif\u00faznej odporu pary \u03bc<\/strong>: \u2264 25.<\/li>\n<li data-start=\"1912\" data-end=\"2082\"><strong data-start=\"1914\" data-end=\"1949\">Koeficient tepelnej vodivosti \u03bb<\/strong>:\n<ul data-start=\"1953\" data-end=\"2082\">\n<li data-start=\"1953\" data-end=\"2016\">\u2264 0,820 W\/mK (tabu\u013ekov\u00e1 hodnota pre P=50% pod\u013ea PN-EN 998-1).<\/li>\n<li data-start=\"2019\" data-end=\"2082\">\u2264 0,890 W\/mK (tabu\u013ekov\u00e1 hodnota pre P=90% pod\u013ea PN-EN 998-1).<\/li>\n<\/ul>\n<\/li>\n<li data-start=\"2083\" data-end=\"2111\"><strong data-start=\"2085\" data-end=\"2098\">Uziarenie<\/strong>: 0 - 1,2 mm.<\/li>\n<li data-start=\"2112\" data-end=\"2152\"><strong data-start=\"2114\" data-end=\"2126\">Spotreba<\/strong>: Ok. 5,5 - 6,5 kg\/m\u00b2\/3mm.<\/li>\n<li data-start=\"2153\" data-end=\"2200\"><strong data-start=\"2155\" data-end=\"2168\">V\u00fd\u0165a\u017enos\u0165<\/strong>: Ok. 21 l mokrej malty z vreca.<\/li>\n<li data-start=\"2201\" data-end=\"2253\"><strong data-start=\"2203\" data-end=\"2229\">Potrebn\u00e9 mno\u017estvo vody<\/strong>: Ok. 5,5 - 6,5 l\/25 kg.<\/li>\n<li data-start=\"2254\" data-end=\"2308\"><strong data-start=\"2256\" data-end=\"2267\">Balenie<\/strong>: Vrece 25 kg, 42 vriec\/paleta = 1050 kg.<\/li>\n<li data-start=\"2309\" data-end=\"2432\"><strong data-start=\"2311\" data-end=\"2326\">Skladovanie<\/strong>: Na suchom a chladnom mieste, na dreven\u00fdch palet\u00e1ch, do 12 mesiacov od d\u00e1tumu v\u00fdroby uveden\u00e9ho na vrecku.<\/li>\n<\/ul>\n<h4 data-start=\"2434\" data-end=\"2456\"><strong data-start=\"2434\" data-end=\"2456\">Pokyny na pou\u017eitie<\/strong><\/h4>\n<ul data-start=\"2457\" data-end=\"3361\">\n<li data-start=\"2457\" data-end=\"2776\"><strong data-start=\"2459\" data-end=\"2480\">Pr\u00edprava podkladu<\/strong>: Podklad mus\u00ed by\u0165 \u010dist\u00fd, such\u00fd, nezamrznut\u00fd, odpra\u0161nen\u00fd a odmas\u0165ovan\u00fd, bez v\u00fdkvapov, nosn\u00fd a bez vo\u013en\u00fdch \u010dast\u00edc. Odstr\u00e1\u0148te vo\u013en\u00e9 prvky, vrstvy odlupuj\u00facej sa farby, star\u00e9 lepidl\u00e1 na farby, ne\u010distoty, prach, olej a tuk. Trhliny a rysy preh\u013abi\u0165 do klinov. Ve\u013emi nasiakav\u00e9 podklady navlh\u010dte vopred.<\/li>\n<li data-start=\"2777\" data-end=\"3134\"><strong data-start=\"2779\" data-end=\"2794\">Spracovanie<\/strong>: HaftM\u00f6rtel HM 50 m\u00f4\u017ee by\u0165 aplikovan\u00fd ru\u010dne alebo strojovo. Ako vrstvu zlep\u0161uj\u00facu pri\u013enavos\u0165 a ako armovan\u00fa vrstvu naneste 3 a\u017e 5 mm malty a na \u010derstv\u00fa vrstvu pre\u010de\u0161te tmel\u00e1rskym hrebe\u0148om alebo zubovou li\u0161tou. V oblastiach, kde existuje riziko, ako s\u00fa trhliny alebo zmie\u0161an\u00e9 murivo, zatopte v malte alkalicky odoln\u00fa sklotextiln\u00fa sie\u0165ovinu.<\/li>\n<li data-start=\"3135\" data-end=\"3361\"><strong data-start=\"3137\" data-end=\"3153\">Preru\u0161ovanie<\/strong>: Pri nan\u00e1\u0161an\u00ed nasleduj\u00facich vrstiev dodr\u017eujte technologick\u00fa prest\u00e1vku (1 de\u0148 na 1 mm hr\u00fabky omietky). Na \u010derstvej malte m\u00f4\u017eete vykona\u0165 \u0161trukt\u00faru filcovaniem. Celkov\u00e1 hr\u00fabka vrstvy by nemala presiahnu\u0165 10 mm.<\/li>\n<\/ul>\n<h4 data-start=\"3363\" data-end=\"3371\"><strong data-start=\"3363\" data-end=\"3371\">Tipy<\/strong><\/h4>\n<ul data-start=\"3372\" data-end=\"4226\">\n<li data-start=\"3372\" data-end=\"3470\">Teplota vzduchu a podkladu po\u010das aplik\u00e1cie a procesu vytvrdzovania by mala by\u0165 od +5\u00b0C do +25\u00b0C.<\/li>\n<li data-start=\"3471\" data-end=\"3511\">Chr\u00e1\u0148te pred siln\u00fdm slne\u010dn\u00fdm \u017eiaren\u00edm.<\/li>\n<li data-start=\"3512\" data-end=\"3662\">V pr\u00edpade r\u00fdchleho vysychania (v d\u00f4sledku vetra alebo slnka) zvlh\u010dujte, a ak je to potrebn\u00e9, chr\u00e1\u0148te fas\u00e1du do \u00fapln\u00e9ho stuhnutia (pou\u017eit\u00edm le\u0161enia).<\/li>\n<li data-start=\"3663\" data-end=\"3740\">Vysok\u00e1 vlhkos\u0165 vzduchu a n\u00edzke teploty v\u00fdrazne predl\u017euj\u00fa \u010das vytvrdzovania.<\/li>\n<li data-start=\"3741\" data-end=\"3822\">\u010cerstvo nanesen\u00e1 vrstva mus\u00ed by\u0165 such\u00e1 a stuhnut\u00e1 pred nanesen\u00edm \u010fal\u0161ej vrstvy.<\/li>\n<li data-start=\"3823\" data-end=\"3927\">Pri armovan\u00ed povrchu fas\u00e1dy sie\u0165ovinou zo sklolamin\u00e1tu zabezpe\u010dte, aby nebola po\u0161koden\u00e1 alebo odkryt\u00e1.<\/li>\n<li data-start=\"3928\" data-end=\"4005\">Pri dvojitom armovan\u00ed naneste druh\u00fa vrstvu najsk\u00f4r po uplynut\u00ed jedn\u00e9ho d\u0148a.<\/li>\n<li data-start=\"4006\" data-end=\"4052\">Ihne\u010f po pou\u017eit\u00ed malty umyte n\u00e1stroje vodou.<\/li>\n<li data-start=\"4053\" data-end=\"4130\">Pri pou\u017eit\u00ed malty ako fin\u00e1lnej omietky ju treba natrie\u0165 hydrof\u00f3bnou farbou.<\/li>\n<li data-start=\"4131\" data-end=\"4226\">Po\u010das pr\u00e1c chr\u00e1\u0148te oblasti, ktor\u00e9 m\u00f4\u017eu pr\u00eds\u0165 do kontaktu s maltou (sklo, keramika, kov at\u010f.).<\/li>\n<\/ul>\n<p data-start=\"4228\" data-end=\"4398\"><strong data-start=\"4228\" data-end=\"4255\">Baumit HaftM\u00f6rtel HM 50<\/strong> je v\u0161estrann\u00e1 lepiaca malta, ktor\u00e1 v\u010faka svojim vlastnostiam a jednoduchosti pou\u017eitia je ide\u00e1lnym rie\u0161en\u00edm na renov\u00e1ciu a ochranu fas\u00e1d budov.<\/p>\n<p data-start=\"4400\" data-end=\"4424\" data-is-last-node=\"\" data-is-only-node=\"\"><a href=\"https:\/\/sanier.pl\/wp-content\/uploads\/2017\/04\/PDBL_HM_50.pdf\" target=\"_blank\" rel=\"noopener\"><strong data-start=\"4400\" data-end=\"4424\" data-is-last-node=\"\">Technick\u00fd list HM 50<\/strong><\/a><\/p>\n<p>\u00a0[\/vc_column_text][\/vc_column][\/vc_row]<\/p>\n","protected":false},"excerpt":{"rendered":"<p><strong data-start=\"0\" data-end=\"29\" data-is-only-node=\"\">Lepidlo HaftM\u00f6rtel HM 50.<\/strong> Such\u00e1 stavebn\u00e1 zmes sp\u013a\u0148aj\u00faca po\u017eiadavky normy EN 998-1. Miner\u00e1lna tenkovrstvov\u00e1 omietka na renov\u00e1ciu fas\u00e1d, \u0161pachtlovacia hmota na zlep\u0161enie pri\u013enavosti k bet\u00f3nu. Ur\u010den\u00e9 na ru\u010dn\u00fa a strojov\u00fa aplik\u00e1ciu.<\/p>\n","protected":false},"featured_media":264361,"comment_status":"open","ping_status":"closed","template":"","meta":[],"product_brand":[],"product_cat":[895,1050,914,1037,900],"product_tag":[897],"class_list":{"0":"post-279213","1":"product","2":"type-product","3":"status-publish","4":"has-post-thumbnail","6":"product_cat-baumit-sk","7":"product_cat-gladzie-i-szlichty-sk","8":"product_cat-renowacja-elewacji-sk","9":"product_cat-tynki-i-szpachle-sk","10":"product_cat-tynki-renowacyjne-sk","11":"product_tag-baumit-sk","12":"product_shipping_class-latwa-wysylka-sk","14":"first","15":"onbackorder","16":"taxable","17":"shipping-taxable","18":"purchasable","19":"product-type-simple"},"_links":{"self":[{"href":"https:\/\/www.sanier.pl\/sk\/wp-json\/wp\/v2\/product\/279213","targetHints":{"allow":["GET"]}}],"collection":[{"href":"https:\/\/www.sanier.pl\/sk\/wp-json\/wp\/v2\/product"}],"about":[{"href":"https:\/\/www.sanier.pl\/sk\/wp-json\/wp\/v2\/types\/product"}],"replies":[{"embeddable":true,"href":"https:\/\/www.sanier.pl\/sk\/wp-json\/wp\/v2\/comments?post=279213"}],"wp:featuredmedia":[{"embeddable":true,"href":"https:\/\/www.sanier.pl\/sk\/wp-json\/wp\/v2\/media\/264361"}],"wp:attachment":[{"href":"https:\/\/www.sanier.pl\/sk\/wp-json\/wp\/v2\/media?parent=279213"}],"wp:term":[{"taxonomy":"product_brand","embeddable":true,"href":"https:\/\/www.sanier.pl\/sk\/wp-json\/wp\/v2\/product_brand?post=279213"},{"taxonomy":"product_cat","embeddable":true,"href":"https:\/\/www.sanier.pl\/sk\/wp-json\/wp\/v2\/product_cat?post=279213"},{"taxonomy":"product_tag","embeddable":true,"href":"https:\/\/www.sanier.pl\/sk\/wp-json\/wp\/v2\/product_tag?post=279213"}],"curies":[{"name":"wp","href":"https:\/\/api.w.org\/{rel}","templated":true}]}}