{"id":279208,"date":"2017-04-09T10:03:03","date_gmt":"2017-04-09T10:03:03","guid":{"rendered":"https:\/\/www.sanier.pl\/produkt\/stuccoco-mono-sm-86\/"},"modified":"2025-03-14T07:29:59","modified_gmt":"2025-03-14T07:29:59","slug":"stuccoco-mono-sm-86","status":"publish","type":"product","link":"https:\/\/www.sanier.pl\/sk\/produkt\/stuccoco-mono-sm-86\/","title":{"rendered":"Stuccoco Mono SM 86 | Baumit"},"content":{"rendered":"<p>[vc_row][vc_column][vc_column_text]<img loading=\"lazy\" decoding=\"async\" class=\"size-full wp-image-3279 aligncenter\" src=\"https:\/\/sanier.pl\/wp-content\/uploads\/2017\/03\/baumit_logo_2012-e1490989945791.jpg\" alt=\"baumit_logo_2012\" width=\"125\" height=\"146\" \/><\/p>\n<h1><strong>Stuccoco Mono SM 86<\/strong><\/h1>\n<h5 data-start=\"0\" data-end=\"15\">Zaprawa sochov\u00e1<\/h5>\n<h4 data-start=\"17\" data-end=\"28\">Vlastnosti:<\/h4>\n<p data-start=\"30\" data-end=\"473\">Mono SM 86 zaru\u010duje okrem dobrej trv\u00e1cnosti tvaru aj n\u00edzku sklony k zmr\u0161\u0165ovaniu, jednoduch\u00e9 \u0165ahanie a r\u00fdchle viazanie materi\u00e1lu. V\u010faka r\u00fdchlemu viazaniu a miner\u00e1lnym plniv\u00e1m sa t\u00e1to malta hod\u00ed aj na strojov\u00e9 vytv\u00e1ranie profilov, napr. \u0161peci\u00e1lnymi strojmi na \u0165ahanie r\u00edms. Pr\u00edsady hydrof\u00f3bne umo\u017e\u0148uj\u00fa vyu\u017eitie profilov na vonkaj\u0161\u00edch aplik\u00e1ci\u00e1ch a vo vlhk\u00fdch oblastiach. Stuccoco Mono SM 86 neobsahuje \u017eiadne zlo\u017eky sp\u00f4sobuj\u00face kor\u00f3ziu (chl\u00f3ry).<\/p>\n<h4 data-start=\"475\" data-end=\"484\">Pou\u017eitie:<\/h4>\n<p data-start=\"486\" data-end=\"884\">Produkt je miner\u00e1lna omietkov\u00e1 malta na vytv\u00e1ranie jednovrstvov\u00fdch profilov (napr. r\u00e1m\u010dekov) na omietkovom stole (max. v\u00fd\u0161ka: 50 mm, max. \u0161\u00edrka: 100 mm), na vn\u00fatorn\u00e9 a vonkaj\u0161ie aplik\u00e1cie. Omietka je ur\u010den\u00e1 na pr\u00e1cu na stole. Pr\u00e1ca na stene je vzh\u013eadom na ve\u013emi kr\u00e1tky \u010das viazania mo\u017en\u00e1 s obmedzeniami (reprofil\u00e1cia). \u0160peci\u00e1lna recept\u00fara a jemn\u00e9 zrno umo\u017e\u0148uj\u00fa r\u00fdchle vykon\u00e1vanie \u0165ahan\u00fdch profilov.<\/p>\n<p data-start=\"886\" data-end=\"899\">Ve\u013ekos\u0165 zrna:<\/p>\n<ul data-start=\"901\" data-end=\"911\" data-is-last-node=\"\" data-is-only-node=\"\">\n<li data-start=\"901\" data-end=\"911\" data-is-last-node=\"\">0\u20130,5 mm<\/li>\n<\/ul>\n<p><a href=\"https:\/\/sanier.pl\/wp-content\/uploads\/2017\/04\/PDBL_Stuccoco_Mono_SM_86.pdf\" target=\"_blank\" rel=\"noopener\"><span class=\"HwtZe\" lang=\"sk\"><span class=\"jCAhz ChMk0b\"><span class=\"ryNqvb\">Technick\u00fd list Stuccoco Mono SM 86<\/span><\/span><\/span><\/a>[\/vc_column_text][\/vc_column][\/vc_row]<\/p>\n","protected":false},"excerpt":{"rendered":"<p>Stuccoco Mono SM 86 je r\u00fdchloschn\u00faca omietkov\u00e1 malta na v\u00fdrobu jednovrstvov\u00fdch profilov na omietkovom stole (met\u00f3da pracovn\u00e9ho postupu) alebo tenkovrstvovo na existuj\u00facich profiloch. Hotov\u00e1 such\u00e1 malta pod\u013ea EN 998-1.<\/p>\n","protected":false},"featured_media":264697,"comment_status":"open","ping_status":"closed","template":"","meta":{"_acf_changed":false},"product_brand":[],"product_cat":[895,1048,911,914],"product_tag":[897],"class_list":{"0":"post-279208","1":"product","2":"type-product","3":"status-publish","4":"has-post-thumbnail","6":"product_cat-baumit-sk","7":"product_cat-materialy-sztukatorskie-sk","8":"product_cat-promowane-sk","9":"product_cat-renowacja-elewacji-sk","10":"product_tag-baumit-sk","11":"product_shipping_class-latwa-wysylka-sk","13":"first","14":"onbackorder","15":"taxable","16":"shipping-taxable","17":"purchasable","18":"product-type-simple"},"acf":[],"_links":{"self":[{"href":"https:\/\/www.sanier.pl\/sk\/wp-json\/wp\/v2\/product\/279208","targetHints":{"allow":["GET"]}}],"collection":[{"href":"https:\/\/www.sanier.pl\/sk\/wp-json\/wp\/v2\/product"}],"about":[{"href":"https:\/\/www.sanier.pl\/sk\/wp-json\/wp\/v2\/types\/product"}],"replies":[{"embeddable":true,"href":"https:\/\/www.sanier.pl\/sk\/wp-json\/wp\/v2\/comments?post=279208"}],"wp:featuredmedia":[{"embeddable":true,"href":"https:\/\/www.sanier.pl\/sk\/wp-json\/wp\/v2\/media\/264697"}],"wp:attachment":[{"href":"https:\/\/www.sanier.pl\/sk\/wp-json\/wp\/v2\/media?parent=279208"}],"wp:term":[{"taxonomy":"product_brand","embeddable":true,"href":"https:\/\/www.sanier.pl\/sk\/wp-json\/wp\/v2\/product_brand?post=279208"},{"taxonomy":"product_cat","embeddable":true,"href":"https:\/\/www.sanier.pl\/sk\/wp-json\/wp\/v2\/product_cat?post=279208"},{"taxonomy":"product_tag","embeddable":true,"href":"https:\/\/www.sanier.pl\/sk\/wp-json\/wp\/v2\/product_tag?post=279208"}],"curies":[{"name":"wp","href":"https:\/\/api.w.org\/{rel}","templated":true}]}}