{"id":279200,"date":"2017-04-09T10:24:58","date_gmt":"2017-04-09T10:24:58","guid":{"rendered":"https:\/\/www.sanier.pl\/produkt\/stuccoco-guss-sg-87\/"},"modified":"2025-03-13T14:17:26","modified_gmt":"2025-03-13T14:17:26","slug":"stuccoco-guss-sg-87","status":"publish","type":"product","link":"https:\/\/www.sanier.pl\/sk\/produkt\/stuccoco-guss-sg-87\/","title":{"rendered":"Stuccoco Guss SG 87 | Baumit"},"content":{"rendered":"<p>[vc_row][vc_column][vc_column_text]<img loading=\"lazy\" decoding=\"async\" class=\"size-full wp-image-3279 aligncenter\" src=\"https:\/\/sanier.pl\/wp-content\/uploads\/2017\/03\/baumit_logo_2012-e1490989945791.jpg\" alt=\"baumit_logo_2012\" width=\"125\" height=\"146\" \/><\/p>\n<h1><em><strong>Stuccoco Guss SG 87<\/strong><\/em><\/h1>\n<p data-start=\"0\" data-end=\"494\">Stuccoco Guss SG 87 je such\u00e1 omietkov\u00e1 zmes ur\u010den\u00e1 na v\u00fdrobu odliatkov\u00fdch detaily. Tento produkt umo\u017e\u0148uje odlievanie s maxim\u00e1lnym objemom 13 litrov. V\u010faka r\u00fdchlemu tuhnutiu m\u00f4\u017eete formu odstr\u00e1ni\u0165 u\u017e po 1,5 hodine. Vykonan\u00e9 formy bud\u00fa vyzna\u010dova\u0165 vysokou trvanlivos\u0165ou a odolnos\u0165ou vo\u010di poveternostn\u00fdm podmienkam, \u010do zabezpe\u010d\u00ed, \u017ee detaily bud\u00fa vyzera\u0165 skvele po mnoho rokov. Stuccoco Guss SG 87 obsahuje pr\u00edsady, ktor\u00e9 zabezpe\u010duj\u00fa hydrof\u00f3bnos\u0165 a je \u013eahko spracovate\u013en\u00fd bez probl\u00e9mov pri pr\u00edprave.<\/p>\n<p data-start=\"496\" data-end=\"511\"><strong data-start=\"496\" data-end=\"511\">Vlastnosti:<\/strong><\/p>\n<p data-start=\"513\" data-end=\"691\">Stuccoco Guss SG 87 sa vyzna\u010duje r\u00fdchlym tuhnut\u00edm materi\u00e1lu a dosahuje vysok\u00fa pevnos\u0165 v tlaku. V\u010faka ve\u013emi dobr\u00e9mu toku materi\u00e1lu z\u00edskate uzavret\u00e9 povrchy na hotov\u00fdch odliatkoch.<\/p>\n<p data-start=\"693\" data-end=\"706\"><strong data-start=\"693\" data-end=\"706\">Pou\u017eitie:<\/strong><\/p>\n<p data-start=\"708\" data-end=\"1400\">Stuccoco Guss SG 87 je omietkov\u00e1 zmes ur\u010den\u00e1 na v\u00fdrobu mal\u00fdch odliatkov s maxim\u00e1lnym objemom do 13 litrov. R\u00fdchle tuhnutie umo\u017e\u0148uje vybra\u0165 odliatky z formy u\u017e po 1,5 - 2 hodin\u00e1ch (pre prvky s hlbok\u00fdmi z\u00e1rezmi je potrebn\u00e9 po\u010dka\u0165 dlh\u0161\u00ed \u010das). Odliatky z tejto zmesi m\u00f4\u017eu by\u0165 pou\u017eit\u00e9 v interi\u00e9roch aj exteri\u00e9roch. Stuccoco Guss SG 87 sa neodpor\u00fa\u010da na v\u00fdrobu \u010dast\u00ed s ve\u013ek\u00fdm objemom a\/alebo ve\u013ek\u00fdmi rozdielmi v hr\u00fabke, preto\u017ee by mohli vznikn\u00fa\u0165 praskliny zmr\u0161\u0165ovan\u00edm. T\u00e1to zmes nie je vhodn\u00e1 na parapety, stre\u0161n\u00e9 kon\u0161trukcie, nosn\u00e9 prvky a na oblasti s dlhodob\u00fdm siln\u00fdm vlhnut\u00edm (napr\u00edklad v oblasti soklov). Na pr\u00e1cu s tepelnoizola\u010dn\u00fdmi syst\u00e9mami by sa mali pou\u017e\u00edva\u0165 formovan\u00e9 polystyr\u00e9nov\u00e9 diely.<\/p>\n<p data-start=\"1402\" data-end=\"1414\"><strong data-start=\"1402\" data-end=\"1414\">Podklad:<\/strong><\/p>\n<p data-start=\"1416\" data-end=\"1578\">Podklad, na ktor\u00fd bud\u00fa odliatky umiestnen\u00e9, mus\u00ed by\u0165 rovnomerne vysu\u0161en\u00fd, nosn\u00fd, vy\u010disten\u00fd a vyf\u00fakan\u00fd. Vo\u013en\u00e9 \u010dasti, pr\u00e1zdne miesta a lepidl\u00e1 musia by\u0165 odstr\u00e1nen\u00e9.<\/p>\n<p data-start=\"1580\" data-end=\"1597\"><strong data-start=\"1580\" data-end=\"1597\">Ve\u013ekos\u0165 zrna:<\/strong><\/p>\n<ul data-start=\"1599\" data-end=\"1611\" data-is-last-node=\"\" data-is-only-node=\"\">\n<li data-start=\"1599\" data-end=\"1611\" data-is-last-node=\"\">0 - 1,2 mm<\/li>\n<\/ul>\n<p><a href=\"https:\/\/sanier.pl\/wp-content\/uploads\/2017\/04\/PDBL_Stuccoco_Guss_SG_87.pdf\" target=\"_blank\" rel=\"noopener\"><span class=\"HwtZe\" lang=\"sk\"><span class=\"jCAhz ChMk0b\"><span class=\"ryNqvb\">Technick\u00fd list Stuccoco Guss SG 87<\/span><\/span><\/span><\/a><\/p>\n<p>[\/vc_column_text][\/vc_column][\/vc_row]<\/p>\n","protected":false},"excerpt":{"rendered":"<p>Baumit Stuccoco Guss SG 87 je r\u00fdchloschn\u00faca omietkov\u00e1 zmes ide\u00e1lna na v\u00fdrobu prec\u00edznych odliatkov\u00fdch detaily s maxim\u00e1lnym objemom 13 litrov. Umo\u017e\u0148uje vybra\u0165 formu u\u017e po 1,5 hodine, pri\u010dom zaru\u010duje trvanlivos\u0165 a odolnos\u0165 vo\u010di poveternostn\u00fdm podmienkam. V\u010faka vynikaj\u00facemu toku materi\u00e1lu poskytuje uzavret\u00e9, hladk\u00e9 povrchy odliatkov. Zmes je hydrof\u00f3bna, \u013eahko spracovate\u013en\u00e1 a ide\u00e1lna pre pou\u017eitie v interi\u00e9roch aj exteri\u00e9roch. Perfektn\u00e1 vo\u013eba pre profesion\u00e1lov h\u013eadaj\u00facich r\u00fdchle a trval\u00e9 rie\u0161enia.<\/p>\n","protected":false},"featured_media":264715,"comment_status":"open","ping_status":"closed","template":"","meta":[],"product_brand":[],"product_cat":[895,1048,914],"product_tag":[897],"class_list":{"0":"post-279200","1":"product","2":"type-product","3":"status-publish","4":"has-post-thumbnail","6":"product_cat-baumit-sk","7":"product_cat-materialy-sztukatorskie-sk","8":"product_cat-renowacja-elewacji-sk","9":"product_tag-baumit-sk","10":"product_shipping_class-latwa-wysylka-sk","12":"first","13":"instock","14":"taxable","15":"shipping-taxable","16":"purchasable","17":"product-type-simple"},"_links":{"self":[{"href":"https:\/\/www.sanier.pl\/sk\/wp-json\/wp\/v2\/product\/279200","targetHints":{"allow":["GET"]}}],"collection":[{"href":"https:\/\/www.sanier.pl\/sk\/wp-json\/wp\/v2\/product"}],"about":[{"href":"https:\/\/www.sanier.pl\/sk\/wp-json\/wp\/v2\/types\/product"}],"replies":[{"embeddable":true,"href":"https:\/\/www.sanier.pl\/sk\/wp-json\/wp\/v2\/comments?post=279200"}],"wp:featuredmedia":[{"embeddable":true,"href":"https:\/\/www.sanier.pl\/sk\/wp-json\/wp\/v2\/media\/264715"}],"wp:attachment":[{"href":"https:\/\/www.sanier.pl\/sk\/wp-json\/wp\/v2\/media?parent=279200"}],"wp:term":[{"taxonomy":"product_brand","embeddable":true,"href":"https:\/\/www.sanier.pl\/sk\/wp-json\/wp\/v2\/product_brand?post=279200"},{"taxonomy":"product_cat","embeddable":true,"href":"https:\/\/www.sanier.pl\/sk\/wp-json\/wp\/v2\/product_cat?post=279200"},{"taxonomy":"product_tag","embeddable":true,"href":"https:\/\/www.sanier.pl\/sk\/wp-json\/wp\/v2\/product_tag?post=279200"}],"curies":[{"name":"wp","href":"https:\/\/api.w.org\/{rel}","templated":true}]}}