{"id":279193,"date":"2017-04-09T15:10:14","date_gmt":"2017-04-09T15:10:14","guid":{"rendered":"https:\/\/www.sanier.pl\/produkt\/novalit-f\/"},"modified":"2025-03-13T13:39:16","modified_gmt":"2025-03-13T13:39:16","slug":"novalit-f","status":"publish","type":"product","link":"https:\/\/www.sanier.pl\/sk\/produkt\/novalit-f\/","title":{"rendered":"Novalit F"},"content":{"rendered":"<p>[vc_row][vc_column][vc_column_text]<img loading=\"lazy\" decoding=\"async\" class=\"size-full wp-image-3335 aligncenter\" src=\"https:\/\/sanier.pl\/wp-content\/uploads\/2017\/01\/farby-kabe-logo-300x275-e1491387095746.jpg\" alt=\"farby-kabe-logo-300x275\" width=\"150\" height=\"138\" \/><\/p>\n<h1>Novalit F<\/h1>\n<p data-start=\"0\" data-end=\"347\">Novalit F je miner\u00e1lna n\u00e1terov\u00e1 farba na b\u00e1ze \u0161peci\u00e1lne modifikovan\u00e9ho draseln\u00e9ho skla. Pokro\u010dil\u00e9 technologick\u00e9 rie\u0161enie na ochranu a dekor\u00e1ciu vonkaj\u0161\u00edch povrchov budov. Jej miner\u00e1lny charakter a zn\u00ed\u017een\u00e1 alkalickos\u0165 (pH 8-9,5) zabezpe\u010duj\u00fa v\u00fdnimo\u010dn\u00fa trv\u00e1cnos\u0165 a odolnos\u0165 n\u00e1teru, ktor\u00fd si v\u00fdborne porad\u00ed s nepriazniv\u00fdmi poveternostn\u00fdmi podmienkami.<\/p>\n<p data-start=\"349\" data-end=\"700\">Farba bola vytvoren\u00e1 s oh\u013eadom na po\u010diato\u010dn\u00e9 a renova\u010dn\u00e9 ma\u013eovanie miner\u00e1lnych podkladov, ako s\u00fa v\u00e1penn\u00e9, v\u00e1pennocementov\u00e9, cementov\u00e9 omietky a tenkovrstvov\u00e9 miner\u00e1lne, silik\u00e1tov\u00e9 a polysilik\u00e1tov\u00e9 omietky. V\u010faka vynikaj\u00facej pri\u013enavosti je vhodn\u00e1 aj na podklady pokryt\u00e9 povlakmi a v\u00fdpravami na b\u00e1ze plastov, najm\u00e4 na povrchy vy\u017eaduj\u00face miner\u00e1lny n\u00e1ter.<\/p>\n<h4 data-start=\"702\" data-end=\"723\">Vlastnosti Novalit F:<\/h4>\n<ul data-start=\"725\" data-end=\"1321\">\n<li data-start=\"725\" data-end=\"794\">Miner\u00e1lny charakter: Zaru\u010duje trv\u00e1cnos\u0165 a prirodzen\u00fd vzh\u013ead fas\u00e1dy.<\/li>\n<li data-start=\"795\" data-end=\"896\">N\u00edzkoalkalick\u00fd pH (8-9,5): Zni\u017euje vplyv poveternostn\u00fdch podmienok po\u010das aplik\u00e1cie a vytvrdzovania.<\/li>\n<li data-start=\"897\" data-end=\"971\">Odolnos\u0165 proti zne\u010disteniu: Zv\u00fd\u0161en\u00e1 odolnos\u0165 proti usadzovaniu ne\u010dist\u00f4t.<\/li>\n<li data-start=\"972\" data-end=\"1047\">Ochrana pred riasami a hubami: Chr\u00e1ni fas\u00e1du pred rastom mikroorganizmov.<\/li>\n<li data-start=\"1048\" data-end=\"1136\">Mikropor\u00e9zna \u0161trukt\u00fara: Zabezpe\u010duje vysok\u00fa paropriepustnos\u0165, umo\u017e\u0148uje sten\u00e1m \"d\u00fdcha\u0165\".<\/li>\n<li data-start=\"1137\" data-end=\"1232\">N\u00edzka nasiakav\u00e1 povrchov\u00e1 vlastnos\u0165: Zvy\u0161uje odolnos\u0165 proti vlhkosti a atmosf\u00e9rick\u00fdm zr\u00e1\u017ekam.<\/li>\n<li data-start=\"1233\" data-end=\"1321\">V\u0161estrannos\u0165: Vhodn\u00e1 na miner\u00e1lne podklady a povrchy pokryt\u00e9 povlakmi na b\u00e1ze plastov.<\/li>\n<\/ul>\n<p data-start=\"1323\" data-end=\"1707\">Pou\u017eitie Novalit F: Farba je ur\u010den\u00e1 na ma\u013eovanie fas\u00e1d obytn\u00fdch, komer\u010dn\u00fdch a historick\u00fdch budov. Je obzvl\u00e1\u0161\u0165 odpor\u00fa\u010dan\u00e1 na povrchy vystaven\u00e9 meniacim sa poveternostn\u00fdm podmienkam a vy\u017eaduj\u00facim trval\u00fa ochranu proti zne\u010disteniu. Vynikaj\u00faco sa osved\u010duje na bet\u00f3ne, cementovo-v\u00e1penn\u00fdch, silik\u00e1tov\u00fdch a polysilik\u00e1tov\u00fdch omietkach. M\u00f4\u017ee by\u0165 pou\u017eit\u00e1 ako na nov\u00e9, tak aj na obnoven\u00e9 povrchy.<\/p>\n<p data-start=\"1709\" data-end=\"1880\">Spotreba: Priemern\u00e1 spotreba farby je pribli\u017ene 0,33 l\/m\u00b2 pri dvojitom nan\u00e1\u0161an\u00ed na hladk\u00fd podklad, \u010do z nej rob\u00ed efekt\u00edvne a ekonomick\u00e9 rie\u0161enie na dlhodob\u00fa ochranu fas\u00e1d.<\/p>\n<p data-start=\"1882\" data-end=\"1907\" data-is-last-node=\"\" data-is-only-node=\"\"><a href=\"https:\/\/sanier.pl\/wp-content\/uploads\/2017\/04\/novalit-f.pdf\" target=\"_blank\" rel=\"noopener\">Technick\u00fd list Novalit F.<\/a><\/p>\n<p>\u00a0[\/vc_column_text][\/vc_column][\/vc_row]<\/p>\n","protected":false},"excerpt":{"rendered":"<div class=\"flex max-w-full flex-col flex-grow\">\n<div class=\"min-h-8 text-message relative flex w-full flex-col items-end gap-2 whitespace-normal break-words text-start [.text-message+&amp;]:mt-5\" dir=\"auto\" data-message-author-role=\"assistant\" data-message-id=\"007032d6-0bfc-4b77-b556-a8d11644e303\" data-message-model-slug=\"gpt-4o-mini\">\n<div class=\"flex w-full flex-col gap-1 empty:hidden first:pt-[3px]\"><\/div>\n<\/div>\n<\/div>\n<div class=\"mb-2 flex gap-3 empty:hidden -ml-2\">\n<div class=\"items-center justify-start rounded-xl p-1 flex\">\n<div class=\"flex items-center\">\n<div class=\"flex max-w-full flex-col flex-grow\">\n<div class=\"min-h-8 text-message relative flex w-full flex-col items-end gap-2 whitespace-normal break-words text-start [.text-message+&amp;]:mt-5\" dir=\"auto\" data-message-author-role=\"assistant\" data-message-id=\"007032d6-0bfc-4b77-b556-a8d11644e303\" data-message-model-slug=\"gpt-4o-mini\">\n<div class=\"flex w-full flex-col gap-1 empty:hidden first:pt-[3px]\">\n<p data-start=\"0\" data-end=\"399\" data-is-last-node=\"\" data-is-only-node=\"\">Novalit F je miner\u00e1lna n\u00e1terov\u00e1 farba na b\u00e1ze modifikovan\u00e9ho draseln\u00e9ho skla, ktor\u00e1 sa vyzna\u010duje vysokou odolnos\u0165ou vo\u010di poveternostn\u00fdm podmienkam, zne\u010disteniu a rastu rias a h\u00fab. V\u010faka mikropor\u00e9znej \u0161trukt\u00fare zabezpe\u010duje vysok\u00fa paropriepustnos\u0165 a n\u00edzku nasiakavos\u0165, ide\u00e1lne sa hod\u00ed na miner\u00e1lne podklady a povrchy pokryt\u00e9 povlakmi z plastov. Je vynikaj\u00faca na po\u010diato\u010dn\u00e9 a renova\u010dn\u00e9 ma\u013eovanie fas\u00e1d.<\/p>\n<\/div>\n<\/div>\n<\/div>\n<\/div>\n<div class=\"mb-2 flex gap-3 -ml-2\" tabindex=\"0\">\n<div class=\"flex items-center justify-start rounded-xl p-1\">\n<div class=\"flex items-center\"><\/div>\n<\/div>\n<\/div>\n<\/div>\n<\/div>\n<p>&nbsp;<\/p>\n","protected":false},"featured_media":264742,"comment_status":"open","ping_status":"closed","template":"","meta":[],"product_brand":[],"product_cat":[1046,1047,1027,902,914],"product_tag":[1028],"class_list":{"0":"post-279193","1":"product","2":"type-product","3":"status-publish","4":"has-post-thumbnail","6":"product_cat-farby-elewacyjne-sk","7":"product_cat-impregnaty-i-farby-sk","8":"product_cat-kabe-sk","9":"product_cat-ochrona-i-naprawa-betonu-sk","10":"product_cat-renowacja-elewacji-sk","11":"product_tag-kabe-sk","13":"first","14":"instock","15":"taxable","16":"shipping-taxable","17":"purchasable","18":"product-type-variable"},"_links":{"self":[{"href":"https:\/\/www.sanier.pl\/sk\/wp-json\/wp\/v2\/product\/279193","targetHints":{"allow":["GET"]}}],"collection":[{"href":"https:\/\/www.sanier.pl\/sk\/wp-json\/wp\/v2\/product"}],"about":[{"href":"https:\/\/www.sanier.pl\/sk\/wp-json\/wp\/v2\/types\/product"}],"replies":[{"embeddable":true,"href":"https:\/\/www.sanier.pl\/sk\/wp-json\/wp\/v2\/comments?post=279193"}],"wp:featuredmedia":[{"embeddable":true,"href":"https:\/\/www.sanier.pl\/sk\/wp-json\/wp\/v2\/media\/264742"}],"wp:attachment":[{"href":"https:\/\/www.sanier.pl\/sk\/wp-json\/wp\/v2\/media?parent=279193"}],"wp:term":[{"taxonomy":"product_brand","embeddable":true,"href":"https:\/\/www.sanier.pl\/sk\/wp-json\/wp\/v2\/product_brand?post=279193"},{"taxonomy":"product_cat","embeddable":true,"href":"https:\/\/www.sanier.pl\/sk\/wp-json\/wp\/v2\/product_cat?post=279193"},{"taxonomy":"product_tag","embeddable":true,"href":"https:\/\/www.sanier.pl\/sk\/wp-json\/wp\/v2\/product_tag?post=279193"}],"curies":[{"name":"wp","href":"https:\/\/api.w.org\/{rel}","templated":true}]}}