{"id":279182,"date":"2017-04-09T17:33:56","date_gmt":"2017-04-09T17:33:56","guid":{"rendered":"https:\/\/www.sanier.pl\/produkt\/armasil-f\/"},"modified":"2025-03-13T11:27:54","modified_gmt":"2025-03-13T11:27:54","slug":"armasil-f","status":"publish","type":"product","link":"https:\/\/www.sanier.pl\/sk\/produkt\/armasil-f\/","title":{"rendered":"Armasil F"},"content":{"rendered":"<p>[vc_row][vc_column][vc_column_text]<img loading=\"lazy\" decoding=\"async\" class=\"size-full wp-image-3335 aligncenter\" src=\"https:\/\/sanier.pl\/wp-content\/uploads\/2017\/01\/farby-kabe-logo-300x275-e1491387095746.jpg\" alt=\"farby-kabe-logo-300x275\" width=\"150\" height=\"138\" \/><\/p>\n<h1>Armasil F<\/h1>\n<p data-start=\"0\" data-end=\"336\">Armasil F je n\u00e1terov\u00e1 farba ur\u010den\u00e1 na ma\u013eovanie vonkaj\u0161\u00edch povrchov budov. V\u010faka svojim v\u00fdnimo\u010dn\u00fdm vlastnostiam je ide\u00e1lna na fas\u00e1dy vystaven\u00e9 intenz\u00edvnemu p\u00f4sobeniu poveternostn\u00fdch podmienok a vy\u017eaduj\u00face vysok\u00fa odolnos\u0165 proti zne\u010disteniu. Vytv\u00e1ra trval\u00fa matn\u00fa vrstvu s ve\u013emi dobrou paropriepustnos\u0165ou a n\u00edzkou povrchovou nasiakavos\u0165ou.<\/p>\n<p data-start=\"338\" data-end=\"594\">Farba \u00fa\u010dinne chr\u00e1ni fas\u00e1du pred vlhkos\u0165ou a zne\u010disten\u00edm v\u010faka efektu \"odpudzovania\" \u010dast\u00edc vody, ktor\u00fd zni\u017euje usadzovanie ne\u010dist\u00f4t a chr\u00e1ni pred p\u00f4soben\u00edm zr\u00e1\u017eok. Navy\u0161e je chr\u00e1nen\u00e1 pred rastom rias a h\u00fab, \u010do zabezpe\u010duje dlhodob\u00fa estetiku a ochranu fas\u00e1d.<\/p>\n<p data-start=\"596\" data-end=\"836\">Produkt je vhodn\u00fd na miner\u00e1lne podklady, ako bet\u00f3n, cementov\u00e9 a cementovo-v\u00e1penn\u00e9 omietky, ako aj na povrchy pokryt\u00e9 n\u00e1termi na b\u00e1ze plastov. Farba tie\u017e poskytuje ve\u013emi dobr\u00e9 krytie, \u010do umo\u017e\u0148uje dosiahnu\u0165 ide\u00e1lny povrch pri n\u00edzkej spotrebe.<\/p>\n<h4 data-start=\"838\" data-end=\"849\">Vlastnosti:<\/h4>\n<ul data-start=\"851\" data-end=\"1123\">\n<li data-start=\"851\" data-end=\"903\">V\u00fdnimo\u010dn\u00e1 odolnos\u0165 vo\u010di poveternostn\u00fdm podmienkam.<\/li>\n<li data-start=\"904\" data-end=\"958\">Ve\u013emi dobr\u00e1 paropriepustnos\u0165 pre \"d\u00fdchaj\u00face\" fas\u00e1dy.<\/li>\n<li data-start=\"959\" data-end=\"996\">Zv\u00fd\u0161en\u00e1 odolnos\u0165 proti zne\u010disteniu.<\/li>\n<li data-start=\"997\" data-end=\"1053\">N\u00edzka povrchov\u00e1 nasiakavos\u0165 a efekt odpudzovania vody.<\/li>\n<li data-start=\"1054\" data-end=\"1087\">Ochrana proti rastu rias a h\u00fab.<\/li>\n<li data-start=\"1088\" data-end=\"1123\">Vynikaj\u00face krytie a matn\u00fd povrch.<\/li>\n<\/ul>\n<p data-start=\"1125\" data-end=\"1455\">Pou\u017eitie Armasil F: Farba je ide\u00e1lna na renova\u010dn\u00e9 ma\u013eovanie fas\u00e1d obytn\u00fdch, komer\u010dn\u00fdch a priemyseln\u00fdch budov. M\u00f4\u017ee sa aplikova\u0165 na cementovo-v\u00e1penn\u00e9 omietky, miner\u00e1lne podklady, bet\u00f3nov\u00e9 povrchy, ako aj na povrchy pokryt\u00e9 omietkami a n\u00e1termi na b\u00e1ze plastov. Pohlcuj\u00face podklady si vy\u017eaduj\u00fa predbe\u017en\u00e9 nanesenie pr\u00edpravku HYDROPOR.<\/p>\n<p data-start=\"1457\" data-end=\"1619\">Spotreba Armasil F: Spotreba je pribli\u017ene 0,33 l\/m\u00b2 pri dvojitom ma\u013eovan\u00ed hladk\u00e9ho podkladu, \u010do rob\u00ed farbu efekt\u00edvnym a ekonomick\u00fdm rie\u0161en\u00edm pre ka\u017ed\u00fa invest\u00edciu.<\/p>\n<p data-start=\"1621\" data-end=\"1645\" data-is-last-node=\"\" data-is-only-node=\"\"><a href=\"https:\/\/sanier.pl\/wp-content\/uploads\/2017\/04\/armasil-f.pdf\" target=\"_blank\" rel=\"noopener\">Technick\u00fd list Armasil F<\/a><\/p>\n<p>[\/vc_column_text][\/vc_column][\/vc_row]<\/p>\n","protected":false},"excerpt":{"rendered":"<p>Armasil F je farba na vonkaj\u0161ie pou\u017eitie, ktor\u00e1 poskytuje v\u00fdnimo\u010dn\u00fa odolnos\u0165 proti poveternostn\u00fdm podmienkam, zne\u010disteniu a vlhkosti v\u010faka efektu odpudzovania vody. Vyzna\u010duje sa ve\u013emi dobrou paropriepustnos\u0165ou, n\u00edzkou nasiakavos\u0165ou a ochranou pred rastom rias a h\u00fab. Ide\u00e1lna na fas\u00e1dy na miner\u00e1lnych podkladoch a n\u00e1teroch na b\u00e1ze plastov, vytv\u00e1ra trval\u00fa, matn\u00fa vrstvu s vynikaj\u00facim kryt\u00edm. Je efekt\u00edvna a \u013eahk\u00e1 na aplik\u00e1ciu.<\/p>\n","protected":false},"featured_media":264754,"comment_status":"open","ping_status":"closed","template":"","meta":[],"product_brand":[],"product_cat":[1046,1047,1027,902,914],"product_tag":[1028],"class_list":{"0":"post-279182","1":"product","2":"type-product","3":"status-publish","4":"has-post-thumbnail","6":"product_cat-farby-elewacyjne-sk","7":"product_cat-impregnaty-i-farby-sk","8":"product_cat-kabe-sk","9":"product_cat-ochrona-i-naprawa-betonu-sk","10":"product_cat-renowacja-elewacji-sk","11":"product_tag-kabe-sk","13":"first","14":"instock","15":"taxable","16":"shipping-taxable","17":"purchasable","18":"product-type-variable"},"_links":{"self":[{"href":"https:\/\/www.sanier.pl\/sk\/wp-json\/wp\/v2\/product\/279182","targetHints":{"allow":["GET"]}}],"collection":[{"href":"https:\/\/www.sanier.pl\/sk\/wp-json\/wp\/v2\/product"}],"about":[{"href":"https:\/\/www.sanier.pl\/sk\/wp-json\/wp\/v2\/types\/product"}],"replies":[{"embeddable":true,"href":"https:\/\/www.sanier.pl\/sk\/wp-json\/wp\/v2\/comments?post=279182"}],"wp:featuredmedia":[{"embeddable":true,"href":"https:\/\/www.sanier.pl\/sk\/wp-json\/wp\/v2\/media\/264754"}],"wp:attachment":[{"href":"https:\/\/www.sanier.pl\/sk\/wp-json\/wp\/v2\/media?parent=279182"}],"wp:term":[{"taxonomy":"product_brand","embeddable":true,"href":"https:\/\/www.sanier.pl\/sk\/wp-json\/wp\/v2\/product_brand?post=279182"},{"taxonomy":"product_cat","embeddable":true,"href":"https:\/\/www.sanier.pl\/sk\/wp-json\/wp\/v2\/product_cat?post=279182"},{"taxonomy":"product_tag","embeddable":true,"href":"https:\/\/www.sanier.pl\/sk\/wp-json\/wp\/v2\/product_tag?post=279182"}],"curies":[{"name":"wp","href":"https:\/\/api.w.org\/{rel}","templated":true}]}}