{"id":279178,"date":"2017-04-09T18:07:11","date_gmt":"2017-04-09T18:07:11","guid":{"rendered":"https:\/\/www.sanier.pl\/produkt\/calsilit-f\/"},"modified":"2025-03-13T09:57:43","modified_gmt":"2025-03-13T09:57:43","slug":"calsilit-f","status":"publish","type":"product","link":"https:\/\/www.sanier.pl\/sk\/produkt\/calsilit-f\/","title":{"rendered":"Calsilit F"},"content":{"rendered":"<p>[vc_row][vc_column][vc_column_text]<img loading=\"lazy\" decoding=\"async\" class=\"size-full wp-image-3335 aligncenter\" src=\"https:\/\/sanier.pl\/wp-content\/uploads\/2017\/01\/farby-kabe-logo-300x275-e1491387095746.jpg\" alt=\"farby-kabe-logo-300x275\" width=\"150\" height=\"138\" \/><\/p>\n<div class=\"flex max-w-full flex-col flex-grow\">\n<div class=\"min-h-8 text-message relative flex w-full flex-col items-end gap-2 whitespace-normal break-words text-start [.text-message+&amp;]:mt-5\" dir=\"auto\" data-message-author-role=\"assistant\" data-message-id=\"88de8bc8-d9e1-4613-8fb5-ad04fdd30a92\" data-message-model-slug=\"gpt-4o-mini\">\n<div class=\"flex w-full flex-col gap-1 empty:hidden first:pt-[3px]\">\n<h4 data-start=\"0\" data-end=\"11\">Vlastnosti:<\/h4>\n<ul data-start=\"12\" data-end=\"256\">\n<li data-start=\"12\" data-end=\"33\">miner\u00e1lny charakter<\/li>\n<li data-start=\"34\" data-end=\"94\">odolnos\u0165 vo\u010di nepriazniv\u00fdm vplyvom atmosferick\u00fdch faktorov<\/li>\n<li data-start=\"95\" data-end=\"123\">v\u00fdnimo\u010dn\u00e1 paropriepustnos\u0165<\/li>\n<li data-start=\"124\" data-end=\"159\">zv\u00fd\u0161en\u00e1 odolnos\u0165 vo\u010di zne\u010disteniu<\/li>\n<li data-start=\"160\" data-end=\"191\">\u00fa\u010dinn\u00e1 ochrana proti vlhkosti<\/li>\n<li data-start=\"192\" data-end=\"212\">ve\u013emi dobr\u00e9 krytie<\/li>\n<li data-start=\"213\" data-end=\"256\">prirodzen\u00e1 odolnos\u0165 vo\u010di rastu rias a h\u00fab<\/li>\n<\/ul>\n<h4 data-start=\"258\" data-end=\"267\">Pou\u017eitie:<\/h4>\n<p data-start=\"269\" data-end=\"1124\">Vysoko kvalitn\u00e1 n\u00e1terov\u00e1 farba na b\u00e1ze draseln\u00e9ho vodn\u00e9ho skla ur\u010den\u00e1 na vykon\u00e1vanie maliarskych povrchov\u00fdch \u00faprav na vonkaj\u0161\u00edch sten\u00e1ch budov, v\u00fdlu\u010dne na miner\u00e1lnych podkladoch (ako napr\u00edklad: bet\u00f3n, tradi\u010dn\u00e9 v\u00e1penn\u00e9 omietky, v\u00e1pennocementov\u00e9 a cementov\u00e9 omietky a tenkovrstvov\u00e9 miner\u00e1lne omietky, kremi\u010ditanov\u00e9\/silik\u00e1tov\u00e9). \u0160peci\u00e1lne odpor\u00fa\u010dan\u00e1 na po\u010diato\u010dn\u00e9 ma\u013eovanie miner\u00e1lnych podkladov a na pou\u017eitie v miestach so zv\u00fd\u0161enou vlhkos\u0165ou na modern\u00fdch a historick\u00fdch objektoch. Vytv\u00e1ra \u00faplne miner\u00e1lny, paropriepustn\u00fd n\u00e1ter, ktor\u00fd umo\u017e\u0148uje vo\u013en\u00e9 odparovanie vlhkosti zo stien a z\u00e1rove\u0148, v\u010faka pou\u017eitiu hydrofobizuj\u00facich l\u00e1tok, \u00fa\u010dinne chr\u00e1ni fas\u00e1du pred atmosf\u00e9rick\u00fdmi zr\u00e1\u017ekami. Pred nanesen\u00edm farby je potrebn\u00e9 podklad zagruntova\u0165 pr\u00edpravkom CALSILIT GF. Pozn\u00e1mka: Kv\u00f4li \u0161pecifik\u00e1m produktu sa neodpor\u00fa\u010da jeho pou\u017eitie na sadrov\u00fdch podkladoch (tj. \u0161tuk).<\/p>\n<h4 data-start=\"1126\" data-end=\"1135\">Spotreba:<\/h4>\n<ul data-start=\"1136\" data-end=\"1201\">\n<li data-start=\"1136\" data-end=\"1201\">pribli\u017ene 0,33 l\/m\u00b2 (pri dvojitom nan\u00e1\u0161an\u00ed na hladkom podklade)<\/li>\n<\/ul>\n<p data-start=\"1203\" data-end=\"1228\" data-is-last-node=\"\" data-is-only-node=\"\"><a href=\"https:\/\/sanier.pl\/wp-content\/uploads\/2017\/04\/calsilit-f.pdf\" target=\"_blank\" rel=\"noopener\">Technick\u00fd list Calsilit F<\/a><\/p>\n<\/div>\n<\/div>\n<\/div>\n<div class=\"mb-2 flex gap-3 -ml-2\" tabindex=\"0\">\n<div class=\"flex items-center justify-start rounded-xl p-1\"><\/div>\n<\/div>\n<p>[\/vc_column_text][\/vc_column][\/vc_row]<\/p>\n","protected":false},"excerpt":{"rendered":"<p>Kremi\u010ditanov\u00e1 (silik\u00e1tov\u00e1) farba s pr\u00eddavkom hydrofobizuj\u00facich l\u00e1tok<\/p>\n","protected":false},"featured_media":264766,"comment_status":"open","ping_status":"closed","template":"","meta":[],"product_brand":[],"product_cat":[1046,1027,1045,914],"product_tag":[1028],"class_list":{"0":"post-279178","1":"product","2":"type-product","3":"status-publish","4":"has-post-thumbnail","6":"product_cat-farby-elewacyjne-sk","7":"product_cat-kabe-sk","8":"product_cat-producenci-sk","9":"product_cat-renowacja-elewacji-sk","10":"product_tag-kabe-sk","12":"first","13":"instock","14":"taxable","15":"shipping-taxable","16":"purchasable","17":"product-type-variable"},"_links":{"self":[{"href":"https:\/\/www.sanier.pl\/sk\/wp-json\/wp\/v2\/product\/279178","targetHints":{"allow":["GET"]}}],"collection":[{"href":"https:\/\/www.sanier.pl\/sk\/wp-json\/wp\/v2\/product"}],"about":[{"href":"https:\/\/www.sanier.pl\/sk\/wp-json\/wp\/v2\/types\/product"}],"replies":[{"embeddable":true,"href":"https:\/\/www.sanier.pl\/sk\/wp-json\/wp\/v2\/comments?post=279178"}],"wp:featuredmedia":[{"embeddable":true,"href":"https:\/\/www.sanier.pl\/sk\/wp-json\/wp\/v2\/media\/264766"}],"wp:attachment":[{"href":"https:\/\/www.sanier.pl\/sk\/wp-json\/wp\/v2\/media?parent=279178"}],"wp:term":[{"taxonomy":"product_brand","embeddable":true,"href":"https:\/\/www.sanier.pl\/sk\/wp-json\/wp\/v2\/product_brand?post=279178"},{"taxonomy":"product_cat","embeddable":true,"href":"https:\/\/www.sanier.pl\/sk\/wp-json\/wp\/v2\/product_cat?post=279178"},{"taxonomy":"product_tag","embeddable":true,"href":"https:\/\/www.sanier.pl\/sk\/wp-json\/wp\/v2\/product_tag?post=279178"}],"curies":[{"name":"wp","href":"https:\/\/api.w.org\/{rel}","templated":true}]}}