{"id":279174,"date":"2017-04-09T18:43:29","date_gmt":"2017-04-09T18:43:29","guid":{"rendered":"https:\/\/www.sanier.pl\/produkt\/ct-17\/"},"modified":"2025-03-13T09:42:03","modified_gmt":"2025-03-13T09:42:03","slug":"ct-17","status":"publish","type":"product","link":"https:\/\/www.sanier.pl\/sk\/produkt\/ct-17\/","title":{"rendered":"CT 17"},"content":{"rendered":"<p>[vc_row][vc_column][vc_column_text]<img loading=\"lazy\" decoding=\"async\" class=\"wp-image-3851 aligncenter\" src=\"https:\/\/sanier.pl\/wp-content\/uploads\/2017\/04\/1991_20130321145324_tn_logo_ceresit_1.jpg\" alt=\"1991_20130321145324_tn_logo_ceresit_1\" width=\"301\" height=\"97\" srcset=\"https:\/\/www.sanier.pl\/wp-content\/uploads\/2017\/04\/1991_20130321145324_tn_logo_ceresit_1.jpg 795w, https:\/\/www.sanier.pl\/wp-content\/uploads\/2017\/04\/1991_20130321145324_tn_logo_ceresit_1-700x225.jpg 700w, https:\/\/www.sanier.pl\/wp-content\/uploads\/2017\/04\/1991_20130321145324_tn_logo_ceresit_1-300x97.jpg 300w, https:\/\/www.sanier.pl\/wp-content\/uploads\/2017\/04\/1991_20130321145324_tn_logo_ceresit_1-768x247.jpg 768w\" sizes=\"auto, (max-width:767px) 301px, 301px\" \/><\/p>\n<h1>CT 17<\/h1>\n<h4 data-start=\"0\" data-end=\"11\">Vlastnosti:<\/h4>\n<ul data-start=\"12\" data-end=\"197\">\n<li data-start=\"12\" data-end=\"41\">zosil\u0148uje povrchovo podklad<\/li>\n<li data-start=\"42\" data-end=\"72\">zni\u017euje nasiakavos\u0165 podkladu<\/li>\n<li data-start=\"73\" data-end=\"105\">zlep\u0161uje pri\u013enavos\u0165 k podkladu<\/li>\n<li data-start=\"106\" data-end=\"122\">paropriepustn\u00fd<\/li>\n<li data-start=\"123\" data-end=\"197\">u\u013eah\u010duje nan\u00e1\u0161anie \u010fal\u0161\u00edch vrstiev, ako s\u00fa lepidl\u00e1, tmel, podlahy, farby<\/li>\n<\/ul>\n<h4 data-start=\"199\" data-end=\"208\">Pou\u017eitie:<\/h4>\n<p data-start=\"210\" data-end=\"1077\">Pr\u00edpravok Ceresit CT 17 sl\u00fa\u017ei na penetrovanie podkladov (stien, podl\u00e1h, stropov) v interi\u00e9ri aj exteri\u00e9ri pred pripevnen\u00edm keramick\u00fdch dla\u017ed\u00edc, vylepovan\u00edm podl\u00e1h, pripev\u0148ovan\u00edm podlahov\u00fdch kryt\u00edn, tapetovan\u00edm, tmelen\u00edm, ma\u013eovan\u00edm alebo pripev\u0148ovan\u00edm izola\u010dn\u00fdch dosiek. Penetra\u010dn\u00fd pr\u00edpravok neobsahuje rozp\u00fa\u0161\u0165adl\u00e1. Podklady o\u0161etren\u00e9 CT 17 (v\u0161etky druhy omietok, bet\u00f3nov, liaty poter, podklady s podlahov\u00fdm k\u00faren\u00edm) maj\u00fa ni\u017e\u0161iu nasiakavos\u0165, \u010do zabra\u0148uje pr\u00edli\u0161 r\u00fdchlemu vysychaniu lepiacich malieb, podl\u00e1h, tmelov alebo farieb. Pr\u00edpravok prenik\u00e1 do podkladu a sp\u00e1ja zrnka plniva, ale nevedie k zv\u00fd\u0161eniu odolnosti podkladu v celej jeho hr\u00fabke. Pou\u017eitie sa odpor\u00fa\u010da najm\u00e4 na sadrov\u00e9, anhydritov\u00e9 a plynosilik\u00e1tov\u00e9 podklady. Je vhodn\u00fd aj na penetrovanie drevotrieskov\u00fdch dosiek a neimpregnovan\u00fdch sadrokart\u00f3nov\u00fdch dosiek. Pr\u00edpravok sp\u00f4sobuje \u017eltkast\u00e9 zafarbenie podkladu.<\/p>\n<h4 data-start=\"1079\" data-end=\"1088\">Spotreba:<\/h4>\n<ul data-start=\"1089\" data-end=\"1158\" data-is-last-node=\"\" data-is-only-node=\"\">\n<li data-start=\"1089\" data-end=\"1158\" data-is-last-node=\"\">od 0,1 do 0,5 l\/m\u00b2 v z\u00e1vislosti od rovnosti a nasiakavosti podkladu<\/li>\n<\/ul>\n<div id=\"KnM9nf\" class=\"PZPZlf\" data-attrid=\"tw-sourceArea\" data-entityname=\"Google Translate\">\n<div class=\"DHcWmd\">\n<div id=\"tw-target\">\n<div id=\"kAz1tf\" class=\"g9WsWb PZPZlf\" data-attrid=\"tw-targetArea\" data-entityname=\"Google Translate\">\n<div id=\"tw-target-text-container\" class=\"tw-ta-container tw-nfl\" tabindex=\"0\" role=\"text\">\n<p id=\"tw-target-text\" class=\"tw-data-text tw-text-large tw-ta\" dir=\"ltr\" data-placeholder=\"T\u0142umaczenie\" data-ved=\"2ahUKEwj586aPnIKMAxW6KxAIHUTtAEMQ3ewLegQICBAU\" aria-label=\"Przet\u0142umaczony tekst: Technick\u00fd list\"><a href=\"https:\/\/sanier.pl\/wp-content\/uploads\/2017\/04\/ct17.pdf\" target=\"_blank\" rel=\"noopener\"><span class=\"Y2IQFc\" lang=\"sk\">Technick\u00fd list CT 17<\/span><\/a><\/p>\n<\/div>\n<\/div>\n<\/div>\n<\/div>\n<\/div>\n<p>[\/vc_column_text][\/vc_column][\/vc_row]<\/p>\n","protected":false},"excerpt":{"rendered":"<p>Pr\u00edpravok na povrchov\u00e9 zosilnenie v\u0161etk\u00fdch nasiakav\u00fdch podkladov<\/p>\n","protected":false},"featured_media":264790,"comment_status":"open","ping_status":"closed","template":"","meta":[],"product_brand":[],"product_cat":[1042,1043,884,902,915,903,914],"product_tag":[1044],"class_list":{"0":"post-279174","1":"product","2":"type-product","3":"status-publish","4":"has-post-thumbnail","6":"product_cat-ceresit-sk","7":"product_cat-grunty-i-farby-sk","8":"product_cat-materialy-wykonczeniowe-sk","9":"product_cat-ochrona-i-naprawa-betonu-sk","10":"product_cat-przygotowanie-podloza-renowacja-elewacji-sk","11":"product_cat-przygotowanie-podloza-ochrona-i-naprawa-betonu-sk","12":"product_cat-renowacja-elewacji-sk","13":"product_tag-ceresit-sk","15":"first","16":"instock","17":"taxable","18":"shipping-taxable","19":"purchasable","20":"product-type-variable"},"_links":{"self":[{"href":"https:\/\/www.sanier.pl\/sk\/wp-json\/wp\/v2\/product\/279174","targetHints":{"allow":["GET"]}}],"collection":[{"href":"https:\/\/www.sanier.pl\/sk\/wp-json\/wp\/v2\/product"}],"about":[{"href":"https:\/\/www.sanier.pl\/sk\/wp-json\/wp\/v2\/types\/product"}],"replies":[{"embeddable":true,"href":"https:\/\/www.sanier.pl\/sk\/wp-json\/wp\/v2\/comments?post=279174"}],"wp:featuredmedia":[{"embeddable":true,"href":"https:\/\/www.sanier.pl\/sk\/wp-json\/wp\/v2\/media\/264790"}],"wp:attachment":[{"href":"https:\/\/www.sanier.pl\/sk\/wp-json\/wp\/v2\/media?parent=279174"}],"wp:term":[{"taxonomy":"product_brand","embeddable":true,"href":"https:\/\/www.sanier.pl\/sk\/wp-json\/wp\/v2\/product_brand?post=279174"},{"taxonomy":"product_cat","embeddable":true,"href":"https:\/\/www.sanier.pl\/sk\/wp-json\/wp\/v2\/product_cat?post=279174"},{"taxonomy":"product_tag","embeddable":true,"href":"https:\/\/www.sanier.pl\/sk\/wp-json\/wp\/v2\/product_tag?post=279174"}],"curies":[{"name":"wp","href":"https:\/\/api.w.org\/{rel}","templated":true}]}}