{"id":279172,"date":"2017-04-09T20:48:11","date_gmt":"2017-04-09T20:48:11","guid":{"rendered":"https:\/\/www.sanier.pl\/produkt\/pur-reiniger\/"},"modified":"2025-03-13T09:24:16","modified_gmt":"2025-03-13T09:24:16","slug":"pur-reiniger","status":"publish","type":"product","link":"https:\/\/www.sanier.pl\/sk\/produkt\/pur-reiniger\/","title":{"rendered":"K\u00d6STER PUR Reiniger"},"content":{"rendered":"<p>[vc_row][vc_column][vc_column_text]<img loading=\"lazy\" decoding=\"async\" class=\"size-full wp-image-3291 aligncenter\" src=\"https:\/\/sanier.pl\/wp-content\/uploads\/2017\/03\/LOGO-KOESTER-hydroizolacje-e1490988887771.jpg\" alt=\"miniaturka koester\" width=\"300\" height=\"89\" \/><\/p>\n<h1><strong>K\u00d6STER PUR Reiniger<\/strong><\/h1>\n<p data-start=\"0\" data-end=\"348\">K\u00d6STER PUR Reiniger je vysokokvalitn\u00fd \u010distiaci prostriedok, vyvinut\u00fd na odstra\u0148ovanie \u010derstv\u00fdch zvy\u0161kov polyuret\u00e1nov a \u010distenie n\u00e1strojov a zariaden\u00ed pou\u017e\u00edvan\u00fdch pri aplik\u00e1ci\u00e1ch produktov na b\u00e1ze polyuret\u00e1nu. Produkt \u00fa\u010dinne p\u00f4sob\u00ed, odstra\u0148uje ne\u010distoty e\u0161te pred ich vytvrdnut\u00edm, \u010d\u00edm zabra\u0148uje po\u0161kodeniu n\u00e1strojov a u\u013eah\u010duje ich \u010fal\u0161ie pou\u017e\u00edvanie.<\/p>\n<p data-start=\"350\" data-end=\"628\">V\u010faka svojej efekt\u00edvnej formule umo\u017e\u0148uje r\u00fdchle a jednoduch\u00e9 \u010distenie, \u010do je obzvl\u00e1\u0161\u0165 d\u00f4le\u017eit\u00e9 pri intenz\u00edvnych stavebn\u00fdch a dokon\u010dovac\u00edch pr\u00e1cach. Je vhodn\u00fd na profesion\u00e1lne pou\u017eitie, ako aj v diel\u0148ach alebo pri dom\u00e1cich projektoch, kde je presnos\u0165 a \u010distota n\u00e1strojov k\u013e\u00fa\u010dov\u00e1.<\/p>\n<h4 data-start=\"630\" data-end=\"646\">V\u00fdhody produktu:<\/h4>\n<p data-start=\"648\" data-end=\"941\" data-is-last-node=\"\" data-is-only-node=\"\">Efekt\u00edvne \u010distenie: Odstra\u0148uje \u010derstv\u00e9 zvy\u0161ky polyuret\u00e1nu pred ich vytvrdnut\u00edm. Ochrana n\u00e1strojov: Zabr\u00e1ni trval\u00fdm ne\u010distot\u00e1m a predl\u017euje \u017eivotnos\u0165 n\u00e1strojov. Univerz\u00e1lnos\u0165: Vhodn\u00fd na \u010distenie r\u00f4znych zariaden\u00ed a povrchov. Jednoduch\u00e1 aplik\u00e1cia: \u013dahk\u00fd na pou\u017eitie, \u0161etr\u00ed \u010das a n\u00e1mahu pri pr\u00e1ci.<\/p>\n<p><a href=\"https:\/\/www.sanier.pl\/wp-content\/uploads\/2017\/04\/TechDataSheet_X-910-010_K\u00d6STER-Universal-Reiniger_pl_pl_2017-03-17_124832.pdf\">Karta techniczna<\/a><a href=\"https:\/\/www.sanier.pl\/wp-content\/uploads\/2017\/04\/TechDataSheet_X-910-010_K\u00d6STER-Universal-Reiniger_pl_pl_2017-03-17_124832.pdf\">\u00a0Universal Reiniger<\/a>[\/vc_column_text][\/vc_column][\/vc_row]<\/p>\n","protected":false},"excerpt":{"rendered":"<p>K\u00d6STER PUR Reiniger je \u010distiaci prostriedok na odstr\u00e1nenie neztvrdnut\u00fdch polyuret\u00e1nov\u00fdch \u017eiv\u00edc.<\/p>\n","protected":false},"featured_media":264847,"comment_status":"open","ping_status":"closed","template":"","meta":{"_acf_changed":false},"product_brand":[],"product_cat":[1038,910,1041],"product_tag":[912],"class_list":{"0":"post-279172","1":"product","2":"type-product","3":"status-publish","4":"has-post-thumbnail","6":"product_cat-iniekcje-rys-i-pekniec-sk","7":"product_cat-koester-sk","8":"product_cat-materialy-uzupelniajace-akcesoria-iniekcje-rys-i-pekniec-sk","9":"product_tag-koester-sk","10":"product_shipping_class-trudna-wysylka-sk","12":"first","13":"onbackorder","14":"taxable","15":"shipping-taxable","16":"purchasable","17":"product-type-simple"},"acf":[],"_links":{"self":[{"href":"https:\/\/www.sanier.pl\/sk\/wp-json\/wp\/v2\/product\/279172","targetHints":{"allow":["GET"]}}],"collection":[{"href":"https:\/\/www.sanier.pl\/sk\/wp-json\/wp\/v2\/product"}],"about":[{"href":"https:\/\/www.sanier.pl\/sk\/wp-json\/wp\/v2\/types\/product"}],"replies":[{"embeddable":true,"href":"https:\/\/www.sanier.pl\/sk\/wp-json\/wp\/v2\/comments?post=279172"}],"wp:featuredmedia":[{"embeddable":true,"href":"https:\/\/www.sanier.pl\/sk\/wp-json\/wp\/v2\/media\/264847"}],"wp:attachment":[{"href":"https:\/\/www.sanier.pl\/sk\/wp-json\/wp\/v2\/media?parent=279172"}],"wp:term":[{"taxonomy":"product_brand","embeddable":true,"href":"https:\/\/www.sanier.pl\/sk\/wp-json\/wp\/v2\/product_brand?post=279172"},{"taxonomy":"product_cat","embeddable":true,"href":"https:\/\/www.sanier.pl\/sk\/wp-json\/wp\/v2\/product_cat?post=279172"},{"taxonomy":"product_tag","embeddable":true,"href":"https:\/\/www.sanier.pl\/sk\/wp-json\/wp\/v2\/product_tag?post=279172"}],"curies":[{"name":"wp","href":"https:\/\/api.w.org\/{rel}","templated":true}]}}