{"id":279168,"date":"2017-04-09T21:05:17","date_gmt":"2017-04-09T21:05:17","guid":{"rendered":"https:\/\/www.sanier.pl\/produkt\/kb-pox-in\/"},"modified":"2025-03-13T09:08:00","modified_gmt":"2025-03-13T09:08:00","slug":"kb-pox-in","status":"publish","type":"product","link":"https:\/\/www.sanier.pl\/sk\/produkt\/kb-pox-in\/","title":{"rendered":"KB-Pox IN"},"content":{"rendered":"<p>[vc_row][vc_column][vc_column_text]<img loading=\"lazy\" decoding=\"async\" class=\"size-full wp-image-3291 aligncenter\" src=\"https:\/\/sanier.pl\/wp-content\/uploads\/2017\/03\/LOGO-KOESTER-hydroizolacje-e1490988887771.jpg\" alt=\"miniaturka koester\" width=\"300\" height=\"89\" \/><\/p>\n<h2><a href=\"https:\/\/www.sanier.pl\/produkt\/kb-pox-in\/\">KB-Pox IN<\/a><\/h2>\n<p>&nbsp;<\/p>\n<p data-start=\"0\" data-end=\"393\">KOESTER KB-Pox IN je bezrozp\u00fa\u0161\u0165adlov\u00e1, dvojzlo\u017ekov\u00e1 injek\u010dn\u00e1 epoxidov\u00e1 \u017eivica s n\u00edzkou viskozitou. Absencia plnidiel a zm\u00e4k\u010dovadiel obmedzuje sediment\u00e1ciu na dne obalu. Posil\u0148uje \u0161trukt\u00faru stavebn\u00fdch materi\u00e1lov, spojuje a trvalo utes\u0148uje v\u0161etky trhliny alebo praskliny. Charakteristickou vlastnos\u0165ou \u017eivice je vysok\u00e1 pri\u013enavos\u0165 k bet\u00f3nu, kame\u0148u, murovan\u00fdm prvkom, ako aj k oce\u013eov\u00fdm materi\u00e1lom.<\/p>\n<h4 data-start=\"395\" data-end=\"410\"><strong data-start=\"395\" data-end=\"410\">Vlastnosti:<\/strong><\/h4>\n<ul data-start=\"412\" data-end=\"604\">\n<li data-start=\"412\" data-end=\"429\">bez rozp\u00fa\u0161\u0165adla<\/li>\n<li data-start=\"430\" data-end=\"447\">n\u00edzka viskozita<\/li>\n<li data-start=\"448\" data-end=\"464\">\u017eiadne plnidla<\/li>\n<li data-start=\"465\" data-end=\"496\">obmedzen\u00fd pokles na dno obalu<\/li>\n<li data-start=\"497\" data-end=\"527\">uzatv\u00e1ra such\u00e9 a vlhk\u00e9 prvky<\/li>\n<li data-start=\"528\" data-end=\"562\">doba schnutia pribli\u017ene 45 min\u00fat<\/li>\n<li data-start=\"563\" data-end=\"582\">vysok\u00e1 pri\u013enavos\u0165<\/li>\n<li data-start=\"583\" data-end=\"604\">posil\u0148uje \u0161trukt\u00faru<\/li>\n<\/ul>\n<h4 data-start=\"606\" data-end=\"619\"><strong data-start=\"606\" data-end=\"619\">Pou\u017eitie:<\/strong><\/h4>\n<ul data-start=\"621\" data-end=\"792\">\n<li data-start=\"621\" data-end=\"659\">sp\u00e1ja a utes\u0148uje praskliny a trhliny<\/li>\n<li data-start=\"660\" data-end=\"697\">pod\u00e1vanie met\u00f3dou tlakov\u00e9ho vstreku<\/li>\n<li data-start=\"698\" data-end=\"741\">pod\u00e1vanie cez nasiaknutie trhl\u00edn (liatie)<\/li>\n<li data-start=\"742\" data-end=\"792\">m\u00f4\u017ee sa nan\u00e1\u0161a\u0165 na mokr\u00e9 prvky bez vo\u013en\u00fdch \u010dast\u00ed<\/li>\n<\/ul>\n<h4 data-start=\"794\" data-end=\"807\"><strong data-start=\"794\" data-end=\"807\">Spotreba:<\/strong><\/h4>\n<p data-start=\"809\" data-end=\"845\">pribli\u017ene 1 kg\/l pr\u00e1zdneho priestoru<\/p>\n<h4 data-start=\"847\" data-end=\"860\"><strong data-start=\"847\" data-end=\"860\">\u010cistenie:<\/strong><\/h4>\n<p data-start=\"862\" data-end=\"955\">N\u00e1radie je potrebn\u00e9 okam\u017eite po pou\u017eit\u00ed vy\u010disti\u0165 pomocou pr\u00edpravku K\u00d6STER Universal Reiniger.<\/p>\n<p data-start=\"957\" data-end=\"985\" data-is-last-node=\"\" data-is-only-node=\"\"><a href=\"https:\/\/www.sanier.pl\/wp-content\/uploads\/2017\/04\/TechDataSheet_IN-231_K\u00d6STER-KB-Pox-IN_pl_pl_2018-08-24_125940.pdf\"><strong data-start=\"957\" data-end=\"985\" data-is-last-node=\"\">Technick\u00fd list KB-Pox IN<\/strong><\/a><\/p>\n<p>\u00a0[\/vc_column_text][\/vc_column][\/vc_row]<\/p>\n","protected":false},"excerpt":{"rendered":"<p>Dvojzlo\u017ekov\u00e1 epoxidov\u00e1 injek\u010dn\u00e1 \u017eivica na silov\u00e9 sp\u00e1janie trhl\u00edn.<\/p>\n","protected":false},"featured_media":264856,"comment_status":"open","ping_status":"closed","template":"","meta":{"_acf_changed":false},"product_brand":[],"product_cat":[876,1038,910,913,1040],"product_tag":[912],"class_list":{"0":"post-279168","1":"product","2":"type-product","3":"status-publish","4":"has-post-thumbnail","6":"product_cat-hydroizolacja-sk","7":"product_cat-iniekcje-rys-i-pekniec-sk","8":"product_cat-koester-sk","9":"product_cat-z-tworzyw-sztucznych-sk","10":"product_cat-zywice-iniekcje-rys-i-pekniec-sk","11":"product_tag-koester-sk","13":"first","14":"instock","15":"taxable","16":"shipping-taxable","17":"purchasable","18":"product-type-variable"},"acf":[],"_links":{"self":[{"href":"https:\/\/www.sanier.pl\/sk\/wp-json\/wp\/v2\/product\/279168","targetHints":{"allow":["GET"]}}],"collection":[{"href":"https:\/\/www.sanier.pl\/sk\/wp-json\/wp\/v2\/product"}],"about":[{"href":"https:\/\/www.sanier.pl\/sk\/wp-json\/wp\/v2\/types\/product"}],"replies":[{"embeddable":true,"href":"https:\/\/www.sanier.pl\/sk\/wp-json\/wp\/v2\/comments?post=279168"}],"wp:featuredmedia":[{"embeddable":true,"href":"https:\/\/www.sanier.pl\/sk\/wp-json\/wp\/v2\/media\/264856"}],"wp:attachment":[{"href":"https:\/\/www.sanier.pl\/sk\/wp-json\/wp\/v2\/media?parent=279168"}],"wp:term":[{"taxonomy":"product_brand","embeddable":true,"href":"https:\/\/www.sanier.pl\/sk\/wp-json\/wp\/v2\/product_brand?post=279168"},{"taxonomy":"product_cat","embeddable":true,"href":"https:\/\/www.sanier.pl\/sk\/wp-json\/wp\/v2\/product_cat?post=279168"},{"taxonomy":"product_tag","embeddable":true,"href":"https:\/\/www.sanier.pl\/sk\/wp-json\/wp\/v2\/product_tag?post=279168"}],"curies":[{"name":"wp","href":"https:\/\/api.w.org\/{rel}","templated":true}]}}