{"id":279151,"date":"2017-04-03T10:56:46","date_gmt":"2017-04-03T10:56:46","guid":{"rendered":"https:\/\/www.sanier.pl\/produkt\/sanovamonotrass\/"},"modified":"2025-03-12T14:12:45","modified_gmt":"2025-03-12T14:12:45","slug":"sanovamonotrass","status":"publish","type":"product","link":"https:\/\/www.sanier.pl\/sk\/produkt\/sanovamonotrass\/","title":{"rendered":"SanovaMonoTrass ( Sanova EinlagenTrassputz ) | Baumit"},"content":{"rendered":"<p>[vc_row][vc_column][vc_column_text]<img loading=\"lazy\" decoding=\"async\" class=\"size-full wp-image-3279 aligncenter\" src=\"https:\/\/sanier.pl\/wp-content\/uploads\/2017\/03\/baumit_logo_2012-e1490989945791.jpg\" alt=\"baumit_logo_2012\" width=\"125\" height=\"146\" \/><\/p>\n<h1><strong>SanovaMonoTrass <span style=\"color: #ff0000;\">(Sanova EinlagenTrassputz)<\/span><\/strong><\/h1>\n<h5 data-start=\"0\" data-end=\"60\">Renova\u010dn\u00e1 omietka<\/h5>\n<p data-start=\"62\" data-end=\"688\">Baumit SanovaMonoTrass je omietkov\u00e1 zmes ide\u00e1lna na renov\u00e1ciu star\u00fdch stavieb. Omietka m\u00f4\u017ee by\u0165 aplikovan\u00e1 ako na vn\u00fatorn\u00e9, tak aj na vonkaj\u0161ie povrchy. Produkt je \u013eahko spracovate\u013en\u00fd a m\u00f4\u017ee by\u0165 nan\u00e1\u0161an\u00fd ru\u010dne alebo strojovo. Je to jednovrstvov\u00e1 renova\u010dn\u00e1 omietka, ktor\u00e1 je ide\u00e1lna na m\u00fary s n\u00edzkou alebo strednou vlhkos\u0165ou. Ak s\u00fa vidite\u013en\u00e9 v\u00fdrazn\u00e9 v\u00fdkvety sol\u00ed, omietku je mo\u017en\u00e9 nan\u00e1\u0161a\u0165 dvojvrstvovo. Omietka SanovaMonoTrass m\u00f4\u017ee by\u0165 tie\u017e pou\u017eit\u00e1 ako vrchn\u00e1 vrstva na renova\u010dn\u00fdch podkladoch zna\u010dky Baumit. Zmes je hydrof\u00f3bna a priepustn\u00e1 pre paru, tak\u017ee dobre zn\u00e1\u0161a podmienky zv\u00fd\u0161enej vlhkosti a \u00fa\u010dinne odv\u00e1dza paru zo stien.<\/p>\n<h3 data-start=\"690\" data-end=\"701\">Vlastnosti:<\/h3>\n<p data-start=\"703\" data-end=\"850\">\u013dahk\u00e1 renova\u010dn\u00e1 omietka s por\u00e9znos\u0165ou umo\u017e\u0148uj\u00facou skladovanie sol\u00ed, hydrof\u00f3bna, priepustn\u00e1 pre vodn\u00fa paru, mo\u017enos\u0165 dokon\u010denia povrchu na ma\u013eovanie.<\/p>\n<h3 data-start=\"852\" data-end=\"879\">Pou\u017eitie (SanovaMonoTrass):<\/h3>\n<p data-start=\"881\" data-end=\"1312\">Na \u013eahko a\u017e stredne vlhkom murive s v\u00fdkvety sol\u00ed sa aplikuje jednovrstvovo v jednom alebo viacer\u00fdch pracovn\u00fdch krokoch. V pr\u00edpade siln\u00fdch v\u00fdkvietov sol\u00ed sa aplikuje dvojvrstvovo alebo ako vrchn\u00e1 vrstva na renova\u010dn\u00fdch podkladoch Baumit SanierGrundputz SG 68 alebo Baumit SanierPutz Grob SP 64 G. Pou\u017e\u00edva sa na dosiahnutie such\u00fdch povrchov omietok a fas\u00e1d. Pou\u017e\u00edva sa vo vn\u00fatri aj vonku, hlavne pri konzerv\u00e1cii historick\u00fdch objektov.<\/p>\n<h3 data-start=\"1314\" data-end=\"1322\">Podklad:<\/h3>\n<p data-start=\"1324\" data-end=\"1789\">Podklad mus\u00ed by\u0165 \u010dist\u00fd, such\u00fd, nezamrznut\u00fd, odpra\u0161ovan\u00fd a bez vo\u013en\u00fdch \u010dast\u00ed, hydrofiln\u00fd, bez v\u00fdkvetov sol\u00ed, mus\u00ed ma\u0165 dostato\u010dn\u00fa nosnos\u0165 a teplotu nad +50\u00b0C. Mech, riasy a zafarbenie je potrebn\u00e9 odstr\u00e1ni\u0165 pomocou prostriedku Baumit FungoFluid. Pri aplik\u00e1cii ru\u010dne, vonku a pri podkladoch s r\u00f4znou alebo nedostato\u010dnou nasiakavos\u0165ou, ako aj pri historick\u00fdch m\u00faroch s r\u00f4znou hr\u00fabkou omietky, je v\u017edy potrebn\u00e9 pou\u017ei\u0165 prostriedok Baumit SanovaPre (SanierVorspritz SV 61).<\/p>\n<h3 data-start=\"1791\" data-end=\"1804\">Ve\u013ekos\u0165 zrna:<\/h3>\n<ul data-start=\"1806\" data-end=\"1821\">\n<li data-start=\"1806\" data-end=\"1821\">maxim\u00e1lne 1mm<\/li>\n<\/ul>\n<h3 data-start=\"1823\" data-end=\"1832\">Spotreba:<\/h3>\n<ul data-start=\"1834\" data-end=\"1874\">\n<li data-start=\"1834\" data-end=\"1874\">10 \u2013 11 kg\/m\u00b2 pri hr\u00fabke omietky 10 mm<\/li>\n<\/ul>\n<p data-start=\"1876\" data-end=\"1915\" data-is-last-node=\"\" data-is-only-node=\"\"><a href=\"https:\/\/sanier.pl\/wp-content\/uploads\/2017\/04\/PDBL_Sanova_EinlagenTrassputz.pdf\" target=\"_blank\" rel=\"noopener\">Technick\u00fd list Sanova EinlagenTrassputz<\/a><\/p>\n<p>[\/vc_column_text][\/vc_column][\/vc_row]<\/p>\n","protected":false},"excerpt":{"rendered":"<p>SanovaMonoTrass to fabrycznie przygotowana, sucha, bia\u0142a zaprawa renowacyjna o obni\u017conej ch\u0142onno\u015bci kapilarnej wody, \u0142atwa w zastosowaniu maszynowym i r\u0119cznym. Posiada certyfikat WTA ( Naukowo-Techniczne Stowarzyszenie Robocze Ochrony i Konserwacji Zabytk\u00f3w ). Do nanoszenia r\u0119cznego i maszynowego<\/p>\n","protected":false},"featured_media":280837,"comment_status":"open","ping_status":"closed","template":"","meta":[],"product_brand":[],"product_cat":[895,911,914,1037,900,1029],"product_tag":[897],"class_list":{"0":"post-279151","1":"product","2":"type-product","3":"status-publish","4":"has-post-thumbnail","6":"product_cat-baumit-sk","7":"product_cat-promowane-sk","8":"product_cat-renowacja-elewacji-sk","9":"product_cat-tynki-i-szpachle-sk","10":"product_cat-tynki-renowacyjne-sk","11":"product_cat-tynki-szerokoporowe-sk","12":"product_tag-baumit-sk","13":"product_shipping_class-latwa-wysylka-sk","15":"first","16":"instock","17":"taxable","18":"shipping-taxable","19":"purchasable","20":"product-type-simple"},"_links":{"self":[{"href":"https:\/\/www.sanier.pl\/sk\/wp-json\/wp\/v2\/product\/279151","targetHints":{"allow":["GET"]}}],"collection":[{"href":"https:\/\/www.sanier.pl\/sk\/wp-json\/wp\/v2\/product"}],"about":[{"href":"https:\/\/www.sanier.pl\/sk\/wp-json\/wp\/v2\/types\/product"}],"replies":[{"embeddable":true,"href":"https:\/\/www.sanier.pl\/sk\/wp-json\/wp\/v2\/comments?post=279151"}],"wp:featuredmedia":[{"embeddable":true,"href":"https:\/\/www.sanier.pl\/sk\/wp-json\/wp\/v2\/media\/280837"}],"wp:attachment":[{"href":"https:\/\/www.sanier.pl\/sk\/wp-json\/wp\/v2\/media?parent=279151"}],"wp:term":[{"taxonomy":"product_brand","embeddable":true,"href":"https:\/\/www.sanier.pl\/sk\/wp-json\/wp\/v2\/product_brand?post=279151"},{"taxonomy":"product_cat","embeddable":true,"href":"https:\/\/www.sanier.pl\/sk\/wp-json\/wp\/v2\/product_cat?post=279151"},{"taxonomy":"product_tag","embeddable":true,"href":"https:\/\/www.sanier.pl\/sk\/wp-json\/wp\/v2\/product_tag?post=279151"}],"curies":[{"name":"wp","href":"https:\/\/api.w.org\/{rel}","templated":true}]}}