{"id":279148,"date":"2017-04-03T11:15:34","date_gmt":"2017-04-03T11:15:34","guid":{"rendered":"https:\/\/www.sanier.pl\/produkt\/sanovapor\/"},"modified":"2025-03-12T14:06:34","modified_gmt":"2025-03-12T14:06:34","slug":"sanovapor","status":"publish","type":"product","link":"https:\/\/www.sanier.pl\/sk\/produkt\/sanovapor\/","title":{"rendered":"SanovaPor (SanierGrundputz SG 68) | Baumit"},"content":{"rendered":"<p>[vc_row][vc_column][vc_column_text]<img loading=\"lazy\" decoding=\"async\" class=\"size-full wp-image-3279 aligncenter\" src=\"https:\/\/sanier.pl\/wp-content\/uploads\/2017\/03\/baumit_logo_2012-e1490989945791.jpg\" alt=\"baumit_logo_2012\" width=\"125\" height=\"146\" \/><\/p>\n<h1><strong>SanovaPor <span style=\"color: #ff0000;\">(SanierGrundputz SG 68)<\/span><\/strong><\/h1>\n<p data-start=\"0\" data-end=\"544\">SanovaPor (SanierGrundputz SG 68) je \u010dist\u00e1 miner\u00e1lna renova\u010dn\u00e1 omietka na strojov\u00e9 spracovanie. Omietka m\u00e1 certifik\u00e1t WTA v s\u00falade s usmernen\u00edm WTA 2-2-91\/D. Produkt bol testovan\u00fd na obsah \u0161kodliv\u00fdch l\u00e1tok. Vysok\u00e1 schopnos\u0165 absorbova\u0165 soli v\u010faka zna\u010dnej por\u00e9znosti omietky, dosiahnutej patentovan\u00fdm procesom samonap\u00fa\u0161\u0165ania (\u010d\u00edslo patentu: DBP 4035236.6-45). Vysok\u00e1 paropriepustnos\u0165 umo\u017e\u0148uje r\u00fdchle odvodnenie vlhkosti zo stien. Ve\u013ek\u00e1 ve\u013ekos\u0165 z\u0155n zaru\u010duje zn\u00ed\u017eenie nap\u00e4tia pri vys\u00fa\u0161an\u00ed. Omietka sa neodlieva ani pri v\u00e4\u010d\u0161ej hr\u00fabke vrstvy omietky.<\/p>\n<h3 data-start=\"546\" data-end=\"555\">Pou\u017eitie:<\/h3>\n<p data-start=\"557\" data-end=\"1130\">Omietka m\u00e1 certifik\u00e1t WTA ako z\u00e1kladn\u00e1 por\u00e9zna a vyrovn\u00e1vacia renova\u010dn\u00e1 omietka ur\u010den\u00e1 na opravy a obnovu vlhk\u00fdch a zasolen\u00fdch m\u00farov. Omietka SG 68 je ide\u00e1lna na pou\u017eitie ako vyrovn\u00e1vacia omietka na nerovn\u00e9 podklady, ako z\u00e1kladn\u00e1 omietka pri extr\u00e9mnom zasolen\u00ed m\u00farov a celkovej hr\u00fabke omietky presahuj\u00facej 4 cm. Renova\u010dn\u00e1 omietka SanierGrundputz SG 68 sa pou\u017e\u00edva v\u00fdlu\u010dne ako z\u00e1kladn\u00e1 omietka na vonkaj\u0161\u00edch a vn\u00fatorn\u00fdch sten\u00e1ch a v oblasti podlo\u017eia. Ako povrchov\u00e1 omietka sa v\u017edy mus\u00ed pou\u017ei\u0165 jedna z renova\u010dn\u00fdch omietok s certifik\u00e1tom WTA (hr\u00fabka vrstvy \u2013 minim\u00e1lne 1,5 cm).<\/p>\n<h3 data-start=\"1132\" data-end=\"1144\">Ve\u013ekos\u0165 z\u0155n:<\/h3>\n<ul data-start=\"1146\" data-end=\"1156\">\n<li data-start=\"1146\" data-end=\"1156\">0 - 4 mm<\/li>\n<\/ul>\n<h3 data-start=\"1158\" data-end=\"1167\">Spotreba:<\/h3>\n<ul data-start=\"1169\" data-end=\"1194\">\n<li data-start=\"1169\" data-end=\"1194\">pribli\u017ene 1,2 kg\/m2 \/mm<\/li>\n<\/ul>\n<p data-start=\"1196\" data-end=\"1232\" data-is-last-node=\"\" data-is-only-node=\"\"><a href=\"https:\/\/sanier.pl\/wp-content\/uploads\/2017\/04\/PDBL_SanierGrundputz_SG_68.pdf\" target=\"_blank\" rel=\"noopener\">Technick\u00fd list SanierGrundputz SG 68<\/a><\/p>\n<p>[\/vc_column_text][\/vc_column][\/vc_row]<\/p>\n","protected":false},"excerpt":{"rendered":"<p>SanovaPor je such\u00e1 omietkov\u00e1 zmes v s\u00falade s normou EN 998-1; certifikovan\u00e1 WTA ako z\u00e1kladn\u00e1 renova\u010dn\u00e1 omietka, ur\u010den\u00e1 na strojov\u00e9 spracovanie v be\u017ene pou\u017e\u00edvan\u00fdch omietkov\u00fdch agreg\u00e1toch bez dodato\u010dn\u00e9ho vybavenia.<\/p>\n","protected":false},"featured_media":269008,"comment_status":"open","ping_status":"closed","template":"","meta":[],"product_brand":[],"product_cat":[895,911,900,1029],"product_tag":[897],"class_list":{"0":"post-279148","1":"product","2":"type-product","3":"status-publish","4":"has-post-thumbnail","6":"product_cat-baumit-sk","7":"product_cat-promowane-sk","8":"product_cat-tynki-renowacyjne-sk","9":"product_cat-tynki-szerokoporowe-sk","10":"product_tag-baumit-sk","11":"product_shipping_class-trudna-wysylka-sk","13":"first","14":"onbackorder","15":"taxable","16":"shipping-taxable","17":"purchasable","18":"product-type-simple"},"_links":{"self":[{"href":"https:\/\/www.sanier.pl\/sk\/wp-json\/wp\/v2\/product\/279148","targetHints":{"allow":["GET"]}}],"collection":[{"href":"https:\/\/www.sanier.pl\/sk\/wp-json\/wp\/v2\/product"}],"about":[{"href":"https:\/\/www.sanier.pl\/sk\/wp-json\/wp\/v2\/types\/product"}],"replies":[{"embeddable":true,"href":"https:\/\/www.sanier.pl\/sk\/wp-json\/wp\/v2\/comments?post=279148"}],"wp:featuredmedia":[{"embeddable":true,"href":"https:\/\/www.sanier.pl\/sk\/wp-json\/wp\/v2\/media\/269008"}],"wp:attachment":[{"href":"https:\/\/www.sanier.pl\/sk\/wp-json\/wp\/v2\/media?parent=279148"}],"wp:term":[{"taxonomy":"product_brand","embeddable":true,"href":"https:\/\/www.sanier.pl\/sk\/wp-json\/wp\/v2\/product_brand?post=279148"},{"taxonomy":"product_cat","embeddable":true,"href":"https:\/\/www.sanier.pl\/sk\/wp-json\/wp\/v2\/product_cat?post=279148"},{"taxonomy":"product_tag","embeddable":true,"href":"https:\/\/www.sanier.pl\/sk\/wp-json\/wp\/v2\/product_tag?post=279148"}],"curies":[{"name":"wp","href":"https:\/\/api.w.org\/{rel}","templated":true}]}}