{"id":279142,"date":"2017-04-03T11:34:25","date_gmt":"2017-04-03T11:34:25","guid":{"rendered":"https:\/\/www.sanier.pl\/produkt\/sanova-sp-grey\/"},"modified":"2025-03-12T13:53:14","modified_gmt":"2025-03-12T13:53:14","slug":"sanova-sp-grey","status":"publish","type":"product","link":"https:\/\/www.sanier.pl\/sk\/produkt\/sanova-sp-grey\/","title":{"rendered":"Sanova SP Grey (SelfporSanierputz SP 64 P) | Baumit"},"content":{"rendered":"<p>[vc_row][vc_column][vc_column_text]<img loading=\"lazy\" decoding=\"async\" class=\"size-full wp-image-3279 aligncenter\" src=\"https:\/\/sanier.pl\/wp-content\/uploads\/2017\/03\/baumit_logo_2012-e1490989945791.jpg\" alt=\"baumit_logo_2012\" width=\"125\" height=\"146\" \/><\/p>\n<div class=\"flex max-w-full flex-col flex-grow\">\n<div class=\"min-h-8 text-message relative flex w-full flex-col items-end gap-2 whitespace-normal break-words text-start [.text-message+&amp;]:mt-5\" dir=\"auto\" data-message-author-role=\"assistant\" data-message-id=\"7ca69e98-460b-4372-8890-1d4f19b4ca6b\" data-message-model-slug=\"gpt-4o-mini\">\n<div class=\"flex w-full flex-col gap-1 empty:hidden first:pt-[3px]\">\n<h1 style=\"text-align: center;\" data-start=\"0\" data-end=\"88\">Sanova SP Grey (SelfporSanierputz SP 64 P)<\/h1>\n<h5 style=\"text-align: center;\" data-start=\"0\" data-end=\"88\">Renova\u010dn\u00e1 omietka s jemn\u00fdm zrnkom Vlastnosti:<\/h5>\n<p data-start=\"134\" data-end=\"651\">Miner\u00e1lna omietka ur\u010den\u00e1 na strojov\u00e9 spracovanie. M\u00e1 certifik\u00e1t zhody s pokynmi WTA 2-2-91\/D. Overen\u00e1 z h\u013eadiska obsahu \u0161kodliv\u00fdch l\u00e1tok. V\u010faka vysokej p\u00f3rovitosti, ktor\u00e1 vznik\u00e1 v\u010faka patentovan\u00e9mu efektu samo\u010dinn\u00e9ho vytv\u00e1rania p\u00f3rov, patentov\u00e9 \u010d\u00edslo: DBP 4035236.6-45, omietka m\u00e1 spo\u013eahliv\u00fa schopnos\u0165 uklada\u0165 soli. V\u010faka vysokej paropriepustnosti omietka umo\u017e\u0148uje r\u00fdchle odparovanie vlhkosti zo stien. Hydrof\u00f3bne vlastnosti zabra\u0148uj\u00fa tvorbe \u0161kared\u00fdch \u0161kv\u0155n na povrchu omietky sp\u00f4soben\u00fdch vlhkos\u0165ou a hromaden\u00edm sol\u00ed.<\/p>\n<h3 data-start=\"653\" data-end=\"662\">Pou\u017eitie:<\/h3>\n<p data-start=\"664\" data-end=\"1157\">Certifikovan\u00e1 omietka WTA na renov\u00e1ciu vlhk\u00fdch a zasolen\u00fdch m\u00farov v star\u00fdch a nov\u00fdch budov\u00e1ch. Na pou\u017eitie v miestnostiach silne n\u00e1chyln\u00fdch na v\u00fdskyt vlhkosti (pr\u00e1\u010dovne, sprchy at\u010f.). V pr\u00edpade probl\u00e9mov s kondenz\u00e1ciou vodnej pary je potrebn\u00e9 prija\u0165 \u010fal\u0161ie opatrenia (napr. tepeln\u00fa izol\u00e1ciu). Omietka SP 64 P sa pou\u017e\u00edva ako z\u00e1kladn\u00e1 a povrchov\u00e1 omietka na vonkaj\u0161ie, vn\u00fatorn\u00e9 a soklov\u00e9 vrstvy. V\u010faka jemn\u00e9mu zrnku m\u00f4\u017ee by\u0165 pou\u017eit\u00e1 ako omietka na filcovanie a vytv\u00e1ranie in\u00fdch jemn\u00fdch \u0161trukt\u00far.<\/p>\n<h3 data-start=\"1159\" data-end=\"1167\">Podklad:<\/h3>\n<p data-start=\"1169\" data-end=\"1667\">Star\u00fd omietku zb\u00fara\u0165 do v\u00fd\u0161ky pribli\u017ene 100 cm nad vlhkou plochou. Vy\u010disti\u0165 sa rozpad\u00e1vaj\u00face sa murivo do h\u013abky pribli\u017ene 2-3 cm. Odstr\u00e1ni\u0165 vo\u013en\u00e9 \u010dasti, ne\u010distoty, prach, v\u00fdkvet. Vymeni\u0165 po\u0161koden\u00e9 tehly. D\u00f4kladne vy\u010disti\u0165 stenu (pomocou stla\u010den\u00e9ho vzduchu, oce\u013eovej kefy at\u010f.) a n\u00e1sledne vysu\u0161i\u0165. Silne nasiakav\u00e9 podklady v pr\u00edpade pochybnost\u00ed zvlh\u010di\u0165. V pr\u00edpade potreby zlep\u0161i\u0165 pri\u013enavos\u0165 alebo upravi\u0165 nasiakav\u00e9 vlastnosti podkladu nanesen\u00edm n\u00e1streku SanovaPre (nepokry\u0165 cel\u00fd podklad - max. 50%).<\/p>\n<h3 data-start=\"1669\" data-end=\"1682\">Ve\u013ekos\u0165 zrna:<\/h3>\n<ul data-start=\"1684\" data-end=\"1696\">\n<li data-start=\"1684\" data-end=\"1696\">0 - 1,2 mm<\/li>\n<\/ul>\n<h3 data-start=\"1698\" data-end=\"1707\">Spotreba:<\/h3>\n<ul data-start=\"1709\" data-end=\"1734\">\n<li data-start=\"1709\" data-end=\"1734\">pribli\u017ene 1,1 kg\/m\u00b2 \/mm<\/li>\n<\/ul>\n<p data-start=\"1736\" data-end=\"1776\" data-is-last-node=\"\" data-is-only-node=\"\"><a href=\"https:\/\/sanier.pl\/wp-content\/uploads\/2017\/04\/PDBL_SelfporSanierputz_SP_64_P.pdf\" target=\"_blank\" rel=\"noopener\">Technick\u00fd list SelfporSanierputz SP 64 P<\/a><\/p>\n<\/div>\n<\/div>\n<\/div>\n<div class=\"mb-2 flex gap-3 -ml-2\" tabindex=\"0\">\n<div class=\"flex items-center justify-start rounded-xl p-1\">\n<div class=\"flex items-center\"><\/div>\n<\/div>\n<\/div>\n<p>[\/vc_column_text][\/vc_column][\/vc_row]<\/p>\n","protected":false},"excerpt":{"rendered":"<p>Sanova SP Grey je such\u00e1 stavebn\u00e1 zmes, ktor\u00e1 je v s\u00falade s normou EN 998-1, renova\u010dn\u00e1 omietka s certifik\u00e1tom WTA ur\u010den\u00e1 na strojov\u00e9 spracovanie vykon\u00e1van\u00e9 be\u017en\u00fdmi omietac\u00edmi agreg\u00e1tmi bez \u010fal\u0161ieho vybavenia.<\/p>\n","protected":false},"featured_media":268990,"comment_status":"open","ping_status":"closed","template":"","meta":[],"product_brand":[],"product_cat":[895,911,900,1029],"product_tag":[897],"class_list":{"0":"post-279142","1":"product","2":"type-product","3":"status-publish","4":"has-post-thumbnail","6":"product_cat-baumit-sk","7":"product_cat-promowane-sk","8":"product_cat-tynki-renowacyjne-sk","9":"product_cat-tynki-szerokoporowe-sk","10":"product_tag-baumit-sk","11":"product_shipping_class-trudna-wysylka-sk","13":"first","14":"onbackorder","15":"taxable","16":"shipping-taxable","17":"purchasable","18":"product-type-simple"},"_links":{"self":[{"href":"https:\/\/www.sanier.pl\/sk\/wp-json\/wp\/v2\/product\/279142","targetHints":{"allow":["GET"]}}],"collection":[{"href":"https:\/\/www.sanier.pl\/sk\/wp-json\/wp\/v2\/product"}],"about":[{"href":"https:\/\/www.sanier.pl\/sk\/wp-json\/wp\/v2\/types\/product"}],"replies":[{"embeddable":true,"href":"https:\/\/www.sanier.pl\/sk\/wp-json\/wp\/v2\/comments?post=279142"}],"wp:featuredmedia":[{"embeddable":true,"href":"https:\/\/www.sanier.pl\/sk\/wp-json\/wp\/v2\/media\/268990"}],"wp:attachment":[{"href":"https:\/\/www.sanier.pl\/sk\/wp-json\/wp\/v2\/media?parent=279142"}],"wp:term":[{"taxonomy":"product_brand","embeddable":true,"href":"https:\/\/www.sanier.pl\/sk\/wp-json\/wp\/v2\/product_brand?post=279142"},{"taxonomy":"product_cat","embeddable":true,"href":"https:\/\/www.sanier.pl\/sk\/wp-json\/wp\/v2\/product_cat?post=279142"},{"taxonomy":"product_tag","embeddable":true,"href":"https:\/\/www.sanier.pl\/sk\/wp-json\/wp\/v2\/product_tag?post=279142"}],"curies":[{"name":"wp","href":"https:\/\/api.w.org\/{rel}","templated":true}]}}