{"id":279138,"date":"2017-04-03T12:29:24","date_gmt":"2017-04-03T12:29:24","guid":{"rendered":"https:\/\/www.sanier.pl\/produkt\/bostik-block-c902-terra-xpress\/"},"modified":"2025-03-12T13:44:29","modified_gmt":"2025-03-12T13:44:29","slug":"bostik-block-c902-terra-xpress","status":"publish","type":"product","link":"https:\/\/www.sanier.pl\/sk\/produkt\/bostik-block-c902-terra-xpress\/","title":{"rendered":"BOSTIK BLOCK C902 TERRA XPRESS (Puder-Ex)"},"content":{"rendered":"<p>[vc_row][vc_column][vc_column_text]<\/p>\n<h1 style=\"text-align: center;\"><strong><span style=\"color: #000000;\">BOSTIK BLOCK C902 TERRA XPRESS (predt\u00fdm PUDER-EX) <\/span><\/strong><\/h1>\n<h5 style=\"text-align: center;\"><strong><span style=\"color: #000000;\">Cement na zastavenie prietoku. <\/span><\/strong><\/h5>\n<h5 style=\"text-align: center;\"><\/h5>\n<p>[\/vc_column_text][\/vc_column][\/vc_row][vc_row][vc_column][vc_column_text css_animation=\"none\"]<a href=\"https:\/\/www.sanier.pl\/sklep\/?s=bostik&amp;post_type=product\"><img loading=\"lazy\" decoding=\"async\" class=\"wp-image-258966 size-medium aligncenter\" src=\"https:\/\/www.sanier.pl\/wp-content\/uploads\/2022\/07\/Bostik_Logo_Header-300x121.png\" alt=\"bostik logo\" width=\"300\" height=\"121\" srcset=\"https:\/\/www.sanier.pl\/wp-content\/uploads\/2022\/07\/Bostik_Logo_Header-300x121.png 300w, https:\/\/www.sanier.pl\/wp-content\/uploads\/2022\/07\/Bostik_Logo_Header-800x324.png 800w, https:\/\/www.sanier.pl\/wp-content\/uploads\/2022\/07\/Bostik_Logo_Header-768x311.png 768w, https:\/\/www.sanier.pl\/wp-content\/uploads\/2022\/07\/Bostik_Logo_Header-700x283.png 700w, https:\/\/www.sanier.pl\/wp-content\/uploads\/2022\/07\/Bostik_Logo_Header.png 842w\" sizes=\"auto, (max-width:767px) 300px, 300px\" \/><\/a>[\/vc_column_text][\/vc_column][\/vc_row][vc_row][vc_column][vc_separator style=\"dashed\"][vc_empty_space height=\"64px\"][\/vc_column][\/vc_row][vc_row][vc_column width=\"1\/4\"][vc_single_image image=\"262216\" img_size=\"medium\" style=\"vc_box_rounded\"][\/vc_column][vc_column width=\"3\/4\"][vc_column_text]<\/p>\n<div class=\"flex max-w-full flex-col flex-grow\">\n<div class=\"min-h-8 text-message relative flex w-full flex-col items-end gap-2 whitespace-normal break-words text-start [.text-message+&amp;]:mt-5\" dir=\"auto\" data-message-author-role=\"assistant\" data-message-id=\"1abbbc58-2c01-4aff-ac5b-a082ee1ea2b8\" data-message-model-slug=\"gpt-4o-mini\">\n<div class=\"flex w-full flex-col gap-1 empty:hidden first:pt-[3px]\">\n<h3 data-start=\"0\" data-end=\"30\">BOSTIK BLOCK C902 TERRA XPRESS<\/h3>\n<p data-start=\"32\" data-end=\"322\">je r\u00fdchloschn\u00faci cement ur\u010den\u00fd na r\u00fdchle a trval\u00e9 utesnenie \u00fanikov vody a netesnost\u00ed v bet\u00f3ne, murive a kon\u0161trukci\u00e1ch z pr\u00edrodn\u00e9ho kame\u0148a. Pou\u017e\u00edva sa v \u0161peci\u00e1lnom syst\u00e9me hydroizol\u00e1cie AQUASTOPP. Produkt sa nan\u00e1\u0161a v druhej pracovnej oper\u00e1cii \u2013 po aplik\u00e1cii miner\u00e1lnej malty Spezialschl\u00e4mme.<\/p>\n<p data-start=\"324\" data-end=\"792\" data-is-last-node=\"\" data-is-only-node=\"\">Ide\u00e1lne sa hod\u00ed na utesnenie \u00fanikov vody v pivniciach, podzemn\u00fdch gar\u00e1\u017each, tuneloch, vodn\u00fdch n\u00e1dr\u017eiach, kanaliz\u00e1ci\u00e1ch, \u010distiar\u0148ach odpadov\u00fdch v\u00f4d, bet\u00f3nov\u00fdch r\u00farach, v\u00fd\u0165ahov\u00fdch \u0161acht\u00e1ch, da\u017e\u010fov\u00fdch zbern\u00fdch n\u00e1dr\u017eiach, pr\u00edstavbov\u00fdch m\u00faroch, potrubn\u00fdch prechodoch, bunkroch, protipovod\u0148ov\u00fdch m\u00faroch, n\u00e1dr\u017eiach na da\u017e\u010fov\u00fa vodu, \u0161tol\u00e1ch, z\u00e1mkoch, podzemn\u00fdch prechodoch, v\u00fdkopoch, \u010derpadlov\u00fdch staniciach a v \u010fal\u0161\u00edch miestach, kde nie je mo\u017en\u00e9 utesnenie z vonkaj\u0161ej strany.<\/p>\n<\/div>\n<\/div>\n<\/div>\n<div class=\"mb-2 flex gap-3 -ml-2\" tabindex=\"0\">\n<div class=\"flex items-center justify-start rounded-xl p-1\">\n<div class=\"flex items-center\"><\/div>\n<\/div>\n<\/div>\n<p>[\/vc_column_text][\/vc_column][\/vc_row][vc_row][vc_column][vc_empty_space][\/vc_column][vc_column][vc_separator style=\"dashed\"][\/vc_column][\/vc_row][vc_row][vc_column width=\"1\/4\"][vc_column_text]<\/p>\n<h3 data-start=\"0\" data-end=\"175\">POU\u017dITIE BOSTIK BLOCK C902 TERRA XPRESS:<\/h3>\n<div class=\"flex max-w-full flex-col flex-grow\">\n<div class=\"min-h-8 text-message relative flex w-full flex-col items-end gap-2 whitespace-normal break-words text-start [.text-message+&amp;]:mt-5\" dir=\"auto\" data-message-author-role=\"assistant\" data-message-id=\"2be76a5c-1e59-4431-b009-35e0201ab14e\" data-message-model-slug=\"gpt-4o-mini\">\n<div class=\"flex w-full flex-col gap-1 empty:hidden first:pt-[3px]\">\n<p data-start=\"0\" data-end=\"175\">- na r\u00fdchle a trval\u00e9 utesnenie \u00fanikov vody a netesnost\u00ed v bet\u00f3ne,<\/p>\n<p>- murive a kon\u0161trukci\u00e1ch z pr\u00edrodn\u00e9ho kame\u0148a na utesnenie \u00fanikov vody v:<\/p>\n<ul>\n<li data-start=\"176\" data-end=\"189\">pivniciach,<\/li>\n<li data-start=\"190\" data-end=\"212\">podzemn\u00fdch gar\u00e1\u017each,<\/li>\n<li data-start=\"213\" data-end=\"224\">tuneloch,<\/li>\n<li data-start=\"225\" data-end=\"245\">vodn\u00fdch n\u00e1dr\u017eiach,<\/li>\n<li data-start=\"246\" data-end=\"262\">kanaliz\u00e1ci\u00e1ch,<\/li>\n<li data-start=\"263\" data-end=\"292\">\u010distiar\u0148ach odpadov\u00fdch v\u00f4d,<\/li>\n<li data-start=\"293\" data-end=\"313\">bet\u00f3nov\u00fdch r\u00farach,<\/li>\n<li data-start=\"314\" data-end=\"336\">v\u00fd\u0165ahov\u00fdch \u0161acht\u00e1ch,<\/li>\n<li data-start=\"337\" data-end=\"368\">da\u017e\u010fov\u00fdch zbern\u00fdch n\u00e1dr\u017eiach,<\/li>\n<li data-start=\"369\" data-end=\"392\">pr\u00edstavbov\u00fdch m\u00faroch,<\/li>\n<li data-start=\"393\" data-end=\"417\">potrubn\u00fdch prechodoch,<\/li>\n<li data-start=\"418\" data-end=\"429\">bunkroch,<\/li>\n<li data-start=\"430\" data-end=\"456\">protipovod\u0148ov\u00fdch m\u00faroch,<\/li>\n<li data-start=\"457\" data-end=\"485\">n\u00e1dr\u017eiach na da\u017e\u010fov\u00fa vodu,<\/li>\n<li data-start=\"486\" data-end=\"496\">\u0161tol\u00e1ch,<\/li>\n<li data-start=\"497\" data-end=\"507\">z\u00e1mkoch,<\/li>\n<li data-start=\"508\" data-end=\"532\">podzemn\u00fdch prechodoch,<\/li>\n<li data-start=\"533\" data-end=\"544\">v\u00fdkopoch,<\/li>\n<li data-start=\"545\" data-end=\"639\" data-is-last-node=\"\">\u010derpadlov\u00fdch staniciach a v \u010fal\u0161\u00edch miestach, kde nie je mo\u017en\u00e9 utesnenie z vonkaj\u0161ej strany.<\/li>\n<\/ul>\n<\/div>\n<\/div>\n<\/div>\n<div class=\"mb-2 flex gap-3 -ml-2\" tabindex=\"0\">\n<div class=\"flex items-center justify-start rounded-xl p-1\">\n<div class=\"flex items-center\"><\/div>\n<\/div>\n<\/div>\n<p>[\/vc_column_text][\/vc_column][vc_column width=\"3\/4\"][vc_single_image image=\"262228\" img_size=\"large\"][\/vc_column][\/vc_row][vc_row][vc_column][vc_separator style=\"dashed\"][vc_empty_space][\/vc_column][\/vc_row][vc_row][vc_column][vc_column_text]<\/p>\n<div class=\"flex max-w-full flex-col flex-grow\">\n<div class=\"min-h-8 text-message relative flex w-full flex-col items-end gap-2 whitespace-normal break-words text-start [.text-message+&amp;]:mt-5\" dir=\"auto\" data-message-author-role=\"assistant\" data-message-id=\"78623b10-8ca0-4b9f-9c2c-c6241ef8f2c6\" data-message-model-slug=\"gpt-4o-mini\">\n<div class=\"flex w-full flex-col gap-1 empty:hidden first:pt-[3px]\">\n<h3 data-start=\"0\" data-end=\"52\">Pr\u00edprava povrchu pre BOSTIK BLOCK C902 TERRA XPRESS:<\/h3>\n<p data-start=\"54\" data-end=\"241\" data-is-last-node=\"\" data-is-only-node=\"\">Podklad mus\u00ed by\u0165 nosn\u00fd, pevn\u00fd a \u010dist\u00fd. Nem\u00f4\u017ee obsahova\u0165 sadru. Z povrchu je potrebn\u00e9 odstr\u00e1ni\u0165 vo\u013en\u00e9 \u010dasti, zvy\u0161ky olejov, formovacie oleje, tuky, prach a in\u00e9 prostriedky na odpudzovanie.<\/p>\n<\/div>\n<\/div>\n<\/div>\n<div class=\"mb-2 flex gap-3 -ml-2\" tabindex=\"0\">\n<div class=\"flex items-center justify-start rounded-xl p-1\">\n<div class=\"flex items-center\"><\/div>\n<\/div>\n<\/div>\n<p>[\/vc_column_text][\/vc_column][\/vc_row][vc_row][vc_column][vc_separator style=\"dashed\"][vc_empty_space][\/vc_column][\/vc_row][vc_row][vc_column width=\"1\/3\"][vc_column_text]<\/p>\n<h4>N\u00c1RADIE<\/h4>\n<p>Aplik\u00e1cia manu\u00e1lna. Je potrebn\u00e9 pou\u017ei\u0165 ochrann\u00e9 rukavice.[\/vc_column_text][\/vc_column][vc_column width=\"1\/3\"][vc_column_text]<\/p>\n<div id=\"tw-source-text-container\" class=\"tw-ta-container tw-nfl\" tabindex=\"0\" role=\"text\" aria-label=\"Tekst \u017ar\u00f3d\u0142owy: ZU\u017bYCIE\" data-ved=\"2ahUKEwj586aPnIKMAxW6KxAIHUTtAEMQ3OwLegQICBAK\">\n<h4 id=\"tw-source-rmn\" class=\"tw-data-placeholder tw-text-small tw-ta\" dir=\"ltr\"><span class=\"Y2IQFc\" lang=\"sk\">NOSI\u0164<\/span><\/h4>\n<\/div>\n<p>[\/vc_column_text][vc_raw_html]JTNDdGFibGUlM0UlMEElM0N0Ym9keSUzRSUwQSUzQ3RyJTNFJTNDdGQlM0UlM0MlMkZ0ZCUzRSUzQ3RkJTNFWnUlQzUlQkN5Y2llJTIwa2clMkZtMiUzQyUyRnRkJTNFJTNDJTJGdHIlM0UlMEElM0N0ciUzRSUzQ3RkJTNFV2Fyc3R3YSUyMGhhbXVqJUM0JTg1Y2ElMjAlMjgxbW0lMjklM0MlMkZ0ZCUzRSUzQ3RkJTNFMSUyQzAlM0MlMkZ0ZCUzRSUzQyUyRnRyJTNFJTBBJTNDdHIlM0UlM0N0ZCUzRVclMjBzeXN0ZW1pZSUyMEFRVUFTVE9QUCUzQyUyRnRkJTNFJTNDdGQlM0UxJTJDNSUzQyUyRnRkJTNFJTNDJTJGdHIlM0UlMEElM0MlMkZ0Ym9keSUzRSUzQyUyRnRhYmxlJTNFJTBB[\/vc_raw_html][\/vc_column][vc_column width=\"1\/3\"][vc_column_text]<\/p>\n<h4 data-start=\"0\" data-end=\"9\">DOKUMENTY<\/h4>\n<p data-start=\"11\" data-end=\"25\"><a href=\"https:\/\/www.bostik.com\/files\/live\/sites\/shared_bostik\/files\/documents-brochures\/Poland\/Documents\/TDS\/Bostik-Poland-Seal-and-Block-Block-C902-Terra-Xpress-tds.pdf\" target=\"_blank\" rel=\"noopener\">Technick\u00fd list<\/a><\/p>\n<p data-start=\"27\" data-end=\"54\" data-is-last-node=\"\" data-is-only-node=\"\"><a href=\"https:\/\/www.bostik.com\/files\/live\/sites\/shared_bostik\/files\/documents-brochures\/Poland\/Documents\/SDS\/Bostik-Poland-Seal-and-Block-Block-C902-Terra-Xpress-sds.pdf\" target=\"_blank\" rel=\"noopener\">KARTA BEZPE\u010cNOSTN\u00ddCH \u00daDAJOV<\/a><\/p>\n<p>[\/vc_column_text][\/vc_column][\/vc_row][vc_row][vc_column][vc_raw_html]JTIwJTIwJTIwJTIwJTNDdGl0bGUlM0VLYWxrdWxhdG9yJTIwenUlQzUlQkN5Y2lhJTIwbWF0ZXJpYSVDNSU4MnUlM0MlMkZ0aXRsZSUzRSUwQSUyMCUyMCUyMCUyMCUzQ3N0eWxlJTNFJTBBJTIwJTIwJTIwJTIwJTIwJTIwJTIwJTIwYm9keSUyMCU3QiUwQSUyMCUyMCUyMCUyMCUyMCUyMCUyMCUyMCUyMCUyMCUyMCUyMGZvbnQtZmFtaWx5JTNBJTIwQXJpYWwlMkMlMjBzYW5zLXNlcmlmJTNCJTBBJTIwJTIwJTIwJTIwJTIwJTIwJTIwJTIwJTIwJTIwJTIwJTIwbWFyZ2luJTNBJTIwMjBweCUzQiUwQSUyMCUyMCUyMCUyMCUyMCUyMCUyMCUyMCU3RCUwQSUyMCUyMCUyMCUyMCUyMCUyMCUyMCUyMGxhYmVsJTIwJTdCJTBBJTIwJTIwJTIwJTIwJTIwJTIwJTIwJTIwJTIwJTIwJTIwJTIwZGlzcGxheSUzQSUyMGJsb2NrJTNCJTBBJTIwJTIwJTIwJTIwJTIwJTIwJTIwJTIwJTIwJTIwJTIwJTIwbWFyZ2luLWJvdHRvbSUzQSUyMDVweCUzQiUwQSUyMCUyMCUyMCUyMCUyMCUyMCUyMCUyMCU3RCUwQSUyMCUyMCUyMCUyMCUyMCUyMCUyMCUyMGlucHV0JTIwJTdCJTBBJTIwJTIwJTIwJTIwJTIwJTIwJTIwJTIwJTIwJTIwJTIwJTIwd2lkdGglM0ElMjAxMDAlMjUlM0IlMEElMjAlMjAlMjAlMjAlMjAlMjAlMjAlMjAlMjAlMjAlMjAlMjBwYWRkaW5nJTNBJTIwNXB4JTNCJTBBJTIwJTIwJTIwJTIwJTIwJTIwJTIwJTIwJTIwJTIwJTIwJTIwbWFyZ2luLWJvdHRvbSUzQSUyMDEwcHglM0IlMEElMjAlMjAlMjAlMjAlMjAlMjAlMjAlMjAlN0QlMEElMjAlMjAlMjAlMjAlMjAlMjAlMjAlMjBidXR0b24lMjAlN0IlMEElMjAlMjAlMjAlMjAlMjAlMjAlMjAlMjAlMjAlMjAlMjAlMjBwYWRkaW5nJTNBJTIwMTBweCUyMDIwcHglM0IlMEElMjAlMjAlMjAlMjAlMjAlMjAlMjAlMjAlMjAlMjAlMjAlMjBiYWNrZ3JvdW5kLWNvbG9yJTNBJTIwJTIzNENBRjUwJTNCJTBBJTIwJTIwJTIwJTIwJTIwJTIwJTIwJTIwJTIwJTIwJTIwJTIwY29sb3IlM0ElMjB3aGl0ZSUzQiUwQSUyMCUyMCUyMCUyMCUyMCUyMCUyMCUyMCUyMCUyMCUyMCUyMGJvcmRlciUzQSUyMG5vbmUlM0IlMEElMjAlMjAlMjAlMjAlMjAlMjAlMjAlMjAlMjAlMjAlMjAlMjBjdXJzb3IlM0ElMjBwb2ludGVyJTNCJTBBJTIwJTIwJTIwJTIwJTIwJTIwJTIwJTIwJTdEJTBBJTIwJTIwJTIwJTIwJTIwJTIwJTIwJTIwJTIzd3luaWslMjAlN0IlMEElMjAlMjAlMjAlMjAlMjAlMjAlMjAlMjAlMjAlMjAlMjAlMjBtYXJnaW4tdG9wJTNBJTIwMjBweCUzQiUwQSUyMCUyMCUyMCUyMCUyMCUyMCUyMCUyMCUyMCUyMCUyMCUyMGZvbnQtd2VpZ2h0JTNBJTIwYm9sZCUzQiUwQSUyMCUyMCUyMCUyMCUyMCUyMCUyMCUyMCU3RCUwQSUyMCUyMCUyMCUyMCUzQyUyRnN0eWxlJTNFJTBBJTBBJTIwJTIwJTIwJTIwJTNDaDIlM0VLYWxrdWxhdG9yJTIwenUlQzUlQkN5Y2lhJTIwbWF0ZXJpYSVDNSU4MnUlM0MlMkZoMiUzRSUwQSUyMCUyMCUyMCUyMCUzQ2xhYmVsJTIwZm9yJTNEJTIycG93aWVyemNobmlhJTIyJTNFUG93aWVyemNobmlhJTIwJTI4dyUyMG1ldHJhY2glMjBrd2FkcmF0b3d5Y2glMjklM0ElM0MlMkZsYWJlbCUzRSUwQSUyMCUyMCUyMCUyMCUzQ2lucHV0JTIwdHlwZSUzRCUyMm51bWJlciUyMiUyMGlkJTNEJTIycG93aWVyemNobmlhJTIyJTIwc3RlcCUzRCUyMjElMjIlM0UlMEElM0NsYWJlbCUyMGZvciUzRCUyMnBvamVtbm9zYyUyMiUzRVBvamVtbm8lQzUlOUIlQzQlODclMjB3aWFkZXJrYSUyMCUyOHclMjBraWxvZ3JhbWFjaCUyOSUzQSUzQyUyRmxhYmVsJTNFJTBBJTNDc2VsZWN0JTIwbmFtZSUzRCUyMnBvamVtbm9zYyUyMiUyMGlkJTNEJTIycG9qZW1ub3NjJTIyJTNFJTBBJTIwJTIwJTNDb3B0aW9uJTIwdmFsdWUlM0QlMjI1JTIyJTNFNSUyMGtnJTNDJTJGb3B0aW9uJTNFJTBBJTIwJTIwJTNDb3B0aW9uJTIwdmFsdWUlM0QlMjIxNSUyMiUyMHNlbGVjdGVkJTNFMTUlMjBrZyUzQyUyRm9wdGlvbiUzRSUwQSUzQyUyRnNlbGVjdCUzRSUwQSUwQSUyMCUyMCUyMCUyMCUzQ2J1dHRvbiUyMGlkJTNEJTIyb2JsaWN6QnRuJTIyJTNFT2JsaWN6JTNDJTJGYnV0dG9uJTNFJTBBJTIwJTIwJTIwJTIwJTNDZGl2JTIwaWQlM0QlMjJ3eW5payUyMiUzRSUzQyUyRmRpdiUzRSUwQSUwQSUyMCUyMCUyMCUyMCUzQ3NjcmlwdCUzRSUwQSUyMCUyMCUyMCUyMCUyMCUyMCUyMCUyMGRvY3VtZW50LmdldEVsZW1lbnRCeUlkJTI4JTI3b2JsaWN6QnRuJTI3JTI5LmFkZEV2ZW50TGlzdGVuZXIlMjglMjdjbGljayUyNyUyQyUyMGZ1bmN0aW9uJTIwJTI4JTI5JTIwJTdCJTBBJTIwJTIwJTIwJTIwJTIwJTIwJTIwJTIwJTIwJTIwJTIwJTIwY29uc3QlMjBwb3dpZXJ6Y2huaWElMjAlM0QlMjBwYXJzZUZsb2F0JTI4ZG9jdW1lbnQuZ2V0RWxlbWVudEJ5SWQlMjglMjdwb3dpZXJ6Y2huaWElMjclMjkudmFsdWUlMjklM0IlMEElMjAlMjAlMjAlMjAlMjAlMjAlMjAlMjAlMjAlMjAlMjAlMjBjb25zdCUyMG1pbmltYWxuZVp1enljaWUlMjAlM0QlMjAxLjAwJTIwJTJBJTIwcG93aWVyemNobmlhJTNCJTBBJTIwJTIwJTIwJTIwJTIwJTIwJTIwJTIwJTIwJTIwJTIwJTIwY29uc3QlMjBtYWtzeW1hbG5lWnV6eWNpZSUyMCUzRCUyMDEuNSUyMCUyQSUyMHBvd2llcnpjaG5pYSUzQiUwQSUyMCUyMCUyMCUyMCUyMCUyMCUyMCUyMCUyMCUyMCUyMCUyMGNvbnN0JTIwcG9qZW1ub3NjV2lhZGVya2ElMjAlM0QlMjBwYXJzZUZsb2F0JTI4ZG9jdW1lbnQuZ2V0RWxlbWVudEJ5SWQlMjglMjdwb2plbW5vc2MlMjclMjkudmFsdWUlMjklM0IlMEElMjAlMjAlMjAlMjAlMjAlMjAlMjAlMjAlMjAlMjAlMjAlMjBjb25zdCUyMG1pbmltYWxuZUlsb3NjV2lhZGVyJTIwJTNEJTIwTWF0aC5jZWlsJTI4bWluaW1hbG5lWnV6eWNpZSUyMCUyRiUyMHBvamVtbm9zY1dpYWRlcmthJTI5JTNCJTBBJTIwJTIwJTIwJTIwJTIwJTIwJTIwJTIwJTIwJTIwJTIwJTIwY29uc3QlMjBtYWtzeW1hbG5lSWxvc2NXaWFkZXIlMjAlM0QlMjBNYXRoLmNlaWwlMjhtYWtzeW1hbG5lWnV6eWNpZSUyMCUyRiUyMHBvamVtbm9zY1dpYWRlcmthJTI5JTNCJTBBJTBBJTIwJTIwJTIwJTIwJTIwJTIwJTIwJTIwJTIwJTIwJTIwJTIwZG9jdW1lbnQuZ2V0RWxlbWVudEJ5SWQlMjglMjd3eW5payUyNyUyOS5pbm5lckhUTUwlMjAlM0QlMjAlMjJNaW5pbWFsbmUlMjB6dSVDNSVCQ3ljaWUlMjBtYXRlcmlhJUM1JTgydSUzQSUyMCUyMiUyMCUyQiUyMG1pbmltYWxuZVp1enljaWUudG9GaXhlZCUyODIlMjklMjAlMkIlMjAlMjIlMjBrZyUyMiUyMCUyQiUyMCUyMiUzQ2JyJTNFJTIyJTNCJTBBJTIwJTIwJTIwJTIwJTIwJTIwJTIwJTIwJTIwJTIwJTIwJTIwZG9jdW1lbnQuZ2V0RWxlbWVudEJ5SWQlMjglMjd3eW5payUyNyUyOS5pbm5lckhUTUwlMjAlMkIlM0QlMjAlMjJNYWtzeW1hbG5lJTIwenUlQzUlQkN5Y2llJTIwbWF0ZXJpYSVDNSU4MnUlM0ElMjAlMjIlMjAlMkIlMjBtYWtzeW1hbG5lWnV6eWNpZS50b0ZpeGVkJTI4MiUyOSUyMCUyQiUyMCUyMiUyMGtnJTIyJTIwJTJCJTIwJTIyJTNDYnIlM0UlMjIlM0IlMEElMjAlMjAlMjAlMjAlMjAlMjAlMjAlMjAlMjAlMjAlMjAlMjBkb2N1bWVudC5nZXRFbGVtZW50QnlJZCUyOCUyN3d5bmlrJTI3JTI5LmlubmVySFRNTCUyMCUyQiUzRCUyMCUyMklsbyVDNSU5QiVDNCU4NyUyMHdpYWRlciUyMHBvdHJ6ZWJueWNoJTIwZG8lMjB3YXJzdHd5JTIwaGFtdWolQzQlODVjZWolMjgxbW0lMjklMjAlMjIlMjAlMkIlMjBtaW5pbWFsbmVJbG9zY1dpYWRlciUyMCUyQiUyMCUyMiUzQ2JyJTNFJTIyJTNCJTBBJTIwJTIwJTIwJTIwJTIwJTIwJTIwJTIwJTIwJTIwJTIwJTIwZG9jdW1lbnQuZ2V0RWxlbWVudEJ5SWQlMjglMjd3eW5payUyNyUyOS5pbm5lckhUTUwlMjAlMkIlM0QlMjAlMjJJbG8lQzUlOUIlQzQlODclMjB3aWFkZXIlMjBwb3RyemVibnljaCUyMGRvJTIwU1lTVEVNVSUyMEFRVUFTVE9QUCUzQSUyMCUyMiUyMCUyQiUyMG1ha3N5bWFsbmVJbG9zY1dpYWRlciUzQiUwQSUyMCUyMCUyMCUyMCUyMCUyMCUyMCUyMCU3RCUyOSUzQiUwQSUyMCUyMCUyMCUyMCUzQyUyRnNjcmlwdCUzRQ==[\/vc_raw_html][vc_separator style=\"dashed\"][vc_empty_space height=\"64px\"][vc_column_text]<\/p>\n<h4 data-start=\"35\" data-end=\"101\">Chcete sa dozvedie\u0165 viac o hydroizol\u00e1cii? Pre\u010d\u00edtajte si n\u00e1\u0161 <a href=\"https:\/\/www.sanier.pl\/poradniki\/\">N\u00c1VOD.<\/a><\/h4>\n<ul data-start=\"103\" data-end=\"366\" data-is-last-node=\"\" data-is-only-node=\"\">\n<li data-start=\"103\" data-end=\"366\" data-is-last-node=\"\"><strong data-start=\"105\" data-end=\"185\">Viackomponentn\u00e9 pr\u00edpravky na b\u00e1ze reakt\u00edvnych \u017eiv\u00edc (najmodernej\u0161ie spojiv\u00e1)<\/strong> \u2013 M\u00f4\u017eu to by\u0165 produkty na b\u00e1ze polyuret\u00e1nov\u00fdch a epoxidov\u00fdch \u017eiv\u00edc. Vyzna\u010duj\u00fa sa dobrou penetra\u010dnou schopnos\u0165ou do podkladu, v\u010faka \u010domu maj\u00fa vysok\u00fa pri\u013enavos\u0165 a \u00fapln\u00fa vodoodolnos\u0165.<\/li>\n<\/ul>\n<p>[\/vc_column_text][\/vc_column][\/vc_row][vc_row][vc_column][vc_empty_space height=\"64px\"][\/vc_column][\/vc_row]<\/p>\n","protected":false},"excerpt":{"rendered":"<p><strong>BOSTIK BLOCK C902 TERRA XPRESS<\/strong> (predt\u00fdm Puder-Ex) je r\u00fdchloschn\u00faci cement ur\u010den\u00fd na r\u00fdchle a trval\u00e9 tesnenie \u00fanikov vody a netesnost\u00ed v bet\u00f3ne, murive a kon\u0161trukci\u00e1ch z pr\u00edrodn\u00e9ho kame\u0148a.<\/p>\n","protected":false},"featured_media":273506,"comment_status":"open","ping_status":"closed","template":"","meta":[],"product_brand":[],"product_cat":[923,878,876,899,911,916,946],"product_tag":[888,1036],"class_list":{"0":"post-279138","1":"product","2":"type-product","3":"status-publish","4":"has-post-thumbnail","6":"product_cat-bestseller-sk","7":"product_cat-bostik-sk","8":"product_cat-hydroizolacja-sk","9":"product_cat-mineralne-materialy-sk","10":"product_cat-promowane-sk","11":"product_cat-uszczelnienie-budynku-od-wewnatrz-sk","12":"product_cat-zaprawy-szybkowiazace-i-wodoszczelne-sk","13":"product_tag-bostik-sk","14":"product_tag-puder-ex-sk","15":"product_shipping_class-trudna-wysylka-sk","17":"first","18":"instock","19":"sale","20":"taxable","21":"shipping-taxable","22":"purchasable","23":"product-type-variable"},"_links":{"self":[{"href":"https:\/\/www.sanier.pl\/sk\/wp-json\/wp\/v2\/product\/279138","targetHints":{"allow":["GET"]}}],"collection":[{"href":"https:\/\/www.sanier.pl\/sk\/wp-json\/wp\/v2\/product"}],"about":[{"href":"https:\/\/www.sanier.pl\/sk\/wp-json\/wp\/v2\/types\/product"}],"replies":[{"embeddable":true,"href":"https:\/\/www.sanier.pl\/sk\/wp-json\/wp\/v2\/comments?post=279138"}],"wp:featuredmedia":[{"embeddable":true,"href":"https:\/\/www.sanier.pl\/sk\/wp-json\/wp\/v2\/media\/273506"}],"wp:attachment":[{"href":"https:\/\/www.sanier.pl\/sk\/wp-json\/wp\/v2\/media?parent=279138"}],"wp:term":[{"taxonomy":"product_brand","embeddable":true,"href":"https:\/\/www.sanier.pl\/sk\/wp-json\/wp\/v2\/product_brand?post=279138"},{"taxonomy":"product_cat","embeddable":true,"href":"https:\/\/www.sanier.pl\/sk\/wp-json\/wp\/v2\/product_cat?post=279138"},{"taxonomy":"product_tag","embeddable":true,"href":"https:\/\/www.sanier.pl\/sk\/wp-json\/wp\/v2\/product_tag?post=279138"}],"curies":[{"name":"wp","href":"https:\/\/api.w.org\/{rel}","templated":true}]}}