{"id":279131,"date":"2017-04-03T13:51:28","date_gmt":"2017-04-03T13:51:28","guid":{"rendered":"https:\/\/www.sanier.pl\/produkt\/kb-flex-200\/"},"modified":"2025-03-12T12:59:07","modified_gmt":"2025-03-12T12:59:07","slug":"kb-flex-200","status":"publish","type":"product","link":"https:\/\/www.sanier.pl\/sk\/produkt\/kb-flex-200\/","title":{"rendered":"KB-Flex 200"},"content":{"rendered":"<p>[vc_row][vc_column][vc_column_text]<img loading=\"lazy\" decoding=\"async\" class=\"size-full wp-image-3291 aligncenter\" src=\"https:\/\/sanier.pl\/wp-content\/uploads\/2017\/03\/LOGO-KOESTER-hydroizolacje-e1490988887771.jpg\" alt=\"LOGO KOESTER hydroizolacje\" width=\"300\" height=\"89\" \/><\/p>\n<h2>K\u00d6STER KB-Flex 200<\/h2>\n<div class=\"flex max-w-full flex-col flex-grow\">\n<div class=\"min-h-8 text-message relative flex w-full flex-col items-end gap-2 whitespace-normal break-words text-start [.text-message+&amp;]:mt-5\" dir=\"auto\" data-message-author-role=\"assistant\" data-message-id=\"a5f9777c-c2eb-47d8-9379-15ade38a4106\" data-message-model-slug=\"gpt-4o-mini\">\n<div class=\"flex w-full flex-col gap-1 empty:hidden first:pt-[3px]\">\n<p data-start=\"20\" data-end=\"419\"><strong>K\u00d6STER KB-Flex 200<\/strong> je trvalo plastick\u00e1, vodotesn\u00e1 a parotesn\u00e1 tesniaca hmota ur\u010den\u00e1 na tesnenie priechodov r\u00farok a k\u00e1blov cez stavebn\u00e9 prie\u010dky a in\u00e9 pr\u00e1zdne priestory. Tento produkt je odoln\u00fd proti vlhkosti a vode pod tlakom a\u017e do 7,5 m vodn\u00e9ho st\u013apca. V\u010faka svojej flexibilite a vynikaj\u00facej pri\u013enavosti k r\u00f4znym podlo\u017eiam je K\u00d6STER KB-Flex 200 spo\u013eahliv\u00fdm rie\u0161en\u00edm v mnoh\u00fdch stavebn\u00fdch aplik\u00e1ci\u00e1ch.<\/p>\n<p data-start=\"421\" data-end=\"1533\">Vlastnosti Trval\u00e1 plastickos\u0165: Produkt zost\u00e1va trvalo plastick\u00fd, \u010do umo\u017e\u0148uje jednoduch\u00e9 formovanie a prisp\u00f4sobenie r\u00f4znym tvarom a ve\u013ekostiam. Vodotesnos\u0165: Odoln\u00fd proti vode pod tlakom a\u017e do 7,5 m vodn\u00e9ho st\u013apca. Parotesnos\u0165: Zabezpe\u010duje pred prenikan\u00edm vodnej pary, \u010do je k\u013e\u00fa\u010dov\u00e9 v mnoh\u00fdch stavebn\u00fdch aplik\u00e1ci\u00e1ch. Vynikaj\u00faca pri\u013enavos\u0165: Pri\u013enavos\u0165 k such\u00fdm a vlhk\u00fdm miner\u00e1lnym podkladom, ako s\u00fa bet\u00f3n, tehla, malty, omietky, ako aj k keramike, PVC, polyetyl\u00e9nu, polypropyl\u00e9nu, ocele a in\u00fdm kovom. Odolnos\u0165 vo\u010di teplote: Odolnos\u0165 vo\u010di teplote do +50\u00b0C. Konzistencia: Pasta, nesklz\u00e1vaj\u00faca, \u010do u\u013eah\u010duje aplik\u00e1ciu aj na vertik\u00e1lnych a \u0165a\u017eko dostupn\u00fdch miestach. V\u00fdhody Jednoduch\u00e1 aplik\u00e1cia: Jednoduch\u00e1 aplik\u00e1cia pomocou mont\u00e1\u017enej pi\u0161tole. Univerz\u00e1lnos\u0165: Mo\u017enos\u0165 pou\u017eitia na r\u00f4znych podkladoch a v r\u00f4znych podmienkach, ako v suchu, tak aj vo vlhku. R\u00fdchlos\u0165 vykonania: Produkt nevy\u017eaduje \u010das na schnutie, \u010do ur\u00fdch\u013euje realiz\u00e1ciu tesniacich pr\u00e1c. Trv\u00e1cnos\u0165: Trval\u00e1 plastickos\u0165 a odolnos\u0165 proti vode zais\u0165uj\u00fa trval\u00e9 tesnenie. Bezpe\u010dnos\u0165: Produkt je bezpe\u010dn\u00fd na pou\u017eitie, ak sa dodr\u017eiavaj\u00fa bezpe\u010dnostn\u00e9 pokyny. Pou\u017eitie<\/p>\n<p data-start=\"1535\" data-end=\"1665\">K\u00d6STER KB-Flex 200 je ur\u010den\u00fd na trvalo plastick\u00e9 tesnenie priechodov r\u00farok a k\u00e1blov v podzemn\u00fdch \u010dastiach stavieb. Vhodn\u00fd tie\u017e na:<\/p>\n<p data-start=\"1667\" data-end=\"3181\">Tesnenie \u00fanikov vody. Tesnenie aj pri vytekan\u00ed vody z priechodu r\u00fary. Tesnenie priechodov r\u00farok a k\u00e1blov cez stavebn\u00e9 prie\u010dky. V\u00fdpl\u0148 pr\u00e1zdnych priestorov a uzatv\u00e1ranie otvorov. Technick\u00e9 \u00fadaje Materi\u00e1lov\u00e1 b\u00e1za: Poliolef\u00edny. Farba: \u0160ed\u00e1. Hustota: 1,60 g\/cm\u00b3. Odolnos\u0165 vo\u010di teplote: Do +50\u00b0C. Konzistencia: Pasta, nesklz\u00e1vaj\u00faca. Vodotesnos\u0165: Do 7,5 m vodn\u00e9ho st\u013apca. Teplota pou\u017eitia (vzduch): Od +5\u00b0C do +35\u00b0C. Teplota materi\u00e1lu: Minim\u00e1lne +30\u00b0C. Teplota podkladu: Od +5\u00b0C do +30\u00b0C. Pokyny na pou\u017eitie Pr\u00edprava materi\u00e1lu: Pred pou\u017eit\u00edm vlo\u017ete materi\u00e1l na 15 min\u00fat do teplej vody s maxim\u00e1lnou teplotou +40\u00b0C. Pri ni\u017e\u0161\u00edch teplot\u00e1ch by mal by\u0165 \u010das zahrievania dlh\u0161\u00ed. Pr\u00edprava podkladu: Podklad mus\u00ed by\u0165 zbaven\u00fd tuku, dechtu, olejnat\u00fdch l\u00e1tok a o\u010disten\u00fd od vo\u013en\u00fdch \u010dast\u00ed. Je potrebn\u00e9 odstr\u00e1ni\u0165 prach, piesok a vo\u013en\u00e9 \u010dasti. Aplik\u00e1cia: Umiestnite kartu\u0161u s pastou do mont\u00e1\u017enej pi\u0161tole a vytla\u010dte pastu do tesnen\u00e9ho priechodu, za\u010d\u00ednaj\u00fac od najhlb\u0161ie umiestnen\u00e9ho miesta. Uistite sa, \u017ee vypln\u00edte aspo\u0148 8 cm hr\u00fabky tesnen\u00e9ho prvku. \u010eal\u0161ie kroky: Pri tesnen\u00ed veden\u00ed po dokon\u010den\u00ed vytl\u00e1\u010dania pasty jemne pohybujte k\u00e1blom, aby ste doplnili pr\u00edpadn\u00e9 pr\u00e1zdne miesta. N\u00e1sledne stla\u010dte pastu kovovou stierkou a vyhla\u010fte. Spotreba Pribli\u017ene 1,6 kg\/l \u00fabytku. \u010cistenie n\u00e1strojov N\u00e1stroje po pou\u017eit\u00ed \u010distite pomocou K\u00d6STER Uniwersalreiniger. Balenie a skladovanie Balenie: F\u00f3lia 850 g (530 ml). Skladovanie: Skladujte pri izbovej teplote (do +30\u00b0C) v tesne uzavret\u00fdch obaloch. \u010cas skladovania je minim\u00e1lne 2 roky. Bezpe\u010dnostn\u00e9 opatrenia<\/p>\n<p data-start=\"3183\" data-end=\"3327\">Pred pou\u017eit\u00edm produktu si pre\u010d\u00edtajte bezpe\u010dnostn\u00fd list produktu, technick\u00fd list a dodr\u017eiavajte predpisy t\u00fdkaj\u00face sa bezpe\u010dnosti a hygieny pr\u00e1ce.<\/p>\n<p data-start=\"3329\" data-end=\"3516\">K\u00d6STER KB-Flex 200 je inovat\u00edvny produkt, ktor\u00fd kombinuje trv\u00e1cnos\u0165, flexibilitu a jednoduch\u00fa aplik\u00e1ciu, \u010do ho rob\u00ed ide\u00e1lnym rie\u0161en\u00edm pre \u0161irok\u00fa \u0161k\u00e1lu tesniacich aplik\u00e1ci\u00ed v stavebn\u00edctve.<\/p>\n<p data-start=\"3518\" data-end=\"3544\" data-is-last-node=\"\" data-is-only-node=\"\"><a href=\"https:\/\/www.sanier.pl\/wp-content\/uploads\/2017\/04\/TechDataSheet_J-250_K\u00d6STER-KB-Flex-200-Pasta-uszczelniaj\u0105ca_pl_pl_2017-05-26_110706.pdf\">Technick\u00fd list KB-Flex 200<\/a><\/p>\n<\/div>\n<\/div>\n<\/div>\n<div class=\"mb-2 flex gap-3 -ml-2\" tabindex=\"0\">\n<div class=\"flex items-center justify-start rounded-xl p-1\">\n<div class=\"flex items-center\"><\/div>\n<\/div>\n<\/div>\n<p>[\/vc_column_text][\/vc_column][\/vc_row]<\/p>\n","protected":false},"excerpt":{"rendered":"<p>Trvalo plastick\u00e1, vodotesn\u00e1 a parotesn\u00e1 hmota na tesnenie proti vode pod tlakom.<\/p>\n","protected":false},"featured_media":272058,"comment_status":"open","ping_status":"closed","template":"","meta":[],"product_brand":[],"product_cat":[876,910,913,911,954,916],"product_tag":[912],"class_list":{"0":"post-279131","1":"product","2":"type-product","3":"status-publish","4":"has-post-thumbnail","6":"product_cat-hydroizolacja-sk","7":"product_cat-koester-sk","8":"product_cat-z-tworzyw-sztucznych-sk","9":"product_cat-promowane-sk","10":"product_cat-przejscia-instalacyjne-sk","11":"product_cat-uszczelnienie-budynku-od-wewnatrz-sk","12":"product_tag-koester-sk","13":"product_shipping_class-latwa-wysylka-sk","15":"first","16":"instock","17":"shipping-taxable","18":"purchasable","19":"product-type-variable"},"_links":{"self":[{"href":"https:\/\/www.sanier.pl\/sk\/wp-json\/wp\/v2\/product\/279131","targetHints":{"allow":["GET"]}}],"collection":[{"href":"https:\/\/www.sanier.pl\/sk\/wp-json\/wp\/v2\/product"}],"about":[{"href":"https:\/\/www.sanier.pl\/sk\/wp-json\/wp\/v2\/types\/product"}],"replies":[{"embeddable":true,"href":"https:\/\/www.sanier.pl\/sk\/wp-json\/wp\/v2\/comments?post=279131"}],"wp:featuredmedia":[{"embeddable":true,"href":"https:\/\/www.sanier.pl\/sk\/wp-json\/wp\/v2\/media\/272058"}],"wp:attachment":[{"href":"https:\/\/www.sanier.pl\/sk\/wp-json\/wp\/v2\/media?parent=279131"}],"wp:term":[{"taxonomy":"product_brand","embeddable":true,"href":"https:\/\/www.sanier.pl\/sk\/wp-json\/wp\/v2\/product_brand?post=279131"},{"taxonomy":"product_cat","embeddable":true,"href":"https:\/\/www.sanier.pl\/sk\/wp-json\/wp\/v2\/product_cat?post=279131"},{"taxonomy":"product_tag","embeddable":true,"href":"https:\/\/www.sanier.pl\/sk\/wp-json\/wp\/v2\/product_tag?post=279131"}],"curies":[{"name":"wp","href":"https:\/\/api.w.org\/{rel}","templated":true}]}}