{"id":279125,"date":"2017-04-04T05:57:00","date_gmt":"2017-04-04T05:57:00","guid":{"rendered":"https:\/\/www.sanier.pl\/produkt\/tasma-uszczelniajaca-12070\/"},"modified":"2025-03-12T12:39:57","modified_gmt":"2025-03-12T12:39:57","slug":"tasma-uszczelniajaca-12070","status":"publish","type":"product","link":"https:\/\/www.sanier.pl\/sk\/produkt\/tasma-uszczelniajaca-12070\/","title":{"rendered":"BOSTIK SANITARY_BAND EXTRA 120\/70"},"content":{"rendered":"<p>[vc_row][vc_column][vc_column_text]<\/p>\n<p><a href=\"https:\/\/www.sanier.pl\/sklep\/?s=bostik&amp;post_type=product\"><img loading=\"lazy\" decoding=\"async\" class=\"wp-image-258522 size-medium aligncenter\" src=\"https:\/\/www.sanier.pl\/wp-content\/uploads\/2017\/04\/N_Bostik_Logo21_STD_M_3C_P-300x122.png\" alt=\"\" width=\"300\" height=\"122\" srcset=\"https:\/\/www.sanier.pl\/wp-content\/uploads\/2017\/04\/N_Bostik_Logo21_STD_M_3C_P-300x122.png 300w, https:\/\/www.sanier.pl\/wp-content\/uploads\/2017\/04\/N_Bostik_Logo21_STD_M_3C_P-800x324.png 800w, https:\/\/www.sanier.pl\/wp-content\/uploads\/2017\/04\/N_Bostik_Logo21_STD_M_3C_P-1024x415.png 1024w, https:\/\/www.sanier.pl\/wp-content\/uploads\/2017\/04\/N_Bostik_Logo21_STD_M_3C_P-768x311.png 768w, https:\/\/www.sanier.pl\/wp-content\/uploads\/2017\/04\/N_Bostik_Logo21_STD_M_3C_P-1536x623.png 1536w, https:\/\/www.sanier.pl\/wp-content\/uploads\/2017\/04\/N_Bostik_Logo21_STD_M_3C_P.png 2048w, https:\/\/www.sanier.pl\/wp-content\/uploads\/2017\/04\/N_Bostik_Logo21_STD_M_3C_P-848x344.png 848w, https:\/\/www.sanier.pl\/wp-content\/uploads\/2017\/04\/N_Bostik_Logo21_STD_M_3C_P-1140x462.png 1140w, https:\/\/www.sanier.pl\/wp-content\/uploads\/2017\/04\/N_Bostik_Logo21_STD_M_3C_P-1170x474.png 1170w, https:\/\/www.sanier.pl\/wp-content\/uploads\/2017\/04\/N_Bostik_Logo21_STD_M_3C_P-1920x778.png 1920w, https:\/\/www.sanier.pl\/wp-content\/uploads\/2017\/04\/N_Bostik_Logo21_STD_M_3C_P-700x284.png 700w\" sizes=\"auto, (max-width:767px) 300px, 300px\" \/><\/a><\/p>\n<p>&nbsp;<\/p>\n<p>&nbsp;<\/p>\n<p>&nbsp;<\/p>\n<p>[\/vc_column_text][\/vc_column][\/vc_row][vc_row][vc_column][vc_column_text]<\/p>\n<p>&nbsp;<\/p>\n<h2 style=\"text-align: center;\"><strong>BOSTIK SANITARY_BAND EXTRA 120\/70<\/strong><\/h2>\n<h5 style=\"text-align: center;\" data-start=\"35\" data-end=\"154\">elastick\u00e1 polyesterov\u00e1 p\u00e1ska odoln\u00e1 proti roztrhnutiu na pou\u017eitie v podkladov\u00fdch hydroizola\u010dn\u00fdch syst\u00e9moch pod dla\u017edice<\/h5>\n<p data-start=\"156\" data-end=\"591\">BOSTIK SANITARY_BAND EXTRA 120\/70 je elastick\u00e1, roztiahnute\u013en\u00e1 a stabiln\u00e1 tkaninov\u00e1 p\u00e1ska na b\u00e1ze polyesteru a termoplastick\u00e9ho materi\u00e1lu. Produkt je ur\u010den\u00fd pre keramick\u00e9 dla\u017edice v oblastiach vystaven\u00fdch vlhkosti, napr. v k\u00fape\u013eniach a sprch\u00e1ch, v s\u00fakromn\u00fdch a verejn\u00fdch priestoroch, ako aj na vonkaj\u0161\u00edch ploch\u00e1ch, napr. na balk\u00f3noch a teras\u00e1ch. Odpor\u00fa\u010da sa v kombin\u00e1cii s hydroizola\u010dn\u00fdmi produktmi ARDATEC FLEXDICHT a ARDATEC 2K Flex.<\/p>\n<p data-start=\"593\" data-end=\"650\">Balenie: rolka 50 m (\u0161\u00edrka 120 mm) a 10 m (\u0161\u00edrka 120 mm).<\/p>\n<h3 data-start=\"652\" data-end=\"660\">Pou\u017eitie<\/h3>\n<ul data-start=\"662\" data-end=\"836\">\n<li data-start=\"662\" data-end=\"779\">na pou\u017eitie v oblastiach vystaven\u00fdch vlhkosti, napr. v k\u00fape\u013eniach a sprch\u00e1ch, v s\u00fakromn\u00fdch a verejn\u00fdch priestoroch,<\/li>\n<li data-start=\"780\" data-end=\"836\">na vonkaj\u0161\u00edch ploch\u00e1ch, napr. na balk\u00f3noch a teras\u00e1ch.<\/li>\n<\/ul>\n<h3 data-start=\"838\" data-end=\"853\">Druhy povrchov:<\/h3>\n<p data-start=\"855\" data-end=\"1101\">Bet\u00f3n, \u013eahk\u00fd bet\u00f3n, p\u00f3robet\u00f3n, cementov\u00e9 poter, anhydritov\u00e9 poter, cementov\u00e9, v\u00e1penn\u00e9 a sadrov\u00e9 omietky, sadrokart\u00f3nov\u00e9 a sadrovl\u00e1knit\u00e9 dosky, cementov\u00e9 poterov\u00e9 vrstvy, asfaltov\u00e9 liate vrstvy a anhydritov\u00e9 poterov\u00e9 vrstvy, ako aj star\u00e9 dla\u017edice.<\/p>\n<p data-start=\"1103\" data-end=\"1120\">Pr\u00edprava povrchu:<\/p>\n<p data-start=\"1122\" data-end=\"1211\">Podklad mus\u00ed by\u0165 pevn\u00fd, such\u00fd a bez ak\u00fdchko\u013evek ne\u010dist\u00f4t a prostriedkov proti pripekaniu.<\/p>\n<p data-start=\"1213\" data-end=\"1229\">Sp\u00f4sob pou\u017eitia:<\/p>\n<p data-start=\"1231\" data-end=\"1398\" data-is-last-node=\"\" data-is-only-node=\"\">P\u00e1sku je potrebn\u00e9 umiestni\u0165 medzi stenu a podlahu (pozd\u013a\u017e steny) a v rohoch stien, a to prilepen\u00edm pomocou hydroizola\u010dnej hmoty, pri\u010dom sa p\u00e1ska vtop\u00ed do prvej vrstvy.<\/p>\n<p id=\"tw-target-text\" class=\"tw-data-text tw-text-large tw-ta\" dir=\"ltr\" data-placeholder=\"T\u0142umaczenie\" data-ved=\"2ahUKEwj586aPnIKMAxW6KxAIHUTtAEMQ3ewLegQICBAU\" aria-label=\"Przet\u0142umaczony tekst: Technick\u00fd list Sikaflex 11 FC+\"><a href=\"https:\/\/www.bostik.com\/files\/live\/sites\/shared_bostik\/files\/import-poland\/ti18_ardatape-120-flex_tds.pdf\" target=\"_blank\" rel=\"noopener\"><span class=\"Y2IQFc\" lang=\"sk\">Technick\u00fd list BOSTIK SANITARY_BAND EXTRA 120\/70<\/span><\/a>[\/vc_column_text][\/vc_column][\/vc_row]<\/p>\n","protected":false},"excerpt":{"rendered":"<p><strong>BOSTIK SANITARY_BAND EXTRA 120\/70<\/strong> je elastick\u00e1, roztiahnute\u013en\u00e1 a stabiln\u00e1 tkaninov\u00e1 p\u00e1ska na b\u00e1ze polyesteru a termoplastick\u00fdch materi\u00e1lov. Produkt je ur\u010den\u00fd pre keramick\u00e9 dla\u017edice v oblastiach vystaven\u00fdch vlhkosti, napr. v k\u00fape\u013eniach a sprch\u00e1ch, v s\u00fakromn\u00fdch a verejn\u00fdch priestoroch, ako aj na vonkaj\u0161\u00edch ploch\u00e1ch, napr. na balk\u00f3noch a teras\u00e1ch. Odpor\u00fa\u010da sa v kombin\u00e1cii s hydroizola\u010dn\u00fdmi produktmi ARDATEC FLEXDICHT a ARDATEC 2K Flex.<\/p>\n","protected":false},"featured_media":272389,"comment_status":"open","ping_status":"closed","template":"","meta":[],"product_brand":[],"product_cat":[881,885,1033,884],"product_tag":[888],"class_list":{"0":"post-279125","1":"product","2":"type-product","3":"status-publish","4":"has-post-thumbnail","6":"product_cat-hydroizolacja-balkonu-i-tarasu-sk","7":"product_cat-hydroizolacje-lazienek-i-pomieszczen-mokrych-sk","8":"product_cat-materialy-uzupelniajace-akcesoria-hydroizolacja-balkonu-i-tarasu-sk","9":"product_cat-materialy-wykonczeniowe-sk","10":"product_tag-bostik-sk","11":"product_shipping_class-latwa-wysylka-sk","13":"first","14":"instock","15":"shipping-taxable","16":"purchasable","17":"product-type-simple"},"_links":{"self":[{"href":"https:\/\/www.sanier.pl\/sk\/wp-json\/wp\/v2\/product\/279125","targetHints":{"allow":["GET"]}}],"collection":[{"href":"https:\/\/www.sanier.pl\/sk\/wp-json\/wp\/v2\/product"}],"about":[{"href":"https:\/\/www.sanier.pl\/sk\/wp-json\/wp\/v2\/types\/product"}],"replies":[{"embeddable":true,"href":"https:\/\/www.sanier.pl\/sk\/wp-json\/wp\/v2\/comments?post=279125"}],"wp:featuredmedia":[{"embeddable":true,"href":"https:\/\/www.sanier.pl\/sk\/wp-json\/wp\/v2\/media\/272389"}],"wp:attachment":[{"href":"https:\/\/www.sanier.pl\/sk\/wp-json\/wp\/v2\/media?parent=279125"}],"wp:term":[{"taxonomy":"product_brand","embeddable":true,"href":"https:\/\/www.sanier.pl\/sk\/wp-json\/wp\/v2\/product_brand?post=279125"},{"taxonomy":"product_cat","embeddable":true,"href":"https:\/\/www.sanier.pl\/sk\/wp-json\/wp\/v2\/product_cat?post=279125"},{"taxonomy":"product_tag","embeddable":true,"href":"https:\/\/www.sanier.pl\/sk\/wp-json\/wp\/v2\/product_tag?post=279125"}],"curies":[{"name":"wp","href":"https:\/\/api.w.org\/{rel}","templated":true}]}}