{"id":279123,"date":"2017-04-04T06:45:20","date_gmt":"2017-04-04T06:45:20","guid":{"rendered":"https:\/\/www.sanier.pl\/produkt\/ardatape-100-spezial\/"},"modified":"2025-03-12T12:35:16","modified_gmt":"2025-03-12T12:35:16","slug":"ardatape-100-spezial","status":"publish","type":"product","link":"https:\/\/www.sanier.pl\/sk\/produkt\/ardatape-100-spezial\/","title":{"rendered":"Ardatape 100 Spezial | Bostik"},"content":{"rendered":"<p>[vc_row][vc_column][vc_column_text]<img loading=\"lazy\" decoding=\"async\" class=\"size-full wp-image-3280 aligncenter\" src=\"https:\/\/sanier.pl\/wp-content\/uploads\/2017\/03\/bostik-logo-e1490989222630.jpg\" alt=\"bostik logo\" width=\"300\" height=\"111\" \/><\/p>\n<div class=\"flex max-w-full flex-col flex-grow\">\n<div class=\"min-h-8 text-message relative flex w-full flex-col items-end gap-2 whitespace-normal break-words text-start [.text-message+&amp;]:mt-5\" dir=\"auto\" data-message-author-role=\"assistant\" data-message-id=\"9660fedc-b9b3-4c13-adc9-c6ddc6775c6b\" data-message-model-slug=\"gpt-4o-mini\">\n<div class=\"flex w-full flex-col gap-1 empty:hidden first:pt-[3px]\">\n<h1 style=\"text-align: center;\" data-start=\"0\" data-end=\"68\">Ardatape 100 Spezial<\/h1>\n<h5 style=\"text-align: center;\" data-start=\"0\" data-end=\"68\">SAMOLEPIACA TESNIACA P\u00c1SKA - BUTYLOV\u00c1 P\u00c1SKA<\/h5>\n<p data-start=\"70\" data-end=\"370\">Ardatape 100 Spezial - Bostik je samolepiaca tesniaca p\u00e1ska na b\u00e1ze inovat\u00edvnej butylovej gumy. Pon\u00faka v\u00fdnimo\u010dn\u00fa flexibilitu, nezmr\u0161\u0165uje sa a je odoln\u00e1 vo\u010di starnutiu a vplyvom poveternostn\u00fdch podmienok. V\u010faka t\u00fdmto vlastnostiam je ide\u00e1lnym rie\u0161en\u00edm pre pou\u017eitie v interi\u00e9roch aj exteri\u00e9roch budov.<\/p>\n<h4 data-start=\"372\" data-end=\"389\">K\u013e\u00fa\u010dov\u00e9 v\u00fdhody:<\/h4>\n<ul data-start=\"390\" data-end=\"477\">\n<li data-start=\"390\" data-end=\"405\">samolepiaca<\/li>\n<li data-start=\"406\" data-end=\"426\">ve\u013emi flexibiln\u00e1<\/li>\n<li data-start=\"427\" data-end=\"477\">na pou\u017eitie v interi\u00e9roch aj exteri\u00e9roch budov<\/li>\n<\/ul>\n<h4 data-start=\"479\" data-end=\"702\"><strong data-start=\"479\" data-end=\"499\">TECHNICK\u00c9 \u00daDAJE:<\/strong><\/h4>\n<ul>\n<li data-start=\"479\" data-end=\"702\">Z\u00e1klad: termoplastick\u00e1 syntetick\u00e1 guma<\/li>\n<li data-start=\"479\" data-end=\"702\">Farba: svetlosiv\u00e1<\/li>\n<li data-start=\"479\" data-end=\"702\">Hustota: 1,3 g\/ml<\/li>\n<li data-start=\"479\" data-end=\"702\">Dif\u00fazia vodnej pary: \u00b5 = 250.000<\/li>\n<li data-start=\"479\" data-end=\"702\">Riedidlo: \u017eiadne<\/li>\n<li data-start=\"479\" data-end=\"702\">Stabilita teploty: -30\u00b0C do +80\u00b0C<\/li>\n<li data-start=\"479\" data-end=\"702\">Teplota spracovania: &gt; +5\u00b0C<\/li>\n<\/ul>\n<h4 data-start=\"704\" data-end=\"1245\"><strong data-start=\"704\" data-end=\"717\">Pou\u017eitie:<\/strong><\/h4>\n<p data-start=\"704\" data-end=\"1245\">Trvalo plastick\u00e1 p\u00e1ska chr\u00e1nen\u00e1 vl\u00e1kninou a odoln\u00e1 vo\u010di praskaniu je vhodn\u00e1 na tesnenie pohybliv\u00fdch spojov na podlahe a sten\u00e1ch (spojenie podlahy so stenami, rohy) pod keramickou a pr\u00edrodnou kame\u0148ovou podlahou. V kombin\u00e1cii s Ardatec 1K Flex, Ardatec 2K Flex alebo Ardatec Flexdicht vytv\u00e1ra ochranu podkladu pred vodou a vlhkos\u0165ou, napr\u00edklad v sprch\u00e1ch, k\u00fape\u013eniach, sanit\u00e1rnych priestoroch, na balk\u00f3noch, teras\u00e1ch a baz\u00e9noch. V oblastiach s vysok\u00fdm chemick\u00fdm za\u0165a\u017een\u00edm sa odpor\u00fa\u010da pou\u017eitie tesniacich p\u00e1sok Ardatape 120 Flex.<\/p>\n<h4 data-start=\"1247\" data-end=\"1331\"><strong data-start=\"1247\" data-end=\"1266\">Druhy povrchov:<\/strong><\/h4>\n<p data-start=\"1247\" data-end=\"1331\">Bet\u00f3n, cementov\u00e1 potery, omietky, murivo a star\u00e9 obklada\u010dky.<\/p>\n<h4 data-start=\"1333\" data-end=\"1514\"><strong data-start=\"1333\" data-end=\"1354\">Pr\u00edprava povrchu:<\/strong><\/h4>\n<p data-start=\"1333\" data-end=\"1514\">Podklad mus\u00ed by\u0165 pevn\u00fd, such\u00fd a bez ak\u00fdchko\u013evek ne\u010dist\u00f4t a prostriedkov proti pri\u013enavosti, a tie\u017e mierne por\u00e9zny, bez \u0161trkov\u00fdch hniezd, praskl\u00edn a z\u00e1hybov.<\/p>\n<h4 data-start=\"1516\" data-end=\"1831\"><strong data-start=\"1516\" data-end=\"1529\">Pou\u017eitie:<\/strong><\/h4>\n<p data-start=\"1516\" data-end=\"1831\">Odstrihnite po\u017eadovan\u00fa d\u013a\u017eku p\u00e1sky a odstr\u00e1\u0148te ochrann\u00fa f\u00f3liu. Prilepte ju na podklad tak, aby nevznikli z\u00e1hyby a vzduchov\u00e9 bubliny. Po polo\u017een\u00ed p\u00e1sky m\u00f4\u017eete okam\u017eite nan\u00e1\u0161a\u0165 tesnenie vo forme Ardatec 1K Flex, Ardatec 2K Flex alebo Ardatec Flexdicht. Po zaschnut\u00ed tesnenia m\u00f4\u017eete prilepi\u0165 obklady.<\/p>\n<h4 data-start=\"1833\" data-end=\"1864\">N\u00e1stroje:<\/h4>\n<p data-start=\"1833\" data-end=\"1864\">No\u017enice, n\u00f4\u017e.<\/p>\n<h4 data-start=\"1866\" data-end=\"1878\"><strong data-start=\"1866\" data-end=\"1876\">\u0160\u00edrka:<\/strong><\/h4>\n<ul data-start=\"1879\" data-end=\"1888\">\n<li data-start=\"1879\" data-end=\"1888\">100mm<\/li>\n<\/ul>\n<p data-start=\"1890\" data-end=\"1944\" data-is-last-node=\"\" data-is-only-node=\"\"><a href=\"https:\/\/sanier.pl\/wp-content\/uploads\/2017\/03\/wp12_ardatape-100-special_tds.pdf\" target=\"_blank\" rel=\"noopener\"><strong data-start=\"1890\" data-end=\"1944\" data-is-last-node=\"\">Technick\u00fd list Butylov\u00e1 p\u00e1ska Ardatape 100 Spezial<\/strong><\/a>[\/vc_column_text][\/vc_column][\/vc_row]<\/p>\n<\/div>\n<\/div>\n<\/div>\n","protected":false},"excerpt":{"rendered":"<p>Ardatape 100 Spezial - Bostik je samolepiaca tesniaca p\u00e1ska na b\u00e1ze inovat\u00edvnej butylovej gumy. Pon\u00faka v\u00fdnimo\u010dn\u00fa flexibilitu, nezmr\u0161\u0165uje sa a je odoln\u00e1 vo\u010di starnutiu a vplyvom poveternostn\u00fdch podmienok. V\u010faka t\u00fdmto vlastnostiam je ide\u00e1lnym rie\u0161en\u00edm pre pou\u017eitie v interi\u00e9roch aj exteri\u00e9roch budov.<\/p>\n","protected":false},"featured_media":264577,"comment_status":"open","ping_status":"closed","template":"","meta":[],"product_brand":[],"product_cat":[878,876,881,1033,913],"product_tag":[888],"class_list":{"0":"post-279123","1":"product","2":"type-product","3":"status-publish","4":"has-post-thumbnail","6":"product_cat-bostik-sk","7":"product_cat-hydroizolacja-sk","8":"product_cat-hydroizolacja-balkonu-i-tarasu-sk","9":"product_cat-materialy-uzupelniajace-akcesoria-hydroizolacja-balkonu-i-tarasu-sk","10":"product_cat-z-tworzyw-sztucznych-sk","11":"product_tag-bostik-sk","12":"product_shipping_class-latwa-wysylka-sk","14":"first","15":"instock","16":"shipping-taxable","17":"purchasable","18":"product-type-simple"},"_links":{"self":[{"href":"https:\/\/www.sanier.pl\/sk\/wp-json\/wp\/v2\/product\/279123","targetHints":{"allow":["GET"]}}],"collection":[{"href":"https:\/\/www.sanier.pl\/sk\/wp-json\/wp\/v2\/product"}],"about":[{"href":"https:\/\/www.sanier.pl\/sk\/wp-json\/wp\/v2\/types\/product"}],"replies":[{"embeddable":true,"href":"https:\/\/www.sanier.pl\/sk\/wp-json\/wp\/v2\/comments?post=279123"}],"wp:featuredmedia":[{"embeddable":true,"href":"https:\/\/www.sanier.pl\/sk\/wp-json\/wp\/v2\/media\/264577"}],"wp:attachment":[{"href":"https:\/\/www.sanier.pl\/sk\/wp-json\/wp\/v2\/media?parent=279123"}],"wp:term":[{"taxonomy":"product_brand","embeddable":true,"href":"https:\/\/www.sanier.pl\/sk\/wp-json\/wp\/v2\/product_brand?post=279123"},{"taxonomy":"product_cat","embeddable":true,"href":"https:\/\/www.sanier.pl\/sk\/wp-json\/wp\/v2\/product_cat?post=279123"},{"taxonomy":"product_tag","embeddable":true,"href":"https:\/\/www.sanier.pl\/sk\/wp-json\/wp\/v2\/product_tag?post=279123"}],"curies":[{"name":"wp","href":"https:\/\/api.w.org\/{rel}","templated":true}]}}