{"id":279115,"date":"2017-04-04T08:14:15","date_gmt":"2017-04-04T08:14:15","guid":{"rendered":"https:\/\/www.sanier.pl\/produkt\/sikaflex-11-fc\/"},"modified":"2025-03-12T12:28:23","modified_gmt":"2025-03-12T12:28:23","slug":"sikaflex-11-fc","status":"publish","type":"product","link":"https:\/\/www.sanier.pl\/sk\/produkt\/sikaflex-11-fc\/","title":{"rendered":"Sikaflex 11 FC+"},"content":{"rendered":"<p>[vc_row][vc_column][vc_column_text]<img loading=\"lazy\" decoding=\"async\" class=\"wp-image-3307 size-full aligncenter\" src=\"https:\/\/sanier.pl\/wp-content\/uploads\/2017\/03\/sika_logo-e1491295616236.jpg\" width=\"150\" height=\"132\" \/><\/p>\n<h2>Sikaflex-11 FC<\/h2>\n<p data-start=\"0\" data-end=\"339\">Sikaflex\u00ae-11 FC Purform\u00ae je jednoslo\u017ekov\u00fd, elastick\u00fd lepidlo a tmel, ktor\u00fd sa via\u017ee p\u00f4soben\u00edm vlhkosti. Produkt sa vyzna\u010duje dobrou a trvalou pri\u013enavos\u0165ou k v\u00e4\u010d\u0161ine be\u017en\u00fdch stavebn\u00fdch materi\u00e1lov a m\u00f4\u017ee sa pou\u017e\u00edva\u0165 ako vo vn\u00fatri, tak aj vonku. Sikaflex\u00ae-11 FC Purform\u00ae je obzvl\u00e1\u0161\u0165 odpor\u00fa\u010dan\u00fd na lepenie a tesnenie r\u00f4znych stavebn\u00fdch prvkov.<\/p>\n<h3 data-start=\"341\" data-end=\"352\">Vlastnosti:<\/h3>\n<ul data-start=\"353\" data-end=\"1212\">\n<li data-start=\"353\" data-end=\"515\"><strong data-start=\"355\" data-end=\"370\">Elastickos\u0165<\/strong>: Sikaflex-11 FC sa vyzna\u010duje schopnos\u0165ou pren\u00e1\u0161a\u0165 pohyby \u00b125%, \u010do z neho rob\u00ed ide\u00e1lny produkt na pou\u017eitie tam, kde je po\u017eiadavka na elastickos\u0165.<\/li>\n<li data-start=\"516\" data-end=\"617\"><strong data-start=\"518\" data-end=\"542\">Jednoduch\u00e1 aplik\u00e1cia<\/strong>: Produkt nekvapk\u00e1, \u010do u\u013eah\u010duje jeho aplik\u00e1ciu aj na vertik\u00e1lnych ploch\u00e1ch.<\/li>\n<li data-start=\"618\" data-end=\"767\"><strong data-start=\"620\" data-end=\"645\">Vynikaj\u00faca pri\u013enavos\u0165<\/strong>: Ve\u013emi dobr\u00e1 pri\u013enavos\u0165 k mnoh\u00fdm r\u00f4znym podkladom, vr\u00e1tane bet\u00f3nu, muriva, umel\u00e9ho kame\u0148a, keramiky, dreva, kovov a skla.<\/li>\n<li data-start=\"768\" data-end=\"876\"><strong data-start=\"770\" data-end=\"793\">Mechanick\u00e1 odolnos\u0165<\/strong>: Produkt m\u00e1 vysok\u00fa mechanick\u00fa odolnos\u0165 a odolnos\u0165 proti poveternostn\u00fdm podmienkam.<\/li>\n<li data-start=\"877\" data-end=\"1047\"><strong data-start=\"879\" data-end=\"903\">N\u00edzk\u00fd obsah monom\u00e9ru<\/strong>: Sikaflex-11 FC sa vyzna\u010duje ve\u013emi n\u00edzkym obsahom monom\u00e9ru, \u010do eliminuje potrebu \u0161kolenia o bezpe\u010dnom pou\u017e\u00edvan\u00ed diizokyan\u00e1tov v s\u00falade s REACH.<\/li>\n<li data-start=\"1048\" data-end=\"1212\"><strong data-start=\"1050\" data-end=\"1066\">Ekologickos\u0165<\/strong>: Sp\u013a\u0148a po\u017eiadavky LEED v4 EQc 2: N\u00edzkoemisn\u00e9 materi\u00e1ly, ako aj m\u00e1 klasifik\u00e1ciu GEV-Emicode EC1PLUS a franc\u00fazsku triedu A+ t\u00fdkaj\u00facu sa emisie LZO.<\/li>\n<\/ul>\n<h3 data-start=\"1214\" data-end=\"1221\">V\u00fdhody:<\/h3>\n<ul data-start=\"1222\" data-end=\"1847\">\n<li data-start=\"1222\" data-end=\"1355\"><strong data-start=\"1224\" data-end=\"1250\">Univerz\u00e1lnos\u0165 pou\u017eitia<\/strong>: M\u00f4\u017ee sa pou\u017e\u00edva\u0165 na lepenie a tesnenie \u0161irok\u00e9ho spektra stavebn\u00fdch materi\u00e1lov ako vn\u00fatri, tak aj vonku.<\/li>\n<li data-start=\"1356\" data-end=\"1537\"><strong data-start=\"1358\" data-end=\"1387\">Ekologickos\u0165 a bezpe\u010dnos\u0165<\/strong>: N\u00edzky obsah monom\u00e9ru a splnenie po\u017eiadaviek n\u00edzkoemisn\u00fdch materi\u00e1lov zais\u0165uj\u00fa, \u017ee produkt je \u0161etrn\u00fd k \u017eivotn\u00e9mu prostrediu a bezpe\u010dn\u00fd pri pou\u017e\u00edvan\u00ed.<\/li>\n<li data-start=\"1538\" data-end=\"1694\"><strong data-start=\"1540\" data-end=\"1584\">Odolnos\u0165 proti poveternostn\u00fdm podmienkam<\/strong>: Vysok\u00e1 odolnos\u0165 proti UV \u017eiareniu a zmen\u00e1m poveternostn\u00fdch podmienok zabezpe\u010duje dlhodob\u00fa trv\u00e1cnos\u0165 tesnen\u00ed.<\/li>\n<li data-start=\"1695\" data-end=\"1847\"><strong data-start=\"1697\" data-end=\"1723\">Elastickos\u0165 a odolnos\u0165<\/strong>: Vynikaj\u00face mechanick\u00e9 vlastnosti a schopnos\u0165 pren\u00e1\u0161a\u0165 ve\u013ek\u00e9 pohyby zabezpe\u010duj\u00fa, \u017ee produkt je vhodn\u00fd na n\u00e1ro\u010dn\u00e9 aplik\u00e1cie.<\/li>\n<\/ul>\n<p data-start=\"1849\" data-end=\"1956\">Pou\u017eitie: Sikaflex-11 FC je ur\u010den\u00fd na lepenie a tesnenie r\u00f4znych stavebn\u00fdch prvkov vn\u00fatri aj vonku, ako s\u00fa:<\/p>\n<ul data-start=\"1957\" data-end=\"2020\">\n<li data-start=\"1957\" data-end=\"1964\">Bet\u00f3n<\/li>\n<li data-start=\"1965\" data-end=\"1973\">Murivo<\/li>\n<li data-start=\"1974\" data-end=\"1987\">Umel\u00fd kame\u0148<\/li>\n<li data-start=\"1988\" data-end=\"1998\">Keramika<\/li>\n<li data-start=\"1999\" data-end=\"2006\">Drevo<\/li>\n<li data-start=\"2007\" data-end=\"2013\">Kovy<\/li>\n<li data-start=\"2014\" data-end=\"2020\">Sklo<\/li>\n<\/ul>\n<p data-start=\"2022\" data-end=\"2115\">Pou\u017e\u00edva sa tie\u017e ako tesniaci materi\u00e1l na tesnenie \u0161k\u00e1r, vertik\u00e1lnych a horizont\u00e1lnych spojov.<\/p>\n<h4 data-start=\"2117\" data-end=\"2133\">Technick\u00e9 \u00fadaje:<\/h4>\n<ul data-start=\"2134\" data-end=\"3002\">\n<li data-start=\"2134\" data-end=\"2221\"><strong data-start=\"2136\" data-end=\"2153\">Chemick\u00e1 b\u00e1za<\/strong>: Polyuret\u00e1n s obsahom monom\u00e9rneho diizokyan\u00e1tu pod 0,1% hmotnostne.<\/li>\n<li data-start=\"2222\" data-end=\"2314\"><strong data-start=\"2224\" data-end=\"2233\">Farby<\/strong>: Biela, \u010dierna, \u0161ed\u00e1, grafitov\u00e1, hned\u00e1, svetlo hned\u00e1, b\u00e9\u017eov\u00e1, keramick\u00e1 \u010derven\u00e1.<\/li>\n<li data-start=\"2315\" data-end=\"2356\"><strong data-start=\"2317\" data-end=\"2328\">Hustota<\/strong>: ~1,35 kg\/dm\u00b3 (ISO 1138-1).<\/li>\n<li data-start=\"2357\" data-end=\"2408\"><strong data-start=\"2359\" data-end=\"2378\">Tvrdos\u0165 Shore A<\/strong>: ~33 (po 28 d\u0148och) (ISO 868).<\/li>\n<li data-start=\"2409\" data-end=\"2449\"><strong data-start=\"2411\" data-end=\"2429\">Pevnos\u0165 v \u0165ahu<\/strong>: ~1,8 MPa (ISO 37).<\/li>\n<li data-start=\"2450\" data-end=\"2532\"><strong data-start=\"2452\" data-end=\"2482\">Modul pru\u017enosti pri \u0165ahan\u00ed<\/strong>: ~0,6 MPa pri pred\u013a\u017een\u00ed 100% (+23 \u00b0C) (ISO 8339).<\/li>\n<li data-start=\"2533\" data-end=\"2581\"><strong data-start=\"2535\" data-end=\"2563\">Pred\u013a\u017eenie pri prasknut\u00ed<\/strong>: ~800 % (ISO 37).<\/li>\n<li data-start=\"2582\" data-end=\"2633\"><strong data-start=\"2584\" data-end=\"2613\">Schopnos\u0165 pren\u00e1\u0161a\u0165 pohyby<\/strong>: \u00b1 25 % (ISO 9047).<\/li>\n<li data-start=\"2634\" data-end=\"2678\"><strong data-start=\"2636\" data-end=\"2656\">Pevnos\u0165 v strihu<\/strong>: ~1,0 MPa (ISO 4587).<\/li>\n<li data-start=\"2679\" data-end=\"2721\"><strong data-start=\"2681\" data-end=\"2702\">Obnova elasticity<\/strong>: ~85 % (ISO 7389).<\/li>\n<li data-start=\"2722\" data-end=\"2778\"><strong data-start=\"2724\" data-end=\"2757\">Odolnos\u0165 proti \u0161\u00edreniu trhl\u00edn<\/strong>: ~8,0 N\/mm (ISO 34).<\/li>\n<li data-start=\"2779\" data-end=\"2842\"><strong data-start=\"2781\" data-end=\"2804\">Prev\u00e1dzkov\u00e1 teplota<\/strong>: Minim\u00e1lne -40 \u00b0C \/ Maxim\u00e1lne +80 \u00b0C.<\/li>\n<li data-start=\"2843\" data-end=\"2914\"><strong data-start=\"2845\" data-end=\"2866\">\u010cas na zaschnutie<\/strong>: ~50 min\u00fat (+23 \u00b0C \/ 50 % vlhkos\u0165) (CQP 019-1).<\/li>\n<li data-start=\"2915\" data-end=\"3002\"><strong data-start=\"2917\" data-end=\"2943\">R\u00fdchlos\u0165 vytvrdzovania<\/strong>: ~4,0 mm za 24 hodiny (+23 \u00b0C \/ 50 % vlhkos\u0165) (CQP 049-2).<\/li>\n<\/ul>\n<p data-start=\"3004\" data-end=\"3758\">Pokyny na pou\u017eitie: <strong data-start=\"3024\" data-end=\"3045\">Pr\u00edprava podkladu<\/strong>: Podklad mus\u00ed by\u0165 \u010dist\u00fd, such\u00fd, pevn\u00fd a homog\u00e9nny, bez olejov, mastnoty, vo\u013en\u00fdch \u010dast\u00edc alebo prachu. Povrchy musia by\u0165 vhodne pripraven\u00e9 br\u00fasen\u00edm, \u0161mirg\u013eovan\u00edm alebo pieskovan\u00edm. <strong data-start=\"3226\" data-end=\"3239\">Aplik\u00e1cia<\/strong>: Po pr\u00edprave podkladu naneste Sikaflex-11 FC vo forme trojuholn\u00edkov\u00fdch ciest, p\u00e1sov alebo kvapiek v nieko\u013ekocentimetrov\u00fdch odstupoch. Pr\u00edslu\u0161n\u00e9 prvky stla\u010dte, a\u017e k\u00fdm neza\u010dne povrch schn\u00fa\u0165. <strong data-start=\"3429\" data-end=\"3439\">\u00daprava<\/strong>: Vyhladte materi\u00e1l k okrajom \u0161k\u00e1ry, aby ste zabezpe\u010dili dobr\u00fa pri\u013enavos\u0165 a hladk\u00fd povrch. <strong data-start=\"3530\" data-end=\"3552\">\u010cistenie n\u00e1strojov<\/strong>: N\u00e1stroje a zariadenia je potrebn\u00e9 \u010disti\u0165 bezprostredne po aplik\u00e1cii pomocou Sika\u00ae Remover-208. Zviazan\u00fd materi\u00e1l je mo\u017en\u00e9 odstr\u00e1ni\u0165 len mechanicky. Na \u010distenie poko\u017eky pou\u017e\u00edvajte Sika\u00ae Cleaning Wipes-100.<\/p>\n<p data-start=\"3760\" data-end=\"4013\"><strong data-start=\"3760\" data-end=\"3785\">Balenie a skladovanie<\/strong>: Balenie: Kart\u00fa\u0161e 300 ml, f\u00f3liov\u00e9 obaly 300 ml a 600 ml. Skladovanie: Skladujte v such\u00fdch podmienkach, chr\u00e1nen\u00e9 pred priamym slne\u010dn\u00fdm \u017eiaren\u00edm, pri teplote od +5 \u00b0C do +25 \u00b0C. Doba pou\u017eite\u013enosti je 15 mesiacov od d\u00e1tumu v\u00fdroby.<\/p>\n<p data-start=\"4015\" data-end=\"4201\" data-is-last-node=\"\" data-is-only-node=\"\"><strong data-start=\"4015\" data-end=\"4028\">Opatrenia<\/strong>: Pred pou\u017eit\u00edm si pre\u010d\u00edtajte bezpe\u010dnostn\u00e9 \u00fadaje o produkte, ktor\u00e9 obsahuj\u00fa podrobnosti o zdrav\u00ed, bezpe\u010dnosti, skladovan\u00ed, likvid\u00e1cii a ekologick\u00fdch vlastnostiach materi\u00e1lu.<\/p>\n<p id=\"tw-target-text\" class=\"tw-data-text tw-text-large tw-ta\" dir=\"ltr\" data-placeholder=\"T\u0142umaczenie\" data-ved=\"2ahUKEwj586aPnIKMAxW6KxAIHUTtAEMQ3ewLegQICBAU\" aria-label=\"Przet\u0142umaczony tekst: Technick\u00fd list Sikaflex 11 FC+\"><a href=\"https:\/\/sanier.pl\/wp-content\/uploads\/2017\/04\/KI-Sikaflex-11-FC-pol.pdf\" target=\"_blank\" rel=\"noopener\"><span class=\"Y2IQFc\" lang=\"sk\">Technick\u00fd list Sikaflex 11 FC+<\/span><\/a><\/p>\n<p>[\/vc_column_text][\/vc_column][\/vc_row]<\/p>\n","protected":false},"excerpt":{"rendered":"<p>Elastick\u00fd tesniaci materi\u00e1l a univerz\u00e1lne lepidlo na pou\u017eitie v interi\u00e9roch aj exteri\u00e9roch.<\/p>\n","protected":false},"featured_media":264223,"comment_status":"open","ping_status":"closed","template":"","meta":{"_acf_changed":false},"product_brand":[],"product_cat":[876,881,1033,913,1032],"product_tag":[1034],"class_list":{"0":"post-279115","1":"product","2":"type-product","3":"status-publish","4":"has-post-thumbnail","6":"product_cat-hydroizolacja-sk","7":"product_cat-hydroizolacja-balkonu-i-tarasu-sk","8":"product_cat-materialy-uzupelniajace-akcesoria-hydroizolacja-balkonu-i-tarasu-sk","9":"product_cat-z-tworzyw-sztucznych-sk","10":"product_cat-sika-sk","11":"product_tag-sika-sk","13":"first","14":"onbackorder","15":"shipping-taxable","16":"purchasable","17":"product-type-variable"},"acf":[],"_links":{"self":[{"href":"https:\/\/www.sanier.pl\/sk\/wp-json\/wp\/v2\/product\/279115","targetHints":{"allow":["GET"]}}],"collection":[{"href":"https:\/\/www.sanier.pl\/sk\/wp-json\/wp\/v2\/product"}],"about":[{"href":"https:\/\/www.sanier.pl\/sk\/wp-json\/wp\/v2\/types\/product"}],"replies":[{"embeddable":true,"href":"https:\/\/www.sanier.pl\/sk\/wp-json\/wp\/v2\/comments?post=279115"}],"wp:featuredmedia":[{"embeddable":true,"href":"https:\/\/www.sanier.pl\/sk\/wp-json\/wp\/v2\/media\/264223"}],"wp:attachment":[{"href":"https:\/\/www.sanier.pl\/sk\/wp-json\/wp\/v2\/media?parent=279115"}],"wp:term":[{"taxonomy":"product_brand","embeddable":true,"href":"https:\/\/www.sanier.pl\/sk\/wp-json\/wp\/v2\/product_brand?post=279115"},{"taxonomy":"product_cat","embeddable":true,"href":"https:\/\/www.sanier.pl\/sk\/wp-json\/wp\/v2\/product_cat?post=279115"},{"taxonomy":"product_tag","embeddable":true,"href":"https:\/\/www.sanier.pl\/sk\/wp-json\/wp\/v2\/product_tag?post=279115"}],"curies":[{"name":"wp","href":"https:\/\/api.w.org\/{rel}","templated":true}]}}