{"id":279112,"date":"2017-04-04T09:40:05","date_gmt":"2017-04-04T09:40:05","guid":{"rendered":"https:\/\/www.sanier.pl\/produkt\/bostik-block-a575-hydro-liquid\/"},"modified":"2025-03-12T12:17:40","modified_gmt":"2025-03-12T12:17:40","slug":"bostik-block-a575-hydro-liquid","status":"publish","type":"product","link":"https:\/\/www.sanier.pl\/sk\/produkt\/bostik-block-a575-hydro-liquid\/","title":{"rendered":"BOSTIK BLOCK A575 HYDRO LIQUID (Kiesey Horizontalstopp)"},"content":{"rendered":"<h2>[vc_row][vc_column][vc_column_text]<img loading=\"lazy\" decoding=\"async\" class=\"size-full wp-image-3280 aligncenter\" src=\"https:\/\/sanier.pl\/wp-content\/uploads\/2017\/03\/bostik-logo-e1490989222630.jpg\" alt=\"bostik logo\" width=\"300\" height=\"111\" \/><\/h2>\n<h2 style=\"text-align: center;\" data-start=\"0\" data-end=\"117\">BOSTIK BLOCK A575 HYDRO LIQUID (predt\u00fdm Kiesey Horizontalstopp)<\/h2>\n<h5 style=\"text-align: center;\" data-start=\"0\" data-end=\"117\">POZIT\u00cdVNA HYDROIZOL\u00c1CIA PROTI KAPIL\u00c1RNEJ Vlhkosti<\/h5>\n<p data-start=\"119\" data-end=\"549\">BOSTIK BLOCK A575 HYDRO LIQUID je koncentr\u00e1t na b\u00e1ze kremi\u010ditanov, zalo\u017een\u00fd na \u0161peci\u00e1lnych silik\u00e1toch a hydrof\u00f3bnych pr\u00edsad\u00e1ch. V\u010faka svojej n\u00edzkej viskozite koncentr\u00e1t dokonale prenik\u00e1 do najmen\u0161\u00edch p\u00f3rov a kapil\u00e1r stavebn\u00fdch materi\u00e1lov. Po kontakte s materi\u00e1lom vytv\u00e1ra g\u00e9lov\u00fa tesniacu vrstvu, ktor\u00e1 z\u00e1rove\u0148 iniciuje proces su\u0161enia steny. T\u00e1to vrstva sa postupne mineralizuje, \u010d\u00edm \u010falej posil\u0148uje \u0161trukt\u00faru stavebn\u00e9ho materi\u00e1lu.<\/p>\n<p data-start=\"551\" data-end=\"689\">Produkt je \u0161etrn\u00fd k vystu\u017eeniu, neobsahuje rozp\u00fa\u0161\u0165adl\u00e1 a nevy\u017earuje \u0161kodliv\u00e9 v\u00fdpary, ktor\u00e9 by mohli by\u0165 nebezpe\u010dn\u00e9 pre \u017eivotn\u00e9 prostredie.<\/p>\n<h4 data-start=\"691\" data-end=\"736\"><strong data-start=\"691\" data-end=\"736\">Vlastnosti BOSTIK BLOCK A575 HYDRO LIQUID<\/strong><\/h4>\n<ul data-start=\"738\" data-end=\"819\">\n<li data-start=\"738\" data-end=\"757\">bez rozp\u00fa\u0161\u0165adla<\/li>\n<li data-start=\"758\" data-end=\"781\">osu\u0161uje vlhk\u00e9 steny<\/li>\n<li data-start=\"782\" data-end=\"819\">zabra\u0148uje a chr\u00e1ni pred vlhkos\u0165ou<\/li>\n<\/ul>\n<h4 data-start=\"821\" data-end=\"840\"><strong data-start=\"821\" data-end=\"840\">Technick\u00e9 \u00fadaje<\/strong><\/h4>\n<ul data-start=\"842\" data-end=\"958\">\n<li data-start=\"842\" data-end=\"876\">Z\u00e1klad: kremi\u010ditany a silik\u00e1ty<\/li>\n<li data-start=\"877\" data-end=\"900\">Rozp\u00fa\u0161\u0165adlo: \u017eiadne<\/li>\n<li data-start=\"901\" data-end=\"919\">Farba: \u010derven\u00e1<\/li>\n<li data-start=\"920\" data-end=\"958\">Prev\u00e1dzkov\u00e1 teplota: +5\u00b0C a\u017e +30\u00b0C<\/li>\n<\/ul>\n<h4 data-start=\"960\" data-end=\"972\"><strong data-start=\"960\" data-end=\"972\">Pou\u017eitie<\/strong><\/h4>\n<p data-start=\"974\" data-end=\"1237\">Na vykonanie horizont\u00e1lneho tesnenia proti vlhkosti v murive (met\u00f3dou v\u0155tania otvorov). Pr\u00edpravok sa pou\u017e\u00edva ako jedna zo s\u00fa\u010dast\u00ed renova\u010dn\u00fdch pr\u00e1c. Kiesey Horizontalstopp zabra\u0148uje \u010fal\u0161iemu prenikaniu vlhkosti a zabezpe\u010duje spo\u013eahliv\u00e9 a dlhodob\u00e9 vysu\u0161enie muriva.<\/p>\n<p data-start=\"1239\" data-end=\"1439\"><strong data-start=\"1239\" data-end=\"1251\">Spotreba<\/strong><br data-start=\"1251\" data-end=\"1254\" \/>Z\u00e1vis\u00ed od nasiakavosti muriva. Priemerne treba po\u010d\u00edta\u0165 s pribli\u017ene 2,5 kg na be\u017en\u00fd meter pre ka\u017ed\u00fdch 10 cm hr\u00fabky muriva (pre tehly, pri ve\u013emi por\u00e9znych podkladoch sa spotreba zvy\u0161uje).<\/p>\n<p data-start=\"1441\" data-end=\"1541\" data-is-only-node=\"\" data-is-last-node=\"\"><strong data-start=\"1441\" data-end=\"1456\">Skladovanie<\/strong><br data-start=\"1456\" data-end=\"1459\" \/>Na chladnom a suchom mieste. Chr\u00e1ni\u0165 pred mrazom. Origin\u00e1lne zabalen\u00e9: 12 mesiacov<\/p>\n<div class=\"QmZWSe\">\n<div class=\"DHcWmd\">\n<div id=\"tw-target\">\n<div id=\"kAz1tf\" class=\"g9WsWb PZPZlf\" data-attrid=\"tw-targetArea\" data-entityname=\"Google Translate\">\n<div id=\"tw-target-text-container\" class=\"tw-ta-container tw-nfl\" tabindex=\"0\" role=\"text\">\n<p id=\"tw-target-text\" class=\"tw-data-text tw-text-large tw-ta\" dir=\"ltr\" data-placeholder=\"T\u0142umaczenie\" data-ved=\"2ahUKEwj586aPnIKMAxW6KxAIHUTtAEMQ3ewLegQICBAU\" aria-label=\"Przet\u0142umaczony tekst: Technick\u00fd list\"><a href=\"https:\/\/sanier.pl\/wp-content\/uploads\/2017\/03\/wp4_kiesey-horozontalstopp_tds.pdf\" target=\"_blank\" rel=\"noopener\"><span class=\"Y2IQFc\" lang=\"sk\">Technick\u00fd list<\/span><\/a><\/p>\n<\/div>\n<\/div>\n<\/div>\n<\/div>\n<\/div>\n<p>&nbsp;<\/p>\n<p>[\/vc_column_text][\/vc_column][\/vc_row]<\/p>\n","protected":false},"excerpt":{"rendered":"<p>BOSTIK BLOCK A575 HYDRO LIQUID je koncentr\u00e1t na b\u00e1ze kremi\u010ditanov, zalo\u017een\u00fd na \u0161peci\u00e1lnych silik\u00e1toch a hydrof\u00f3bnych pr\u00edsad\u00e1ch. V\u010faka svojej n\u00edzkej viskozite koncentr\u00e1t dokonale prenik\u00e1 do najmen\u0161\u00edch p\u00f3rov a kapil\u00e1r stavebn\u00fdch materi\u00e1lov.<\/p>\n","protected":false},"featured_media":273284,"comment_status":"open","ping_status":"closed","template":"","meta":[],"product_brand":[],"product_cat":[878,876,1031,1030,913,911,916],"product_tag":[888],"class_list":{"0":"post-279112","1":"product","2":"type-product","3":"status-publish","4":"has-post-thumbnail","6":"product_cat-bostik-sk","7":"product_cat-hydroizolacja-sk","8":"product_cat-iniekcje-sk","9":"product_cat-iniekcje-przepony-poziome-sk","10":"product_cat-z-tworzyw-sztucznych-sk","11":"product_cat-promowane-sk","12":"product_cat-uszczelnienie-budynku-od-wewnatrz-sk","13":"product_tag-bostik-sk","14":"product_shipping_class-trudna-wysylka-sk","16":"first","17":"instock","18":"taxable","19":"shipping-taxable","20":"purchasable","21":"product-type-variable"},"_links":{"self":[{"href":"https:\/\/www.sanier.pl\/sk\/wp-json\/wp\/v2\/product\/279112","targetHints":{"allow":["GET"]}}],"collection":[{"href":"https:\/\/www.sanier.pl\/sk\/wp-json\/wp\/v2\/product"}],"about":[{"href":"https:\/\/www.sanier.pl\/sk\/wp-json\/wp\/v2\/types\/product"}],"replies":[{"embeddable":true,"href":"https:\/\/www.sanier.pl\/sk\/wp-json\/wp\/v2\/comments?post=279112"}],"wp:featuredmedia":[{"embeddable":true,"href":"https:\/\/www.sanier.pl\/sk\/wp-json\/wp\/v2\/media\/273284"}],"wp:attachment":[{"href":"https:\/\/www.sanier.pl\/sk\/wp-json\/wp\/v2\/media?parent=279112"}],"wp:term":[{"taxonomy":"product_brand","embeddable":true,"href":"https:\/\/www.sanier.pl\/sk\/wp-json\/wp\/v2\/product_brand?post=279112"},{"taxonomy":"product_cat","embeddable":true,"href":"https:\/\/www.sanier.pl\/sk\/wp-json\/wp\/v2\/product_cat?post=279112"},{"taxonomy":"product_tag","embeddable":true,"href":"https:\/\/www.sanier.pl\/sk\/wp-json\/wp\/v2\/product_tag?post=279112"}],"curies":[{"name":"wp","href":"https:\/\/api.w.org\/{rel}","templated":true}]}}